{"id":2333,"date":"2026-01-22T14:40:52","date_gmt":"2026-01-22T13:40:52","guid":{"rendered":"https:\/\/prandarto.com\/termek\/time-stones\/"},"modified":"2026-01-22T14:40:52","modified_gmt":"2026-01-22T13:40:52","slug":"time-stones","status":"publish","type":"product","link":"https:\/\/prandarto.com\/en\/termek\/time-stones\/","title":{"rendered":"Time stones"},"content":{"rendered":"<p><span style=\"font-weight: 400;\">Discover the <\/span><b>&#8220;Time Stones&#8221;<\/b><span style=\"font-weight: 400;\"> a nostalgic and natural artwork, which <\/span><b>old-fashioned, worn stone paving<\/b><span style=\"font-weight: 400;\"> old paving stones! This picture is a <\/span><b>cultural fusion<\/b><span style=\"font-weight: 400;\"> of fusion, and was created in the spirit of <\/span><b>the passage of time<\/b><span style=\"font-weight: 400;\">, a <\/span><b>historical memories<\/b><span style=\"font-weight: 400;\"> and <\/span><b>the permanence of nature<\/b><span style=\"font-weight: 400;\"> of nature. The different shades of stones in the <\/span> <b>historical memories<\/b><span style=\"font-weight: 400;\">, a <\/span><b>stability<\/b><span style=\"font-weight: 400;\"> and <\/span><b>the constancy of nature<\/b><span style=\"font-weight: 400;\"> nature.<\/span><\/p>\n<p><b>What story does the picture tell?<\/b><\/p>\n<p><span style=\"font-weight: 400;\">From <\/span><b>&#8220;Time stones&#8221;<\/b><span style=\"font-weight: 400;\"> from <\/span><b>the passage of time<\/b><span style=\"font-weight: 400;\">, a <\/span><b>historical memories<\/b><span style=\"font-weight: 400;\"> and the <\/span><b>the permanence of nature<\/b><span style=\"font-weight: 400;\"> of nature. The worn stone pavement of the <\/span> <b>historical monuments<\/b><span style=\"font-weight: 400;\">, a <\/span><b>stability<\/b><span style=\"font-weight: 400;\"> and <\/span><b>the constancy of nature<\/b><span style=\"font-weight: 400;\"> nature. This image reminds us that in life, too <\/span>  <b>it is important to appreciate the passage of time and historical memories<\/b><span style=\"font-weight: 400;\">and that the <\/span><b>the permanence of nature<\/b><span style=\"font-weight: 400;\"> helps us to survive change.<\/span><\/p>\n<p><b>What are the colours that make up the colours and what do they say?<\/b><\/p>\n<p><span style=\"font-weight: 400;\">The image is mainly <\/span><b>greyish<\/b><span style=\"font-weight: 400;\">, <\/span><b>beige<\/b><span style=\"font-weight: 400;\">, <\/span><b>ochre<\/b><span style=\"font-weight: 400;\"> and <\/span><b>white<\/b><span style=\"font-weight: 400;\"> shades. The <\/span> <b>greyish<\/b><span style=\"font-weight: 400;\">  and  <\/span><b>beige<\/b><span style=\"font-weight: 400;\">  from  <\/span><b>the passage of time<\/b><span style=\"font-weight: 400;\">, a  <\/span><b>historical memories<\/b><span style=\"font-weight: 400;\">  and the  <\/span><b>stability<\/b><span style=\"font-weight: 400;\">  colours, while the  <\/span><b>okker<\/b><span style=\"font-weight: 400;\">  and the  <\/span><b>white<\/b><span style=\"font-weight: 400;\">  a  <\/span><b>the permanence of nature<\/b><span style=\"font-weight: 400;\">, a  <\/span><b>purity<\/b><span style=\"font-weight: 400;\">  and the  <\/span><b>harmony<\/b><span style=\"font-weight: 400;\">  symbols of. These colours together   <\/span><b>nostalgia<\/b><span style=\"font-weight: 400;\">, <\/span><b>stability<\/b><span style=\"font-weight: 400;\"> and <\/span><b>harmony<\/b><span style=\"font-weight: 400;\"> and harmony.<\/span><\/p>\n<p><b>What mood does it represent?<\/b><\/p>\n<p><span style=\"font-weight: 400;\">The picture <\/span><b>nostalgia<\/b><span style=\"font-weight: 400;\">, <\/span><b>stability<\/b><span style=\"font-weight: 400;\"> and <\/span><b>harmony<\/b><span style=\"font-weight: 400;\"> The worn stone paving <\/span> <b>historical memories<\/b><span style=\"font-weight: 400;\">, <\/span><b>the passage of time<\/b><span style=\"font-weight: 400;\"> and <\/span><b>natural permanence<\/b><span style=\"font-weight: 400;\"> evoke. Ideal for those who <\/span>  <b>everyday stress<\/b><span style=\"font-weight: 400;\"> in the midst of stress and <\/span><b>historical memories<\/b><span style=\"font-weight: 400;\"> and <\/span><b>harmony<\/b><span style=\"font-weight: 400;\"> moments of peace and harmony.<\/span><\/p>\n<p><b>Who is it recommended for?<\/b><\/p>\n<ul>\n<li style=\"font-weight: 400;\" aria-level=\"1\"><b>For nostalgia and history lovers<\/b><span style=\"font-weight: 400;\">, who are looking for <\/span><b>the passage of time<\/b><span style=\"font-weight: 400;\"> and <\/span><b>and historical memories<\/b><span style=\"font-weight: 400;\"> and the beauty of history.<\/span><\/li>\n<li style=\"font-weight: 400;\" aria-level=\"1\"><b>Vintage style<\/b><span style=\"font-weight: 400;\"> for lovers who are looking for <\/span><b>historical memories<\/b><span style=\"font-weight: 400;\"> and <\/span><b>stability<\/b><span style=\"font-weight: 400;\"> and the importance of stability and stability.<\/span><\/li>\n<li style=\"font-weight: 400;\" aria-level=\"1\"><b>Minimalist and natural style<\/b><span style=\"font-weight: 400;\"> for lovers who want a <\/span><b>unique<\/b><span style=\"font-weight: 400;\">, <\/span><b>nostalgic<\/b><span style=\"font-weight: 400;\"> artwork.<\/span><\/li>\n<li style=\"font-weight: 400;\" aria-level=\"1\"><b>For gift seekers<\/b><span style=\"font-weight: 400;\">who want something <\/span><b>historical memorabilia<\/b><span style=\"font-weight: 400;\"> and <\/span><b>and harmony<\/b><span style=\"font-weight: 400;\"> to give to their loved ones.<\/span><\/li>\n<\/ul>\n<p><b>Which spaces and styles are suitable?<\/b><\/p>\n<p><span style=\"font-weight: 400;\">From <\/span><b>&#8220;Time Stones&#8221;<\/b><span style=\"font-weight: 400;\"> fits perfectly:<\/span><\/p>\n<ul>\n<li style=\"font-weight: 400;\" aria-level=\"1\"><b>Vintage style apartments<\/b><span style=\"font-weight: 400;\">where the <\/span><b>historical memories<\/b><span style=\"font-weight: 400;\"> and <\/span><b>nostalgia<\/b><span style=\"font-weight: 400;\"> dominate.<\/span><\/li>\n<li style=\"font-weight: 400;\" aria-level=\"1\"><b>Offices<\/b><span style=\"font-weight: 400;\">, where the <\/span><b>stability<\/b><span style=\"font-weight: 400;\"> and <\/span><b>harmony<\/b><span style=\"font-weight: 400;\"> is key.<\/span><\/li>\n<li style=\"font-weight: 400;\" aria-level=\"1\"><b>For libraries or classrooms<\/b><span style=\"font-weight: 400;\">where the <\/span><b>historical knowledge<\/b><span style=\"font-weight: 400;\"> and <\/span><b>harmony<\/b><span style=\"font-weight: 400;\"> dominate.<\/span><\/li>\n<li style=\"font-weight: 400;\" aria-level=\"1\"><b>For caf\u00e9s or restaurants<\/b><span style=\"font-weight: 400;\">where the <\/span><b>historical atmosphere<\/b><span style=\"font-weight: 400;\"> and the <\/span><b>nostalgia<\/b><span style=\"font-weight: 400;\"> are important.<\/span><\/li>\n<\/ul>\n<p><b>In what situation can it help?<\/b><\/p>\n<ul>\n<li style=\"font-weight: 400;\" aria-level=\"1\"><span style=\"font-weight: 400;\">If <\/span><b>nostalgia<\/b><span style=\"font-weight: 400;\"> and <\/span><b>stability<\/b><span style=\"font-weight: 400;\"> in life.<\/span><\/li>\n<li style=\"font-weight: 400;\" aria-level=\"1\"><span style=\"font-weight: 400;\">If <\/span><b>historical memories<\/b><span style=\"font-weight: 400;\"> and <\/span><b>the passage of time<\/b><span style=\"font-weight: 400;\"> you want to remember.<\/span><\/li>\n<li style=\"font-weight: 400;\" aria-level=\"1\"><span style=\"font-weight: 400;\">If <\/span><b>harmony<\/b><span style=\"font-weight: 400;\"> and <\/span><b>peace of mind<\/b><span style=\"font-weight: 400;\"> in your home or workspace.<\/span><\/li>\n<li style=\"font-weight: 400;\" aria-level=\"1\"><span style=\"font-weight: 400;\">If <\/span><b>gift from<\/b><span style=\"font-weight: 400;\"> for someone who loves the <\/span><b>historical memories<\/b><span style=\"font-weight: 400;\"> and <\/span><b>harmony<\/b><span style=\"font-weight: 400;\">.<\/span><\/li>\n<\/ul>\n<p><b>Why buy it?<\/b><\/p>\n<ul>\n<li style=\"font-weight: 400;\" aria-level=\"1\"><b>Print on Demand (POD)<\/b><span style=\"font-weight: 400;\"> available, so <\/span><b>environmentally friendly<\/b><span style=\"font-weight: 400;\">, <\/span><b>zero stock<\/b><span style=\"font-weight: 400;\">, <\/span><b>zero waste<\/b><span style=\"font-weight: 400;\">.<\/span><\/li>\n<li style=\"font-weight: 400;\" aria-level=\"1\"><b>Digitally downloadable<\/b><span style=\"font-weight: 400;\">, so it is immediately available to you, and <\/span><b>a sustainable solution<\/b><span style=\"font-weight: 400;\">.<\/span><\/li>\n<li style=\"font-weight: 400;\" aria-level=\"1\"><b>Cultural fusion<\/b><span style=\"font-weight: 400;\"> a unique artistic creation, which <\/span><b>tells a story<\/b><span style=\"font-weight: 400;\"> and <\/span><b>creates atmosphere<\/b><span style=\"font-weight: 400;\">.<\/span><\/li>\n<\/ul>\n","protected":false},"excerpt":{"rendered":"<p>Discover the &#8220;Time Stones&#8221; a nostalgic and natural artwork, which old-fashioned, worn stone paving old paving stones! This picture is a cultural fusion of fusion, and was created in the spirit of the passage of time, a historical memories and the permanence of nature of nature. The different shades of stones in the historical memories, [&hellip;]<\/p>\n","protected":false},"featured_media":1790,"template":"","meta":{"_acf_changed":false},"product_brand":[],"product_cat":[74,72,71,70],"product_tag":[],"class_list":{"0":"post-2333","1":"product","2":"type-product","3":"status-publish","4":"has-post-thumbnail","6":"product_cat-functional-decoration","7":"product_cat-modern-minimalist-motifs","8":"product_cat-natural-visuals","9":"product_cat-zen-and-meditative-moods","11":"first","12":"instock","13":"taxable","14":"shipping-taxable","15":"purchasable","16":"product-type-variable"},"acf":[],"yoast_head":"<!-- This site is optimized with the Yoast SEO Premium plugin v27.2 (Yoast SEO v27.2) - https:\/\/yoast.com\/product\/yoast-seo-premium-wordpress\/ -->\n<title>Time stones - PRANDARTO cultural fusion<\/title>\n<meta name=\"description\" content=\"Looking for the perfect vintage wall decor? &quot;Time Stones&quot; is a unique cultural fusion that combines the stability of stones with the memories of the past. Shop sustainable digital art at Prandarto - instant download, natural greys and ochre tones.\" \/>\n<meta name=\"robots\" content=\"noindex, follow, max-snippet:-1, max-image-preview:large, max-video-preview:-1\" \/>\n<meta property=\"og:locale\" content=\"en_US\" \/>\n<meta property=\"og:type\" content=\"article\" \/>\n<meta property=\"og:title\" content=\"Time stones\" \/>\n<meta property=\"og:description\" content=\"Looking for the perfect vintage wall decor? &quot;Time Stones&quot; is a unique cultural fusion that combines the stability of stones with the memories of the past. Shop sustainable digital art at Prandarto - instant download, natural greys and ochre tones.\" \/>\n<meta property=\"og:url\" content=\"https:\/\/prandarto.com\/en\/termek\/time-stones\/\" \/>\n<meta property=\"og:site_name\" content=\"PRANDARTO cultural fusion\" \/>\n<meta property=\"og:image\" content=\"https:\/\/prandarto.com\/wp-content\/uploads\/2026\/01\/Alap_Mckp_Prandarto-36.jpg\" \/>\n\t<meta property=\"og:image:width\" content=\"1050\" \/>\n\t<meta property=\"og:image:height\" content=\"1050\" \/>\n\t<meta property=\"og:image:type\" content=\"image\/jpeg\" \/>\n<meta name=\"twitter:card\" content=\"summary_large_image\" \/>\n<meta name=\"twitter:label1\" content=\"Est. reading time\" \/>\n\t<meta name=\"twitter:data1\" content=\"2 minutes\" \/>\n<script type=\"application\/ld+json\" class=\"yoast-schema-graph\">{\"@context\":\"https:\/\/schema.org\",\"@graph\":[{\"@type\":\"WebPage\",\"@id\":\"https:\/\/prandarto.com\/en\/termek\/time-stones\/\",\"url\":\"https:\/\/prandarto.com\/en\/termek\/time-stones\/\",\"name\":\"Time stones - PRANDARTO cultural fusion\",\"isPartOf\":{\"@id\":\"https:\/\/prandarto.com\/en\/#website\"},\"primaryImageOfPage\":{\"@id\":\"https:\/\/prandarto.com\/en\/termek\/time-stones\/#primaryimage\"},\"image\":{\"@id\":\"https:\/\/prandarto.com\/en\/termek\/time-stones\/#primaryimage\"},\"thumbnailUrl\":\"https:\/\/prandarto.com\/wp-content\/uploads\/2026\/01\/Alap_Mckp_Prandarto-36.jpg\",\"datePublished\":\"2026-01-22T13:40:52+00:00\",\"description\":\"Looking for the perfect vintage wall decor? \\\"Time Stones\\\" is a unique cultural fusion that combines the stability of stones with the memories of the past. Shop sustainable digital art at Prandarto - instant download, natural greys and ochre tones.\",\"breadcrumb\":{\"@id\":\"https:\/\/prandarto.com\/en\/termek\/time-stones\/#breadcrumb\"},\"inLanguage\":\"en-US\",\"potentialAction\":[{\"@type\":\"ReadAction\",\"target\":[\"https:\/\/prandarto.com\/en\/termek\/time-stones\/\"]}]},{\"@type\":\"ImageObject\",\"inLanguage\":\"en-US\",\"@id\":\"https:\/\/prandarto.com\/en\/termek\/time-stones\/#primaryimage\",\"url\":\"https:\/\/prandarto.com\/wp-content\/uploads\/2026\/01\/Alap_Mckp_Prandarto-36.jpg\",\"contentUrl\":\"https:\/\/prandarto.com\/wp-content\/uploads\/2026\/01\/Alap_Mckp_Prandarto-36.jpg\",\"width\":1050,\"height\":1050,\"caption\":\"Id\u0151k\u00f6vek\"},{\"@type\":\"BreadcrumbList\",\"@id\":\"https:\/\/prandarto.com\/en\/termek\/time-stones\/#breadcrumb\",\"itemListElement\":[{\"@type\":\"ListItem\",\"position\":1,\"name\":\"Kezd\u0151lap\",\"item\":\"https:\/\/prandarto.com\/en\/\"},{\"@type\":\"ListItem\",\"position\":2,\"name\":\"Shop\",\"item\":\"https:\/\/prandarto.com\/en\/shop\/\"},{\"@type\":\"ListItem\",\"position\":3,\"name\":\"Time stones\"}]},{\"@type\":\"WebSite\",\"@id\":\"https:\/\/prandarto.com\/en\/#website\",\"url\":\"https:\/\/prandarto.com\/en\/\",\"name\":\"PRANDARTO cultural fusion\",\"description\":\"Egyedi digit\u00e1lis m\u0171vek, AI Art \u00e9s fot\u00f3alap\u00fa alkot\u00e1sok. Letisztult, modern vizu\u00e1lis \u00e9lm\u00e9ny otthonra, \u00fczletekbe \u00e9s k\u00f6z\u00f6ss\u00e9gi terekbe. Azonnali let\u00f6lt\u00e9s, szabad nyomtat\u00e1s.\",\"publisher\":{\"@id\":\"https:\/\/prandarto.com\/en\/#organization\"},\"potentialAction\":[{\"@type\":\"SearchAction\",\"target\":{\"@type\":\"EntryPoint\",\"urlTemplate\":\"https:\/\/prandarto.com\/en\/?s={search_term_string}\"},\"query-input\":{\"@type\":\"PropertyValueSpecification\",\"valueRequired\":true,\"valueName\":\"search_term_string\"}}],\"inLanguage\":\"en-US\"},{\"@type\":\"Organization\",\"@id\":\"https:\/\/prandarto.com\/en\/#organization\",\"name\":\"PRANDARTO cultural fusion\",\"url\":\"https:\/\/prandarto.com\/en\/\",\"logo\":{\"@type\":\"ImageObject\",\"inLanguage\":\"en-US\",\"@id\":\"https:\/\/prandarto.com\/en\/#\/schema\/logo\/image\/\",\"url\":\"https:\/\/prandarto.com\/wp-content\/uploads\/2025\/10\/PRANDARTO-LOGO-e1764685807372.png\",\"contentUrl\":\"https:\/\/prandarto.com\/wp-content\/uploads\/2025\/10\/PRANDARTO-LOGO-e1764685807372.png\",\"width\":500,\"height\":500,\"caption\":\"PRANDARTO cultural fusion\"},\"image\":{\"@id\":\"https:\/\/prandarto.com\/en\/#\/schema\/logo\/image\/\"}}]}<\/script>\n<!-- \/ Yoast SEO Premium plugin. -->","yoast_head_json":{"title":"Time stones - PRANDARTO cultural fusion","description":"Looking for the perfect vintage wall decor? \"Time Stones\" is a unique cultural fusion that combines the stability of stones with the memories of the past. Shop sustainable digital art at Prandarto - instant download, natural greys and ochre tones.","robots":{"index":"noindex","follow":"follow","max-snippet":"max-snippet:-1","max-image-preview":"max-image-preview:large","max-video-preview":"max-video-preview:-1"},"og_locale":"en_US","og_type":"article","og_title":"Time stones","og_description":"Looking for the perfect vintage wall decor? \"Time Stones\" is a unique cultural fusion that combines the stability of stones with the memories of the past. Shop sustainable digital art at Prandarto - instant download, natural greys and ochre tones.","og_url":"https:\/\/prandarto.com\/en\/termek\/time-stones\/","og_site_name":"PRANDARTO cultural fusion","og_image":[{"width":1050,"height":1050,"url":"https:\/\/prandarto.com\/wp-content\/uploads\/2026\/01\/Alap_Mckp_Prandarto-36.jpg","type":"image\/jpeg"}],"twitter_card":"summary_large_image","twitter_misc":{"Est. reading time":"2 minutes"},"schema":{"@context":"https:\/\/schema.org","@graph":[{"@type":"WebPage","@id":"https:\/\/prandarto.com\/en\/termek\/time-stones\/","url":"https:\/\/prandarto.com\/en\/termek\/time-stones\/","name":"Time stones - PRANDARTO cultural fusion","isPartOf":{"@id":"https:\/\/prandarto.com\/en\/#website"},"primaryImageOfPage":{"@id":"https:\/\/prandarto.com\/en\/termek\/time-stones\/#primaryimage"},"image":{"@id":"https:\/\/prandarto.com\/en\/termek\/time-stones\/#primaryimage"},"thumbnailUrl":"https:\/\/prandarto.com\/wp-content\/uploads\/2026\/01\/Alap_Mckp_Prandarto-36.jpg","datePublished":"2026-01-22T13:40:52+00:00","description":"Looking for the perfect vintage wall decor? \"Time Stones\" is a unique cultural fusion that combines the stability of stones with the memories of the past. Shop sustainable digital art at Prandarto - instant download, natural greys and ochre tones.","breadcrumb":{"@id":"https:\/\/prandarto.com\/en\/termek\/time-stones\/#breadcrumb"},"inLanguage":"en-US","potentialAction":[{"@type":"ReadAction","target":["https:\/\/prandarto.com\/en\/termek\/time-stones\/"]}]},{"@type":"ImageObject","inLanguage":"en-US","@id":"https:\/\/prandarto.com\/en\/termek\/time-stones\/#primaryimage","url":"https:\/\/prandarto.com\/wp-content\/uploads\/2026\/01\/Alap_Mckp_Prandarto-36.jpg","contentUrl":"https:\/\/prandarto.com\/wp-content\/uploads\/2026\/01\/Alap_Mckp_Prandarto-36.jpg","width":1050,"height":1050,"caption":"Id\u0151k\u00f6vek"},{"@type":"BreadcrumbList","@id":"https:\/\/prandarto.com\/en\/termek\/time-stones\/#breadcrumb","itemListElement":[{"@type":"ListItem","position":1,"name":"Kezd\u0151lap","item":"https:\/\/prandarto.com\/en\/"},{"@type":"ListItem","position":2,"name":"Shop","item":"https:\/\/prandarto.com\/en\/shop\/"},{"@type":"ListItem","position":3,"name":"Time stones"}]},{"@type":"WebSite","@id":"https:\/\/prandarto.com\/en\/#website","url":"https:\/\/prandarto.com\/en\/","name":"PRANDARTO cultural fusion","description":"Egyedi digit\u00e1lis m\u0171vek, AI Art \u00e9s fot\u00f3alap\u00fa alkot\u00e1sok. Letisztult, modern vizu\u00e1lis \u00e9lm\u00e9ny otthonra, \u00fczletekbe \u00e9s k\u00f6z\u00f6ss\u00e9gi terekbe. Azonnali let\u00f6lt\u00e9s, szabad nyomtat\u00e1s.","publisher":{"@id":"https:\/\/prandarto.com\/en\/#organization"},"potentialAction":[{"@type":"SearchAction","target":{"@type":"EntryPoint","urlTemplate":"https:\/\/prandarto.com\/en\/?s={search_term_string}"},"query-input":{"@type":"PropertyValueSpecification","valueRequired":true,"valueName":"search_term_string"}}],"inLanguage":"en-US"},{"@type":"Organization","@id":"https:\/\/prandarto.com\/en\/#organization","name":"PRANDARTO cultural fusion","url":"https:\/\/prandarto.com\/en\/","logo":{"@type":"ImageObject","inLanguage":"en-US","@id":"https:\/\/prandarto.com\/en\/#\/schema\/logo\/image\/","url":"https:\/\/prandarto.com\/wp-content\/uploads\/2025\/10\/PRANDARTO-LOGO-e1764685807372.png","contentUrl":"https:\/\/prandarto.com\/wp-content\/uploads\/2025\/10\/PRANDARTO-LOGO-e1764685807372.png","width":500,"height":500,"caption":"PRANDARTO cultural fusion"},"image":{"@id":"https:\/\/prandarto.com\/en\/#\/schema\/logo\/image\/"}}]}},"_links":{"self":[{"href":"https:\/\/prandarto.com\/en\/wp-json\/wp\/v2\/product\/2333","targetHints":{"allow":["GET"]}}],"collection":[{"href":"https:\/\/prandarto.com\/en\/wp-json\/wp\/v2\/product"}],"about":[{"href":"https:\/\/prandarto.com\/en\/wp-json\/wp\/v2\/types\/product"}],"wp:featuredmedia":[{"embeddable":true,"href":"https:\/\/prandarto.com\/en\/wp-json\/wp\/v2\/media\/1790"}],"wp:attachment":[{"href":"https:\/\/prandarto.com\/en\/wp-json\/wp\/v2\/media?parent=2333"}],"wp:term":[{"taxonomy":"product_brand","embeddable":true,"href":"https:\/\/prandarto.com\/en\/wp-json\/wp\/v2\/product_brand?post=2333"},{"taxonomy":"product_cat","embeddable":true,"href":"https:\/\/prandarto.com\/en\/wp-json\/wp\/v2\/product_cat?post=2333"},{"taxonomy":"product_tag","embeddable":true,"href":"https:\/\/prandarto.com\/en\/wp-json\/wp\/v2\/product_tag?post=2333"}],"curies":[{"name":"wp","href":"https:\/\/api.w.org\/{rel}","templated":true}]}}