{"id":2300,"date":"2026-01-22T14:29:28","date_gmt":"2026-01-22T13:29:28","guid":{"rendered":"https:\/\/prandarto.com\/termek\/orange-blossom\/"},"modified":"2026-01-22T14:29:28","modified_gmt":"2026-01-22T13:29:28","slug":"orange-blossom","status":"publish","type":"product","link":"https:\/\/prandarto.com\/en\/termek\/orange-blossom\/","title":{"rendered":"Orange Blossom"},"content":{"rendered":"<p><span style=\"font-weight: 400;\">Discover the <\/span><b>&#8220;Orange Instinct&#8221;<\/b><span style=\"font-weight: 400;\"> a fresh and inspiring artistic creation, which is a <\/span><b>orange branch<\/b><span style=\"font-weight: 400;\"> and <\/span><b>oranges<\/b><span style=\"font-weight: 400;\"> on an old newsprint background! This image is from <\/span><b>cultural fusion<\/b><span style=\"font-weight: 400;\"> of fusion, and was created <\/span><b>of nature<\/b><span style=\"font-weight: 400;\">, the <\/span><b>joy of life<\/b><span style=\"font-weight: 400;\"> and <\/span><b>sustainability<\/b><span style=\"font-weight: 400;\"> of sustainability. The green leaves and bright orange fruits are the <\/span> <b>the beauty of nature<\/b><span style=\"font-weight: 400;\">, the <\/span><b>maturity<\/b><span style=\"font-weight: 400;\"> and the <\/span><b>the richness of life<\/b><span style=\"font-weight: 400;\"> remind us of life.<\/span><\/p>\n<p><b>What story does the picture tell?<\/b><\/p>\n<p><span style=\"font-weight: 400;\">A <\/span><b>&#8220;Orange Instinct&#8221;<\/b><span style=\"font-weight: 400;\"> a <\/span><b>the gifts of nature<\/b><span style=\"font-weight: 400;\">, the <\/span><b>maturity<\/b><span style=\"font-weight: 400;\"> and <\/span><b>the joy of life<\/b><span style=\"font-weight: 400;\"> of life. The orange blossom is the <\/span> <b>Growth<\/b><span style=\"font-weight: 400;\">, the <\/span><b>maturity<\/b><span style=\"font-weight: 400;\"> and <\/span><b>the richness of nature<\/b><span style=\"font-weight: 400;\"> while the newsprint background is a symbol of the <\/span><b>historical memories<\/b><span style=\"font-weight: 400;\">, a <\/span><b>sustainability<\/b><span style=\"font-weight: 400;\"> and <\/span><b>the meeting of past and present<\/b><span style=\"font-weight: 400;\"> and the present. This image reminds us that in life too <\/span> <b>it is important to appreciate the gifts of nature<\/b><span style=\"font-weight: 400;\">, and that the <\/span><b>to find moments of joy in everyday life<\/b><span style=\"font-weight: 400;\">.<\/span><\/p>\n<p><b>What are the colours that make up the colours and what do they say?<\/b><\/p>\n<p><span style=\"font-weight: 400;\">The image is mainly <\/span><b>green<\/b><span style=\"font-weight: 400;\">, <\/span><b>orange<\/b><span style=\"font-weight: 400;\"> and <\/span><b>beige<\/b><span style=\"font-weight: 400;\"> shades. The <\/span> <b>Green<\/b><span style=\"font-weight: 400;\">  a  <\/span><b>Nature<\/b><span style=\"font-weight: 400;\">, a  <\/span><b>Growth<\/b><span style=\"font-weight: 400;\">  and the  <\/span><b>harmony<\/b><span style=\"font-weight: 400;\">  colour, while the  <\/span><b>orange<\/b><span style=\"font-weight: 400;\">  from  <\/span><b>joy of life<\/b><span style=\"font-weight: 400;\">, the  <\/span><b>energy<\/b><span style=\"font-weight: 400;\">  and the  <\/span><b>positivity<\/b><span style=\"font-weight: 400;\">  symbol of. A   <\/span><b>beige<\/b><span style=\"font-weight: 400;\"> shades of the <\/span><b>the passage of time<\/b><span style=\"font-weight: 400;\">, a <\/span><b>historical memories<\/b><span style=\"font-weight: 400;\"> and the <\/span><b>sustainability<\/b><span style=\"font-weight: 400;\"> and sustainability. These colours together <\/span> <b>harmony<\/b><span style=\"font-weight: 400;\">, <\/span><b>joy of life<\/b><span style=\"font-weight: 400;\"> and <\/span><b>nostalgia<\/b><span style=\"font-weight: 400;\"> and nostalgia.<\/span> <\/p>\n<p><b>What mood does it represent?<\/b><\/p>\n<p><span style=\"font-weight: 400;\">The picture <\/span><b>fresh from<\/b><span style=\"font-weight: 400;\">, <\/span><b>my joy of life<\/b><span style=\"font-weight: 400;\"> and <\/span><b>nostalgia<\/b><span style=\"font-weight: 400;\"> The green leaves and the bright orange fruits <\/span> <b>the closeness to nature<\/b><span style=\"font-weight: 400;\">, <\/span><b>maturity<\/b><span style=\"font-weight: 400;\"> and <\/span><b>positive energy<\/b><span style=\"font-weight: 400;\"> and positive energy. Ideal for those who <\/span>  <b>everyday stress<\/b><span style=\"font-weight: 400;\"> in the midst of stress and <\/span><b>nature<\/b><span style=\"font-weight: 400;\"> and the <\/span><b>joy of life<\/b><span style=\"font-weight: 400;\"> moments of life and joy.<\/span><\/p>\n<p><b>Who is it recommended for?<\/b><\/p>\n<ul>\n<li style=\"font-weight: 400;\" aria-level=\"1\"><b>For nature lovers<\/b><span style=\"font-weight: 400;\">who are looking for <\/span><b>fruits<\/b><span style=\"font-weight: 400;\"> and <\/span><b>green environment<\/b><span style=\"font-weight: 400;\"> lovers of greenery.<\/span><\/li>\n<li style=\"font-weight: 400;\" aria-level=\"1\"><b>Vintage style<\/b><span style=\"font-weight: 400;\"> for lovers who are looking for <\/span><b>the passage of time<\/b><span style=\"font-weight: 400;\"> and <\/span><b>historical memories<\/b><span style=\"font-weight: 400;\"> and the beauty of history and history.<\/span><\/li>\n<li style=\"font-weight: 400;\" aria-level=\"1\"><b>Modern, natural style<\/b><span style=\"font-weight: 400;\"> lovers who want a <\/span><b>unique<\/b><span style=\"font-weight: 400;\">, <\/span><b>fresh<\/b><span style=\"font-weight: 400;\"> artwork.<\/span><\/li>\n<li style=\"font-weight: 400;\" aria-level=\"1\"><b>For gift seekers<\/b><span style=\"font-weight: 400;\">who want something <\/span><b>nature loving<\/b><span style=\"font-weight: 400;\"> and <\/span><b>and a joy of life<\/b><span style=\"font-weight: 400;\"> to give to their loved ones.<\/span><\/li>\n<\/ul>\n<p><b>Which spaces and styles are suitable?<\/b><\/p>\n<p><span style=\"font-weight: 400;\">A <\/span><b>&#8220;Orange Instinct&#8221;<\/b><span style=\"font-weight: 400;\"> fits perfectly:<\/span><\/p>\n<ul>\n<li style=\"font-weight: 400;\" aria-level=\"1\"><b>Vintage style apartments<\/b><span style=\"font-weight: 400;\">where the <\/span><b>historical elements<\/b><span style=\"font-weight: 400;\"> and <\/span><b>natural materials<\/b><span style=\"font-weight: 400;\"> dominate.<\/span><\/li>\n<li style=\"font-weight: 400;\" aria-level=\"1\"><b>For kitchens<\/b><span style=\"font-weight: 400;\">where the <\/span><b>freshness<\/b><span style=\"font-weight: 400;\"> and <\/span><b>zest for life<\/b><span style=\"font-weight: 400;\"> is important.<\/span><\/li>\n<li style=\"font-weight: 400;\" aria-level=\"1\"><b>Offices<\/b><span style=\"font-weight: 400;\">, where the <\/span><b>positive energy<\/b><span style=\"font-weight: 400;\"> and <\/span><b>harmony<\/b><span style=\"font-weight: 400;\"> is key.<\/span><\/li>\n<li style=\"font-weight: 400;\" aria-level=\"1\"><b>Plant-friendly spaces<\/b><span style=\"font-weight: 400;\">where the <\/span><b>nature<\/b><span style=\"font-weight: 400;\"> and <\/span><b>nostalgia<\/b><span style=\"font-weight: 400;\"> dominate.<\/span><\/li>\n<\/ul>\n<p><b>In what situation can it help?<\/b><\/p>\n<ul>\n<li style=\"font-weight: 400;\" aria-level=\"1\"><span style=\"font-weight: 400;\">If <\/span><b>positive energy<\/b><span style=\"font-weight: 400;\"> in your everyday life.<\/span><\/li>\n<li style=\"font-weight: 400;\" aria-level=\"1\"><span style=\"font-weight: 400;\">If <\/span><b>proximity to nature<\/b><span style=\"font-weight: 400;\"> and <\/span><b>maturity<\/b><span style=\"font-weight: 400;\"> in your home or workspace.<\/span><\/li>\n<li style=\"font-weight: 400;\" aria-level=\"1\"><span style=\"font-weight: 400;\">If <\/span><b>nostalgia<\/b><span style=\"font-weight: 400;\"> and <\/span><b>historical memories<\/b><span style=\"font-weight: 400;\"> in your environment.<\/span><\/li>\n<li style=\"font-weight: 400;\" aria-level=\"1\"><span style=\"font-weight: 400;\">If <\/span><b>gift from<\/b><span style=\"font-weight: 400;\"> for someone who loves the <\/span><b>nature<\/b><span style=\"font-weight: 400;\"> and <\/span><b>joy of life<\/b><span style=\"font-weight: 400;\">.<\/span><\/li>\n<\/ul>\n<p><b>Why buy it?<\/b><\/p>\n<ul>\n<li style=\"font-weight: 400;\" aria-level=\"1\"><b>Print on Demand (POD)<\/b><span style=\"font-weight: 400;\"> available, so <\/span><b>environmentally friendly<\/b><span style=\"font-weight: 400;\">, <\/span><b>zero stock<\/b><span style=\"font-weight: 400;\">, <\/span><b>zero waste<\/b><span style=\"font-weight: 400;\">.<\/span><\/li>\n<li style=\"font-weight: 400;\" aria-level=\"1\"><b>Digitally downloadable<\/b><span style=\"font-weight: 400;\">, so it is immediately available to you, and <\/span><b>a sustainable solution<\/b><span style=\"font-weight: 400;\">.<\/span><\/li>\n<li style=\"font-weight: 400;\" aria-level=\"1\"><b>Cultural fusion<\/b><span style=\"font-weight: 400;\"> a unique artistic creation, which <\/span><b>tells a story<\/b><span style=\"font-weight: 400;\"> and <\/span><b>creates atmosphere<\/b><span style=\"font-weight: 400;\">.<\/span><\/li>\n<\/ul>\n","protected":false},"excerpt":{"rendered":"<p>Discover the &#8220;Orange Instinct&#8221; a fresh and inspiring artistic creation, which is a orange branch and oranges on an old newsprint background! This image is from cultural fusion of fusion, and was created of nature, the joy of life and sustainability of sustainability. The green leaves and bright orange fruits are the the beauty of [&hellip;]<\/p>\n","protected":false},"featured_media":1774,"template":"","meta":{"_acf_changed":false},"product_brand":[],"product_cat":[73,74,72,71],"product_tag":[],"class_list":{"0":"post-2300","1":"product","2":"type-product","3":"status-publish","4":"has-post-thumbnail","6":"product_cat-ai-generated-works","7":"product_cat-functional-decoration","8":"product_cat-modern-minimalist-motifs","9":"product_cat-natural-visuals","11":"first","12":"instock","13":"taxable","14":"shipping-taxable","15":"purchasable","16":"product-type-variable"},"acf":[],"yoast_head":"<!-- This site is optimized with the Yoast SEO Premium plugin v27.2 (Yoast SEO v27.2) - https:\/\/yoast.com\/product\/yoast-seo-premium-wordpress\/ -->\n<title>Orange Blossom - PRANDARTO cultural fusion<\/title>\n<meta name=\"description\" content=\"Find unique, close-to-nature art! The digital artwork &quot;Orange Blossom&quot; is a symbol of maturity and sustainability. Buy a cultural fusion print from the Prandarto shop - an eco-friendly choice with instant download.\" \/>\n<meta name=\"robots\" content=\"noindex, follow, max-snippet:-1, max-image-preview:large, max-video-preview:-1\" \/>\n<meta property=\"og:locale\" content=\"en_US\" \/>\n<meta property=\"og:type\" content=\"article\" \/>\n<meta property=\"og:title\" content=\"Orange Blossom\" \/>\n<meta property=\"og:description\" content=\"Find unique, close-to-nature art! The digital artwork &quot;Orange Blossom&quot; is a symbol of maturity and sustainability. Buy a cultural fusion print from the Prandarto shop - an eco-friendly choice with instant download.\" \/>\n<meta property=\"og:url\" content=\"https:\/\/prandarto.com\/en\/termek\/orange-blossom\/\" \/>\n<meta property=\"og:site_name\" content=\"PRANDARTO cultural fusion\" \/>\n<meta property=\"og:image\" content=\"https:\/\/prandarto.com\/wp-content\/uploads\/2026\/01\/Alap_Mckp_Prandarto-2-1024x1024.png\" \/>\n\t<meta property=\"og:image:width\" content=\"1024\" \/>\n\t<meta property=\"og:image:height\" content=\"1024\" \/>\n\t<meta property=\"og:image:type\" content=\"image\/png\" \/>\n<meta name=\"twitter:card\" content=\"summary_large_image\" \/>\n<meta name=\"twitter:label1\" content=\"Est. reading time\" \/>\n\t<meta name=\"twitter:data1\" content=\"2 minutes\" \/>\n<script type=\"application\/ld+json\" class=\"yoast-schema-graph\">{\"@context\":\"https:\/\/schema.org\",\"@graph\":[{\"@type\":\"WebPage\",\"@id\":\"https:\/\/prandarto.com\/en\/termek\/orange-blossom\/\",\"url\":\"https:\/\/prandarto.com\/en\/termek\/orange-blossom\/\",\"name\":\"Orange Blossom - PRANDARTO cultural fusion\",\"isPartOf\":{\"@id\":\"https:\/\/prandarto.com\/en\/#website\"},\"primaryImageOfPage\":{\"@id\":\"https:\/\/prandarto.com\/en\/termek\/orange-blossom\/#primaryimage\"},\"image\":{\"@id\":\"https:\/\/prandarto.com\/en\/termek\/orange-blossom\/#primaryimage\"},\"thumbnailUrl\":\"https:\/\/prandarto.com\/wp-content\/uploads\/2026\/01\/Alap_Mckp_Prandarto-2.png\",\"datePublished\":\"2026-01-22T13:29:28+00:00\",\"description\":\"Find unique, close-to-nature art! The digital artwork \\\"Orange Blossom\\\" is a symbol of maturity and sustainability. Buy a cultural fusion print from the Prandarto shop - an eco-friendly choice with instant download.\",\"breadcrumb\":{\"@id\":\"https:\/\/prandarto.com\/en\/termek\/orange-blossom\/#breadcrumb\"},\"inLanguage\":\"en-US\",\"potentialAction\":[{\"@type\":\"ReadAction\",\"target\":[\"https:\/\/prandarto.com\/en\/termek\/orange-blossom\/\"]}]},{\"@type\":\"ImageObject\",\"inLanguage\":\"en-US\",\"@id\":\"https:\/\/prandarto.com\/en\/termek\/orange-blossom\/#primaryimage\",\"url\":\"https:\/\/prandarto.com\/wp-content\/uploads\/2026\/01\/Alap_Mckp_Prandarto-2.png\",\"contentUrl\":\"https:\/\/prandarto.com\/wp-content\/uploads\/2026\/01\/Alap_Mckp_Prandarto-2.png\",\"width\":2100,\"height\":2100,\"caption\":\"Narancs\u00f6szt\u00f6n\"},{\"@type\":\"BreadcrumbList\",\"@id\":\"https:\/\/prandarto.com\/en\/termek\/orange-blossom\/#breadcrumb\",\"itemListElement\":[{\"@type\":\"ListItem\",\"position\":1,\"name\":\"Kezd\u0151lap\",\"item\":\"https:\/\/prandarto.com\/en\/\"},{\"@type\":\"ListItem\",\"position\":2,\"name\":\"Shop\",\"item\":\"https:\/\/prandarto.com\/en\/shop\/\"},{\"@type\":\"ListItem\",\"position\":3,\"name\":\"Orange Blossom\"}]},{\"@type\":\"WebSite\",\"@id\":\"https:\/\/prandarto.com\/en\/#website\",\"url\":\"https:\/\/prandarto.com\/en\/\",\"name\":\"PRANDARTO cultural fusion\",\"description\":\"Egyedi digit\u00e1lis m\u0171vek, AI Art \u00e9s fot\u00f3alap\u00fa alkot\u00e1sok. Letisztult, modern vizu\u00e1lis \u00e9lm\u00e9ny otthonra, \u00fczletekbe \u00e9s k\u00f6z\u00f6ss\u00e9gi terekbe. Azonnali let\u00f6lt\u00e9s, szabad nyomtat\u00e1s.\",\"publisher\":{\"@id\":\"https:\/\/prandarto.com\/en\/#organization\"},\"potentialAction\":[{\"@type\":\"SearchAction\",\"target\":{\"@type\":\"EntryPoint\",\"urlTemplate\":\"https:\/\/prandarto.com\/en\/?s={search_term_string}\"},\"query-input\":{\"@type\":\"PropertyValueSpecification\",\"valueRequired\":true,\"valueName\":\"search_term_string\"}}],\"inLanguage\":\"en-US\"},{\"@type\":\"Organization\",\"@id\":\"https:\/\/prandarto.com\/en\/#organization\",\"name\":\"PRANDARTO cultural fusion\",\"url\":\"https:\/\/prandarto.com\/en\/\",\"logo\":{\"@type\":\"ImageObject\",\"inLanguage\":\"en-US\",\"@id\":\"https:\/\/prandarto.com\/en\/#\/schema\/logo\/image\/\",\"url\":\"https:\/\/prandarto.com\/wp-content\/uploads\/2025\/10\/PRANDARTO-LOGO-e1764685807372.png\",\"contentUrl\":\"https:\/\/prandarto.com\/wp-content\/uploads\/2025\/10\/PRANDARTO-LOGO-e1764685807372.png\",\"width\":500,\"height\":500,\"caption\":\"PRANDARTO cultural fusion\"},\"image\":{\"@id\":\"https:\/\/prandarto.com\/en\/#\/schema\/logo\/image\/\"}}]}<\/script>\n<!-- \/ Yoast SEO Premium plugin. -->","yoast_head_json":{"title":"Orange Blossom - PRANDARTO cultural fusion","description":"Find unique, close-to-nature art! The digital artwork \"Orange Blossom\" is a symbol of maturity and sustainability. Buy a cultural fusion print from the Prandarto shop - an eco-friendly choice with instant download.","robots":{"index":"noindex","follow":"follow","max-snippet":"max-snippet:-1","max-image-preview":"max-image-preview:large","max-video-preview":"max-video-preview:-1"},"og_locale":"en_US","og_type":"article","og_title":"Orange Blossom","og_description":"Find unique, close-to-nature art! The digital artwork \"Orange Blossom\" is a symbol of maturity and sustainability. Buy a cultural fusion print from the Prandarto shop - an eco-friendly choice with instant download.","og_url":"https:\/\/prandarto.com\/en\/termek\/orange-blossom\/","og_site_name":"PRANDARTO cultural fusion","og_image":[{"width":1024,"height":1024,"url":"https:\/\/prandarto.com\/wp-content\/uploads\/2026\/01\/Alap_Mckp_Prandarto-2-1024x1024.png","type":"image\/png"}],"twitter_card":"summary_large_image","twitter_misc":{"Est. reading time":"2 minutes"},"schema":{"@context":"https:\/\/schema.org","@graph":[{"@type":"WebPage","@id":"https:\/\/prandarto.com\/en\/termek\/orange-blossom\/","url":"https:\/\/prandarto.com\/en\/termek\/orange-blossom\/","name":"Orange Blossom - PRANDARTO cultural fusion","isPartOf":{"@id":"https:\/\/prandarto.com\/en\/#website"},"primaryImageOfPage":{"@id":"https:\/\/prandarto.com\/en\/termek\/orange-blossom\/#primaryimage"},"image":{"@id":"https:\/\/prandarto.com\/en\/termek\/orange-blossom\/#primaryimage"},"thumbnailUrl":"https:\/\/prandarto.com\/wp-content\/uploads\/2026\/01\/Alap_Mckp_Prandarto-2.png","datePublished":"2026-01-22T13:29:28+00:00","description":"Find unique, close-to-nature art! The digital artwork \"Orange Blossom\" is a symbol of maturity and sustainability. Buy a cultural fusion print from the Prandarto shop - an eco-friendly choice with instant download.","breadcrumb":{"@id":"https:\/\/prandarto.com\/en\/termek\/orange-blossom\/#breadcrumb"},"inLanguage":"en-US","potentialAction":[{"@type":"ReadAction","target":["https:\/\/prandarto.com\/en\/termek\/orange-blossom\/"]}]},{"@type":"ImageObject","inLanguage":"en-US","@id":"https:\/\/prandarto.com\/en\/termek\/orange-blossom\/#primaryimage","url":"https:\/\/prandarto.com\/wp-content\/uploads\/2026\/01\/Alap_Mckp_Prandarto-2.png","contentUrl":"https:\/\/prandarto.com\/wp-content\/uploads\/2026\/01\/Alap_Mckp_Prandarto-2.png","width":2100,"height":2100,"caption":"Narancs\u00f6szt\u00f6n"},{"@type":"BreadcrumbList","@id":"https:\/\/prandarto.com\/en\/termek\/orange-blossom\/#breadcrumb","itemListElement":[{"@type":"ListItem","position":1,"name":"Kezd\u0151lap","item":"https:\/\/prandarto.com\/en\/"},{"@type":"ListItem","position":2,"name":"Shop","item":"https:\/\/prandarto.com\/en\/shop\/"},{"@type":"ListItem","position":3,"name":"Orange Blossom"}]},{"@type":"WebSite","@id":"https:\/\/prandarto.com\/en\/#website","url":"https:\/\/prandarto.com\/en\/","name":"PRANDARTO cultural fusion","description":"Egyedi digit\u00e1lis m\u0171vek, AI Art \u00e9s fot\u00f3alap\u00fa alkot\u00e1sok. Letisztult, modern vizu\u00e1lis \u00e9lm\u00e9ny otthonra, \u00fczletekbe \u00e9s k\u00f6z\u00f6ss\u00e9gi terekbe. Azonnali let\u00f6lt\u00e9s, szabad nyomtat\u00e1s.","publisher":{"@id":"https:\/\/prandarto.com\/en\/#organization"},"potentialAction":[{"@type":"SearchAction","target":{"@type":"EntryPoint","urlTemplate":"https:\/\/prandarto.com\/en\/?s={search_term_string}"},"query-input":{"@type":"PropertyValueSpecification","valueRequired":true,"valueName":"search_term_string"}}],"inLanguage":"en-US"},{"@type":"Organization","@id":"https:\/\/prandarto.com\/en\/#organization","name":"PRANDARTO cultural fusion","url":"https:\/\/prandarto.com\/en\/","logo":{"@type":"ImageObject","inLanguage":"en-US","@id":"https:\/\/prandarto.com\/en\/#\/schema\/logo\/image\/","url":"https:\/\/prandarto.com\/wp-content\/uploads\/2025\/10\/PRANDARTO-LOGO-e1764685807372.png","contentUrl":"https:\/\/prandarto.com\/wp-content\/uploads\/2025\/10\/PRANDARTO-LOGO-e1764685807372.png","width":500,"height":500,"caption":"PRANDARTO cultural fusion"},"image":{"@id":"https:\/\/prandarto.com\/en\/#\/schema\/logo\/image\/"}}]}},"_links":{"self":[{"href":"https:\/\/prandarto.com\/en\/wp-json\/wp\/v2\/product\/2300","targetHints":{"allow":["GET"]}}],"collection":[{"href":"https:\/\/prandarto.com\/en\/wp-json\/wp\/v2\/product"}],"about":[{"href":"https:\/\/prandarto.com\/en\/wp-json\/wp\/v2\/types\/product"}],"wp:featuredmedia":[{"embeddable":true,"href":"https:\/\/prandarto.com\/en\/wp-json\/wp\/v2\/media\/1774"}],"wp:attachment":[{"href":"https:\/\/prandarto.com\/en\/wp-json\/wp\/v2\/media?parent=2300"}],"wp:term":[{"taxonomy":"product_brand","embeddable":true,"href":"https:\/\/prandarto.com\/en\/wp-json\/wp\/v2\/product_brand?post=2300"},{"taxonomy":"product_cat","embeddable":true,"href":"https:\/\/prandarto.com\/en\/wp-json\/wp\/v2\/product_cat?post=2300"},{"taxonomy":"product_tag","embeddable":true,"href":"https:\/\/prandarto.com\/en\/wp-json\/wp\/v2\/product_tag?post=2300"}],"curies":[{"name":"wp","href":"https:\/\/api.w.org\/{rel}","templated":true}]}}