{"id":2283,"date":"2026-01-22T13:20:12","date_gmt":"2026-01-22T12:20:12","guid":{"rendered":"https:\/\/prandarto.com\/termek\/blossoming-of-the-soul\/"},"modified":"2026-01-22T13:20:12","modified_gmt":"2026-01-22T12:20:12","slug":"blossoming-of-the-soul","status":"publish","type":"product","link":"https:\/\/prandarto.com\/en\/termek\/blossoming-of-the-soul\/","title":{"rendered":"Blossoming of the soul"},"content":{"rendered":"<p><span style=\"font-weight: 400;\">Discover the <\/span><b>&#8220;Soul Blossom&#8221;<\/b><span style=\"font-weight: 400;\"> inspiring and soul-stirring artwork, which is a <\/span><b>a colourful, abstract face<\/b><span style=\"font-weight: 400;\"> from which <\/span><b>flowers and colourful shapes<\/b><span style=\"font-weight: 400;\"> spilling out! This image is the <\/span><b>cultural fusion<\/b><span style=\"font-weight: 400;\"> of fusion, and the <\/span><b>growth of the soul<\/b><span style=\"font-weight: 400;\">, a <\/span><b>inner harmony<\/b><span style=\"font-weight: 400;\"> and <\/span><b>creativity<\/b><span style=\"font-weight: 400;\"> of inner peace and creativity. The face and the spreading colours of the <\/span> <b>the richness of the inner world<\/b><span style=\"font-weight: 400;\">, a <\/span><b>freedom<\/b><span style=\"font-weight: 400;\"> and <\/span><b>the expression of the soul<\/b><span style=\"font-weight: 400;\"> of the soul.<\/span><\/p>\n<p><b>What story does the picture tell?<\/b><\/p>\n<p><span style=\"font-weight: 400;\">A <\/span><b>&#8220;Blossoming of the soul&#8221;<\/b><span style=\"font-weight: 400;\"> a <\/span><b>soul growth<\/b><span style=\"font-weight: 400;\">, a <\/span><b>inner harmony<\/b><span style=\"font-weight: 400;\"> and <\/span><b>creativity<\/b><span style=\"font-weight: 400;\"> and creativity. The abstract face of the <\/span> <b>inner world<\/b><span style=\"font-weight: 400;\">, a <\/span><b>freedom<\/b><span style=\"font-weight: 400;\"> and the <\/span><b>discovering ourselves<\/b><span style=\"font-weight: 400;\"> symbol of self and self-discovery, while the colours and shapes <\/span><b>creativity<\/b><span style=\"font-weight: 400;\">, a <\/span><b>the expression of the soul<\/b><span style=\"font-weight: 400;\"> and <\/span><b>inner harmony<\/b><span style=\"font-weight: 400;\"> of the inner being. This image reminds us that <\/span> <b>it is important to nurture our inner world<\/b><span style=\"font-weight: 400;\">and that the <\/span><b>soul growth<\/b><span style=\"font-weight: 400;\"> and <\/span><b>creativity<\/b><span style=\"font-weight: 400;\"> is key in life.<\/span><\/p>\n<p><b>What are the colours that make up the colours and what do they say?<\/b><\/p>\n<p><span style=\"font-weight: 400;\">The image is mainly <\/span><b>blue<\/b><span style=\"font-weight: 400;\">, <\/span><b>red<\/b><span style=\"font-weight: 400;\">, <\/span><b>yellow<\/b><span style=\"font-weight: 400;\">, <\/span><b>green<\/b><span style=\"font-weight: 400;\"> and <\/span><b>purple<\/b><span style=\"font-weight: 400;\"> shades. The <\/span> <b>Blue<\/b><span style=\"font-weight: 400;\">  a  <\/span><b>calm<\/b><span style=\"font-weight: 400;\">, a  <\/span><b>inner peace<\/b><span style=\"font-weight: 400;\">  and the  <\/span><b>harmony<\/b><span style=\"font-weight: 400;\">  colour, while the  <\/span><b>red<\/b><span style=\"font-weight: 400;\">  from  <\/span><b>Force<\/b><span style=\"font-weight: 400;\">, a  <\/span><b>passion<\/b><span style=\"font-weight: 400;\">  and the  <\/span><b>joy of life<\/b><span style=\"font-weight: 400;\">  symbol of. A   <\/span><b>yellow<\/b><span style=\"font-weight: 400;\">  a  <\/span><b>creativity<\/b><span style=\"font-weight: 400;\">, the  <\/span><b>optimism<\/b><span style=\"font-weight: 400;\">  and the  <\/span><b>positive energy<\/b><span style=\"font-weight: 400;\">  colour, the  <\/span><b>Green<\/b><span style=\"font-weight: 400;\">  a  <\/span><b>Growth<\/b><span style=\"font-weight: 400;\">, a  <\/span><b>harmony<\/b><span style=\"font-weight: 400;\">  and the  <\/span><b>Nature<\/b><span style=\"font-weight: 400;\">  symbol, while the  <\/span><b>purple<\/b><span style=\"font-weight: 400;\">  a  <\/span><b>spirituality<\/b><span style=\"font-weight: 400;\">, a  <\/span><b>internal growth<\/b><span style=\"font-weight: 400;\">  and the  <\/span><b>mysticism<\/b><span style=\"font-weight: 400;\">  conveys the message of. These colours together   <\/span><b>harmony<\/b><span style=\"font-weight: 400;\">, <\/span><b>creativity<\/b><span style=\"font-weight: 400;\"> and <\/span><b>inner growth<\/b><span style=\"font-weight: 400;\"> and inner growth.<\/span><\/p>\n<p><b>What mood does it represent?<\/b><\/p>\n<p><span style=\"font-weight: 400;\">The picture <\/span><b>harmony<\/b><span style=\"font-weight: 400;\">, <\/span><b>creativity<\/b><span style=\"font-weight: 400;\"> and <\/span><b>inner growth<\/b><span style=\"font-weight: 400;\"> The abstract face and the flowing colours <\/span> <b>inner peace<\/b><span style=\"font-weight: 400;\">, <\/span><b>creativity<\/b><span style=\"font-weight: 400;\"> and <\/span><b>expression of soul<\/b><span style=\"font-weight: 400;\"> and soul. Ideal for those who <\/span>  <b>everyday stress<\/b><span style=\"font-weight: 400;\"> in the midst of stress and <\/span><b>inner harmony<\/b><span style=\"font-weight: 400;\">, a <\/span><b>creativity<\/b><span style=\"font-weight: 400;\"> and <\/span><b>soul growth<\/b><span style=\"font-weight: 400;\"> moments.<\/span><\/p>\n<p><b>Who is it recommended for?<\/b><\/p>\n<ul>\n<li style=\"font-weight: 400;\" aria-level=\"1\"><b>For psychologists and therapists<\/b><span style=\"font-weight: 400;\">, who work in the <\/span><b>soul growth<\/b><span style=\"font-weight: 400;\"> and <\/span><b>inner harmony<\/b><span style=\"font-weight: 400;\"> the importance of inner peace.<\/span><\/li>\n<li style=\"font-weight: 400;\" aria-level=\"1\"><b>For soul-searchers and meditation enthusiasts<\/b><span style=\"font-weight: 400;\">who are interested in <\/span><b>inner world<\/b><span style=\"font-weight: 400;\"> and the <\/span><b>spirituality<\/b><span style=\"font-weight: 400;\"> and spirituality.<\/span><\/li>\n<li style=\"font-weight: 400;\" aria-level=\"1\"><b>For creative people<\/b><span style=\"font-weight: 400;\">who are looking for <\/span><b>creativity<\/b><span style=\"font-weight: 400;\"> and <\/span><b>self-discovery<\/b><span style=\"font-weight: 400;\"> the importance of discovery.<\/span><\/li>\n<li style=\"font-weight: 400;\" aria-level=\"1\"><b>For gift seekers<\/b><span style=\"font-weight: 400;\">who want something <\/span><b>inner growth<\/b><span style=\"font-weight: 400;\"> and <\/span><b>harmony<\/b><span style=\"font-weight: 400;\"> to give to their loved ones.<\/span><\/li>\n<\/ul>\n<p><b>Which spaces and styles are suitable?<\/b><\/p>\n<p><span style=\"font-weight: 400;\">A <\/span><b>&#8220;Blossoming of the soul&#8221;<\/b><span style=\"font-weight: 400;\"> is a perfect fit:<\/span><\/p>\n<ul>\n<li style=\"font-weight: 400;\" aria-level=\"1\"><b>Psychologists&#8217; surgeries or waiting rooms in psychiatric institutes<\/b><span style=\"font-weight: 400;\">where the <\/span><b>inner harmony<\/b><span style=\"font-weight: 400;\"> and <\/span><b>soul growth<\/b><span style=\"font-weight: 400;\"> dominates.<\/span><\/li>\n<li style=\"font-weight: 400;\" aria-level=\"1\"><b>Meditation spaces<\/b><span style=\"font-weight: 400;\">, where the <\/span><b>tranquility<\/b><span style=\"font-weight: 400;\"> and <\/span><b>spirituality<\/b><span style=\"font-weight: 400;\"> is important.<\/span><\/li>\n<li style=\"font-weight: 400;\" aria-level=\"1\"><b>Creative workshops<\/b><span style=\"font-weight: 400;\">, where the <\/span><b>creativity<\/b><span style=\"font-weight: 400;\"> and <\/span><b>inner growth<\/b><span style=\"font-weight: 400;\"> is key.<\/span><\/li>\n<li style=\"font-weight: 400;\" aria-level=\"1\"><b>Wellness rooms<\/b><span style=\"font-weight: 400;\">, where the <\/span><b>harmony<\/b><span style=\"font-weight: 400;\"> and <\/span><b>manifestation of the soul<\/b><span style=\"font-weight: 400;\"> dominates.<\/span><\/li>\n<\/ul>\n<p><b>In what situation can it help?<\/b><\/p>\n<ul>\n<li style=\"font-weight: 400;\" aria-level=\"1\"><span style=\"font-weight: 400;\">If <\/span><b>inner harmony<\/b><span style=\"font-weight: 400;\"> and <\/span><b>creativity<\/b><span style=\"font-weight: 400;\"> in life.<\/span><\/li>\n<li style=\"font-weight: 400;\" aria-level=\"1\"><span style=\"font-weight: 400;\">If <\/span><b>soul to grow<\/b><span style=\"font-weight: 400;\"> and <\/span><b>inner growth<\/b><span style=\"font-weight: 400;\"> in your environment.<\/span><\/li>\n<li style=\"font-weight: 400;\" aria-level=\"1\"><span style=\"font-weight: 400;\">If <\/span><b>peace of mind<\/b><span style=\"font-weight: 400;\"> and <\/span><b>spirituality<\/b><span style=\"font-weight: 400;\"> in your home or workspace.<\/span><\/li>\n<li style=\"font-weight: 400;\" aria-level=\"1\"><span style=\"font-weight: 400;\">If <\/span><b>gift from<\/b><span style=\"font-weight: 400;\"> for someone who loves the <\/span><b>soul growth<\/b><span style=\"font-weight: 400;\"> and <\/span><b>inner harmony<\/b><span style=\"font-weight: 400;\">.<\/span><\/li>\n<\/ul>\n<p><b>Why buy it?<\/b><\/p>\n<ul>\n<li style=\"font-weight: 400;\" aria-level=\"1\"><b>Print on Demand (POD)<\/b><span style=\"font-weight: 400;\"> available, so <\/span><b>environmentally friendly<\/b><span style=\"font-weight: 400;\">, <\/span><b>zero stock<\/b><span style=\"font-weight: 400;\">, <\/span><b>zero waste<\/b><span style=\"font-weight: 400;\">.<\/span><\/li>\n<li style=\"font-weight: 400;\" aria-level=\"1\"><b>Digitally downloadable<\/b><span style=\"font-weight: 400;\">, so it is immediately available to you, and <\/span><b>a sustainable solution<\/b><span style=\"font-weight: 400;\">.<\/span><\/li>\n<li style=\"font-weight: 400;\" aria-level=\"1\"><b>Cultural fusion<\/b><span style=\"font-weight: 400;\"> a unique artistic creation, which <\/span><b>tells a story<\/b><span style=\"font-weight: 400;\"> and <\/span><b>creates atmosphere<\/b><span style=\"font-weight: 400;\">.<\/span><\/li>\n<\/ul>\n","protected":false},"excerpt":{"rendered":"<p>Discover the &#8220;Soul Blossom&#8221; inspiring and soul-stirring artwork, which is a a colourful, abstract face from which flowers and colourful shapes spilling out! This image is the cultural fusion of fusion, and the growth of the soul, a inner harmony and creativity of inner peace and creativity. The face and the spreading colours of the [&hellip;]<\/p>\n","protected":false},"featured_media":1708,"template":"","meta":{"_acf_changed":false},"product_brand":[],"product_cat":[73,74,72],"product_tag":[],"class_list":{"0":"post-2283","1":"product","2":"type-product","3":"status-publish","4":"has-post-thumbnail","6":"product_cat-ai-generated-works","7":"product_cat-functional-decoration","8":"product_cat-modern-minimalist-motifs","10":"first","11":"instock","12":"taxable","13":"shipping-taxable","14":"purchasable","15":"product-type-variable"},"acf":[],"yoast_head":"<!-- This site is optimized with the Yoast SEO Premium plugin v27.2 (Yoast SEO v27.2) - https:\/\/yoast.com\/product\/yoast-seo-premium-wordpress\/ -->\n<title>Blossoming of the soul - PRANDARTO cultural fusion<\/title>\n<meta name=\"description\" content=\"Create an inspiring atmosphere with the &quot;Soul Blossom&quot; artwork! An abstract face and exuberant colours that proclaim inner growth and harmony. Ideal decoration for psychological practices and therapy rooms. Sustainable digital print.\" \/>\n<meta name=\"robots\" content=\"noindex, follow, max-snippet:-1, max-image-preview:large, max-video-preview:-1\" \/>\n<meta property=\"og:locale\" content=\"en_US\" \/>\n<meta property=\"og:type\" content=\"article\" \/>\n<meta property=\"og:title\" content=\"Blossoming of the soul\" \/>\n<meta property=\"og:description\" content=\"Create an inspiring atmosphere with the &quot;Soul Blossom&quot; artwork! An abstract face and exuberant colours that proclaim inner growth and harmony. Ideal decoration for psychological practices and therapy rooms. Sustainable digital print.\" \/>\n<meta property=\"og:url\" content=\"https:\/\/prandarto.com\/en\/termek\/blossoming-of-the-soul\/\" \/>\n<meta property=\"og:site_name\" content=\"PRANDARTO cultural fusion\" \/>\n<meta property=\"og:image\" content=\"https:\/\/prandarto.com\/wp-content\/uploads\/2026\/01\/Alap_Mckp_Prandarto-30.jpg\" \/>\n\t<meta property=\"og:image:width\" content=\"1050\" \/>\n\t<meta property=\"og:image:height\" content=\"1050\" \/>\n\t<meta property=\"og:image:type\" content=\"image\/jpeg\" \/>\n<meta name=\"twitter:card\" content=\"summary_large_image\" \/>\n<meta name=\"twitter:label1\" content=\"Est. reading time\" \/>\n\t<meta name=\"twitter:data1\" content=\"3 minutes\" \/>\n<script type=\"application\/ld+json\" class=\"yoast-schema-graph\">{\"@context\":\"https:\/\/schema.org\",\"@graph\":[{\"@type\":\"WebPage\",\"@id\":\"https:\/\/prandarto.com\/en\/termek\/blossoming-of-the-soul\/\",\"url\":\"https:\/\/prandarto.com\/en\/termek\/blossoming-of-the-soul\/\",\"name\":\"Blossoming of the soul - PRANDARTO cultural fusion\",\"isPartOf\":{\"@id\":\"https:\/\/prandarto.com\/en\/#website\"},\"primaryImageOfPage\":{\"@id\":\"https:\/\/prandarto.com\/en\/termek\/blossoming-of-the-soul\/#primaryimage\"},\"image\":{\"@id\":\"https:\/\/prandarto.com\/en\/termek\/blossoming-of-the-soul\/#primaryimage\"},\"thumbnailUrl\":\"https:\/\/prandarto.com\/wp-content\/uploads\/2026\/01\/Alap_Mckp_Prandarto-30.jpg\",\"datePublished\":\"2026-01-22T12:20:12+00:00\",\"description\":\"Create an inspiring atmosphere with the \\\"Soul Blossom\\\" artwork! An abstract face and exuberant colours that proclaim inner growth and harmony. Ideal decoration for psychological practices and therapy rooms. Sustainable digital print.\",\"breadcrumb\":{\"@id\":\"https:\/\/prandarto.com\/en\/termek\/blossoming-of-the-soul\/#breadcrumb\"},\"inLanguage\":\"en-US\",\"potentialAction\":[{\"@type\":\"ReadAction\",\"target\":[\"https:\/\/prandarto.com\/en\/termek\/blossoming-of-the-soul\/\"]}]},{\"@type\":\"ImageObject\",\"inLanguage\":\"en-US\",\"@id\":\"https:\/\/prandarto.com\/en\/termek\/blossoming-of-the-soul\/#primaryimage\",\"url\":\"https:\/\/prandarto.com\/wp-content\/uploads\/2026\/01\/Alap_Mckp_Prandarto-30.jpg\",\"contentUrl\":\"https:\/\/prandarto.com\/wp-content\/uploads\/2026\/01\/Alap_Mckp_Prandarto-30.jpg\",\"width\":1050,\"height\":1050,\"caption\":\"L\u00e9lekvir\u00e1gz\u00e1s\"},{\"@type\":\"BreadcrumbList\",\"@id\":\"https:\/\/prandarto.com\/en\/termek\/blossoming-of-the-soul\/#breadcrumb\",\"itemListElement\":[{\"@type\":\"ListItem\",\"position\":1,\"name\":\"Kezd\u0151lap\",\"item\":\"https:\/\/prandarto.com\/en\/\"},{\"@type\":\"ListItem\",\"position\":2,\"name\":\"Shop\",\"item\":\"https:\/\/prandarto.com\/en\/shop\/\"},{\"@type\":\"ListItem\",\"position\":3,\"name\":\"Blossoming of the soul\"}]},{\"@type\":\"WebSite\",\"@id\":\"https:\/\/prandarto.com\/en\/#website\",\"url\":\"https:\/\/prandarto.com\/en\/\",\"name\":\"PRANDARTO cultural fusion\",\"description\":\"Egyedi digit\u00e1lis m\u0171vek, AI Art \u00e9s fot\u00f3alap\u00fa alkot\u00e1sok. Letisztult, modern vizu\u00e1lis \u00e9lm\u00e9ny otthonra, \u00fczletekbe \u00e9s k\u00f6z\u00f6ss\u00e9gi terekbe. Azonnali let\u00f6lt\u00e9s, szabad nyomtat\u00e1s.\",\"publisher\":{\"@id\":\"https:\/\/prandarto.com\/en\/#organization\"},\"potentialAction\":[{\"@type\":\"SearchAction\",\"target\":{\"@type\":\"EntryPoint\",\"urlTemplate\":\"https:\/\/prandarto.com\/en\/?s={search_term_string}\"},\"query-input\":{\"@type\":\"PropertyValueSpecification\",\"valueRequired\":true,\"valueName\":\"search_term_string\"}}],\"inLanguage\":\"en-US\"},{\"@type\":\"Organization\",\"@id\":\"https:\/\/prandarto.com\/en\/#organization\",\"name\":\"PRANDARTO cultural fusion\",\"url\":\"https:\/\/prandarto.com\/en\/\",\"logo\":{\"@type\":\"ImageObject\",\"inLanguage\":\"en-US\",\"@id\":\"https:\/\/prandarto.com\/en\/#\/schema\/logo\/image\/\",\"url\":\"https:\/\/prandarto.com\/wp-content\/uploads\/2025\/10\/PRANDARTO-LOGO-e1764685807372.png\",\"contentUrl\":\"https:\/\/prandarto.com\/wp-content\/uploads\/2025\/10\/PRANDARTO-LOGO-e1764685807372.png\",\"width\":500,\"height\":500,\"caption\":\"PRANDARTO cultural fusion\"},\"image\":{\"@id\":\"https:\/\/prandarto.com\/en\/#\/schema\/logo\/image\/\"}}]}<\/script>\n<!-- \/ Yoast SEO Premium plugin. -->","yoast_head_json":{"title":"Blossoming of the soul - PRANDARTO cultural fusion","description":"Create an inspiring atmosphere with the \"Soul Blossom\" artwork! An abstract face and exuberant colours that proclaim inner growth and harmony. Ideal decoration for psychological practices and therapy rooms. Sustainable digital print.","robots":{"index":"noindex","follow":"follow","max-snippet":"max-snippet:-1","max-image-preview":"max-image-preview:large","max-video-preview":"max-video-preview:-1"},"og_locale":"en_US","og_type":"article","og_title":"Blossoming of the soul","og_description":"Create an inspiring atmosphere with the \"Soul Blossom\" artwork! An abstract face and exuberant colours that proclaim inner growth and harmony. Ideal decoration for psychological practices and therapy rooms. Sustainable digital print.","og_url":"https:\/\/prandarto.com\/en\/termek\/blossoming-of-the-soul\/","og_site_name":"PRANDARTO cultural fusion","og_image":[{"width":1050,"height":1050,"url":"https:\/\/prandarto.com\/wp-content\/uploads\/2026\/01\/Alap_Mckp_Prandarto-30.jpg","type":"image\/jpeg"}],"twitter_card":"summary_large_image","twitter_misc":{"Est. reading time":"3 minutes"},"schema":{"@context":"https:\/\/schema.org","@graph":[{"@type":"WebPage","@id":"https:\/\/prandarto.com\/en\/termek\/blossoming-of-the-soul\/","url":"https:\/\/prandarto.com\/en\/termek\/blossoming-of-the-soul\/","name":"Blossoming of the soul - PRANDARTO cultural fusion","isPartOf":{"@id":"https:\/\/prandarto.com\/en\/#website"},"primaryImageOfPage":{"@id":"https:\/\/prandarto.com\/en\/termek\/blossoming-of-the-soul\/#primaryimage"},"image":{"@id":"https:\/\/prandarto.com\/en\/termek\/blossoming-of-the-soul\/#primaryimage"},"thumbnailUrl":"https:\/\/prandarto.com\/wp-content\/uploads\/2026\/01\/Alap_Mckp_Prandarto-30.jpg","datePublished":"2026-01-22T12:20:12+00:00","description":"Create an inspiring atmosphere with the \"Soul Blossom\" artwork! An abstract face and exuberant colours that proclaim inner growth and harmony. Ideal decoration for psychological practices and therapy rooms. Sustainable digital print.","breadcrumb":{"@id":"https:\/\/prandarto.com\/en\/termek\/blossoming-of-the-soul\/#breadcrumb"},"inLanguage":"en-US","potentialAction":[{"@type":"ReadAction","target":["https:\/\/prandarto.com\/en\/termek\/blossoming-of-the-soul\/"]}]},{"@type":"ImageObject","inLanguage":"en-US","@id":"https:\/\/prandarto.com\/en\/termek\/blossoming-of-the-soul\/#primaryimage","url":"https:\/\/prandarto.com\/wp-content\/uploads\/2026\/01\/Alap_Mckp_Prandarto-30.jpg","contentUrl":"https:\/\/prandarto.com\/wp-content\/uploads\/2026\/01\/Alap_Mckp_Prandarto-30.jpg","width":1050,"height":1050,"caption":"L\u00e9lekvir\u00e1gz\u00e1s"},{"@type":"BreadcrumbList","@id":"https:\/\/prandarto.com\/en\/termek\/blossoming-of-the-soul\/#breadcrumb","itemListElement":[{"@type":"ListItem","position":1,"name":"Kezd\u0151lap","item":"https:\/\/prandarto.com\/en\/"},{"@type":"ListItem","position":2,"name":"Shop","item":"https:\/\/prandarto.com\/en\/shop\/"},{"@type":"ListItem","position":3,"name":"Blossoming of the soul"}]},{"@type":"WebSite","@id":"https:\/\/prandarto.com\/en\/#website","url":"https:\/\/prandarto.com\/en\/","name":"PRANDARTO cultural fusion","description":"Egyedi digit\u00e1lis m\u0171vek, AI Art \u00e9s fot\u00f3alap\u00fa alkot\u00e1sok. Letisztult, modern vizu\u00e1lis \u00e9lm\u00e9ny otthonra, \u00fczletekbe \u00e9s k\u00f6z\u00f6ss\u00e9gi terekbe. Azonnali let\u00f6lt\u00e9s, szabad nyomtat\u00e1s.","publisher":{"@id":"https:\/\/prandarto.com\/en\/#organization"},"potentialAction":[{"@type":"SearchAction","target":{"@type":"EntryPoint","urlTemplate":"https:\/\/prandarto.com\/en\/?s={search_term_string}"},"query-input":{"@type":"PropertyValueSpecification","valueRequired":true,"valueName":"search_term_string"}}],"inLanguage":"en-US"},{"@type":"Organization","@id":"https:\/\/prandarto.com\/en\/#organization","name":"PRANDARTO cultural fusion","url":"https:\/\/prandarto.com\/en\/","logo":{"@type":"ImageObject","inLanguage":"en-US","@id":"https:\/\/prandarto.com\/en\/#\/schema\/logo\/image\/","url":"https:\/\/prandarto.com\/wp-content\/uploads\/2025\/10\/PRANDARTO-LOGO-e1764685807372.png","contentUrl":"https:\/\/prandarto.com\/wp-content\/uploads\/2025\/10\/PRANDARTO-LOGO-e1764685807372.png","width":500,"height":500,"caption":"PRANDARTO cultural fusion"},"image":{"@id":"https:\/\/prandarto.com\/en\/#\/schema\/logo\/image\/"}}]}},"_links":{"self":[{"href":"https:\/\/prandarto.com\/en\/wp-json\/wp\/v2\/product\/2283","targetHints":{"allow":["GET"]}}],"collection":[{"href":"https:\/\/prandarto.com\/en\/wp-json\/wp\/v2\/product"}],"about":[{"href":"https:\/\/prandarto.com\/en\/wp-json\/wp\/v2\/types\/product"}],"wp:featuredmedia":[{"embeddable":true,"href":"https:\/\/prandarto.com\/en\/wp-json\/wp\/v2\/media\/1708"}],"wp:attachment":[{"href":"https:\/\/prandarto.com\/en\/wp-json\/wp\/v2\/media?parent=2283"}],"wp:term":[{"taxonomy":"product_brand","embeddable":true,"href":"https:\/\/prandarto.com\/en\/wp-json\/wp\/v2\/product_brand?post=2283"},{"taxonomy":"product_cat","embeddable":true,"href":"https:\/\/prandarto.com\/en\/wp-json\/wp\/v2\/product_cat?post=2283"},{"taxonomy":"product_tag","embeddable":true,"href":"https:\/\/prandarto.com\/en\/wp-json\/wp\/v2\/product_tag?post=2283"}],"curies":[{"name":"wp","href":"https:\/\/api.w.org\/{rel}","templated":true}]}}