{"id":2239,"date":"2026-01-22T12:17:53","date_gmt":"2026-01-22T11:17:53","guid":{"rendered":"https:\/\/prandarto.com\/termek\/earth-dance\/"},"modified":"2026-01-22T12:17:53","modified_gmt":"2026-01-22T11:17:53","slug":"earth-dance","status":"publish","type":"product","link":"https:\/\/prandarto.com\/en\/termek\/earth-dance\/","title":{"rendered":"Earth Dance"},"content":{"rendered":"<p><span style=\"font-weight: 400;\">Discover the <\/span><b>&#8220;Earth Dance&#8221;<\/b><span style=\"font-weight: 400;\"> an inspiring and sustainable lifestyle artwork depicting two dancing figures on a <\/span><b>in a green urban environment<\/b><span style=\"font-weight: 400;\">dancing on piano keys! The image is a <\/span><b>&#8220;Movement Harmony&#8221;<\/b><span style=\"font-weight: 400;\"> and <\/span><b>&#8220;Sustain Life&#8221;<\/b><span style=\"font-weight: 400;\"> &#8220;Sustain Harmony&#8221; and the <\/span><b>&#8220;Dance the Earth Awake&#8221;<\/b><span style=\"font-weight: 400;\"> and ends with the phrase. This image is from <\/span> <b>cultural fusion<\/b><span style=\"font-weight: 400;\"> and is made in the spirit of <\/span><b>sustainable living<\/b><span style=\"font-weight: 400;\">, a <\/span><b>harmony between nature and city<\/b><span style=\"font-weight: 400;\">and the <\/span><b>creative movement<\/b><span style=\"font-weight: 400;\"> of creative movement.<\/span><\/p>\n<p><b>What story does the picture tell?<\/b><\/p>\n<p><span style=\"font-weight: 400;\">A <\/span><b>&#8220;Earth Dance&#8221;<\/b><span style=\"font-weight: 400;\"> a <\/span><b>sustainable lifestyle<\/b><span style=\"font-weight: 400;\">, a <\/span><b>harmony between nature and city<\/b><span style=\"font-weight: 400;\">, and the <\/span><b>creative movement<\/b><span style=\"font-weight: 400;\"> history. The dancing figures of the <\/span> <b>harmony<\/b><span style=\"font-weight: 400;\">, a <\/span><b>movement<\/b><span style=\"font-weight: 400;\"> and <\/span><b>sustainability<\/b><span style=\"font-weight: 400;\"> while the green urban environment and the piano keys are symbols of <\/span><b>the balance between nature and technology<\/b><span style=\"font-weight: 400;\">and the <\/span><b>creativity<\/b><span style=\"font-weight: 400;\"> creativity. This image reminds us that <\/span> <b>find harmony between nature and urban life in everyday life<\/b><span style=\"font-weight: 400;\">and that <\/span><b>sustainable living can be creative and inspiring<\/b><span style=\"font-weight: 400;\">.<\/span><\/p>\n<p><b>What are the colours that make up the colours and what do they say?<\/b><\/p>\n<p><span style=\"font-weight: 400;\">The image is mainly <\/span><b>green<\/b><span style=\"font-weight: 400;\">, <\/span><b>blue<\/b><span style=\"font-weight: 400;\">, <\/span><b>red<\/b><span style=\"font-weight: 400;\">, <\/span><b>yellow<\/b><span style=\"font-weight: 400;\"> and <\/span><b>white<\/b><span style=\"font-weight: 400;\"> shades. The <\/span> <b>Green<\/b><span style=\"font-weight: 400;\">  a  <\/span><b>Nature<\/b><span style=\"font-weight: 400;\">, a  <\/span><b>sustainability<\/b><span style=\"font-weight: 400;\">  and the  <\/span><b>Growth<\/b><span style=\"font-weight: 400;\">  colour, while the  <\/span><b>Blue<\/b><span style=\"font-weight: 400;\">  a  <\/span><b>calm<\/b><span style=\"font-weight: 400;\">, a  <\/span><b>harmony<\/b><span style=\"font-weight: 400;\">  and the  <\/span><b>peace<\/b><span style=\"font-weight: 400;\">  symbol of. A   <\/span><b>red<\/b><span style=\"font-weight: 400;\">  and  <\/span><b>yellow<\/b><span style=\"font-weight: 400;\">  a  <\/span><b>creativity<\/b><span style=\"font-weight: 400;\">, the  <\/span><b>joy of life<\/b><span style=\"font-weight: 400;\">  and the  <\/span><b>energy<\/b><span style=\"font-weight: 400;\">  conveys the message of the  <\/span><b>white<\/b><span style=\"font-weight: 400;\">  a  <\/span><b>clean start<\/b><span style=\"font-weight: 400;\">, a  <\/span><b>harmony<\/b><span style=\"font-weight: 400;\">  and the  <\/span><b>peace<\/b><span style=\"font-weight: 400;\">  colour. These colours together   <\/span><b>harmony<\/b><span style=\"font-weight: 400;\">, <\/span><b>sustainability<\/b><span style=\"font-weight: 400;\"> and <\/span><b>creative energy<\/b><span style=\"font-weight: 400;\"> creative energy.<\/span><\/p>\n<p><b>What mood does it represent?<\/b><\/p>\n<p><span style=\"font-weight: 400;\">The picture <\/span><b>harmony<\/b><span style=\"font-weight: 400;\">, <\/span><b>sustainability<\/b><span style=\"font-weight: 400;\"> and <\/span><b>creative energy<\/b><span style=\"font-weight: 400;\"> The dancing figures and the green urban environment <\/span> <b>harmony<\/b><span style=\"font-weight: 400;\">, <\/span><b>movement<\/b><span style=\"font-weight: 400;\"> and <\/span><b>and sustainability<\/b><span style=\"font-weight: 400;\"> and sustainability. Ideal for those who want to <\/span>  <b>in everyday life<\/b><span style=\"font-weight: 400;\"> also seek the <\/span><b>sustainable lifestyle<\/b><span style=\"font-weight: 400;\">, a <\/span><b>harmony<\/b><span style=\"font-weight: 400;\"> and <\/span><b>creativity<\/b><span style=\"font-weight: 400;\"> moments of creativity and creativity.<\/span><\/p>\n<p><b>Who is it recommended for?<\/b><\/p>\n<ul>\n<li style=\"font-weight: 400;\" aria-level=\"1\"><b>For people living a sustainable lifestyle<\/b><span style=\"font-weight: 400;\">, who want to <\/span><b>harmony of nature and city<\/b><span style=\"font-weight: 400;\"> lovers.<\/span><\/li>\n<li style=\"font-weight: 400;\" aria-level=\"1\"><b>For environmentalists and green-minded people<\/b><span style=\"font-weight: 400;\">who want to <\/span><b>sustainability<\/b><span style=\"font-weight: 400;\"> and <\/span><b>harmony<\/b><span style=\"font-weight: 400;\"> and harmony.<\/span><\/li>\n<li style=\"font-weight: 400;\" aria-level=\"1\"><b>For artists and creative people<\/b><span style=\"font-weight: 400;\">who are looking for <\/span><b>creative movement<\/b><span style=\"font-weight: 400;\"> and <\/span><b>harmony<\/b><span style=\"font-weight: 400;\"> the importance of harmony and harmony.<\/span><\/li>\n<li style=\"font-weight: 400;\" aria-level=\"1\"><b>For gift seekers<\/b><span style=\"font-weight: 400;\">who want something <\/span><b>sustainability<\/b><span style=\"font-weight: 400;\"> and <\/span><b>and harmony<\/b><span style=\"font-weight: 400;\"> to give to their loved ones.<\/span><\/li>\n<\/ul>\n<p><b>Which spaces and styles are suitable?<\/b><\/p>\n<p><span style=\"font-weight: 400;\">A <\/span><b>&#8220;Earth Dance&#8221;<\/b><span style=\"font-weight: 400;\"> fits perfectly:<\/span><\/p>\n<ul>\n<li style=\"font-weight: 400;\" aria-level=\"1\"><b>Sustainable lifestyle promotion offices<\/b><span style=\"font-weight: 400;\">, where the <\/span><b>sustainability<\/b><span style=\"font-weight: 400;\"> and <\/span><b>harmony<\/b><span style=\"font-weight: 400;\"> dominate.<\/span><\/li>\n<li style=\"font-weight: 400;\" aria-level=\"1\"><b>Green thinking in community spaces<\/b><span style=\"font-weight: 400;\">where the <\/span><b>harmony of nature and city<\/b><span style=\"font-weight: 400;\"> is important.<\/span><\/li>\n<li style=\"font-weight: 400;\" aria-level=\"1\"><b>Art galleries<\/b><span style=\"font-weight: 400;\">where the <\/span><b>creative movement<\/b><span style=\"font-weight: 400;\"> and <\/span><b>harmony<\/b><span style=\"font-weight: 400;\"> is key.<\/span><\/li>\n<li style=\"font-weight: 400;\" aria-level=\"1\"><b>To the offices of environmental organisations<\/b><span style=\"font-weight: 400;\">, where the <\/span><b>sustainability<\/b><span style=\"font-weight: 400;\"> and <\/span><b>harmony<\/b><span style=\"font-weight: 400;\"> dominates.<\/span><\/li>\n<\/ul>\n<p><b>In what situation can it help?<\/b><\/p>\n<ul>\n<li style=\"font-weight: 400;\" aria-level=\"1\"><span style=\"font-weight: 400;\">If <\/span><b>sustainability<\/b><span style=\"font-weight: 400;\"> and <\/span><b>harmony<\/b><span style=\"font-weight: 400;\"> in life.<\/span><\/li>\n<li style=\"font-weight: 400;\" aria-level=\"1\"><span style=\"font-weight: 400;\">If <\/span><b>creative energy<\/b><span style=\"font-weight: 400;\"> and <\/span><b>movement<\/b><span style=\"font-weight: 400;\"> in your home or workspace.<\/span><\/li>\n<li style=\"font-weight: 400;\" aria-level=\"1\"><span style=\"font-weight: 400;\">If <\/span><b>harmony between nature and city<\/b><span style=\"font-weight: 400;\"> in your environment.<\/span><\/li>\n<li style=\"font-weight: 400;\" aria-level=\"1\"><span style=\"font-weight: 400;\">If <\/span><b>gift from<\/b><span style=\"font-weight: 400;\"> for someone who loves the <\/span><b>sustainability<\/b><span style=\"font-weight: 400;\"> and <\/span><b>harmony<\/b><span style=\"font-weight: 400;\">.<\/span><\/li>\n<\/ul>\n<p><b>Why buy it?<\/b><\/p>\n<ul>\n<li style=\"font-weight: 400;\" aria-level=\"1\"><b>Print on Demand (POD)<\/b><span style=\"font-weight: 400;\"> available, so <\/span><b>environmentally friendly<\/b><span style=\"font-weight: 400;\">, <\/span><b>zero stock<\/b><span style=\"font-weight: 400;\">, <\/span><b>zero waste<\/b><span style=\"font-weight: 400;\">.<\/span><\/li>\n<li style=\"font-weight: 400;\" aria-level=\"1\"><b>Digitally downloadable<\/b><span style=\"font-weight: 400;\">, so it is immediately available to you, and <\/span><b>a sustainable solution<\/b><span style=\"font-weight: 400;\">.<\/span><\/li>\n<li style=\"font-weight: 400;\" aria-level=\"1\"><b>Cultural fusion<\/b><span style=\"font-weight: 400;\"> a unique artistic creation, which <\/span><b>tells a story<\/b><span style=\"font-weight: 400;\"> and <\/span><b>creates atmosphere<\/b><span style=\"font-weight: 400;\">.<\/span><\/li>\n<\/ul>\n","protected":false},"excerpt":{"rendered":"<p>Discover the &#8220;Earth Dance&#8221; an inspiring and sustainable lifestyle artwork depicting two dancing figures on a in a green urban environmentdancing on piano keys! The image is a &#8220;Movement Harmony&#8221; and &#8220;Sustain Life&#8221; &#8220;Sustain Harmony&#8221; and the &#8220;Dance the Earth Awake&#8221; and ends with the phrase. This image is from cultural fusion and is made [&hellip;]<\/p>\n","protected":false},"featured_media":1664,"template":"","meta":{"_acf_changed":false},"product_brand":[],"product_cat":[73,74,72,71,69],"product_tag":[],"class_list":{"0":"post-2239","1":"product","2":"type-product","3":"status-publish","4":"has-post-thumbnail","6":"product_cat-ai-generated-works","7":"product_cat-functional-decoration","8":"product_cat-modern-minimalist-motifs","9":"product_cat-natural-visuals","10":"product_cat-typography-as-a-visual-element","12":"first","13":"instock","14":"taxable","15":"shipping-taxable","16":"purchasable","17":"product-type-variable"},"acf":[],"yoast_head":"<!-- This site is optimized with the Yoast SEO Premium plugin v27.2 (Yoast SEO v27.2) - https:\/\/yoast.com\/product\/yoast-seo-premium-wordpress\/ -->\n<title>Earth Dance - PRANDARTO cultural fusion<\/title>\n<meta name=\"description\" content=\"Dance for a sustainable future with &quot;Earth Dance&quot;! The harmony of nature and urban life in a unique image decorated with musical motifs. Discover our creative, eco-friendly digital prints and bring green energy into your home!\" \/>\n<meta name=\"robots\" content=\"noindex, follow, max-snippet:-1, max-image-preview:large, max-video-preview:-1\" \/>\n<meta property=\"og:locale\" content=\"en_US\" \/>\n<meta property=\"og:type\" content=\"article\" \/>\n<meta property=\"og:title\" content=\"Earth Dance\" \/>\n<meta property=\"og:description\" content=\"Dance for a sustainable future with &quot;Earth Dance&quot;! The harmony of nature and urban life in a unique image decorated with musical motifs. Discover our creative, eco-friendly digital prints and bring green energy into your home!\" \/>\n<meta property=\"og:url\" content=\"https:\/\/prandarto.com\/en\/termek\/earth-dance\/\" \/>\n<meta property=\"og:site_name\" content=\"PRANDARTO cultural fusion\" \/>\n<meta property=\"og:image\" content=\"https:\/\/prandarto.com\/wp-content\/uploads\/2026\/01\/Alap_Mckp_Prandarto-26.jpg\" \/>\n\t<meta property=\"og:image:width\" content=\"1050\" \/>\n\t<meta property=\"og:image:height\" content=\"1050\" \/>\n\t<meta property=\"og:image:type\" content=\"image\/jpeg\" \/>\n<meta name=\"twitter:card\" content=\"summary_large_image\" \/>\n<meta name=\"twitter:label1\" content=\"Est. reading time\" \/>\n\t<meta name=\"twitter:data1\" content=\"2 minutes\" \/>\n<script type=\"application\/ld+json\" class=\"yoast-schema-graph\">{\"@context\":\"https:\/\/schema.org\",\"@graph\":[{\"@type\":\"WebPage\",\"@id\":\"https:\/\/prandarto.com\/en\/termek\/earth-dance\/\",\"url\":\"https:\/\/prandarto.com\/en\/termek\/earth-dance\/\",\"name\":\"Earth Dance - PRANDARTO cultural fusion\",\"isPartOf\":{\"@id\":\"https:\/\/prandarto.com\/en\/#website\"},\"primaryImageOfPage\":{\"@id\":\"https:\/\/prandarto.com\/en\/termek\/earth-dance\/#primaryimage\"},\"image\":{\"@id\":\"https:\/\/prandarto.com\/en\/termek\/earth-dance\/#primaryimage\"},\"thumbnailUrl\":\"https:\/\/prandarto.com\/wp-content\/uploads\/2026\/01\/Alap_Mckp_Prandarto-26.jpg\",\"datePublished\":\"2026-01-22T11:17:53+00:00\",\"description\":\"Dance for a sustainable future with \\\"Earth Dance\\\"! The harmony of nature and urban life in a unique image decorated with musical motifs. Discover our creative, eco-friendly digital prints and bring green energy into your home!\",\"breadcrumb\":{\"@id\":\"https:\/\/prandarto.com\/en\/termek\/earth-dance\/#breadcrumb\"},\"inLanguage\":\"en-US\",\"potentialAction\":[{\"@type\":\"ReadAction\",\"target\":[\"https:\/\/prandarto.com\/en\/termek\/earth-dance\/\"]}]},{\"@type\":\"ImageObject\",\"inLanguage\":\"en-US\",\"@id\":\"https:\/\/prandarto.com\/en\/termek\/earth-dance\/#primaryimage\",\"url\":\"https:\/\/prandarto.com\/wp-content\/uploads\/2026\/01\/Alap_Mckp_Prandarto-26.jpg\",\"contentUrl\":\"https:\/\/prandarto.com\/wp-content\/uploads\/2026\/01\/Alap_Mckp_Prandarto-26.jpg\",\"width\":1050,\"height\":1050,\"caption\":\"F\u00f6ldt\u00e1nc\"},{\"@type\":\"BreadcrumbList\",\"@id\":\"https:\/\/prandarto.com\/en\/termek\/earth-dance\/#breadcrumb\",\"itemListElement\":[{\"@type\":\"ListItem\",\"position\":1,\"name\":\"Kezd\u0151lap\",\"item\":\"https:\/\/prandarto.com\/en\/\"},{\"@type\":\"ListItem\",\"position\":2,\"name\":\"Shop\",\"item\":\"https:\/\/prandarto.com\/en\/shop\/\"},{\"@type\":\"ListItem\",\"position\":3,\"name\":\"Earth Dance\"}]},{\"@type\":\"WebSite\",\"@id\":\"https:\/\/prandarto.com\/en\/#website\",\"url\":\"https:\/\/prandarto.com\/en\/\",\"name\":\"PRANDARTO cultural fusion\",\"description\":\"Egyedi digit\u00e1lis m\u0171vek, AI Art \u00e9s fot\u00f3alap\u00fa alkot\u00e1sok. Letisztult, modern vizu\u00e1lis \u00e9lm\u00e9ny otthonra, \u00fczletekbe \u00e9s k\u00f6z\u00f6ss\u00e9gi terekbe. Azonnali let\u00f6lt\u00e9s, szabad nyomtat\u00e1s.\",\"publisher\":{\"@id\":\"https:\/\/prandarto.com\/en\/#organization\"},\"potentialAction\":[{\"@type\":\"SearchAction\",\"target\":{\"@type\":\"EntryPoint\",\"urlTemplate\":\"https:\/\/prandarto.com\/en\/?s={search_term_string}\"},\"query-input\":{\"@type\":\"PropertyValueSpecification\",\"valueRequired\":true,\"valueName\":\"search_term_string\"}}],\"inLanguage\":\"en-US\"},{\"@type\":\"Organization\",\"@id\":\"https:\/\/prandarto.com\/en\/#organization\",\"name\":\"PRANDARTO cultural fusion\",\"url\":\"https:\/\/prandarto.com\/en\/\",\"logo\":{\"@type\":\"ImageObject\",\"inLanguage\":\"en-US\",\"@id\":\"https:\/\/prandarto.com\/en\/#\/schema\/logo\/image\/\",\"url\":\"https:\/\/prandarto.com\/wp-content\/uploads\/2025\/10\/PRANDARTO-LOGO-e1764685807372.png\",\"contentUrl\":\"https:\/\/prandarto.com\/wp-content\/uploads\/2025\/10\/PRANDARTO-LOGO-e1764685807372.png\",\"width\":500,\"height\":500,\"caption\":\"PRANDARTO cultural fusion\"},\"image\":{\"@id\":\"https:\/\/prandarto.com\/en\/#\/schema\/logo\/image\/\"}}]}<\/script>\n<!-- \/ Yoast SEO Premium plugin. -->","yoast_head_json":{"title":"Earth Dance - PRANDARTO cultural fusion","description":"Dance for a sustainable future with \"Earth Dance\"! The harmony of nature and urban life in a unique image decorated with musical motifs. Discover our creative, eco-friendly digital prints and bring green energy into your home!","robots":{"index":"noindex","follow":"follow","max-snippet":"max-snippet:-1","max-image-preview":"max-image-preview:large","max-video-preview":"max-video-preview:-1"},"og_locale":"en_US","og_type":"article","og_title":"Earth Dance","og_description":"Dance for a sustainable future with \"Earth Dance\"! The harmony of nature and urban life in a unique image decorated with musical motifs. Discover our creative, eco-friendly digital prints and bring green energy into your home!","og_url":"https:\/\/prandarto.com\/en\/termek\/earth-dance\/","og_site_name":"PRANDARTO cultural fusion","og_image":[{"width":1050,"height":1050,"url":"https:\/\/prandarto.com\/wp-content\/uploads\/2026\/01\/Alap_Mckp_Prandarto-26.jpg","type":"image\/jpeg"}],"twitter_card":"summary_large_image","twitter_misc":{"Est. reading time":"2 minutes"},"schema":{"@context":"https:\/\/schema.org","@graph":[{"@type":"WebPage","@id":"https:\/\/prandarto.com\/en\/termek\/earth-dance\/","url":"https:\/\/prandarto.com\/en\/termek\/earth-dance\/","name":"Earth Dance - PRANDARTO cultural fusion","isPartOf":{"@id":"https:\/\/prandarto.com\/en\/#website"},"primaryImageOfPage":{"@id":"https:\/\/prandarto.com\/en\/termek\/earth-dance\/#primaryimage"},"image":{"@id":"https:\/\/prandarto.com\/en\/termek\/earth-dance\/#primaryimage"},"thumbnailUrl":"https:\/\/prandarto.com\/wp-content\/uploads\/2026\/01\/Alap_Mckp_Prandarto-26.jpg","datePublished":"2026-01-22T11:17:53+00:00","description":"Dance for a sustainable future with \"Earth Dance\"! The harmony of nature and urban life in a unique image decorated with musical motifs. Discover our creative, eco-friendly digital prints and bring green energy into your home!","breadcrumb":{"@id":"https:\/\/prandarto.com\/en\/termek\/earth-dance\/#breadcrumb"},"inLanguage":"en-US","potentialAction":[{"@type":"ReadAction","target":["https:\/\/prandarto.com\/en\/termek\/earth-dance\/"]}]},{"@type":"ImageObject","inLanguage":"en-US","@id":"https:\/\/prandarto.com\/en\/termek\/earth-dance\/#primaryimage","url":"https:\/\/prandarto.com\/wp-content\/uploads\/2026\/01\/Alap_Mckp_Prandarto-26.jpg","contentUrl":"https:\/\/prandarto.com\/wp-content\/uploads\/2026\/01\/Alap_Mckp_Prandarto-26.jpg","width":1050,"height":1050,"caption":"F\u00f6ldt\u00e1nc"},{"@type":"BreadcrumbList","@id":"https:\/\/prandarto.com\/en\/termek\/earth-dance\/#breadcrumb","itemListElement":[{"@type":"ListItem","position":1,"name":"Kezd\u0151lap","item":"https:\/\/prandarto.com\/en\/"},{"@type":"ListItem","position":2,"name":"Shop","item":"https:\/\/prandarto.com\/en\/shop\/"},{"@type":"ListItem","position":3,"name":"Earth Dance"}]},{"@type":"WebSite","@id":"https:\/\/prandarto.com\/en\/#website","url":"https:\/\/prandarto.com\/en\/","name":"PRANDARTO cultural fusion","description":"Egyedi digit\u00e1lis m\u0171vek, AI Art \u00e9s fot\u00f3alap\u00fa alkot\u00e1sok. Letisztult, modern vizu\u00e1lis \u00e9lm\u00e9ny otthonra, \u00fczletekbe \u00e9s k\u00f6z\u00f6ss\u00e9gi terekbe. Azonnali let\u00f6lt\u00e9s, szabad nyomtat\u00e1s.","publisher":{"@id":"https:\/\/prandarto.com\/en\/#organization"},"potentialAction":[{"@type":"SearchAction","target":{"@type":"EntryPoint","urlTemplate":"https:\/\/prandarto.com\/en\/?s={search_term_string}"},"query-input":{"@type":"PropertyValueSpecification","valueRequired":true,"valueName":"search_term_string"}}],"inLanguage":"en-US"},{"@type":"Organization","@id":"https:\/\/prandarto.com\/en\/#organization","name":"PRANDARTO cultural fusion","url":"https:\/\/prandarto.com\/en\/","logo":{"@type":"ImageObject","inLanguage":"en-US","@id":"https:\/\/prandarto.com\/en\/#\/schema\/logo\/image\/","url":"https:\/\/prandarto.com\/wp-content\/uploads\/2025\/10\/PRANDARTO-LOGO-e1764685807372.png","contentUrl":"https:\/\/prandarto.com\/wp-content\/uploads\/2025\/10\/PRANDARTO-LOGO-e1764685807372.png","width":500,"height":500,"caption":"PRANDARTO cultural fusion"},"image":{"@id":"https:\/\/prandarto.com\/en\/#\/schema\/logo\/image\/"}}]}},"_links":{"self":[{"href":"https:\/\/prandarto.com\/en\/wp-json\/wp\/v2\/product\/2239","targetHints":{"allow":["GET"]}}],"collection":[{"href":"https:\/\/prandarto.com\/en\/wp-json\/wp\/v2\/product"}],"about":[{"href":"https:\/\/prandarto.com\/en\/wp-json\/wp\/v2\/types\/product"}],"wp:featuredmedia":[{"embeddable":true,"href":"https:\/\/prandarto.com\/en\/wp-json\/wp\/v2\/media\/1664"}],"wp:attachment":[{"href":"https:\/\/prandarto.com\/en\/wp-json\/wp\/v2\/media?parent=2239"}],"wp:term":[{"taxonomy":"product_brand","embeddable":true,"href":"https:\/\/prandarto.com\/en\/wp-json\/wp\/v2\/product_brand?post=2239"},{"taxonomy":"product_cat","embeddable":true,"href":"https:\/\/prandarto.com\/en\/wp-json\/wp\/v2\/product_cat?post=2239"},{"taxonomy":"product_tag","embeddable":true,"href":"https:\/\/prandarto.com\/en\/wp-json\/wp\/v2\/product_tag?post=2239"}],"curies":[{"name":"wp","href":"https:\/\/api.w.org\/{rel}","templated":true}]}}