{"id":2228,"date":"2026-01-22T11:36:25","date_gmt":"2026-01-22T10:36:25","guid":{"rendered":"https:\/\/prandarto.com\/termek\/ice-sailing\/"},"modified":"2026-01-22T11:36:25","modified_gmt":"2026-01-22T10:36:25","slug":"ice-sailing","status":"publish","type":"product","link":"https:\/\/prandarto.com\/en\/termek\/ice-sailing\/","title":{"rendered":"Ice sailing"},"content":{"rendered":"<p><span style=\"font-weight: 400;\">Discover the <\/span><b>&#8220;Ice sailing&#8221;<\/b><span style=\"font-weight: 400;\"> a stunningly painterly and mystical artistic creation, which is a <\/span><b>a red sailing ship<\/b><span style=\"font-weight: 400;\"> depicting a red sailboat <\/span><b>among the icebergs of the Arctic<\/b><span style=\"font-weight: 400;\">! This picture is from the <\/span><b>cultural fusion<\/b><span style=\"font-weight: 400;\"> of fusion, and the <\/span><b>a sense of adventure<\/b><span style=\"font-weight: 400;\">, a <\/span><b>freedom<\/b><span style=\"font-weight: 400;\"> and <\/span><b>and the forces of nature<\/b><span style=\"font-weight: 400;\"> of nature. The red sailing ship is the <\/span> <b>Courage<\/b><span style=\"font-weight: 400;\">, a <\/span><b>discovery<\/b><span style=\"font-weight: 400;\"> and the <\/span><b>human will<\/b><span style=\"font-weight: 400;\"> while the icebergs are the symbol of <\/span><b>the magnificence of nature<\/b><span style=\"font-weight: 400;\"> and <\/span><b>tranquillity<\/b><span style=\"font-weight: 400;\"> and tranquillity.<\/span><\/p>\n<p><b>What story does the picture tell?<\/b><\/p>\n<p><span style=\"font-weight: 400;\">A <\/span><b>&#8220;Ice sailing&#8221;<\/b><span style=\"font-weight: 400;\"> a <\/span><b>sense of adventure<\/b><span style=\"font-weight: 400;\">, a <\/span><b>freedom<\/b><span style=\"font-weight: 400;\"> and <\/span><b>the forces of nature<\/b><span style=\"font-weight: 400;\"> of nature. The red sailing ship is the <\/span> <b>Discovery<\/b><span style=\"font-weight: 400;\">, a <\/span><b>courage<\/b><span style=\"font-weight: 400;\"> and the <\/span><b>the quest<\/b><span style=\"font-weight: 400;\"> and the icebergs are the symbol of the <\/span><b>the magnificence of nature<\/b><span style=\"font-weight: 400;\">, a <\/span><b>tranquillity<\/b><span style=\"font-weight: 400;\"> and <\/span><b>patience<\/b><span style=\"font-weight: 400;\"> of peace and tranquillity. This image reminds us that in life too <\/span> <b>courage is important<\/b><span style=\"font-weight: 400;\">, and that the <\/span><b>nature creates challenges and wonders every day<\/b><span style=\"font-weight: 400;\">.<\/span><\/p>\n<p><b>What are the colours that make up the colours and what do they say?<\/b><\/p>\n<p><span style=\"font-weight: 400;\">The image is mainly <\/span><b>red<\/b><span style=\"font-weight: 400;\">, <\/span><b>white<\/b><span style=\"font-weight: 400;\"> and <\/span><b>blue<\/b><span style=\"font-weight: 400;\"> shades. The <\/span> <b>red<\/b><span style=\"font-weight: 400;\">  a  <\/span><b>Courage<\/b><span style=\"font-weight: 400;\">, the  <\/span><b>Force<\/b><span style=\"font-weight: 400;\">  and the  <\/span><b>passion<\/b><span style=\"font-weight: 400;\">  colour, while the  <\/span><b>white<\/b><span style=\"font-weight: 400;\">  and the  <\/span><b>Blue<\/b><span style=\"font-weight: 400;\">  a  <\/span><b>calm<\/b><span style=\"font-weight: 400;\">, a  <\/span><b>clear thoughts<\/b><span style=\"font-weight: 400;\">  and the  <\/span><b>the greatness of nature<\/b><span style=\"font-weight: 400;\">  symbols of. These colours together   <\/span><b>a sense of adventure<\/b><span style=\"font-weight: 400;\">, <\/span><b>freedom<\/b><span style=\"font-weight: 400;\"> and <\/span><b>harmony<\/b><span style=\"font-weight: 400;\"> and peace.<\/span><\/p>\n<p><b>What mood does it represent?<\/b><\/p>\n<p><span style=\"font-weight: 400;\">The picture <\/span><b>a sense of adventure<\/b><span style=\"font-weight: 400;\">, <\/span><b>freedom<\/b><span style=\"font-weight: 400;\"> and <\/span><b>mysticism<\/b><span style=\"font-weight: 400;\"> The red sailing ship and the icebergs <\/span> <b>in harmony<\/b><span style=\"font-weight: 400;\">, <\/span><b>courage<\/b><span style=\"font-weight: 400;\"> and <\/span><b>and closeness to nature<\/b><span style=\"font-weight: 400;\"> nature. Ideal for those who want to <\/span>  <b>daily routine<\/b><span style=\"font-weight: 400;\"> they also look for the <\/span><b>sense of adventure<\/b><span style=\"font-weight: 400;\"> and <\/span><b>freedom<\/b><span style=\"font-weight: 400;\"> moments of freedom and freedom.<\/span><\/p>\n<p><b>Who is it recommended for?<\/b><\/p>\n<ul>\n<li style=\"font-weight: 400;\" aria-level=\"1\"><b>For the adventurous<\/b><span style=\"font-weight: 400;\">, who are looking for <\/span><b>exploration<\/b><span style=\"font-weight: 400;\"> and <\/span><b>freedom<\/b><span style=\"font-weight: 400;\"> lovers of freedom.<\/span><\/li>\n<li style=\"font-weight: 400;\" aria-level=\"1\"><b>For nature lovers<\/b><span style=\"font-weight: 400;\">who are looking for <\/span><b>arctic landscapes<\/b><span style=\"font-weight: 400;\"> and <\/span><b>the magnificence of nature<\/b><span style=\"font-weight: 400;\"> nature.<\/span><\/li>\n<li style=\"font-weight: 400;\" aria-level=\"1\"><b>Modern, adventurous style<\/b><span style=\"font-weight: 400;\"> for lovers who want a <\/span><b>unique<\/b><span style=\"font-weight: 400;\">, <\/span><b>mystical<\/b><span style=\"font-weight: 400;\"> artwork.<\/span><\/li>\n<li style=\"font-weight: 400;\" aria-level=\"1\"><b>For gift seekers<\/b><span style=\"font-weight: 400;\">who want something <\/span><b>a sense of adventure<\/b><span style=\"font-weight: 400;\"> and <\/span><b>and freedom<\/b><span style=\"font-weight: 400;\"> to give to their loved ones.<\/span><\/li>\n<\/ul>\n<p><b>Which spaces and styles are suitable?<\/b><\/p>\n<p><span style=\"font-weight: 400;\">A <\/span><b>&#8220;Ice sailing&#8221;<\/b><span style=\"font-weight: 400;\"> fits perfectly:<\/span><\/p>\n<ul>\n<li style=\"font-weight: 400;\" aria-level=\"1\"><b>Modern, adventure-style apartments<\/b><span style=\"font-weight: 400;\">where the <\/span><b>freedom<\/b><span style=\"font-weight: 400;\"> and <\/span><b>and adventure<\/b><span style=\"font-weight: 400;\"> dominate.<\/span><\/li>\n<li style=\"font-weight: 400;\" aria-level=\"1\"><b>Offices<\/b><span style=\"font-weight: 400;\">, where the <\/span><b>courage<\/b><span style=\"font-weight: 400;\"> and <\/span><b>discovery<\/b><span style=\"font-weight: 400;\"> is key.<\/span><\/li>\n<li style=\"font-weight: 400;\" aria-level=\"1\"><b>Adventure themed spaces<\/b><span style=\"font-weight: 400;\">where the <\/span><b>freedom<\/b><span style=\"font-weight: 400;\"> and <\/span><b>and adventure<\/b><span style=\"font-weight: 400;\"> dominates.<\/span><\/li>\n<li style=\"font-weight: 400;\" aria-level=\"1\"><b>Wellness rooms<\/b><span style=\"font-weight: 400;\">, where the <\/span><b>tranquility<\/b><span style=\"font-weight: 400;\"> and <\/span><b>and the splendour of nature<\/b><span style=\"font-weight: 400;\"> is important.<\/span><\/li>\n<\/ul>\n<p><b>In what situation can it help?<\/b><\/p>\n<ul>\n<li style=\"font-weight: 400;\" aria-level=\"1\"><span style=\"font-weight: 400;\">If <\/span><b>a sense of adventure<\/b><span style=\"font-weight: 400;\"> and <\/span><b>freedom<\/b><span style=\"font-weight: 400;\"> in life.<\/span><\/li>\n<li style=\"font-weight: 400;\" aria-level=\"1\"><span style=\"font-weight: 400;\">If <\/span><b>for courage<\/b><span style=\"font-weight: 400;\"> and <\/span><b>exploration<\/b><span style=\"font-weight: 400;\"> you want to.<\/span><\/li>\n<li style=\"font-weight: 400;\" aria-level=\"1\"><span style=\"font-weight: 400;\">If <\/span><b>proximity to nature<\/b><span style=\"font-weight: 400;\"> and <\/span><b>harmony<\/b><span style=\"font-weight: 400;\"> in your home or workspace.<\/span><\/li>\n<li style=\"font-weight: 400;\" aria-level=\"1\"><span style=\"font-weight: 400;\">If <\/span><b>gift from<\/b><span style=\"font-weight: 400;\"> for someone who loves the <\/span><b>a sense of adventure<\/b><span style=\"font-weight: 400;\"> and <\/span><b>nature<\/b><span style=\"font-weight: 400;\">.<\/span><\/li>\n<\/ul>\n<p><b>Why buy it?<\/b><\/p>\n<ul>\n<li style=\"font-weight: 400;\" aria-level=\"1\"><b>Print on Demand (POD)<\/b><span style=\"font-weight: 400;\"> available, so <\/span><b>environmentally friendly<\/b><span style=\"font-weight: 400;\">, <\/span><b>zero stock<\/b><span style=\"font-weight: 400;\">, <\/span><b>zero waste<\/b><span style=\"font-weight: 400;\">.<\/span><\/li>\n<li style=\"font-weight: 400;\" aria-level=\"1\"><b>Digitally downloadable<\/b><span style=\"font-weight: 400;\">, so it is immediately available to you, and <\/span><b>a sustainable solution<\/b><span style=\"font-weight: 400;\">.<\/span><\/li>\n<li style=\"font-weight: 400;\" aria-level=\"1\"><b>Cultural fusion<\/b><span style=\"font-weight: 400;\"> a unique artistic creation, which <\/span><b>tells a story<\/b><span style=\"font-weight: 400;\"> and <\/span><b>creates atmosphere<\/b><span style=\"font-weight: 400;\">.<\/span><\/li>\n<\/ul>\n","protected":false},"excerpt":{"rendered":"<p>Discover the &#8220;Ice sailing&#8221; a stunningly painterly and mystical artistic creation, which is a a red sailing ship depicting a red sailboat among the icebergs of the Arctic! This picture is from the cultural fusion of fusion, and the a sense of adventure, a freedom and and the forces of nature of nature. The red [&hellip;]<\/p>\n","protected":false},"featured_media":1629,"template":"","meta":{"_acf_changed":false},"product_brand":[],"product_cat":[73,74,72,71],"product_tag":[],"class_list":{"0":"post-2228","1":"product","2":"type-product","3":"status-publish","4":"has-post-thumbnail","6":"product_cat-ai-generated-works","7":"product_cat-functional-decoration","8":"product_cat-modern-minimalist-motifs","9":"product_cat-natural-visuals","11":"first","12":"instock","13":"taxable","14":"shipping-taxable","15":"purchasable","16":"product-type-variable"},"acf":[],"yoast_head":"<!-- This site is optimized with the Yoast SEO Premium plugin v27.2 (Yoast SEO v27.2) - https:\/\/yoast.com\/product\/yoast-seo-premium-wordpress\/ -->\n<title>Ice sailing - PRANDARTO cultural fusion<\/title>\n<meta name=\"description\" content=\"Face the elements with the digital creation &quot;Ice Sailing&quot;! Red sailboat meets mystical icebergs, a symbol of freedom and courage. Eco-friendly, instantly downloadable art for adventurous souls.\" \/>\n<meta name=\"robots\" content=\"noindex, follow, max-snippet:-1, max-image-preview:large, max-video-preview:-1\" \/>\n<meta property=\"og:locale\" content=\"en_US\" \/>\n<meta property=\"og:type\" content=\"article\" \/>\n<meta property=\"og:title\" content=\"Ice sailing\" \/>\n<meta property=\"og:description\" content=\"Face the elements with the digital creation &quot;Ice Sailing&quot;! Red sailboat meets mystical icebergs, a symbol of freedom and courage. Eco-friendly, instantly downloadable art for adventurous souls.\" \/>\n<meta property=\"og:url\" content=\"https:\/\/prandarto.com\/en\/termek\/ice-sailing\/\" \/>\n<meta property=\"og:site_name\" content=\"PRANDARTO cultural fusion\" \/>\n<meta property=\"og:image\" content=\"https:\/\/prandarto.com\/wp-content\/uploads\/2026\/01\/Alap_Mckp_Prandarto-1-1024x1024.png\" \/>\n\t<meta property=\"og:image:width\" content=\"1024\" \/>\n\t<meta property=\"og:image:height\" content=\"1024\" \/>\n\t<meta property=\"og:image:type\" content=\"image\/png\" \/>\n<meta name=\"twitter:card\" content=\"summary_large_image\" \/>\n<meta name=\"twitter:label1\" content=\"Est. reading time\" \/>\n\t<meta name=\"twitter:data1\" content=\"2 minutes\" \/>\n<script type=\"application\/ld+json\" class=\"yoast-schema-graph\">{\"@context\":\"https:\/\/schema.org\",\"@graph\":[{\"@type\":\"WebPage\",\"@id\":\"https:\/\/prandarto.com\/en\/termek\/ice-sailing\/\",\"url\":\"https:\/\/prandarto.com\/en\/termek\/ice-sailing\/\",\"name\":\"Ice sailing - PRANDARTO cultural fusion\",\"isPartOf\":{\"@id\":\"https:\/\/prandarto.com\/en\/#website\"},\"primaryImageOfPage\":{\"@id\":\"https:\/\/prandarto.com\/en\/termek\/ice-sailing\/#primaryimage\"},\"image\":{\"@id\":\"https:\/\/prandarto.com\/en\/termek\/ice-sailing\/#primaryimage\"},\"thumbnailUrl\":\"https:\/\/prandarto.com\/wp-content\/uploads\/2026\/01\/Alap_Mckp_Prandarto-1.png\",\"datePublished\":\"2026-01-22T10:36:25+00:00\",\"description\":\"Face the elements with the digital creation \\\"Ice Sailing\\\"! Red sailboat meets mystical icebergs, a symbol of freedom and courage. Eco-friendly, instantly downloadable art for adventurous souls.\",\"breadcrumb\":{\"@id\":\"https:\/\/prandarto.com\/en\/termek\/ice-sailing\/#breadcrumb\"},\"inLanguage\":\"en-US\",\"potentialAction\":[{\"@type\":\"ReadAction\",\"target\":[\"https:\/\/prandarto.com\/en\/termek\/ice-sailing\/\"]}]},{\"@type\":\"ImageObject\",\"inLanguage\":\"en-US\",\"@id\":\"https:\/\/prandarto.com\/en\/termek\/ice-sailing\/#primaryimage\",\"url\":\"https:\/\/prandarto.com\/wp-content\/uploads\/2026\/01\/Alap_Mckp_Prandarto-1.png\",\"contentUrl\":\"https:\/\/prandarto.com\/wp-content\/uploads\/2026\/01\/Alap_Mckp_Prandarto-1.png\",\"width\":2100,\"height\":2100,\"caption\":\"J\u00e9gvitorl\u00e1s\"},{\"@type\":\"BreadcrumbList\",\"@id\":\"https:\/\/prandarto.com\/en\/termek\/ice-sailing\/#breadcrumb\",\"itemListElement\":[{\"@type\":\"ListItem\",\"position\":1,\"name\":\"Kezd\u0151lap\",\"item\":\"https:\/\/prandarto.com\/en\/\"},{\"@type\":\"ListItem\",\"position\":2,\"name\":\"Shop\",\"item\":\"https:\/\/prandarto.com\/en\/shop\/\"},{\"@type\":\"ListItem\",\"position\":3,\"name\":\"Ice sailing\"}]},{\"@type\":\"WebSite\",\"@id\":\"https:\/\/prandarto.com\/en\/#website\",\"url\":\"https:\/\/prandarto.com\/en\/\",\"name\":\"PRANDARTO cultural fusion\",\"description\":\"Egyedi digit\u00e1lis m\u0171vek, AI Art \u00e9s fot\u00f3alap\u00fa alkot\u00e1sok. Letisztult, modern vizu\u00e1lis \u00e9lm\u00e9ny otthonra, \u00fczletekbe \u00e9s k\u00f6z\u00f6ss\u00e9gi terekbe. Azonnali let\u00f6lt\u00e9s, szabad nyomtat\u00e1s.\",\"publisher\":{\"@id\":\"https:\/\/prandarto.com\/en\/#organization\"},\"potentialAction\":[{\"@type\":\"SearchAction\",\"target\":{\"@type\":\"EntryPoint\",\"urlTemplate\":\"https:\/\/prandarto.com\/en\/?s={search_term_string}\"},\"query-input\":{\"@type\":\"PropertyValueSpecification\",\"valueRequired\":true,\"valueName\":\"search_term_string\"}}],\"inLanguage\":\"en-US\"},{\"@type\":\"Organization\",\"@id\":\"https:\/\/prandarto.com\/en\/#organization\",\"name\":\"PRANDARTO cultural fusion\",\"url\":\"https:\/\/prandarto.com\/en\/\",\"logo\":{\"@type\":\"ImageObject\",\"inLanguage\":\"en-US\",\"@id\":\"https:\/\/prandarto.com\/en\/#\/schema\/logo\/image\/\",\"url\":\"https:\/\/prandarto.com\/wp-content\/uploads\/2025\/10\/PRANDARTO-LOGO-e1764685807372.png\",\"contentUrl\":\"https:\/\/prandarto.com\/wp-content\/uploads\/2025\/10\/PRANDARTO-LOGO-e1764685807372.png\",\"width\":500,\"height\":500,\"caption\":\"PRANDARTO cultural fusion\"},\"image\":{\"@id\":\"https:\/\/prandarto.com\/en\/#\/schema\/logo\/image\/\"}}]}<\/script>\n<!-- \/ Yoast SEO Premium plugin. -->","yoast_head_json":{"title":"Ice sailing - PRANDARTO cultural fusion","description":"Face the elements with the digital creation \"Ice Sailing\"! Red sailboat meets mystical icebergs, a symbol of freedom and courage. Eco-friendly, instantly downloadable art for adventurous souls.","robots":{"index":"noindex","follow":"follow","max-snippet":"max-snippet:-1","max-image-preview":"max-image-preview:large","max-video-preview":"max-video-preview:-1"},"og_locale":"en_US","og_type":"article","og_title":"Ice sailing","og_description":"Face the elements with the digital creation \"Ice Sailing\"! Red sailboat meets mystical icebergs, a symbol of freedom and courage. Eco-friendly, instantly downloadable art for adventurous souls.","og_url":"https:\/\/prandarto.com\/en\/termek\/ice-sailing\/","og_site_name":"PRANDARTO cultural fusion","og_image":[{"width":1024,"height":1024,"url":"https:\/\/prandarto.com\/wp-content\/uploads\/2026\/01\/Alap_Mckp_Prandarto-1-1024x1024.png","type":"image\/png"}],"twitter_card":"summary_large_image","twitter_misc":{"Est. reading time":"2 minutes"},"schema":{"@context":"https:\/\/schema.org","@graph":[{"@type":"WebPage","@id":"https:\/\/prandarto.com\/en\/termek\/ice-sailing\/","url":"https:\/\/prandarto.com\/en\/termek\/ice-sailing\/","name":"Ice sailing - PRANDARTO cultural fusion","isPartOf":{"@id":"https:\/\/prandarto.com\/en\/#website"},"primaryImageOfPage":{"@id":"https:\/\/prandarto.com\/en\/termek\/ice-sailing\/#primaryimage"},"image":{"@id":"https:\/\/prandarto.com\/en\/termek\/ice-sailing\/#primaryimage"},"thumbnailUrl":"https:\/\/prandarto.com\/wp-content\/uploads\/2026\/01\/Alap_Mckp_Prandarto-1.png","datePublished":"2026-01-22T10:36:25+00:00","description":"Face the elements with the digital creation \"Ice Sailing\"! Red sailboat meets mystical icebergs, a symbol of freedom and courage. Eco-friendly, instantly downloadable art for adventurous souls.","breadcrumb":{"@id":"https:\/\/prandarto.com\/en\/termek\/ice-sailing\/#breadcrumb"},"inLanguage":"en-US","potentialAction":[{"@type":"ReadAction","target":["https:\/\/prandarto.com\/en\/termek\/ice-sailing\/"]}]},{"@type":"ImageObject","inLanguage":"en-US","@id":"https:\/\/prandarto.com\/en\/termek\/ice-sailing\/#primaryimage","url":"https:\/\/prandarto.com\/wp-content\/uploads\/2026\/01\/Alap_Mckp_Prandarto-1.png","contentUrl":"https:\/\/prandarto.com\/wp-content\/uploads\/2026\/01\/Alap_Mckp_Prandarto-1.png","width":2100,"height":2100,"caption":"J\u00e9gvitorl\u00e1s"},{"@type":"BreadcrumbList","@id":"https:\/\/prandarto.com\/en\/termek\/ice-sailing\/#breadcrumb","itemListElement":[{"@type":"ListItem","position":1,"name":"Kezd\u0151lap","item":"https:\/\/prandarto.com\/en\/"},{"@type":"ListItem","position":2,"name":"Shop","item":"https:\/\/prandarto.com\/en\/shop\/"},{"@type":"ListItem","position":3,"name":"Ice sailing"}]},{"@type":"WebSite","@id":"https:\/\/prandarto.com\/en\/#website","url":"https:\/\/prandarto.com\/en\/","name":"PRANDARTO cultural fusion","description":"Egyedi digit\u00e1lis m\u0171vek, AI Art \u00e9s fot\u00f3alap\u00fa alkot\u00e1sok. Letisztult, modern vizu\u00e1lis \u00e9lm\u00e9ny otthonra, \u00fczletekbe \u00e9s k\u00f6z\u00f6ss\u00e9gi terekbe. Azonnali let\u00f6lt\u00e9s, szabad nyomtat\u00e1s.","publisher":{"@id":"https:\/\/prandarto.com\/en\/#organization"},"potentialAction":[{"@type":"SearchAction","target":{"@type":"EntryPoint","urlTemplate":"https:\/\/prandarto.com\/en\/?s={search_term_string}"},"query-input":{"@type":"PropertyValueSpecification","valueRequired":true,"valueName":"search_term_string"}}],"inLanguage":"en-US"},{"@type":"Organization","@id":"https:\/\/prandarto.com\/en\/#organization","name":"PRANDARTO cultural fusion","url":"https:\/\/prandarto.com\/en\/","logo":{"@type":"ImageObject","inLanguage":"en-US","@id":"https:\/\/prandarto.com\/en\/#\/schema\/logo\/image\/","url":"https:\/\/prandarto.com\/wp-content\/uploads\/2025\/10\/PRANDARTO-LOGO-e1764685807372.png","contentUrl":"https:\/\/prandarto.com\/wp-content\/uploads\/2025\/10\/PRANDARTO-LOGO-e1764685807372.png","width":500,"height":500,"caption":"PRANDARTO cultural fusion"},"image":{"@id":"https:\/\/prandarto.com\/en\/#\/schema\/logo\/image\/"}}]}},"_links":{"self":[{"href":"https:\/\/prandarto.com\/en\/wp-json\/wp\/v2\/product\/2228","targetHints":{"allow":["GET"]}}],"collection":[{"href":"https:\/\/prandarto.com\/en\/wp-json\/wp\/v2\/product"}],"about":[{"href":"https:\/\/prandarto.com\/en\/wp-json\/wp\/v2\/types\/product"}],"wp:featuredmedia":[{"embeddable":true,"href":"https:\/\/prandarto.com\/en\/wp-json\/wp\/v2\/media\/1629"}],"wp:attachment":[{"href":"https:\/\/prandarto.com\/en\/wp-json\/wp\/v2\/media?parent=2228"}],"wp:term":[{"taxonomy":"product_brand","embeddable":true,"href":"https:\/\/prandarto.com\/en\/wp-json\/wp\/v2\/product_brand?post=2228"},{"taxonomy":"product_cat","embeddable":true,"href":"https:\/\/prandarto.com\/en\/wp-json\/wp\/v2\/product_cat?post=2228"},{"taxonomy":"product_tag","embeddable":true,"href":"https:\/\/prandarto.com\/en\/wp-json\/wp\/v2\/product_tag?post=2228"}],"curies":[{"name":"wp","href":"https:\/\/api.w.org\/{rel}","templated":true}]}}