{"id":2218,"date":"2026-01-22T11:25:44","date_gmt":"2026-01-22T10:25:44","guid":{"rendered":"https:\/\/prandarto.com\/termek\/sunshine-abundance\/"},"modified":"2026-01-22T11:25:44","modified_gmt":"2026-01-22T10:25:44","slug":"sunshine-abundance","status":"publish","type":"product","link":"https:\/\/prandarto.com\/en\/termek\/sunshine-abundance\/","title":{"rendered":"Sunshine Abundance"},"content":{"rendered":"<p><span style=\"font-weight: 400;\">Discover the <\/span><b>&#8220;Sunshine Abundance&#8221;<\/b><span style=\"font-weight: 400;\"> inspired by Van Gogh, with a warm and lively atmosphere, is a <\/span><b>a sunlit still life<\/b><span style=\"font-weight: 400;\"> in a sunny and sunny day: <\/span><b>Sunflowers<\/b><span style=\"font-weight: 400;\">, <\/span><b>bunch of grapes<\/b><span style=\"font-weight: 400;\">, <\/span><b>apples<\/b><span style=\"font-weight: 400;\"> and <\/span><b>peaches<\/b><span style=\"font-weight: 400;\"> against a warm golden yellow background. This is the image of <\/span> <b>cultural fusion<\/b><span style=\"font-weight: 400;\"> and is made in the spirit of <\/span><b>joie de vivre<\/b><span style=\"font-weight: 400;\">, a <\/span><b>abundance<\/b><span style=\"font-weight: 400;\">, and <\/span><b>the richness of nature<\/b><span style=\"font-weight: 400;\"> of nature.<\/span><\/p>\n<p><b>What story does the picture tell?<\/b><\/p>\n<p><span style=\"font-weight: 400;\">A <\/span><b>&#8220;Sunshine Abundance&#8221;<\/b><span style=\"font-weight: 400;\"> from <\/span><b>joy of life<\/b><span style=\"font-weight: 400;\">, a <\/span><b>abundance<\/b><span style=\"font-weight: 400;\"> and <\/span><b>the richness of nature<\/b><span style=\"font-weight: 400;\"> of nature. The sunflowers are the <\/span> <b>warmth<\/b><span style=\"font-weight: 400;\">, the <\/span><b>joy of life<\/b><span style=\"font-weight: 400;\"> and <\/span><b>positive energy<\/b><span style=\"font-weight: 400;\"> positive energy, while apples and peaches are symbols of <\/span><b>gifts of nature<\/b><span style=\"font-weight: 400;\">, a <\/span><b>abundance<\/b><span style=\"font-weight: 400;\"> and <\/span><b>health<\/b><span style=\"font-weight: 400;\"> and health. This image reminds us that in life <\/span> <b>it is important to appreciate the small pleasures and gifts of nature<\/b><span style=\"font-weight: 400;\">and that the <\/span><b>everyday life can be full of beauty<\/b><span style=\"font-weight: 400;\">.<\/span><\/p>\n<p><b>What are the colours that make up the colours and what do they say?<\/b><\/p>\n<p><span style=\"font-weight: 400;\">The image is mainly <\/span><b>yellow<\/b><span style=\"font-weight: 400;\">, <\/span><b>red<\/b><span style=\"font-weight: 400;\">, <\/span><b>green<\/b><span style=\"font-weight: 400;\"> and <\/span><b>blue<\/b><span style=\"font-weight: 400;\"> shades. The <\/span> <b>yellow<\/b><span style=\"font-weight: 400;\">  a  <\/span><b>warmth<\/b><span style=\"font-weight: 400;\">, the  <\/span><b>joy of life<\/b><span style=\"font-weight: 400;\">  and the  <\/span><b>positive energy<\/b><span style=\"font-weight: 400;\">  colour, while the  <\/span><b>red<\/b><span style=\"font-weight: 400;\">  and  <\/span><b>Green<\/b><span style=\"font-weight: 400;\">  a  <\/span><b>Nature<\/b><span style=\"font-weight: 400;\">, a  <\/span><b>abundance<\/b><span style=\"font-weight: 400;\">  and the  <\/span><b>Health<\/b><span style=\"font-weight: 400;\">  symbols of. A   <\/span><b>Blue<\/b><span style=\"font-weight: 400;\"> a <\/span><b>harmony<\/b><span style=\"font-weight: 400;\"> and the <\/span><b>calm<\/b><span style=\"font-weight: 400;\"> of peace and tranquillity. These colours together <\/span> <b>warmth<\/b><span style=\"font-weight: 400;\">, <\/span><b>joy of life<\/b><span style=\"font-weight: 400;\"> and <\/span><b>harmony<\/b><span style=\"font-weight: 400;\"> and harmony.<\/span> <\/p>\n<p><b>What mood does it represent?<\/b><\/p>\n<p><span style=\"font-weight: 400;\">The picture <\/span><b>warmth<\/b><span style=\"font-weight: 400;\">, <\/span><b>my joy of life<\/b><span style=\"font-weight: 400;\"> and <\/span><b>harmony<\/b><span style=\"font-weight: 400;\"> The sunflowers, fruits and the warm background <\/span> <b>abundance<\/b><span style=\"font-weight: 400;\">, <\/span><b>joy of life<\/b><span style=\"font-weight: 400;\"> and <\/span><b>harmony<\/b><span style=\"font-weight: 400;\"> and joy. Ideal for those who <\/span>  <b>everyday stress<\/b><span style=\"font-weight: 400;\"> in the midst of stress and <\/span><b>joy of life<\/b><span style=\"font-weight: 400;\">, a <\/span><b>abundance<\/b><span style=\"font-weight: 400;\"> and <\/span><b>harmony<\/b><span style=\"font-weight: 400;\"> moments.<\/span><\/p>\n<p><b>Who is it recommended for?<\/b><\/p>\n<ul>\n<li style=\"font-weight: 400;\" aria-level=\"1\"><b>For people with a zest for life<\/b><span style=\"font-weight: 400;\">who are <\/span><b>joy of life<\/b><span style=\"font-weight: 400;\">, a <\/span><b>abundance<\/b><span style=\"font-weight: 400;\"> and <\/span><b>the richness of nature<\/b><span style=\"font-weight: 400;\"> lovers of nature.<\/span><\/li>\n<li style=\"font-weight: 400;\" aria-level=\"1\"><b>For cooks and food lovers<\/b><span style=\"font-weight: 400;\">who are looking for <\/span><b>natural ingredients<\/b><span style=\"font-weight: 400;\"> and <\/span><b>harmony<\/b><span style=\"font-weight: 400;\"> and the importance of harmony and harmony.<\/span><\/li>\n<li style=\"font-weight: 400;\" aria-level=\"1\"><b>For homemakers<\/b><span style=\"font-weight: 400;\">who are looking for a <\/span><b>warm<\/b><span style=\"font-weight: 400;\">, <\/span><b>full of life<\/b><span style=\"font-weight: 400;\"> and <\/span><b>harmonious<\/b><span style=\"font-weight: 400;\"> artwork they are looking for.<\/span><\/li>\n<li style=\"font-weight: 400;\" aria-level=\"1\"><b>For gift seekers<\/b><span style=\"font-weight: 400;\">who want something <\/span><b>joy of life<\/b><span style=\"font-weight: 400;\">, <\/span><b>abundance<\/b><span style=\"font-weight: 400;\"> and <\/span><b>harmony<\/b><span style=\"font-weight: 400;\"> to give to their loved ones.<\/span><\/li>\n<\/ul>\n<p><b>Which spaces and styles are suitable?<\/b><\/p>\n<p><span style=\"font-weight: 400;\">A <\/span><b>&#8220;Sunshine Abundance&#8221;<\/b><span style=\"font-weight: 400;\"> fits perfectly:<\/span><\/p>\n<ul>\n<li style=\"font-weight: 400;\" aria-level=\"1\"><b>For kitchens or dining rooms<\/b><span style=\"font-weight: 400;\">where the <\/span><b>zest for life<\/b><span style=\"font-weight: 400;\"> and <\/span><b>abundance<\/b><span style=\"font-weight: 400;\"> dominate.<\/span><\/li>\n<li style=\"font-weight: 400;\" aria-level=\"1\"><b>Places<\/b><span style=\"font-weight: 400;\">where the <\/span><b>harmony<\/b><span style=\"font-weight: 400;\"> and <\/span><b>warmth<\/b><span style=\"font-weight: 400;\"> is important.<\/span><\/li>\n<li style=\"font-weight: 400;\" aria-level=\"1\"><b>For catering premises<\/b><span style=\"font-weight: 400;\">, where the <\/span><b>zest for life<\/b><span style=\"font-weight: 400;\"> and <\/span><b>the richness of nature<\/b><span style=\"font-weight: 400;\"> is key.<\/span><\/li>\n<li style=\"font-weight: 400;\" aria-level=\"1\"><b>Farmhouse style spaces<\/b><span style=\"font-weight: 400;\">, where the <\/span><b>nature<\/b><span style=\"font-weight: 400;\"> and <\/span><b>harmony<\/b><span style=\"font-weight: 400;\"> dominates.<\/span><\/li>\n<\/ul>\n<p><b>In what situation can it help?<\/b><\/p>\n<ul>\n<li style=\"font-weight: 400;\" aria-level=\"1\"><span style=\"font-weight: 400;\">If <\/span><b>my life story<\/b><span style=\"font-weight: 400;\"> and <\/span><b>harmony<\/b><span style=\"font-weight: 400;\"> in life.<\/span><\/li>\n<li style=\"font-weight: 400;\" aria-level=\"1\"><span style=\"font-weight: 400;\">If <\/span><b>abundance<\/b><span style=\"font-weight: 400;\"> and <\/span><b>warmth<\/b><span style=\"font-weight: 400;\"> in your home or workspace.<\/span><\/li>\n<li style=\"font-weight: 400;\" aria-level=\"1\"><span style=\"font-weight: 400;\">If <\/span><b>the riches of nature<\/b><span style=\"font-weight: 400;\"> in your environment.<\/span><\/li>\n<li style=\"font-weight: 400;\" aria-level=\"1\"><span style=\"font-weight: 400;\">If <\/span><b>gift from<\/b><span style=\"font-weight: 400;\"> looking for a gift for someone who loves <\/span><b>my love of life<\/b><span style=\"font-weight: 400;\"> and <\/span><b>nature<\/b><span style=\"font-weight: 400;\">.<\/span><\/li>\n<\/ul>\n<p><b>Why buy it?<\/b><\/p>\n<ul>\n<li style=\"font-weight: 400;\" aria-level=\"1\"><b>Print on Demand (POD)<\/b><span style=\"font-weight: 400;\"> available, so <\/span><b>environmentally friendly<\/b><span style=\"font-weight: 400;\">, <\/span><b>zero stock<\/b><span style=\"font-weight: 400;\">, <\/span><b>zero waste<\/b><span style=\"font-weight: 400;\">.<\/span><\/li>\n<li style=\"font-weight: 400;\" aria-level=\"1\"><b>Digitally downloadable<\/b><span style=\"font-weight: 400;\">, so it is immediately available to you, and <\/span><b>a sustainable solution<\/b><span style=\"font-weight: 400;\">.<\/span><\/li>\n<li style=\"font-weight: 400;\" aria-level=\"1\"><b>Cultural fusion<\/b><span style=\"font-weight: 400;\"> a unique artistic creation, which <\/span><b>tells a story<\/b><span style=\"font-weight: 400;\"> and <\/span><b>creates atmosphere<\/b><span style=\"font-weight: 400;\">.<\/span><\/li>\n<\/ul>\n","protected":false},"excerpt":{"rendered":"<p>Discover the &#8220;Sunshine Abundance&#8221; inspired by Van Gogh, with a warm and lively atmosphere, is a a sunlit still life in a sunny and sunny day: Sunflowers, bunch of grapes, apples and peaches against a warm golden yellow background. This is the image of cultural fusion and is made in the spirit of joie de [&hellip;]<\/p>\n","protected":false},"featured_media":1606,"template":"","meta":{"_acf_changed":false},"product_brand":[],"product_cat":[73,74,72,71,70],"product_tag":[],"class_list":{"0":"post-2218","1":"product","2":"type-product","3":"status-publish","4":"has-post-thumbnail","6":"product_cat-ai-generated-works","7":"product_cat-functional-decoration","8":"product_cat-modern-minimalist-motifs","9":"product_cat-natural-visuals","10":"product_cat-zen-and-meditative-moods","12":"first","13":"instock","14":"taxable","15":"shipping-taxable","16":"purchasable","17":"product-type-variable"},"acf":[],"yoast_head":"<!-- This site is optimized with the Yoast SEO Premium plugin v27.2 (Yoast SEO v27.2) - https:\/\/yoast.com\/product\/yoast-seo-premium-wordpress\/ -->\n<title>Sunshine Abundance - PRANDARTO cultural fusion<\/title>\n<meta name=\"description\" content=\"Recall the world of Van Gogh with &quot;Sunshine Abundance&quot;! Golden sunflowers and succulent fruit in a warm, vibrant still life. Bring positive energy into your home with this sustainable, instantly downloadable digital print!\" \/>\n<meta name=\"robots\" content=\"noindex, follow, max-snippet:-1, max-image-preview:large, max-video-preview:-1\" \/>\n<meta property=\"og:locale\" content=\"en_US\" \/>\n<meta property=\"og:type\" content=\"article\" \/>\n<meta property=\"og:title\" content=\"Sunshine Abundance\" \/>\n<meta property=\"og:description\" content=\"Recall the world of Van Gogh with &quot;Sunshine Abundance&quot;! Golden sunflowers and succulent fruit in a warm, vibrant still life. Bring positive energy into your home with this sustainable, instantly downloadable digital print!\" \/>\n<meta property=\"og:url\" content=\"https:\/\/prandarto.com\/en\/termek\/sunshine-abundance\/\" \/>\n<meta property=\"og:site_name\" content=\"PRANDARTO cultural fusion\" \/>\n<meta property=\"og:image\" content=\"https:\/\/prandarto.com\/wp-content\/uploads\/2026\/01\/Alap_Mckp_Prandarto-22.jpg\" \/>\n\t<meta property=\"og:image:width\" content=\"1050\" \/>\n\t<meta property=\"og:image:height\" content=\"1050\" \/>\n\t<meta property=\"og:image:type\" content=\"image\/jpeg\" \/>\n<meta name=\"twitter:card\" content=\"summary_large_image\" \/>\n<meta name=\"twitter:label1\" content=\"Est. reading time\" \/>\n\t<meta name=\"twitter:data1\" content=\"2 minutes\" \/>\n<script type=\"application\/ld+json\" class=\"yoast-schema-graph\">{\"@context\":\"https:\/\/schema.org\",\"@graph\":[{\"@type\":\"WebPage\",\"@id\":\"https:\/\/prandarto.com\/en\/termek\/sunshine-abundance\/\",\"url\":\"https:\/\/prandarto.com\/en\/termek\/sunshine-abundance\/\",\"name\":\"Sunshine Abundance - PRANDARTO cultural fusion\",\"isPartOf\":{\"@id\":\"https:\/\/prandarto.com\/en\/#website\"},\"primaryImageOfPage\":{\"@id\":\"https:\/\/prandarto.com\/en\/termek\/sunshine-abundance\/#primaryimage\"},\"image\":{\"@id\":\"https:\/\/prandarto.com\/en\/termek\/sunshine-abundance\/#primaryimage\"},\"thumbnailUrl\":\"https:\/\/prandarto.com\/wp-content\/uploads\/2026\/01\/Alap_Mckp_Prandarto-22.jpg\",\"datePublished\":\"2026-01-22T10:25:44+00:00\",\"description\":\"Recall the world of Van Gogh with \\\"Sunshine Abundance\\\"! Golden sunflowers and succulent fruit in a warm, vibrant still life. Bring positive energy into your home with this sustainable, instantly downloadable digital print!\",\"breadcrumb\":{\"@id\":\"https:\/\/prandarto.com\/en\/termek\/sunshine-abundance\/#breadcrumb\"},\"inLanguage\":\"en-US\",\"potentialAction\":[{\"@type\":\"ReadAction\",\"target\":[\"https:\/\/prandarto.com\/en\/termek\/sunshine-abundance\/\"]}]},{\"@type\":\"ImageObject\",\"inLanguage\":\"en-US\",\"@id\":\"https:\/\/prandarto.com\/en\/termek\/sunshine-abundance\/#primaryimage\",\"url\":\"https:\/\/prandarto.com\/wp-content\/uploads\/2026\/01\/Alap_Mckp_Prandarto-22.jpg\",\"contentUrl\":\"https:\/\/prandarto.com\/wp-content\/uploads\/2026\/01\/Alap_Mckp_Prandarto-22.jpg\",\"width\":1050,\"height\":1050,\"caption\":\"Napf\u00e9nyes b\u0151s\u00e9g\"},{\"@type\":\"BreadcrumbList\",\"@id\":\"https:\/\/prandarto.com\/en\/termek\/sunshine-abundance\/#breadcrumb\",\"itemListElement\":[{\"@type\":\"ListItem\",\"position\":1,\"name\":\"Kezd\u0151lap\",\"item\":\"https:\/\/prandarto.com\/en\/\"},{\"@type\":\"ListItem\",\"position\":2,\"name\":\"Shop\",\"item\":\"https:\/\/prandarto.com\/en\/shop\/\"},{\"@type\":\"ListItem\",\"position\":3,\"name\":\"Sunshine Abundance\"}]},{\"@type\":\"WebSite\",\"@id\":\"https:\/\/prandarto.com\/en\/#website\",\"url\":\"https:\/\/prandarto.com\/en\/\",\"name\":\"PRANDARTO cultural fusion\",\"description\":\"Egyedi digit\u00e1lis m\u0171vek, AI Art \u00e9s fot\u00f3alap\u00fa alkot\u00e1sok. Letisztult, modern vizu\u00e1lis \u00e9lm\u00e9ny otthonra, \u00fczletekbe \u00e9s k\u00f6z\u00f6ss\u00e9gi terekbe. Azonnali let\u00f6lt\u00e9s, szabad nyomtat\u00e1s.\",\"publisher\":{\"@id\":\"https:\/\/prandarto.com\/en\/#organization\"},\"potentialAction\":[{\"@type\":\"SearchAction\",\"target\":{\"@type\":\"EntryPoint\",\"urlTemplate\":\"https:\/\/prandarto.com\/en\/?s={search_term_string}\"},\"query-input\":{\"@type\":\"PropertyValueSpecification\",\"valueRequired\":true,\"valueName\":\"search_term_string\"}}],\"inLanguage\":\"en-US\"},{\"@type\":\"Organization\",\"@id\":\"https:\/\/prandarto.com\/en\/#organization\",\"name\":\"PRANDARTO cultural fusion\",\"url\":\"https:\/\/prandarto.com\/en\/\",\"logo\":{\"@type\":\"ImageObject\",\"inLanguage\":\"en-US\",\"@id\":\"https:\/\/prandarto.com\/en\/#\/schema\/logo\/image\/\",\"url\":\"https:\/\/prandarto.com\/wp-content\/uploads\/2025\/10\/PRANDARTO-LOGO-e1764685807372.png\",\"contentUrl\":\"https:\/\/prandarto.com\/wp-content\/uploads\/2025\/10\/PRANDARTO-LOGO-e1764685807372.png\",\"width\":500,\"height\":500,\"caption\":\"PRANDARTO cultural fusion\"},\"image\":{\"@id\":\"https:\/\/prandarto.com\/en\/#\/schema\/logo\/image\/\"}}]}<\/script>\n<!-- \/ Yoast SEO Premium plugin. -->","yoast_head_json":{"title":"Sunshine Abundance - PRANDARTO cultural fusion","description":"Recall the world of Van Gogh with \"Sunshine Abundance\"! Golden sunflowers and succulent fruit in a warm, vibrant still life. Bring positive energy into your home with this sustainable, instantly downloadable digital print!","robots":{"index":"noindex","follow":"follow","max-snippet":"max-snippet:-1","max-image-preview":"max-image-preview:large","max-video-preview":"max-video-preview:-1"},"og_locale":"en_US","og_type":"article","og_title":"Sunshine Abundance","og_description":"Recall the world of Van Gogh with \"Sunshine Abundance\"! Golden sunflowers and succulent fruit in a warm, vibrant still life. Bring positive energy into your home with this sustainable, instantly downloadable digital print!","og_url":"https:\/\/prandarto.com\/en\/termek\/sunshine-abundance\/","og_site_name":"PRANDARTO cultural fusion","og_image":[{"width":1050,"height":1050,"url":"https:\/\/prandarto.com\/wp-content\/uploads\/2026\/01\/Alap_Mckp_Prandarto-22.jpg","type":"image\/jpeg"}],"twitter_card":"summary_large_image","twitter_misc":{"Est. reading time":"2 minutes"},"schema":{"@context":"https:\/\/schema.org","@graph":[{"@type":"WebPage","@id":"https:\/\/prandarto.com\/en\/termek\/sunshine-abundance\/","url":"https:\/\/prandarto.com\/en\/termek\/sunshine-abundance\/","name":"Sunshine Abundance - PRANDARTO cultural fusion","isPartOf":{"@id":"https:\/\/prandarto.com\/en\/#website"},"primaryImageOfPage":{"@id":"https:\/\/prandarto.com\/en\/termek\/sunshine-abundance\/#primaryimage"},"image":{"@id":"https:\/\/prandarto.com\/en\/termek\/sunshine-abundance\/#primaryimage"},"thumbnailUrl":"https:\/\/prandarto.com\/wp-content\/uploads\/2026\/01\/Alap_Mckp_Prandarto-22.jpg","datePublished":"2026-01-22T10:25:44+00:00","description":"Recall the world of Van Gogh with \"Sunshine Abundance\"! Golden sunflowers and succulent fruit in a warm, vibrant still life. Bring positive energy into your home with this sustainable, instantly downloadable digital print!","breadcrumb":{"@id":"https:\/\/prandarto.com\/en\/termek\/sunshine-abundance\/#breadcrumb"},"inLanguage":"en-US","potentialAction":[{"@type":"ReadAction","target":["https:\/\/prandarto.com\/en\/termek\/sunshine-abundance\/"]}]},{"@type":"ImageObject","inLanguage":"en-US","@id":"https:\/\/prandarto.com\/en\/termek\/sunshine-abundance\/#primaryimage","url":"https:\/\/prandarto.com\/wp-content\/uploads\/2026\/01\/Alap_Mckp_Prandarto-22.jpg","contentUrl":"https:\/\/prandarto.com\/wp-content\/uploads\/2026\/01\/Alap_Mckp_Prandarto-22.jpg","width":1050,"height":1050,"caption":"Napf\u00e9nyes b\u0151s\u00e9g"},{"@type":"BreadcrumbList","@id":"https:\/\/prandarto.com\/en\/termek\/sunshine-abundance\/#breadcrumb","itemListElement":[{"@type":"ListItem","position":1,"name":"Kezd\u0151lap","item":"https:\/\/prandarto.com\/en\/"},{"@type":"ListItem","position":2,"name":"Shop","item":"https:\/\/prandarto.com\/en\/shop\/"},{"@type":"ListItem","position":3,"name":"Sunshine Abundance"}]},{"@type":"WebSite","@id":"https:\/\/prandarto.com\/en\/#website","url":"https:\/\/prandarto.com\/en\/","name":"PRANDARTO cultural fusion","description":"Egyedi digit\u00e1lis m\u0171vek, AI Art \u00e9s fot\u00f3alap\u00fa alkot\u00e1sok. Letisztult, modern vizu\u00e1lis \u00e9lm\u00e9ny otthonra, \u00fczletekbe \u00e9s k\u00f6z\u00f6ss\u00e9gi terekbe. Azonnali let\u00f6lt\u00e9s, szabad nyomtat\u00e1s.","publisher":{"@id":"https:\/\/prandarto.com\/en\/#organization"},"potentialAction":[{"@type":"SearchAction","target":{"@type":"EntryPoint","urlTemplate":"https:\/\/prandarto.com\/en\/?s={search_term_string}"},"query-input":{"@type":"PropertyValueSpecification","valueRequired":true,"valueName":"search_term_string"}}],"inLanguage":"en-US"},{"@type":"Organization","@id":"https:\/\/prandarto.com\/en\/#organization","name":"PRANDARTO cultural fusion","url":"https:\/\/prandarto.com\/en\/","logo":{"@type":"ImageObject","inLanguage":"en-US","@id":"https:\/\/prandarto.com\/en\/#\/schema\/logo\/image\/","url":"https:\/\/prandarto.com\/wp-content\/uploads\/2025\/10\/PRANDARTO-LOGO-e1764685807372.png","contentUrl":"https:\/\/prandarto.com\/wp-content\/uploads\/2025\/10\/PRANDARTO-LOGO-e1764685807372.png","width":500,"height":500,"caption":"PRANDARTO cultural fusion"},"image":{"@id":"https:\/\/prandarto.com\/en\/#\/schema\/logo\/image\/"}}]}},"_links":{"self":[{"href":"https:\/\/prandarto.com\/en\/wp-json\/wp\/v2\/product\/2218","targetHints":{"allow":["GET"]}}],"collection":[{"href":"https:\/\/prandarto.com\/en\/wp-json\/wp\/v2\/product"}],"about":[{"href":"https:\/\/prandarto.com\/en\/wp-json\/wp\/v2\/types\/product"}],"wp:featuredmedia":[{"embeddable":true,"href":"https:\/\/prandarto.com\/en\/wp-json\/wp\/v2\/media\/1606"}],"wp:attachment":[{"href":"https:\/\/prandarto.com\/en\/wp-json\/wp\/v2\/media?parent=2218"}],"wp:term":[{"taxonomy":"product_brand","embeddable":true,"href":"https:\/\/prandarto.com\/en\/wp-json\/wp\/v2\/product_brand?post=2218"},{"taxonomy":"product_cat","embeddable":true,"href":"https:\/\/prandarto.com\/en\/wp-json\/wp\/v2\/product_cat?post=2218"},{"taxonomy":"product_tag","embeddable":true,"href":"https:\/\/prandarto.com\/en\/wp-json\/wp\/v2\/product_tag?post=2218"}],"curies":[{"name":"wp","href":"https:\/\/api.w.org\/{rel}","templated":true}]}}