{"id":2197,"date":"2026-01-22T13:26:22","date_gmt":"2026-01-22T12:26:22","guid":{"rendered":"https:\/\/prandarto.com\/termek\/freedom-wave\/"},"modified":"2026-01-22T13:26:22","modified_gmt":"2026-01-22T12:26:22","slug":"freedom-wave","status":"publish","type":"product","link":"https:\/\/prandarto.com\/en\/termek\/freedom-wave\/","title":{"rendered":"Freedom Wave"},"content":{"rendered":"<p><span style=\"font-weight: 400;\">Discover the  <\/span><b>&#8220;Freedom Wave&#8221;<\/b><span style=\"font-weight: 400;\">  our lively and adventurous artistic creation, which is a  <\/span><b>colourful Volkswagen T2 minibus<\/b><span style=\"font-weight: 400;\">  depicts the  <\/span><b>tropical beach<\/b><span style=\"font-weight: 400;\">, surfboards and  <\/span><b>with palms  <\/b><span style=\"font-weight: 400;\">surrounded! This picture is from   <\/span><b>cultural fusion<\/b><span style=\"font-weight: 400;\">  and was made in the spirit of  <\/span><b>Freedom<\/b><span style=\"font-weight: 400;\">, a  <\/span><b>a sense of adventure<\/b><span style=\"font-weight: 400;\">  and the  <\/span><b>joy of life<\/b><span style=\"font-weight: 400;\">  carries the message.<\/span><\/p>\n<p><b>What story does the picture tell?<\/b><\/p>\n<p><span style=\"font-weight: 400;\">A <\/span><b>&#8220;Freedom Wave&#8221;<\/b><span style=\"font-weight: 400;\"> a <\/span><b>freedom<\/b><span style=\"font-weight: 400;\">, a <\/span><b>the spirit of adventure<\/b><span style=\"font-weight: 400;\"> and <\/span><b>zest for life<\/b><span style=\"font-weight: 400;\"> of life. The colourful Volkswagen T2 minibus is the <\/span> <b>Freedom<\/b><span style=\"font-weight: 400;\">, a <\/span><b>independence<\/b><span style=\"font-weight: 400;\"> and <\/span><b>a sense of adventure<\/b><span style=\"font-weight: 400;\"> while the tropical beach, surfboards and palm trees are a symbol of <\/span><b>the joy of life<\/b><span style=\"font-weight: 400;\">, a <\/span><b>tranquility<\/b><span style=\"font-weight: 400;\"> and <\/span><b>beauty of nature<\/b><span style=\"font-weight: 400;\"> of nature. This image reminds us that <\/span> <b>life is an adventure<\/b><span style=\"font-weight: 400;\">and that <\/span><b>freedom and experiences are precious moments<\/b><span style=\"font-weight: 400;\">.<\/span><\/p>\n<p><b>What are the colours that make up the colours and what do they say?<\/b><\/p>\n<p><span style=\"font-weight: 400;\">The image is mainly <\/span><b>orange<\/b><span style=\"font-weight: 400;\">, <\/span><b>green<\/b><span style=\"font-weight: 400;\">, <\/span><b>blue<\/b><span style=\"font-weight: 400;\">, <\/span><b>red<\/b><span style=\"font-weight: 400;\"> and <\/span><b>white<\/b><span style=\"font-weight: 400;\"> shades. The <\/span> <b>orange<\/b><span style=\"font-weight: 400;\">  a  <\/span><b>Freedom<\/b><span style=\"font-weight: 400;\">, the  <\/span><b>joy of life<\/b><span style=\"font-weight: 400;\">  and the  <\/span><b>energy<\/b><span style=\"font-weight: 400;\">  colour, while the  <\/span><b>Green<\/b><span style=\"font-weight: 400;\">  and  <\/span><b>Blue<\/b><span style=\"font-weight: 400;\">  a  <\/span><b>Nature<\/b><span style=\"font-weight: 400;\">, a  <\/span><b>calm<\/b><span style=\"font-weight: 400;\">  and the  <\/span><b>harmony<\/b><span style=\"font-weight: 400;\">  symbols of. A   <\/span><b>red<\/b><span style=\"font-weight: 400;\">  a  <\/span><b>a sense of adventure<\/b><span style=\"font-weight: 400;\">, a  <\/span><b>passion<\/b><span style=\"font-weight: 400;\">  and the  <\/span><b>joy of life<\/b><span style=\"font-weight: 400;\">  conveys the message of the  <\/span><b>white<\/b><span style=\"font-weight: 400;\">  a  <\/span><b>clean start<\/b><span style=\"font-weight: 400;\">, a  <\/span><b>calm<\/b><span style=\"font-weight: 400;\">  and the  <\/span><b>harmony<\/b><span style=\"font-weight: 400;\">  colour. These colours together   <\/span><b>holidays<\/b><span style=\"font-weight: 400;\">, <\/span><b>my love of life<\/b><span style=\"font-weight: 400;\"> and <\/span><b>a sense of adventure<\/b><span style=\"font-weight: 400;\"> inspire.<\/span><\/p>\n<p><b>What mood does it represent?<\/b><\/p>\n<p><span style=\"font-weight: 400;\">The picture <\/span><b>freedom<\/b><span style=\"font-weight: 400;\">, <\/span><b>my love of life<\/b><span style=\"font-weight: 400;\"> and <\/span><b>a sense of adventure<\/b><span style=\"font-weight: 400;\"> The colourful Volkswagen T2 minibus and the tropical environment <\/span> <b>freedom<\/b><span style=\"font-weight: 400;\">, <\/span><b>a sense of adventure<\/b><span style=\"font-weight: 400;\"> and <\/span><b>zest for life<\/b><span style=\"font-weight: 400;\"> life. Ideal for those who are <\/span>  <b>everyday stress<\/b><span style=\"font-weight: 400;\"> in the midst of the <\/span><b>freedom<\/b><span style=\"font-weight: 400;\">, a <\/span><b>sense of adventure<\/b><span style=\"font-weight: 400;\"> and <\/span><b>zest for life<\/b><span style=\"font-weight: 400;\"> moments.<\/span><\/p>\n<p><b>Who is it recommended for?<\/b><\/p>\n<ul>\n<li style=\"font-weight: 400;\" aria-level=\"1\"><b>For the adventurous<\/b><span style=\"font-weight: 400;\">, who are looking for <\/span><b>freedom<\/b><span style=\"font-weight: 400;\"> and <\/span><b>the spirit of adventure<\/b><span style=\"font-weight: 400;\"> lovers of adventure and adventure.<\/span><\/li>\n<li style=\"font-weight: 400;\" aria-level=\"1\"><b>For travel and surf lovers<\/b><span style=\"font-weight: 400;\">, who are looking for <\/span><b>joie de vivre<\/b><span style=\"font-weight: 400;\"> and <\/span><b>beauty of nature<\/b><span style=\"font-weight: 400;\"> the importance of nature.<\/span><\/li>\n<li style=\"font-weight: 400;\" aria-level=\"1\"><b>For hippies and free spirits<\/b><span style=\"font-weight: 400;\">who are <\/span><b>freedom<\/b><span style=\"font-weight: 400;\"> and <\/span><b>independence<\/b><span style=\"font-weight: 400;\"> the value of freedom and freedom.<\/span><\/li>\n<li style=\"font-weight: 400;\" aria-level=\"1\"><b>For gift seekers<\/b><span style=\"font-weight: 400;\">who want something <\/span><b>freedom<\/b><span style=\"font-weight: 400;\"> and <\/span><b>and adventurous<\/b><span style=\"font-weight: 400;\"> to give to their loved ones.<\/span><\/li>\n<\/ul>\n<p><b>Which spaces and styles are suitable?<\/b><\/p>\n<p><span style=\"font-weight: 400;\">A <\/span><b>&#8220;Freedom Wave&#8221;<\/b><span style=\"font-weight: 400;\"> is a perfect fit:<\/span><\/p>\n<ul>\n<li style=\"font-weight: 400;\" aria-level=\"1\"><b>Travel agencies<\/b><span style=\"font-weight: 400;\">, where the <\/span><b>holidays<\/b><span style=\"font-weight: 400;\"> and <\/span><b>the spirit of adventure<\/b><span style=\"font-weight: 400;\"> dominate.<\/span><\/li>\n<li style=\"font-weight: 400;\" aria-level=\"1\"><b>For surf clubs or beach decoration<\/b><span style=\"font-weight: 400;\">where the <\/span><b>joie de vivre<\/b><span style=\"font-weight: 400;\"> and <\/span><b>the beauty of nature<\/b><span style=\"font-weight: 400;\"> nature is important.<\/span><\/li>\n<li style=\"font-weight: 400;\" aria-level=\"1\"><b>Young, free-spirited apartments<\/b><span style=\"font-weight: 400;\">where the <\/span><b>freedom<\/b><span style=\"font-weight: 400;\"> and <\/span><b>and adventure<\/b><span style=\"font-weight: 400;\"> are key.<\/span><\/li>\n<li style=\"font-weight: 400;\" aria-level=\"1\"><b>To the offices of companies organising adventure tours<\/b><span style=\"font-weight: 400;\">where the <\/span><b>freedom<\/b><span style=\"font-weight: 400;\"> and <\/span><b>joy of life<\/b><span style=\"font-weight: 400;\"> dominate.<\/span><\/li>\n<\/ul>\n<p><b>In what situation can it help?<\/b><\/p>\n<ul>\n<li style=\"font-weight: 400;\" aria-level=\"1\"><span style=\"font-weight: 400;\">If <\/span><b>holidays<\/b><span style=\"font-weight: 400;\"> and <\/span><b>a sense of adventure<\/b><span style=\"font-weight: 400;\"> in life.<\/span><\/li>\n<li style=\"font-weight: 400;\" aria-level=\"1\"><span style=\"font-weight: 400;\">If <\/span><b>my life story<\/b><span style=\"font-weight: 400;\"> and <\/span><b>the beauty of nature<\/b><span style=\"font-weight: 400;\"> in your home or workspace.<\/span><\/li>\n<li style=\"font-weight: 400;\" aria-level=\"1\"><span style=\"font-weight: 400;\">If <\/span><b>holidays<\/b><span style=\"font-weight: 400;\"> and <\/span><b>independence<\/b><span style=\"font-weight: 400;\"> in your environment.<\/span><\/li>\n<li style=\"font-weight: 400;\" aria-level=\"1\"><span style=\"font-weight: 400;\">If <\/span><b>gift from<\/b><span style=\"font-weight: 400;\"> for someone who loves the <\/span><b>freedom<\/b><span style=\"font-weight: 400;\"> and <\/span><b>a sense of adventure<\/b><span style=\"font-weight: 400;\">.<\/span><\/li>\n<\/ul>\n<p><b>Why buy it?<\/b><\/p>\n<ul>\n<li style=\"font-weight: 400;\" aria-level=\"1\"><b>Print on Demand (POD)<\/b><span style=\"font-weight: 400;\"> available, so <\/span><b>environmentally friendly<\/b><span style=\"font-weight: 400;\">, <\/span><b>zero stock<\/b><span style=\"font-weight: 400;\">, <\/span><b>zero waste<\/b><span style=\"font-weight: 400;\">.<\/span><\/li>\n<li style=\"font-weight: 400;\" aria-level=\"1\"><b>Digitally downloadable<\/b><span style=\"font-weight: 400;\">, so it is immediately available to you, and <\/span><b>a sustainable solution<\/b><span style=\"font-weight: 400;\">.<\/span><\/li>\n<li style=\"font-weight: 400;\" aria-level=\"1\"><b>Cultural fusion<\/b><span style=\"font-weight: 400;\"> a unique artistic creation, which <\/span><b>tells a story<\/b><span style=\"font-weight: 400;\"> and <\/span><b>creates atmosphere<\/b><span style=\"font-weight: 400;\">.<\/span><\/li>\n<\/ul>\n","protected":false},"excerpt":{"rendered":"<p>Discover the &#8220;Freedom Wave&#8221; our lively and adventurous artistic creation, which is a colourful Volkswagen T2 minibus depicts the tropical beach, surfboards and with palms surrounded! This picture is from cultural fusion and was made in the spirit of Freedom, a a sense of adventure and the joy of life carries the message. What story [&hellip;]<\/p>\n","protected":false},"featured_media":1700,"template":"","meta":{"_acf_changed":false},"product_brand":[],"product_cat":[73,74,72,71],"product_tag":[],"class_list":{"0":"post-2197","1":"product","2":"type-product","3":"status-publish","4":"has-post-thumbnail","6":"product_cat-ai-generated-works","7":"product_cat-functional-decoration","8":"product_cat-modern-minimalist-motifs","9":"product_cat-natural-visuals","11":"first","12":"instock","13":"taxable","14":"shipping-taxable","15":"purchasable","16":"product-type-variable"},"acf":[],"yoast_head":"<!-- This site is optimized with the Yoast SEO Premium plugin v27.2 (Yoast SEO v27.2) - https:\/\/yoast.com\/product\/yoast-seo-premium-wordpress\/ -->\n<title>Freedom Wave - PRANDARTO cultural fusion<\/title>\n<meta name=\"description\" content=\"Ride to freedom with the &quot;Freedom Wave&quot;! Vintage VW T2 van, palm trees and surfboards in a vibrant tropical image. Bring the endless summer and sense of adventure into your home with our sustainable digital print!\" \/>\n<meta name=\"robots\" content=\"noindex, follow, max-snippet:-1, max-image-preview:large, max-video-preview:-1\" \/>\n<meta property=\"og:locale\" content=\"en_US\" \/>\n<meta property=\"og:type\" content=\"article\" \/>\n<meta property=\"og:title\" content=\"Freedom Wave\" \/>\n<meta property=\"og:description\" content=\"Ride to freedom with the &quot;Freedom Wave&quot;! Vintage VW T2 van, palm trees and surfboards in a vibrant tropical image. Bring the endless summer and sense of adventure into your home with our sustainable digital print!\" \/>\n<meta property=\"og:url\" content=\"https:\/\/prandarto.com\/en\/termek\/freedom-wave\/\" \/>\n<meta property=\"og:site_name\" content=\"PRANDARTO cultural fusion\" \/>\n<meta property=\"og:image\" content=\"https:\/\/prandarto.com\/wp-content\/uploads\/2026\/01\/Alap_Mckp_Prandarto-29.jpg\" \/>\n\t<meta property=\"og:image:width\" content=\"1050\" \/>\n\t<meta property=\"og:image:height\" content=\"1050\" \/>\n\t<meta property=\"og:image:type\" content=\"image\/jpeg\" \/>\n<meta name=\"twitter:card\" content=\"summary_large_image\" \/>\n<meta name=\"twitter:label1\" content=\"Est. reading time\" \/>\n\t<meta name=\"twitter:data1\" content=\"3 minutes\" \/>\n<script type=\"application\/ld+json\" class=\"yoast-schema-graph\">{\"@context\":\"https:\/\/schema.org\",\"@graph\":[{\"@type\":\"WebPage\",\"@id\":\"https:\/\/prandarto.com\/en\/termek\/freedom-wave\/\",\"url\":\"https:\/\/prandarto.com\/en\/termek\/freedom-wave\/\",\"name\":\"Freedom Wave - PRANDARTO cultural fusion\",\"isPartOf\":{\"@id\":\"https:\/\/prandarto.com\/en\/#website\"},\"primaryImageOfPage\":{\"@id\":\"https:\/\/prandarto.com\/en\/termek\/freedom-wave\/#primaryimage\"},\"image\":{\"@id\":\"https:\/\/prandarto.com\/en\/termek\/freedom-wave\/#primaryimage\"},\"thumbnailUrl\":\"https:\/\/prandarto.com\/wp-content\/uploads\/2026\/01\/Alap_Mckp_Prandarto-29.jpg\",\"datePublished\":\"2026-01-22T12:26:22+00:00\",\"description\":\"Ride to freedom with the \\\"Freedom Wave\\\"! Vintage VW T2 van, palm trees and surfboards in a vibrant tropical image. Bring the endless summer and sense of adventure into your home with our sustainable digital print!\",\"breadcrumb\":{\"@id\":\"https:\/\/prandarto.com\/en\/termek\/freedom-wave\/#breadcrumb\"},\"inLanguage\":\"en-US\",\"potentialAction\":[{\"@type\":\"ReadAction\",\"target\":[\"https:\/\/prandarto.com\/en\/termek\/freedom-wave\/\"]}]},{\"@type\":\"ImageObject\",\"inLanguage\":\"en-US\",\"@id\":\"https:\/\/prandarto.com\/en\/termek\/freedom-wave\/#primaryimage\",\"url\":\"https:\/\/prandarto.com\/wp-content\/uploads\/2026\/01\/Alap_Mckp_Prandarto-29.jpg\",\"contentUrl\":\"https:\/\/prandarto.com\/wp-content\/uploads\/2026\/01\/Alap_Mckp_Prandarto-29.jpg\",\"width\":1050,\"height\":1050,\"caption\":\"Szabads\u00e1ghull\u00e1m\"},{\"@type\":\"BreadcrumbList\",\"@id\":\"https:\/\/prandarto.com\/en\/termek\/freedom-wave\/#breadcrumb\",\"itemListElement\":[{\"@type\":\"ListItem\",\"position\":1,\"name\":\"Kezd\u0151lap\",\"item\":\"https:\/\/prandarto.com\/en\/\"},{\"@type\":\"ListItem\",\"position\":2,\"name\":\"Shop\",\"item\":\"https:\/\/prandarto.com\/en\/shop\/\"},{\"@type\":\"ListItem\",\"position\":3,\"name\":\"Freedom Wave\"}]},{\"@type\":\"WebSite\",\"@id\":\"https:\/\/prandarto.com\/en\/#website\",\"url\":\"https:\/\/prandarto.com\/en\/\",\"name\":\"PRANDARTO cultural fusion\",\"description\":\"Egyedi digit\u00e1lis m\u0171vek, AI Art \u00e9s fot\u00f3alap\u00fa alkot\u00e1sok. Letisztult, modern vizu\u00e1lis \u00e9lm\u00e9ny otthonra, \u00fczletekbe \u00e9s k\u00f6z\u00f6ss\u00e9gi terekbe. Azonnali let\u00f6lt\u00e9s, szabad nyomtat\u00e1s.\",\"publisher\":{\"@id\":\"https:\/\/prandarto.com\/en\/#organization\"},\"potentialAction\":[{\"@type\":\"SearchAction\",\"target\":{\"@type\":\"EntryPoint\",\"urlTemplate\":\"https:\/\/prandarto.com\/en\/?s={search_term_string}\"},\"query-input\":{\"@type\":\"PropertyValueSpecification\",\"valueRequired\":true,\"valueName\":\"search_term_string\"}}],\"inLanguage\":\"en-US\"},{\"@type\":\"Organization\",\"@id\":\"https:\/\/prandarto.com\/en\/#organization\",\"name\":\"PRANDARTO cultural fusion\",\"url\":\"https:\/\/prandarto.com\/en\/\",\"logo\":{\"@type\":\"ImageObject\",\"inLanguage\":\"en-US\",\"@id\":\"https:\/\/prandarto.com\/en\/#\/schema\/logo\/image\/\",\"url\":\"https:\/\/prandarto.com\/wp-content\/uploads\/2025\/10\/PRANDARTO-LOGO-e1764685807372.png\",\"contentUrl\":\"https:\/\/prandarto.com\/wp-content\/uploads\/2025\/10\/PRANDARTO-LOGO-e1764685807372.png\",\"width\":500,\"height\":500,\"caption\":\"PRANDARTO cultural fusion\"},\"image\":{\"@id\":\"https:\/\/prandarto.com\/en\/#\/schema\/logo\/image\/\"}}]}<\/script>\n<!-- \/ Yoast SEO Premium plugin. -->","yoast_head_json":{"title":"Freedom Wave - PRANDARTO cultural fusion","description":"Ride to freedom with the \"Freedom Wave\"! Vintage VW T2 van, palm trees and surfboards in a vibrant tropical image. Bring the endless summer and sense of adventure into your home with our sustainable digital print!","robots":{"index":"noindex","follow":"follow","max-snippet":"max-snippet:-1","max-image-preview":"max-image-preview:large","max-video-preview":"max-video-preview:-1"},"og_locale":"en_US","og_type":"article","og_title":"Freedom Wave","og_description":"Ride to freedom with the \"Freedom Wave\"! Vintage VW T2 van, palm trees and surfboards in a vibrant tropical image. Bring the endless summer and sense of adventure into your home with our sustainable digital print!","og_url":"https:\/\/prandarto.com\/en\/termek\/freedom-wave\/","og_site_name":"PRANDARTO cultural fusion","og_image":[{"width":1050,"height":1050,"url":"https:\/\/prandarto.com\/wp-content\/uploads\/2026\/01\/Alap_Mckp_Prandarto-29.jpg","type":"image\/jpeg"}],"twitter_card":"summary_large_image","twitter_misc":{"Est. reading time":"3 minutes"},"schema":{"@context":"https:\/\/schema.org","@graph":[{"@type":"WebPage","@id":"https:\/\/prandarto.com\/en\/termek\/freedom-wave\/","url":"https:\/\/prandarto.com\/en\/termek\/freedom-wave\/","name":"Freedom Wave - PRANDARTO cultural fusion","isPartOf":{"@id":"https:\/\/prandarto.com\/en\/#website"},"primaryImageOfPage":{"@id":"https:\/\/prandarto.com\/en\/termek\/freedom-wave\/#primaryimage"},"image":{"@id":"https:\/\/prandarto.com\/en\/termek\/freedom-wave\/#primaryimage"},"thumbnailUrl":"https:\/\/prandarto.com\/wp-content\/uploads\/2026\/01\/Alap_Mckp_Prandarto-29.jpg","datePublished":"2026-01-22T12:26:22+00:00","description":"Ride to freedom with the \"Freedom Wave\"! Vintage VW T2 van, palm trees and surfboards in a vibrant tropical image. Bring the endless summer and sense of adventure into your home with our sustainable digital print!","breadcrumb":{"@id":"https:\/\/prandarto.com\/en\/termek\/freedom-wave\/#breadcrumb"},"inLanguage":"en-US","potentialAction":[{"@type":"ReadAction","target":["https:\/\/prandarto.com\/en\/termek\/freedom-wave\/"]}]},{"@type":"ImageObject","inLanguage":"en-US","@id":"https:\/\/prandarto.com\/en\/termek\/freedom-wave\/#primaryimage","url":"https:\/\/prandarto.com\/wp-content\/uploads\/2026\/01\/Alap_Mckp_Prandarto-29.jpg","contentUrl":"https:\/\/prandarto.com\/wp-content\/uploads\/2026\/01\/Alap_Mckp_Prandarto-29.jpg","width":1050,"height":1050,"caption":"Szabads\u00e1ghull\u00e1m"},{"@type":"BreadcrumbList","@id":"https:\/\/prandarto.com\/en\/termek\/freedom-wave\/#breadcrumb","itemListElement":[{"@type":"ListItem","position":1,"name":"Kezd\u0151lap","item":"https:\/\/prandarto.com\/en\/"},{"@type":"ListItem","position":2,"name":"Shop","item":"https:\/\/prandarto.com\/en\/shop\/"},{"@type":"ListItem","position":3,"name":"Freedom Wave"}]},{"@type":"WebSite","@id":"https:\/\/prandarto.com\/en\/#website","url":"https:\/\/prandarto.com\/en\/","name":"PRANDARTO cultural fusion","description":"Egyedi digit\u00e1lis m\u0171vek, AI Art \u00e9s fot\u00f3alap\u00fa alkot\u00e1sok. Letisztult, modern vizu\u00e1lis \u00e9lm\u00e9ny otthonra, \u00fczletekbe \u00e9s k\u00f6z\u00f6ss\u00e9gi terekbe. Azonnali let\u00f6lt\u00e9s, szabad nyomtat\u00e1s.","publisher":{"@id":"https:\/\/prandarto.com\/en\/#organization"},"potentialAction":[{"@type":"SearchAction","target":{"@type":"EntryPoint","urlTemplate":"https:\/\/prandarto.com\/en\/?s={search_term_string}"},"query-input":{"@type":"PropertyValueSpecification","valueRequired":true,"valueName":"search_term_string"}}],"inLanguage":"en-US"},{"@type":"Organization","@id":"https:\/\/prandarto.com\/en\/#organization","name":"PRANDARTO cultural fusion","url":"https:\/\/prandarto.com\/en\/","logo":{"@type":"ImageObject","inLanguage":"en-US","@id":"https:\/\/prandarto.com\/en\/#\/schema\/logo\/image\/","url":"https:\/\/prandarto.com\/wp-content\/uploads\/2025\/10\/PRANDARTO-LOGO-e1764685807372.png","contentUrl":"https:\/\/prandarto.com\/wp-content\/uploads\/2025\/10\/PRANDARTO-LOGO-e1764685807372.png","width":500,"height":500,"caption":"PRANDARTO cultural fusion"},"image":{"@id":"https:\/\/prandarto.com\/en\/#\/schema\/logo\/image\/"}}]}},"_links":{"self":[{"href":"https:\/\/prandarto.com\/en\/wp-json\/wp\/v2\/product\/2197","targetHints":{"allow":["GET"]}}],"collection":[{"href":"https:\/\/prandarto.com\/en\/wp-json\/wp\/v2\/product"}],"about":[{"href":"https:\/\/prandarto.com\/en\/wp-json\/wp\/v2\/types\/product"}],"wp:featuredmedia":[{"embeddable":true,"href":"https:\/\/prandarto.com\/en\/wp-json\/wp\/v2\/media\/1700"}],"wp:attachment":[{"href":"https:\/\/prandarto.com\/en\/wp-json\/wp\/v2\/media?parent=2197"}],"wp:term":[{"taxonomy":"product_brand","embeddable":true,"href":"https:\/\/prandarto.com\/en\/wp-json\/wp\/v2\/product_brand?post=2197"},{"taxonomy":"product_cat","embeddable":true,"href":"https:\/\/prandarto.com\/en\/wp-json\/wp\/v2\/product_cat?post=2197"},{"taxonomy":"product_tag","embeddable":true,"href":"https:\/\/prandarto.com\/en\/wp-json\/wp\/v2\/product_tag?post=2197"}],"curies":[{"name":"wp","href":"https:\/\/api.w.org\/{rel}","templated":true}]}}