{"id":2189,"date":"2026-01-22T13:12:56","date_gmt":"2026-01-22T12:12:56","guid":{"rendered":"https:\/\/prandarto.com\/termek\/unity-of-soul\/"},"modified":"2026-01-22T13:12:56","modified_gmt":"2026-01-22T12:12:56","slug":"unity-of-soul","status":"publish","type":"product","link":"https:\/\/prandarto.com\/en\/termek\/unity-of-soul\/","title":{"rendered":"Unity of soul"},"content":{"rendered":"<p><span style=\"font-weight: 400;\">Discover the  <\/span><b>&#8220;Unity of Spirit&#8221;<\/b><span style=\"font-weight: 400;\">  a deeply symbolic and inspiring work of art, which is a  <\/span><b>female figure<\/b><span style=\"font-weight: 400;\">  whose body  <\/span><b>natural motifs<\/b><span style=\"font-weight: 400;\">  and  <\/span><b>modern technological elements<\/b><span style=\"font-weight: 400;\">  while standing among water lilies! This picture is from   <\/span><b>cultural fusion<\/b><span style=\"font-weight: 400;\">  and was made in the spirit of  <\/span><b>harmony between nature and technology<\/b><span style=\"font-weight: 400;\">, a  <\/span><b>internal balance<\/b><span style=\"font-weight: 400;\">  and the  <\/span><b>spiritual growth<\/b><span style=\"font-weight: 400;\">  carries the message.<\/span><\/p>\n<p><b>What story does the picture tell?<\/b><\/p>\n<p><span style=\"font-weight: 400;\">From <\/span><b>&#8220;Unity of Spirit&#8221;<\/b><span style=\"font-weight: 400;\"> a <\/span><b>the harmony of nature and technology<\/b><span style=\"font-weight: 400;\">, a <\/span><b>inner balance<\/b><span style=\"font-weight: 400;\"> and <\/span><b>spiritual growth<\/b><span style=\"font-weight: 400;\"> and spirituality. The water lilies are the <\/span> <b>clear thoughts<\/b><span style=\"font-weight: 400;\">, a <\/span><b>calm<\/b><span style=\"font-weight: 400;\"> and <\/span><b>the beauty of nature<\/b><span style=\"font-weight: 400;\"> of nature, while the natural motifs and technological elements on the female figure&#8217;s body are symbols of <\/span><b>harmony<\/b><span style=\"font-weight: 400;\">, the <\/span><b>unity<\/b><span style=\"font-weight: 400;\"> and <\/span><b>trust in the future<\/b><span style=\"font-weight: 400;\"> in the future. This image reminds us that <\/span> <b>nature and technology can exist in balance<\/b><span style=\"font-weight: 400;\">, and that <\/span><b>inner balance and spiritual growth are key to life<\/b><span style=\"font-weight: 400;\">.<\/span><\/p>\n<p><b>What are the colours that make up the colours and what do they say?<\/b><\/p>\n<p><span style=\"font-weight: 400;\">The image is mainly <\/span><b>green<\/b><span style=\"font-weight: 400;\">, <\/span><b>blue<\/b><span style=\"font-weight: 400;\">, <\/span><b>white<\/b><span style=\"font-weight: 400;\">, <\/span><b>pink<\/b><span style=\"font-weight: 400;\"> and <\/span><b>greyish<\/b><span style=\"font-weight: 400;\"> shades. The <\/span> <b>Green<\/b><span style=\"font-weight: 400;\">  a  <\/span><b>Nature<\/b><span style=\"font-weight: 400;\">, a  <\/span><b>Growth<\/b><span style=\"font-weight: 400;\">  and the  <\/span><b>harmony<\/b><span style=\"font-weight: 400;\">  colour, while the  <\/span><b>Blue<\/b><span style=\"font-weight: 400;\">  a  <\/span><b>calm<\/b><span style=\"font-weight: 400;\">, a  <\/span><b>peace<\/b><span style=\"font-weight: 400;\">  and the  <\/span><b>spiritual power<\/b><span style=\"font-weight: 400;\">  symbol of. A   <\/span><b>white<\/b><span style=\"font-weight: 400;\">  a  <\/span><b>clean start<\/b><span style=\"font-weight: 400;\">, a  <\/span><b>calm<\/b><span style=\"font-weight: 400;\">  and the  <\/span><b>harmony<\/b><span style=\"font-weight: 400;\">  colour, while the  <\/span><b>pink<\/b><span style=\"font-weight: 400;\">  from  <\/span><b>joy of life<\/b><span style=\"font-weight: 400;\">, a  <\/span><b>Beauty<\/b><span style=\"font-weight: 400;\">  and the  <\/span><b>calm<\/b><span style=\"font-weight: 400;\">  conveys the message of. These colours together   <\/span><b>harmony<\/b><span style=\"font-weight: 400;\">, <\/span><b>inner balance<\/b><span style=\"font-weight: 400;\"> and <\/span><b>spiritual growth<\/b><span style=\"font-weight: 400;\"> spirituality.<\/span><\/p>\n<p><b>What mood does it represent?<\/b><\/p>\n<p><span style=\"font-weight: 400;\">The picture <\/span><b>harmony<\/b><span style=\"font-weight: 400;\">, <\/span><b>inner balance<\/b><span style=\"font-weight: 400;\"> and <\/span><b>spiritual growth<\/b><span style=\"font-weight: 400;\"> The water lilies and the female figure <\/span> <b>calm<\/b><span style=\"font-weight: 400;\">, <\/span><b>harmony<\/b><span style=\"font-weight: 400;\"> and <\/span><b>inner balance<\/b><span style=\"font-weight: 400;\"> and inner peace. Ideal for those who <\/span>  <b>everyday stress<\/b><span style=\"font-weight: 400;\"> in the midst of stress and <\/span><b>inner balance<\/b><span style=\"font-weight: 400;\">, a <\/span><b>harmony<\/b><span style=\"font-weight: 400;\"> and <\/span><b>spiritual growth<\/b><span style=\"font-weight: 400;\"> moments of spirituality.<\/span><\/p>\n<p><b>Who is it recommended for?<\/b><\/p>\n<ul>\n<li style=\"font-weight: 400;\" aria-level=\"1\"><b>For spiritual seekers<\/b><span style=\"font-weight: 400;\">who are looking for <\/span><b>inner balance<\/b><span style=\"font-weight: 400;\"> and <\/span><b>spiritual growth<\/b><span style=\"font-weight: 400;\"> lovers.<\/span><\/li>\n<li style=\"font-weight: 400;\" aria-level=\"1\"><b>For people with a modern lifestyle<\/b><span style=\"font-weight: 400;\">, who are looking for <\/span><b>harmony of nature and technology<\/b><span style=\"font-weight: 400;\"> the importance of harmony and harmony.<\/span><\/li>\n<li style=\"font-weight: 400;\" aria-level=\"1\"><b>For wellness and meditation enthusiasts<\/b><span style=\"font-weight: 400;\">who are looking for <\/span><b>tranquility<\/b><span style=\"font-weight: 400;\"> and <\/span><b>harmony<\/b><span style=\"font-weight: 400;\"> the importance of peace and tranquillity.<\/span><\/li>\n<li style=\"font-weight: 400;\" aria-level=\"1\"><b>For gift seekers<\/b><span style=\"font-weight: 400;\">who want something <\/span><b>inner balance<\/b><span style=\"font-weight: 400;\"> and <\/span><b>and spiritual growth<\/b><span style=\"font-weight: 400;\"> to give to their loved ones.<\/span><\/li>\n<\/ul>\n<p><b>Which spaces and styles are suitable?<\/b><\/p>\n<p><span style=\"font-weight: 400;\">From <\/span><b>&#8220;Unity of Spirit&#8221;<\/b><span style=\"font-weight: 400;\"> fits perfectly:<\/span><\/p>\n<ul>\n<li style=\"font-weight: 400;\" aria-level=\"1\"><b>Into spiritual spaces<\/b><span style=\"font-weight: 400;\">where the <\/span><b>inner balance<\/b><span style=\"font-weight: 400;\"> and <\/span><b>harmony<\/b><span style=\"font-weight: 400;\"> dominates.<\/span><\/li>\n<li style=\"font-weight: 400;\" aria-level=\"1\"><b>Wellness rooms<\/b><span style=\"font-weight: 400;\">, where the <\/span><b>tranquility<\/b><span style=\"font-weight: 400;\"> and <\/span><b>spiritual growth<\/b><span style=\"font-weight: 400;\"> is important.<\/span><\/li>\n<li style=\"font-weight: 400;\" aria-level=\"1\"><b>Modern offices<\/b><span style=\"font-weight: 400;\">where the <\/span><b>harmony<\/b><span style=\"font-weight: 400;\"> and <\/span><b>balance of nature and technology<\/b><span style=\"font-weight: 400;\"> is key.<\/span><\/li>\n<li style=\"font-weight: 400;\" aria-level=\"1\"><b>Meditation or yoga rooms<\/b><span style=\"font-weight: 400;\">where the <\/span><b>tranquility<\/b><span style=\"font-weight: 400;\"> and <\/span><b>inner balance<\/b><span style=\"font-weight: 400;\"> dominates.<\/span><\/li>\n<\/ul>\n<p><b>In what situation can it help?<\/b><\/p>\n<ul>\n<li style=\"font-weight: 400;\" aria-level=\"1\"><span style=\"font-weight: 400;\">If <\/span><b>internal balance<\/b><span style=\"font-weight: 400;\"> and <\/span><b>harmony<\/b><span style=\"font-weight: 400;\"> in life.<\/span><\/li>\n<li style=\"font-weight: 400;\" aria-level=\"1\"><span style=\"font-weight: 400;\">If <\/span><b>spiritual growth<\/b><span style=\"font-weight: 400;\"> and <\/span><b>peace of mind<\/b><span style=\"font-weight: 400;\"> in your home or workspace.<\/span><\/li>\n<li style=\"font-weight: 400;\" aria-level=\"1\"><span style=\"font-weight: 400;\">If <\/span><b>the harmony of nature and technology<\/b><span style=\"font-weight: 400;\"> in your environment.<\/span><\/li>\n<li style=\"font-weight: 400;\" aria-level=\"1\"><span style=\"font-weight: 400;\">If <\/span><b>gift from<\/b><span style=\"font-weight: 400;\"> for someone who loves the <\/span><b>inner balance<\/b><span style=\"font-weight: 400;\"> and <\/span><b>spiritual growth<\/b><span style=\"font-weight: 400;\">.<\/span><\/li>\n<\/ul>\n<p><b>Why buy it?<\/b><\/p>\n<ul>\n<li style=\"font-weight: 400;\" aria-level=\"1\"><b>Print on Demand (POD)<\/b><span style=\"font-weight: 400;\"> available, so <\/span><b>environmentally friendly<\/b><span style=\"font-weight: 400;\">, <\/span><b>zero stock<\/b><span style=\"font-weight: 400;\">, <\/span><b>zero waste<\/b><span style=\"font-weight: 400;\">.<\/span><\/li>\n<li style=\"font-weight: 400;\" aria-level=\"1\"><b>Digitally downloadable<\/b><span style=\"font-weight: 400;\">, so it is immediately available to you, and <\/span><b>a sustainable solution<\/b><span style=\"font-weight: 400;\">.<\/span><\/li>\n<li style=\"font-weight: 400;\" aria-level=\"1\"><b>Cultural fusion<\/b><span style=\"font-weight: 400;\"> a unique artistic creation, which <\/span><b>tells a story<\/b><span style=\"font-weight: 400;\"> and <\/span><b>creates atmosphere<\/b><span style=\"font-weight: 400;\">.<\/span><\/li>\n<\/ul>\n","protected":false},"excerpt":{"rendered":"<p>Discover the &#8220;Unity of Spirit&#8221; a deeply symbolic and inspiring work of art, which is a female figure whose body natural motifs and modern technological elements while standing among water lilies! This picture is from cultural fusion and was made in the spirit of harmony between nature and technology, a internal balance and the spiritual [&hellip;]<\/p>\n","protected":false},"featured_media":1717,"template":"","meta":{"_acf_changed":false},"product_brand":[],"product_cat":[73,74,72,71,70],"product_tag":[],"class_list":{"0":"post-2189","1":"product","2":"type-product","3":"status-publish","4":"has-post-thumbnail","6":"product_cat-ai-generated-works","7":"product_cat-functional-decoration","8":"product_cat-modern-minimalist-motifs","9":"product_cat-natural-visuals","10":"product_cat-zen-and-meditative-moods","12":"first","13":"instock","14":"taxable","15":"shipping-taxable","16":"purchasable","17":"product-type-variable"},"acf":[],"yoast_head":"<!-- This site is optimized with the Yoast SEO Premium plugin v27.2 (Yoast SEO v27.2) - https:\/\/yoast.com\/product\/yoast-seo-premium-wordpress\/ -->\n<title>Unity of soul - PRANDARTO cultural fusion<\/title>\n<meta name=\"description\" content=\"Find your inner peace with the &quot;Unity Soul&quot; artwork! A mystical harmony of nature and technology in a female figure among water lilies. Sustainable digital print for spiritual growth and a peaceful home.\" \/>\n<meta name=\"robots\" content=\"noindex, follow, max-snippet:-1, max-image-preview:large, max-video-preview:-1\" \/>\n<meta property=\"og:locale\" content=\"en_US\" \/>\n<meta property=\"og:type\" content=\"article\" \/>\n<meta property=\"og:title\" content=\"Unity of soul\" \/>\n<meta property=\"og:description\" content=\"Find your inner peace with the &quot;Unity Soul&quot; artwork! A mystical harmony of nature and technology in a female figure among water lilies. Sustainable digital print for spiritual growth and a peaceful home.\" \/>\n<meta property=\"og:url\" content=\"https:\/\/prandarto.com\/en\/termek\/unity-of-soul\/\" \/>\n<meta property=\"og:site_name\" content=\"PRANDARTO cultural fusion\" \/>\n<meta property=\"og:image\" content=\"https:\/\/prandarto.com\/wp-content\/uploads\/2026\/01\/Alap_Mckp_Prandarto-31.jpg\" \/>\n\t<meta property=\"og:image:width\" content=\"1050\" \/>\n\t<meta property=\"og:image:height\" content=\"1050\" \/>\n\t<meta property=\"og:image:type\" content=\"image\/jpeg\" \/>\n<meta name=\"twitter:card\" content=\"summary_large_image\" \/>\n<meta name=\"twitter:label1\" content=\"Est. reading time\" \/>\n\t<meta name=\"twitter:data1\" content=\"2 minutes\" \/>\n<script type=\"application\/ld+json\" class=\"yoast-schema-graph\">{\"@context\":\"https:\/\/schema.org\",\"@graph\":[{\"@type\":\"WebPage\",\"@id\":\"https:\/\/prandarto.com\/en\/termek\/unity-of-soul\/\",\"url\":\"https:\/\/prandarto.com\/en\/termek\/unity-of-soul\/\",\"name\":\"Unity of soul - PRANDARTO cultural fusion\",\"isPartOf\":{\"@id\":\"https:\/\/prandarto.com\/en\/#website\"},\"primaryImageOfPage\":{\"@id\":\"https:\/\/prandarto.com\/en\/termek\/unity-of-soul\/#primaryimage\"},\"image\":{\"@id\":\"https:\/\/prandarto.com\/en\/termek\/unity-of-soul\/#primaryimage\"},\"thumbnailUrl\":\"https:\/\/prandarto.com\/wp-content\/uploads\/2026\/01\/Alap_Mckp_Prandarto-31.jpg\",\"datePublished\":\"2026-01-22T12:12:56+00:00\",\"description\":\"Find your inner peace with the \\\"Unity Soul\\\" artwork! A mystical harmony of nature and technology in a female figure among water lilies. Sustainable digital print for spiritual growth and a peaceful home.\",\"breadcrumb\":{\"@id\":\"https:\/\/prandarto.com\/en\/termek\/unity-of-soul\/#breadcrumb\"},\"inLanguage\":\"en-US\",\"potentialAction\":[{\"@type\":\"ReadAction\",\"target\":[\"https:\/\/prandarto.com\/en\/termek\/unity-of-soul\/\"]}]},{\"@type\":\"ImageObject\",\"inLanguage\":\"en-US\",\"@id\":\"https:\/\/prandarto.com\/en\/termek\/unity-of-soul\/#primaryimage\",\"url\":\"https:\/\/prandarto.com\/wp-content\/uploads\/2026\/01\/Alap_Mckp_Prandarto-31.jpg\",\"contentUrl\":\"https:\/\/prandarto.com\/wp-content\/uploads\/2026\/01\/Alap_Mckp_Prandarto-31.jpg\",\"width\":1050,\"height\":1050,\"caption\":\"Egys\u00e9g l\u00e9lek\"},{\"@type\":\"BreadcrumbList\",\"@id\":\"https:\/\/prandarto.com\/en\/termek\/unity-of-soul\/#breadcrumb\",\"itemListElement\":[{\"@type\":\"ListItem\",\"position\":1,\"name\":\"Kezd\u0151lap\",\"item\":\"https:\/\/prandarto.com\/en\/\"},{\"@type\":\"ListItem\",\"position\":2,\"name\":\"Shop\",\"item\":\"https:\/\/prandarto.com\/en\/shop\/\"},{\"@type\":\"ListItem\",\"position\":3,\"name\":\"Unity of soul\"}]},{\"@type\":\"WebSite\",\"@id\":\"https:\/\/prandarto.com\/en\/#website\",\"url\":\"https:\/\/prandarto.com\/en\/\",\"name\":\"PRANDARTO cultural fusion\",\"description\":\"Egyedi digit\u00e1lis m\u0171vek, AI Art \u00e9s fot\u00f3alap\u00fa alkot\u00e1sok. Letisztult, modern vizu\u00e1lis \u00e9lm\u00e9ny otthonra, \u00fczletekbe \u00e9s k\u00f6z\u00f6ss\u00e9gi terekbe. Azonnali let\u00f6lt\u00e9s, szabad nyomtat\u00e1s.\",\"publisher\":{\"@id\":\"https:\/\/prandarto.com\/en\/#organization\"},\"potentialAction\":[{\"@type\":\"SearchAction\",\"target\":{\"@type\":\"EntryPoint\",\"urlTemplate\":\"https:\/\/prandarto.com\/en\/?s={search_term_string}\"},\"query-input\":{\"@type\":\"PropertyValueSpecification\",\"valueRequired\":true,\"valueName\":\"search_term_string\"}}],\"inLanguage\":\"en-US\"},{\"@type\":\"Organization\",\"@id\":\"https:\/\/prandarto.com\/en\/#organization\",\"name\":\"PRANDARTO cultural fusion\",\"url\":\"https:\/\/prandarto.com\/en\/\",\"logo\":{\"@type\":\"ImageObject\",\"inLanguage\":\"en-US\",\"@id\":\"https:\/\/prandarto.com\/en\/#\/schema\/logo\/image\/\",\"url\":\"https:\/\/prandarto.com\/wp-content\/uploads\/2025\/10\/PRANDARTO-LOGO-e1764685807372.png\",\"contentUrl\":\"https:\/\/prandarto.com\/wp-content\/uploads\/2025\/10\/PRANDARTO-LOGO-e1764685807372.png\",\"width\":500,\"height\":500,\"caption\":\"PRANDARTO cultural fusion\"},\"image\":{\"@id\":\"https:\/\/prandarto.com\/en\/#\/schema\/logo\/image\/\"}}]}<\/script>\n<!-- \/ Yoast SEO Premium plugin. -->","yoast_head_json":{"title":"Unity of soul - PRANDARTO cultural fusion","description":"Find your inner peace with the \"Unity Soul\" artwork! A mystical harmony of nature and technology in a female figure among water lilies. Sustainable digital print for spiritual growth and a peaceful home.","robots":{"index":"noindex","follow":"follow","max-snippet":"max-snippet:-1","max-image-preview":"max-image-preview:large","max-video-preview":"max-video-preview:-1"},"og_locale":"en_US","og_type":"article","og_title":"Unity of soul","og_description":"Find your inner peace with the \"Unity Soul\" artwork! A mystical harmony of nature and technology in a female figure among water lilies. Sustainable digital print for spiritual growth and a peaceful home.","og_url":"https:\/\/prandarto.com\/en\/termek\/unity-of-soul\/","og_site_name":"PRANDARTO cultural fusion","og_image":[{"width":1050,"height":1050,"url":"https:\/\/prandarto.com\/wp-content\/uploads\/2026\/01\/Alap_Mckp_Prandarto-31.jpg","type":"image\/jpeg"}],"twitter_card":"summary_large_image","twitter_misc":{"Est. reading time":"2 minutes"},"schema":{"@context":"https:\/\/schema.org","@graph":[{"@type":"WebPage","@id":"https:\/\/prandarto.com\/en\/termek\/unity-of-soul\/","url":"https:\/\/prandarto.com\/en\/termek\/unity-of-soul\/","name":"Unity of soul - PRANDARTO cultural fusion","isPartOf":{"@id":"https:\/\/prandarto.com\/en\/#website"},"primaryImageOfPage":{"@id":"https:\/\/prandarto.com\/en\/termek\/unity-of-soul\/#primaryimage"},"image":{"@id":"https:\/\/prandarto.com\/en\/termek\/unity-of-soul\/#primaryimage"},"thumbnailUrl":"https:\/\/prandarto.com\/wp-content\/uploads\/2026\/01\/Alap_Mckp_Prandarto-31.jpg","datePublished":"2026-01-22T12:12:56+00:00","description":"Find your inner peace with the \"Unity Soul\" artwork! A mystical harmony of nature and technology in a female figure among water lilies. Sustainable digital print for spiritual growth and a peaceful home.","breadcrumb":{"@id":"https:\/\/prandarto.com\/en\/termek\/unity-of-soul\/#breadcrumb"},"inLanguage":"en-US","potentialAction":[{"@type":"ReadAction","target":["https:\/\/prandarto.com\/en\/termek\/unity-of-soul\/"]}]},{"@type":"ImageObject","inLanguage":"en-US","@id":"https:\/\/prandarto.com\/en\/termek\/unity-of-soul\/#primaryimage","url":"https:\/\/prandarto.com\/wp-content\/uploads\/2026\/01\/Alap_Mckp_Prandarto-31.jpg","contentUrl":"https:\/\/prandarto.com\/wp-content\/uploads\/2026\/01\/Alap_Mckp_Prandarto-31.jpg","width":1050,"height":1050,"caption":"Egys\u00e9g l\u00e9lek"},{"@type":"BreadcrumbList","@id":"https:\/\/prandarto.com\/en\/termek\/unity-of-soul\/#breadcrumb","itemListElement":[{"@type":"ListItem","position":1,"name":"Kezd\u0151lap","item":"https:\/\/prandarto.com\/en\/"},{"@type":"ListItem","position":2,"name":"Shop","item":"https:\/\/prandarto.com\/en\/shop\/"},{"@type":"ListItem","position":3,"name":"Unity of soul"}]},{"@type":"WebSite","@id":"https:\/\/prandarto.com\/en\/#website","url":"https:\/\/prandarto.com\/en\/","name":"PRANDARTO cultural fusion","description":"Egyedi digit\u00e1lis m\u0171vek, AI Art \u00e9s fot\u00f3alap\u00fa alkot\u00e1sok. Letisztult, modern vizu\u00e1lis \u00e9lm\u00e9ny otthonra, \u00fczletekbe \u00e9s k\u00f6z\u00f6ss\u00e9gi terekbe. Azonnali let\u00f6lt\u00e9s, szabad nyomtat\u00e1s.","publisher":{"@id":"https:\/\/prandarto.com\/en\/#organization"},"potentialAction":[{"@type":"SearchAction","target":{"@type":"EntryPoint","urlTemplate":"https:\/\/prandarto.com\/en\/?s={search_term_string}"},"query-input":{"@type":"PropertyValueSpecification","valueRequired":true,"valueName":"search_term_string"}}],"inLanguage":"en-US"},{"@type":"Organization","@id":"https:\/\/prandarto.com\/en\/#organization","name":"PRANDARTO cultural fusion","url":"https:\/\/prandarto.com\/en\/","logo":{"@type":"ImageObject","inLanguage":"en-US","@id":"https:\/\/prandarto.com\/en\/#\/schema\/logo\/image\/","url":"https:\/\/prandarto.com\/wp-content\/uploads\/2025\/10\/PRANDARTO-LOGO-e1764685807372.png","contentUrl":"https:\/\/prandarto.com\/wp-content\/uploads\/2025\/10\/PRANDARTO-LOGO-e1764685807372.png","width":500,"height":500,"caption":"PRANDARTO cultural fusion"},"image":{"@id":"https:\/\/prandarto.com\/en\/#\/schema\/logo\/image\/"}}]}},"_links":{"self":[{"href":"https:\/\/prandarto.com\/en\/wp-json\/wp\/v2\/product\/2189","targetHints":{"allow":["GET"]}}],"collection":[{"href":"https:\/\/prandarto.com\/en\/wp-json\/wp\/v2\/product"}],"about":[{"href":"https:\/\/prandarto.com\/en\/wp-json\/wp\/v2\/types\/product"}],"wp:featuredmedia":[{"embeddable":true,"href":"https:\/\/prandarto.com\/en\/wp-json\/wp\/v2\/media\/1717"}],"wp:attachment":[{"href":"https:\/\/prandarto.com\/en\/wp-json\/wp\/v2\/media?parent=2189"}],"wp:term":[{"taxonomy":"product_brand","embeddable":true,"href":"https:\/\/prandarto.com\/en\/wp-json\/wp\/v2\/product_brand?post=2189"},{"taxonomy":"product_cat","embeddable":true,"href":"https:\/\/prandarto.com\/en\/wp-json\/wp\/v2\/product_cat?post=2189"},{"taxonomy":"product_tag","embeddable":true,"href":"https:\/\/prandarto.com\/en\/wp-json\/wp\/v2\/product_tag?post=2189"}],"curies":[{"name":"wp","href":"https:\/\/api.w.org\/{rel}","templated":true}]}}