{"id":2181,"date":"2026-01-22T12:36:07","date_gmt":"2026-01-22T11:36:07","guid":{"rendered":"https:\/\/prandarto.com\/termek\/olive-cap\/"},"modified":"2026-01-22T12:36:07","modified_gmt":"2026-01-22T11:36:07","slug":"olive-cap","status":"publish","type":"product","link":"https:\/\/prandarto.com\/en\/termek\/olive-cap\/","title":{"rendered":"Olive cap"},"content":{"rendered":"<p><span style=\"font-weight: 400;\">Discover the <\/span><b>&#8220;Olive Gate&#8221;<\/b><span style=\"font-weight: 400;\"> a Mediterranean-inspired artwork, which is a <\/span><b>a curved iron door in front of an orange wall<\/b><span style=\"font-weight: 400;\"> with the inscription: <\/span><b>&#8220;Oliva&#8221;<\/b><span style=\"font-weight: 400;\">. This image is from the <\/span> <b>cultural fusion<\/b><span style=\"font-weight: 400;\"> of the fusion of cultures. <\/span><b>Mediterranean lifestyle<\/b><span style=\"font-weight: 400;\">, a <\/span><b>tranquillity<\/b><span style=\"font-weight: 400;\"> and <\/span><b>minimalist elegance<\/b><span style=\"font-weight: 400;\"> and minimalism. The curved iron door and the orange wall <\/span>  <b>warmth<\/b><span style=\"font-weight: 400;\">, a <\/span><b>hospitality<\/b><span style=\"font-weight: 400;\"> and <\/span><b>minimalist style<\/b><span style=\"font-weight: 400;\"> symbols of minimalism.<\/span><\/p>\n<p><b>What story does the picture tell?<\/b><\/p>\n<p><span style=\"font-weight: 400;\">From  <\/span><b>&#8220;Olive gate&#8221;<\/b><span style=\"font-weight: 400;\">  a  <\/span><b>Mediterranean lifestyle<\/b><span style=\"font-weight: 400;\">, a  <\/span><b>hospitality<\/b><span style=\"font-weight: 400;\">  and the  <\/span><b>minimalist elegance<\/b><span style=\"font-weight: 400;\">  story. The curved iron door of the   <\/span><b>openness<\/b><span style=\"font-weight: 400;\">, a  <\/span><b>warmth<\/b><span style=\"font-weight: 400;\">  and the  <\/span><b>catering<\/b><span style=\"font-weight: 400;\">  while the orange wall is the symbol of the  <\/span><b>warmth<\/b><span style=\"font-weight: 400;\">, the  <\/span><b>joy of life<\/b><span style=\"font-weight: 400;\">  and the  <\/span><b>Mediterranean atmosphere<\/b><span style=\"font-weight: 400;\">  symbol of. This image reminds us that in life   <\/span><b>calm is important<\/b><span style=\"font-weight: 400;\">, a <\/span><b>hospitality<\/b><span style=\"font-weight: 400;\"> and <\/span><b>minimalist elegance<\/b><span style=\"font-weight: 400;\">.<\/span><\/p>\n<p><b>What are the colours that make up the colours and what do they say?<\/b><\/p>\n<p><span style=\"font-weight: 400;\">The image is mainly <\/span><b>orange<\/b><span style=\"font-weight: 400;\">, <\/span><b>black<\/b><span style=\"font-weight: 400;\"> and <\/span><b>greyish<\/b><span style=\"font-weight: 400;\"> shades. The <\/span> <b>orange<\/b><span style=\"font-weight: 400;\">  from  <\/span><b>joy of life<\/b><span style=\"font-weight: 400;\">, a  <\/span><b>warmth<\/b><span style=\"font-weight: 400;\">  and the  <\/span><b>Mediterranean atmosphere<\/b><span style=\"font-weight: 400;\">  colour, while the  <\/span><b>Black<\/b><span style=\"font-weight: 400;\">  and  <\/span><b>greyish<\/b><span style=\"font-weight: 400;\">  nuances of the  <\/span><b>minimalist elegance<\/b><span style=\"font-weight: 400;\">, a  <\/span><b>stability<\/b><span style=\"font-weight: 400;\">  and the  <\/span><b>catering<\/b><span style=\"font-weight: 400;\">  convey the message of. These colours together   <\/span><b>warmth<\/b><span style=\"font-weight: 400;\">, <\/span><b>peace of mind<\/b><span style=\"font-weight: 400;\"> and <\/span><b>minimalist elegance<\/b><span style=\"font-weight: 400;\"> and minimalism.<\/span><\/p>\n<p><b>What mood does it represent?<\/b><\/p>\n<p><span style=\"font-weight: 400;\">The picture <\/span><b>warmth<\/b><span style=\"font-weight: 400;\">, <\/span><b>calm<\/b><span style=\"font-weight: 400;\"> and <\/span><b>minimalist elegance<\/b><span style=\"font-weight: 400;\"> The curved iron door and the orange wall <\/span> <b>Mediterranean atmosphere<\/b><span style=\"font-weight: 400;\">, <\/span><b>hospitality<\/b><span style=\"font-weight: 400;\"> and <\/span><b>minimalist style<\/b><span style=\"font-weight: 400;\"> style. Ideal for those who are looking for <\/span>  <b>everyday stress<\/b><span style=\"font-weight: 400;\"> in the midst of stress and <\/span><b>tranquility<\/b><span style=\"font-weight: 400;\">, a <\/span><b>hospitality<\/b><span style=\"font-weight: 400;\"> and <\/span><b>minimalist elegance<\/b><span style=\"font-weight: 400;\"> moments.<\/span><\/p>\n<p><b>Who is it recommended for?<\/b><\/p>\n<ul>\n<li style=\"font-weight: 400;\" aria-level=\"1\"><b>For people who love the Mediterranean lifestyle<\/b><span style=\"font-weight: 400;\">who are looking for <\/span><b>tranquility<\/b><span style=\"font-weight: 400;\">, a <\/span><b>hospitality<\/b><span style=\"font-weight: 400;\"> and <\/span><b>minimalist elegance<\/b><span style=\"font-weight: 400;\"> lovers.<\/span><\/li>\n<li style=\"font-weight: 400;\" aria-level=\"1\"><b>For interior designers and style enthusiasts<\/b><span style=\"font-weight: 400;\">who are looking for <\/span><b>minimalist elegance<\/b><span style=\"font-weight: 400;\"> and <\/span><b>Mediterranean atmosphere<\/b><span style=\"font-weight: 400;\"> the importance of the Mediterranean.<\/span><\/li>\n<li style=\"font-weight: 400;\" aria-level=\"1\"><b>For catering entrepreneurs<\/b><span style=\"font-weight: 400;\">, who are looking for a <\/span><b>hot<\/b><span style=\"font-weight: 400;\">, <\/span><b>guest-friendly<\/b><span style=\"font-weight: 400;\"> and <\/span><b>minimalist style<\/b><span style=\"font-weight: 400;\"> artwork.<\/span><\/li>\n<li style=\"font-weight: 400;\" aria-level=\"1\"><b>For gift seekers<\/b><span style=\"font-weight: 400;\">who want something <\/span><b>Mediterranean atmosphere<\/b><span style=\"font-weight: 400;\"> and <\/span><b>minimalist elegance<\/b><span style=\"font-weight: 400;\"> to give to their loved ones.<\/span><\/li>\n<\/ul>\n<p><b>Which spaces and styles are suitable?<\/b><\/p>\n<p><span style=\"font-weight: 400;\">From <\/span><b>&#8220;Olive Gate&#8221;<\/b><span style=\"font-weight: 400;\"> fits perfectly:<\/span><\/p>\n<ul>\n<li style=\"font-weight: 400;\" aria-level=\"1\"><b>For Mediterranean style restaurants or caf\u00e9s<\/b><span style=\"font-weight: 400;\">where you can enjoy <\/span><b>hospitality<\/b><span style=\"font-weight: 400;\"> and <\/span><b>minimalist elegance<\/b><span style=\"font-weight: 400;\"> dominate.<\/span><\/li>\n<li style=\"font-weight: 400;\" aria-level=\"1\"><b>Modern apartments<\/b><span style=\"font-weight: 400;\">where the <\/span><b>tranquility<\/b><span style=\"font-weight: 400;\"> and <\/span><b>minimalist style<\/b><span style=\"font-weight: 400;\"> is important.<\/span><\/li>\n<li style=\"font-weight: 400;\" aria-level=\"1\"><b>Offices<\/b><span style=\"font-weight: 400;\">, where the <\/span><b>catering<\/b><span style=\"font-weight: 400;\"> and <\/span><b>minimalist elegance<\/b><span style=\"font-weight: 400;\"> are key.<\/span><\/li>\n<li style=\"font-weight: 400;\" aria-level=\"1\"><b>In hotels or guest houses<\/b><span style=\"font-weight: 400;\">where the <\/span><b>Mediterranean atmosphere<\/b><span style=\"font-weight: 400;\"> and <\/span><b>hospitality<\/b><span style=\"font-weight: 400;\"> predominate.<\/span><\/li>\n<\/ul>\n<p><b>In what situation can it help?<\/b><\/p>\n<ul>\n<li style=\"font-weight: 400;\" aria-level=\"1\"><span style=\"font-weight: 400;\">If <\/span><b>Mediterranean atmosphere<\/b><span style=\"font-weight: 400;\"> and <\/span><b>tranquillity<\/b><span style=\"font-weight: 400;\"> in your environment.<\/span><\/li>\n<li style=\"font-weight: 400;\" aria-level=\"1\"><span style=\"font-weight: 400;\">If <\/span><b>your catering business<\/b><span style=\"font-weight: 400;\"> to boost the atmosphere of your business.<\/span><\/li>\n<li style=\"font-weight: 400;\" aria-level=\"1\"><span style=\"font-weight: 400;\">If <\/span><b>minimalist elegance<\/b><span style=\"font-weight: 400;\"> and <\/span><b>warmth<\/b><span style=\"font-weight: 400;\"> in your home or workspace.<\/span><\/li>\n<li style=\"font-weight: 400;\" aria-level=\"1\"><span style=\"font-weight: 400;\">If <\/span><b>gift from<\/b><span style=\"font-weight: 400;\"> for someone who loves the <\/span><b>Mediterranean lifestyle<\/b><span style=\"font-weight: 400;\"> and <\/span><b>minimalist elegance<\/b><span style=\"font-weight: 400;\">.<\/span><\/li>\n<\/ul>\n<p><b>Why buy it?<\/b><\/p>\n<ul>\n<li style=\"font-weight: 400;\" aria-level=\"1\"><b>Print on Demand (POD)<\/b><span style=\"font-weight: 400;\"> available, so <\/span><b>environmentally friendly<\/b><span style=\"font-weight: 400;\">, <\/span><b>zero stock<\/b><span style=\"font-weight: 400;\">, <\/span><b>zero waste<\/b><span style=\"font-weight: 400;\">.<\/span><\/li>\n<li style=\"font-weight: 400;\" aria-level=\"1\"><b>Digitally downloadable<\/b><span style=\"font-weight: 400;\">, so it is immediately available to you, and <\/span><b>a sustainable solution<\/b><span style=\"font-weight: 400;\">.<\/span><\/li>\n<li style=\"font-weight: 400;\" aria-level=\"1\"><b>Cultural fusion<\/b><span style=\"font-weight: 400;\"> a unique artistic creation, which <\/span><b>tells a story<\/b><span style=\"font-weight: 400;\"> and <\/span><b>creates atmosphere<\/b><span style=\"font-weight: 400;\">.<\/span><\/li>\n<\/ul>\n","protected":false},"excerpt":{"rendered":"<p>Discover the &#8220;Olive Gate&#8221; a Mediterranean-inspired artwork, which is a a curved iron door in front of an orange wall with the inscription: &#8220;Oliva&#8221;. This image is from the cultural fusion of the fusion of cultures. Mediterranean lifestyle, a tranquillity and minimalist elegance and minimalism. The curved iron door and the orange wall warmth, a [&hellip;]<\/p>\n","protected":false},"featured_media":1684,"template":"","meta":{"_acf_changed":false},"product_brand":[],"product_cat":[74,72,71,69,70],"product_tag":[],"class_list":{"0":"post-2181","1":"product","2":"type-product","3":"status-publish","4":"has-post-thumbnail","6":"product_cat-functional-decoration","7":"product_cat-modern-minimalist-motifs","8":"product_cat-natural-visuals","9":"product_cat-typography-as-a-visual-element","10":"product_cat-zen-and-meditative-moods","12":"first","13":"instock","14":"taxable","15":"shipping-taxable","16":"purchasable","17":"product-type-variable"},"acf":[],"yoast_head":"<!-- This site is optimized with the Yoast SEO Premium plugin v27.2 (Yoast SEO v27.2) - https:\/\/yoast.com\/product\/yoast-seo-premium-wordpress\/ -->\n<title>Olive cap - PRANDARTO cultural fusion<\/title>\n<meta name=\"description\" content=\"Create an inviting Mediterranean atmosphere with the &quot;Olive Gate&quot; artwork! Orange warmth and minimalist elegance that conveys a message of hospitality. Sustainable digital decor for restaurants and caf\u00e9s.\" \/>\n<meta name=\"robots\" content=\"noindex, follow, max-snippet:-1, max-image-preview:large, max-video-preview:-1\" \/>\n<meta property=\"og:locale\" content=\"en_US\" \/>\n<meta property=\"og:type\" content=\"article\" \/>\n<meta property=\"og:title\" content=\"Olive cap\" \/>\n<meta property=\"og:description\" content=\"Create an inviting Mediterranean atmosphere with the &quot;Olive Gate&quot; artwork! Orange warmth and minimalist elegance that conveys a message of hospitality. Sustainable digital decor for restaurants and caf\u00e9s.\" \/>\n<meta property=\"og:url\" content=\"https:\/\/prandarto.com\/en\/termek\/olive-cap\/\" \/>\n<meta property=\"og:site_name\" content=\"PRANDARTO cultural fusion\" \/>\n<meta property=\"og:image\" content=\"https:\/\/prandarto.com\/wp-content\/uploads\/2026\/01\/Alap_Mckp_Prandarto-28.jpg\" \/>\n\t<meta property=\"og:image:width\" content=\"1050\" \/>\n\t<meta property=\"og:image:height\" content=\"1050\" \/>\n\t<meta property=\"og:image:type\" content=\"image\/jpeg\" \/>\n<meta name=\"twitter:card\" content=\"summary_large_image\" \/>\n<meta name=\"twitter:label1\" content=\"Est. reading time\" \/>\n\t<meta name=\"twitter:data1\" content=\"2 minutes\" \/>\n<script type=\"application\/ld+json\" class=\"yoast-schema-graph\">{\"@context\":\"https:\/\/schema.org\",\"@graph\":[{\"@type\":\"WebPage\",\"@id\":\"https:\/\/prandarto.com\/en\/termek\/olive-cap\/\",\"url\":\"https:\/\/prandarto.com\/en\/termek\/olive-cap\/\",\"name\":\"Olive cap - PRANDARTO cultural fusion\",\"isPartOf\":{\"@id\":\"https:\/\/prandarto.com\/en\/#website\"},\"primaryImageOfPage\":{\"@id\":\"https:\/\/prandarto.com\/en\/termek\/olive-cap\/#primaryimage\"},\"image\":{\"@id\":\"https:\/\/prandarto.com\/en\/termek\/olive-cap\/#primaryimage\"},\"thumbnailUrl\":\"https:\/\/prandarto.com\/wp-content\/uploads\/2026\/01\/Alap_Mckp_Prandarto-28.jpg\",\"datePublished\":\"2026-01-22T11:36:07+00:00\",\"description\":\"Create an inviting Mediterranean atmosphere with the \\\"Olive Gate\\\" artwork! Orange warmth and minimalist elegance that conveys a message of hospitality. Sustainable digital decor for restaurants and caf\u00e9s.\",\"breadcrumb\":{\"@id\":\"https:\/\/prandarto.com\/en\/termek\/olive-cap\/#breadcrumb\"},\"inLanguage\":\"en-US\",\"potentialAction\":[{\"@type\":\"ReadAction\",\"target\":[\"https:\/\/prandarto.com\/en\/termek\/olive-cap\/\"]}]},{\"@type\":\"ImageObject\",\"inLanguage\":\"en-US\",\"@id\":\"https:\/\/prandarto.com\/en\/termek\/olive-cap\/#primaryimage\",\"url\":\"https:\/\/prandarto.com\/wp-content\/uploads\/2026\/01\/Alap_Mckp_Prandarto-28.jpg\",\"contentUrl\":\"https:\/\/prandarto.com\/wp-content\/uploads\/2026\/01\/Alap_Mckp_Prandarto-28.jpg\",\"width\":1050,\"height\":1050,\"caption\":\"Olivakapu\"},{\"@type\":\"BreadcrumbList\",\"@id\":\"https:\/\/prandarto.com\/en\/termek\/olive-cap\/#breadcrumb\",\"itemListElement\":[{\"@type\":\"ListItem\",\"position\":1,\"name\":\"Kezd\u0151lap\",\"item\":\"https:\/\/prandarto.com\/en\/\"},{\"@type\":\"ListItem\",\"position\":2,\"name\":\"Shop\",\"item\":\"https:\/\/prandarto.com\/en\/shop\/\"},{\"@type\":\"ListItem\",\"position\":3,\"name\":\"Olive cap\"}]},{\"@type\":\"WebSite\",\"@id\":\"https:\/\/prandarto.com\/en\/#website\",\"url\":\"https:\/\/prandarto.com\/en\/\",\"name\":\"PRANDARTO cultural fusion\",\"description\":\"Egyedi digit\u00e1lis m\u0171vek, AI Art \u00e9s fot\u00f3alap\u00fa alkot\u00e1sok. Letisztult, modern vizu\u00e1lis \u00e9lm\u00e9ny otthonra, \u00fczletekbe \u00e9s k\u00f6z\u00f6ss\u00e9gi terekbe. Azonnali let\u00f6lt\u00e9s, szabad nyomtat\u00e1s.\",\"publisher\":{\"@id\":\"https:\/\/prandarto.com\/en\/#organization\"},\"potentialAction\":[{\"@type\":\"SearchAction\",\"target\":{\"@type\":\"EntryPoint\",\"urlTemplate\":\"https:\/\/prandarto.com\/en\/?s={search_term_string}\"},\"query-input\":{\"@type\":\"PropertyValueSpecification\",\"valueRequired\":true,\"valueName\":\"search_term_string\"}}],\"inLanguage\":\"en-US\"},{\"@type\":\"Organization\",\"@id\":\"https:\/\/prandarto.com\/en\/#organization\",\"name\":\"PRANDARTO cultural fusion\",\"url\":\"https:\/\/prandarto.com\/en\/\",\"logo\":{\"@type\":\"ImageObject\",\"inLanguage\":\"en-US\",\"@id\":\"https:\/\/prandarto.com\/en\/#\/schema\/logo\/image\/\",\"url\":\"https:\/\/prandarto.com\/wp-content\/uploads\/2025\/10\/PRANDARTO-LOGO-e1764685807372.png\",\"contentUrl\":\"https:\/\/prandarto.com\/wp-content\/uploads\/2025\/10\/PRANDARTO-LOGO-e1764685807372.png\",\"width\":500,\"height\":500,\"caption\":\"PRANDARTO cultural fusion\"},\"image\":{\"@id\":\"https:\/\/prandarto.com\/en\/#\/schema\/logo\/image\/\"}}]}<\/script>\n<!-- \/ Yoast SEO Premium plugin. -->","yoast_head_json":{"title":"Olive cap - PRANDARTO cultural fusion","description":"Create an inviting Mediterranean atmosphere with the \"Olive Gate\" artwork! Orange warmth and minimalist elegance that conveys a message of hospitality. Sustainable digital decor for restaurants and caf\u00e9s.","robots":{"index":"noindex","follow":"follow","max-snippet":"max-snippet:-1","max-image-preview":"max-image-preview:large","max-video-preview":"max-video-preview:-1"},"og_locale":"en_US","og_type":"article","og_title":"Olive cap","og_description":"Create an inviting Mediterranean atmosphere with the \"Olive Gate\" artwork! Orange warmth and minimalist elegance that conveys a message of hospitality. Sustainable digital decor for restaurants and caf\u00e9s.","og_url":"https:\/\/prandarto.com\/en\/termek\/olive-cap\/","og_site_name":"PRANDARTO cultural fusion","og_image":[{"width":1050,"height":1050,"url":"https:\/\/prandarto.com\/wp-content\/uploads\/2026\/01\/Alap_Mckp_Prandarto-28.jpg","type":"image\/jpeg"}],"twitter_card":"summary_large_image","twitter_misc":{"Est. reading time":"2 minutes"},"schema":{"@context":"https:\/\/schema.org","@graph":[{"@type":"WebPage","@id":"https:\/\/prandarto.com\/en\/termek\/olive-cap\/","url":"https:\/\/prandarto.com\/en\/termek\/olive-cap\/","name":"Olive cap - PRANDARTO cultural fusion","isPartOf":{"@id":"https:\/\/prandarto.com\/en\/#website"},"primaryImageOfPage":{"@id":"https:\/\/prandarto.com\/en\/termek\/olive-cap\/#primaryimage"},"image":{"@id":"https:\/\/prandarto.com\/en\/termek\/olive-cap\/#primaryimage"},"thumbnailUrl":"https:\/\/prandarto.com\/wp-content\/uploads\/2026\/01\/Alap_Mckp_Prandarto-28.jpg","datePublished":"2026-01-22T11:36:07+00:00","description":"Create an inviting Mediterranean atmosphere with the \"Olive Gate\" artwork! Orange warmth and minimalist elegance that conveys a message of hospitality. Sustainable digital decor for restaurants and caf\u00e9s.","breadcrumb":{"@id":"https:\/\/prandarto.com\/en\/termek\/olive-cap\/#breadcrumb"},"inLanguage":"en-US","potentialAction":[{"@type":"ReadAction","target":["https:\/\/prandarto.com\/en\/termek\/olive-cap\/"]}]},{"@type":"ImageObject","inLanguage":"en-US","@id":"https:\/\/prandarto.com\/en\/termek\/olive-cap\/#primaryimage","url":"https:\/\/prandarto.com\/wp-content\/uploads\/2026\/01\/Alap_Mckp_Prandarto-28.jpg","contentUrl":"https:\/\/prandarto.com\/wp-content\/uploads\/2026\/01\/Alap_Mckp_Prandarto-28.jpg","width":1050,"height":1050,"caption":"Olivakapu"},{"@type":"BreadcrumbList","@id":"https:\/\/prandarto.com\/en\/termek\/olive-cap\/#breadcrumb","itemListElement":[{"@type":"ListItem","position":1,"name":"Kezd\u0151lap","item":"https:\/\/prandarto.com\/en\/"},{"@type":"ListItem","position":2,"name":"Shop","item":"https:\/\/prandarto.com\/en\/shop\/"},{"@type":"ListItem","position":3,"name":"Olive cap"}]},{"@type":"WebSite","@id":"https:\/\/prandarto.com\/en\/#website","url":"https:\/\/prandarto.com\/en\/","name":"PRANDARTO cultural fusion","description":"Egyedi digit\u00e1lis m\u0171vek, AI Art \u00e9s fot\u00f3alap\u00fa alkot\u00e1sok. Letisztult, modern vizu\u00e1lis \u00e9lm\u00e9ny otthonra, \u00fczletekbe \u00e9s k\u00f6z\u00f6ss\u00e9gi terekbe. Azonnali let\u00f6lt\u00e9s, szabad nyomtat\u00e1s.","publisher":{"@id":"https:\/\/prandarto.com\/en\/#organization"},"potentialAction":[{"@type":"SearchAction","target":{"@type":"EntryPoint","urlTemplate":"https:\/\/prandarto.com\/en\/?s={search_term_string}"},"query-input":{"@type":"PropertyValueSpecification","valueRequired":true,"valueName":"search_term_string"}}],"inLanguage":"en-US"},{"@type":"Organization","@id":"https:\/\/prandarto.com\/en\/#organization","name":"PRANDARTO cultural fusion","url":"https:\/\/prandarto.com\/en\/","logo":{"@type":"ImageObject","inLanguage":"en-US","@id":"https:\/\/prandarto.com\/en\/#\/schema\/logo\/image\/","url":"https:\/\/prandarto.com\/wp-content\/uploads\/2025\/10\/PRANDARTO-LOGO-e1764685807372.png","contentUrl":"https:\/\/prandarto.com\/wp-content\/uploads\/2025\/10\/PRANDARTO-LOGO-e1764685807372.png","width":500,"height":500,"caption":"PRANDARTO cultural fusion"},"image":{"@id":"https:\/\/prandarto.com\/en\/#\/schema\/logo\/image\/"}}]}},"_links":{"self":[{"href":"https:\/\/prandarto.com\/en\/wp-json\/wp\/v2\/product\/2181","targetHints":{"allow":["GET"]}}],"collection":[{"href":"https:\/\/prandarto.com\/en\/wp-json\/wp\/v2\/product"}],"about":[{"href":"https:\/\/prandarto.com\/en\/wp-json\/wp\/v2\/types\/product"}],"wp:featuredmedia":[{"embeddable":true,"href":"https:\/\/prandarto.com\/en\/wp-json\/wp\/v2\/media\/1684"}],"wp:attachment":[{"href":"https:\/\/prandarto.com\/en\/wp-json\/wp\/v2\/media?parent=2181"}],"wp:term":[{"taxonomy":"product_brand","embeddable":true,"href":"https:\/\/prandarto.com\/en\/wp-json\/wp\/v2\/product_brand?post=2181"},{"taxonomy":"product_cat","embeddable":true,"href":"https:\/\/prandarto.com\/en\/wp-json\/wp\/v2\/product_cat?post=2181"},{"taxonomy":"product_tag","embeddable":true,"href":"https:\/\/prandarto.com\/en\/wp-json\/wp\/v2\/product_tag?post=2181"}],"curies":[{"name":"wp","href":"https:\/\/api.w.org\/{rel}","templated":true}]}}