{"id":2166,"date":"2026-01-22T14:11:05","date_gmt":"2026-01-22T13:11:05","guid":{"rendered":"https:\/\/prandarto.com\/termek\/patience\/"},"modified":"2026-01-22T14:11:05","modified_gmt":"2026-01-22T13:11:05","slug":"patience","status":"publish","type":"product","link":"https:\/\/prandarto.com\/en\/termek\/patience\/","title":{"rendered":"Patience"},"content":{"rendered":"<p><span style=\"font-weight: 400;\">Discover the <\/span><b>&#8220;Patience&#8221;<\/b><span style=\"font-weight: 400;\"> with a mystical and nostalgic atmosphere, which <\/span><b>a flowering plant stem<\/b><span style=\"font-weight: 400;\"> of a <\/span><b>in front of a crumbling stone wall<\/b><span style=\"font-weight: 400;\">! This picture is from the <\/span><b>cultural fusion<\/b><span style=\"font-weight: 400;\"> of fusion, and the <\/span><b>the passage of time<\/b><span style=\"font-weight: 400;\">, a <\/span><b>the permanence of nature<\/b><span style=\"font-weight: 400;\"> and <\/span><b>inner strength<\/b><span style=\"font-weight: 400;\"> of inner strength. The pink flowers and green leaves are the <\/span> <b>the beauty of nature<\/b><span style=\"font-weight: 400;\">, the <\/span><b>my joy of life<\/b><span style=\"font-weight: 400;\"> and <\/span><b>growth<\/b><span style=\"font-weight: 400;\"> while the crumbling stone wall symbolizes the <\/span><b>historical memories<\/b><span style=\"font-weight: 400;\">, the <\/span><b>the passage of time<\/b><span style=\"font-weight: 400;\"> and the <\/span><b>stability<\/b><span style=\"font-weight: 400;\"> and stability.<\/span><\/p>\n<p><b>What story does the picture tell?<\/b><\/p>\n<p><span style=\"font-weight: 400;\">A <\/span><b>&#8220;Patience&#8221;<\/b><span style=\"font-weight: 400;\"> from <\/span><b>the passage of time<\/b><span style=\"font-weight: 400;\">, a <\/span><b>the constancy of nature<\/b><span style=\"font-weight: 400;\"> and the <\/span><b>inner force<\/b><span style=\"font-weight: 400;\"> of the inner being. The plant stem is the <\/span> <b>beauty of nature<\/b><span style=\"font-weight: 400;\">, the <\/span><b>joy of life<\/b><span style=\"font-weight: 400;\"> and <\/span><b>growth<\/b><span style=\"font-weight: 400;\"> and growth, while the crumbling stone wall is a symbol of <\/span><b>historical monuments<\/b><span style=\"font-weight: 400;\">, the <\/span><b>the passage of time<\/b><span style=\"font-weight: 400;\"> and <\/span><b>stability<\/b><span style=\"font-weight: 400;\"> of stability. This image reminds us that in life, too <\/span> <b>it is important to appreciate the permanence of nature and the passage of time<\/b><span style=\"font-weight: 400;\">and that the <\/span><b>inner strength<\/b><span style=\"font-weight: 400;\"> to help us through change.<\/span><\/p>\n<p><b>What are the colours that make up the colours and what do they say?<\/b><\/p>\n<p><span style=\"font-weight: 400;\">The image is mainly <\/span><b>pink<\/b><span style=\"font-weight: 400;\">, <\/span><b>green<\/b><span style=\"font-weight: 400;\">, <\/span><b>greyish<\/b><span style=\"font-weight: 400;\"> and <\/span><b>beige<\/b><span style=\"font-weight: 400;\"> shades. The <\/span> <b>pink<\/b><span style=\"font-weight: 400;\">  a  <\/span><b>romance<\/b><span style=\"font-weight: 400;\">, a  <\/span><b>Beauty<\/b><span style=\"font-weight: 400;\">  and the  <\/span><b>joy of life<\/b><span style=\"font-weight: 400;\">  colour, while the  <\/span><b>Green<\/b><span style=\"font-weight: 400;\">  a  <\/span><b>Nature<\/b><span style=\"font-weight: 400;\">, a  <\/span><b>Growth<\/b><span style=\"font-weight: 400;\">  and the  <\/span><b>harmony<\/b><span style=\"font-weight: 400;\">  symbol of. A   <\/span><b>greyish<\/b><span style=\"font-weight: 400;\"> and <\/span><b>beige<\/b><span style=\"font-weight: 400;\"> shades in the <\/span><b>the passage of time<\/b><span style=\"font-weight: 400;\">, a <\/span><b>historical memories<\/b><span style=\"font-weight: 400;\"> and the <\/span><b>stability<\/b><span style=\"font-weight: 400;\"> of stability. These colours together <\/span> <b>harmony<\/b><span style=\"font-weight: 400;\">, <\/span><b>nostalgia<\/b><span style=\"font-weight: 400;\"> and <\/span><b>inner strength<\/b><span style=\"font-weight: 400;\"> inner strength.<\/span><\/p>\n<p><b>What mood does it represent?<\/b><\/p>\n<p><span style=\"font-weight: 400;\">The picture <\/span><b>nostalgia<\/b><span style=\"font-weight: 400;\">, <\/span><b>harmony<\/b><span style=\"font-weight: 400;\"> and <\/span><b>inner strength<\/b><span style=\"font-weight: 400;\"> The flowering plant stem and the crumbling stone wall <\/span> <b>harmony<\/b><span style=\"font-weight: 400;\">, <\/span><b>stability<\/b><span style=\"font-weight: 400;\"> and <\/span><b>inner strength<\/b><span style=\"font-weight: 400;\"> inner strength. Ideal for those who <\/span>  <b>everyday stress<\/b><span style=\"font-weight: 400;\"> in the midst of stress and <\/span><b>the beauty of nature<\/b><span style=\"font-weight: 400;\"> and the <\/span><b>and the passage of time<\/b><span style=\"font-weight: 400;\"> moments of time.<\/span><\/p>\n<p><b>Who is it recommended for?<\/b><\/p>\n<ul>\n<li style=\"font-weight: 400;\" aria-level=\"1\"><b>For nostalgia and history lovers<\/b><span style=\"font-weight: 400;\">, who are looking for <\/span><b>the passage of time<\/b><span style=\"font-weight: 400;\"> and <\/span><b>and historical memories<\/b><span style=\"font-weight: 400;\"> and the beauty of history.<\/span><\/li>\n<li style=\"font-weight: 400;\" aria-level=\"1\"><b>For nature lovers<\/b><span style=\"font-weight: 400;\">who are looking for <\/span><b>the constancy of nature<\/b><span style=\"font-weight: 400;\"> and the <\/span><b>growth<\/b><span style=\"font-weight: 400;\"> and growth.<\/span><\/li>\n<li style=\"font-weight: 400;\" aria-level=\"1\"><b>Vintage style<\/b><span style=\"font-weight: 400;\"> for lovers who are looking for <\/span><b>the passage of time<\/b><span style=\"font-weight: 400;\"> and <\/span><b>stability<\/b><span style=\"font-weight: 400;\"> the importance of time and stability.<\/span><\/li>\n<li style=\"font-weight: 400;\" aria-level=\"1\"><b>For gift seekers<\/b><span style=\"font-weight: 400;\">who want something <\/span><b>nostalgia<\/b><span style=\"font-weight: 400;\"> and <\/span><b>and inner strength<\/b><span style=\"font-weight: 400;\"> to give to their loved ones.<\/span><\/li>\n<\/ul>\n<p><b>Which spaces and styles are suitable?<\/b><\/p>\n<p><span style=\"font-weight: 400;\">A <\/span><b>&#8220;Patience&#8221;<\/b><span style=\"font-weight: 400;\"> fits perfectly:<\/span><\/p>\n<ul>\n<li style=\"font-weight: 400;\" aria-level=\"1\"><b>Vintage style apartments<\/b><span style=\"font-weight: 400;\">where the <\/span><b>historical memories<\/b><span style=\"font-weight: 400;\"> and <\/span><b>nostalgia<\/b><span style=\"font-weight: 400;\"> dominate.<\/span><\/li>\n<li style=\"font-weight: 400;\" aria-level=\"1\"><b>Offices<\/b><span style=\"font-weight: 400;\">, where the <\/span><b>stability<\/b><span style=\"font-weight: 400;\"> and <\/span><b>harmony<\/b><span style=\"font-weight: 400;\"> is key.<\/span><\/li>\n<li style=\"font-weight: 400;\" aria-level=\"1\"><b>Places<\/b><span style=\"font-weight: 400;\">where the <\/span><b>the beauty of nature<\/b><span style=\"font-weight: 400;\"> and the <\/span><b>inner strength<\/b><span style=\"font-weight: 400;\"> is important.<\/span><\/li>\n<li style=\"font-weight: 400;\" aria-level=\"1\"><b>For libraries or classrooms<\/b><span style=\"font-weight: 400;\">where the <\/span><b>historical knowledge<\/b><span style=\"font-weight: 400;\"> and <\/span><b>harmony<\/b><span style=\"font-weight: 400;\"> dominate.<\/span><\/li>\n<\/ul>\n<p><b>In what situation can it help?<\/b><\/p>\n<ul>\n<li style=\"font-weight: 400;\" aria-level=\"1\"><span style=\"font-weight: 400;\">If <\/span><b>nostalgia<\/b><span style=\"font-weight: 400;\"> and <\/span><b>inner strength<\/b><span style=\"font-weight: 400;\"> in life.<\/span><\/li>\n<li style=\"font-weight: 400;\" aria-level=\"1\"><span style=\"font-weight: 400;\">If <\/span><b>stability<\/b><span style=\"font-weight: 400;\"> and <\/span><b>harmony<\/b><span style=\"font-weight: 400;\"> in your home or workspace.<\/span><\/li>\n<li style=\"font-weight: 400;\" aria-level=\"1\"><span style=\"font-weight: 400;\">If <\/span><b>historical memories<\/b><span style=\"font-weight: 400;\"> and <\/span><b>the passage of time<\/b><span style=\"font-weight: 400;\"> you want to remember.<\/span><\/li>\n<li style=\"font-weight: 400;\" aria-level=\"1\"><span style=\"font-weight: 400;\">If <\/span><b>gift from<\/b><span style=\"font-weight: 400;\"> for someone who loves the <\/span><b>historical memories<\/b><span style=\"font-weight: 400;\"> and <\/span><b>the beauty of nature<\/b><span style=\"font-weight: 400;\">.<\/span><\/li>\n<\/ul>\n<p><b>Why buy it?<\/b><\/p>\n<ul>\n<li style=\"font-weight: 400;\" aria-level=\"1\"><b>Print on Demand (POD)<\/b><span style=\"font-weight: 400;\"> available, so <\/span><b>environmentally friendly<\/b><span style=\"font-weight: 400;\">, <\/span><b>zero stock<\/b><span style=\"font-weight: 400;\">, <\/span><b>zero waste<\/b><span style=\"font-weight: 400;\">.<\/span><\/li>\n<li style=\"font-weight: 400;\" aria-level=\"1\"><b>Digitally downloadable<\/b><span style=\"font-weight: 400;\">, so it is immediately available to you, and <\/span><b>a sustainable solution<\/b><span style=\"font-weight: 400;\">.<\/span><\/li>\n<li style=\"font-weight: 400;\" aria-level=\"1\"><b>Cultural fusion<\/b><span style=\"font-weight: 400;\"> a unique artistic creation, which <\/span><b>tells a story<\/b><span style=\"font-weight: 400;\"> and <\/span><b>creates atmosphere<\/b><span style=\"font-weight: 400;\">.<\/span><\/li>\n<\/ul>\n","protected":false},"excerpt":{"rendered":"<p>Discover the &#8220;Patience&#8221; with a mystical and nostalgic atmosphere, which a flowering plant stem of a in front of a crumbling stone wall! This picture is from the cultural fusion of fusion, and the the passage of time, a the permanence of nature and inner strength of inner strength. The pink flowers and green leaves [&hellip;]<\/p>\n","protected":false},"featured_media":1758,"template":"","meta":{"_acf_changed":false},"product_brand":[],"product_cat":[74,72,71,70],"product_tag":[],"class_list":{"0":"post-2166","1":"product","2":"type-product","3":"status-publish","4":"has-post-thumbnail","6":"product_cat-functional-decoration","7":"product_cat-modern-minimalist-motifs","8":"product_cat-natural-visuals","9":"product_cat-zen-and-meditative-moods","11":"first","12":"instock","13":"taxable","14":"shipping-taxable","15":"purchasable","16":"product-type-variable"},"acf":[],"yoast_head":"<!-- This site is optimized with the Yoast SEO Premium plugin v27.2 (Yoast SEO v27.2) - https:\/\/yoast.com\/product\/yoast-seo-premium-wordpress\/ -->\n<title>Patience - PRANDARTO cultural fusion<\/title>\n<meta name=\"description\" content=\"An artistic print about the passage of time and the permanence of nature. &quot;Patience&quot; is a unique cultural fusion, a symbol of inner strength and stability. Buy sustainable digital art at Prandarto shop - decorate your walls with awareness!\" \/>\n<meta name=\"robots\" content=\"noindex, follow, max-snippet:-1, max-image-preview:large, max-video-preview:-1\" \/>\n<meta property=\"og:locale\" content=\"en_US\" \/>\n<meta property=\"og:type\" content=\"article\" \/>\n<meta property=\"og:title\" content=\"Patience\" \/>\n<meta property=\"og:description\" content=\"An artistic print about the passage of time and the permanence of nature. &quot;Patience&quot; is a unique cultural fusion, a symbol of inner strength and stability. Buy sustainable digital art at Prandarto shop - decorate your walls with awareness!\" \/>\n<meta property=\"og:url\" content=\"https:\/\/prandarto.com\/en\/termek\/patience\/\" \/>\n<meta property=\"og:site_name\" content=\"PRANDARTO cultural fusion\" \/>\n<meta property=\"og:image\" content=\"https:\/\/prandarto.com\/wp-content\/uploads\/2026\/01\/Alap_Mckp_Prandarto-34.jpg\" \/>\n\t<meta property=\"og:image:width\" content=\"1050\" \/>\n\t<meta property=\"og:image:height\" content=\"1050\" \/>\n\t<meta property=\"og:image:type\" content=\"image\/jpeg\" \/>\n<meta name=\"twitter:card\" content=\"summary_large_image\" \/>\n<meta name=\"twitter:label1\" content=\"Est. reading time\" \/>\n\t<meta name=\"twitter:data1\" content=\"3 minutes\" \/>\n<script type=\"application\/ld+json\" class=\"yoast-schema-graph\">{\"@context\":\"https:\/\/schema.org\",\"@graph\":[{\"@type\":\"WebPage\",\"@id\":\"https:\/\/prandarto.com\/en\/termek\/patience\/\",\"url\":\"https:\/\/prandarto.com\/en\/termek\/patience\/\",\"name\":\"Patience - PRANDARTO cultural fusion\",\"isPartOf\":{\"@id\":\"https:\/\/prandarto.com\/en\/#website\"},\"primaryImageOfPage\":{\"@id\":\"https:\/\/prandarto.com\/en\/termek\/patience\/#primaryimage\"},\"image\":{\"@id\":\"https:\/\/prandarto.com\/en\/termek\/patience\/#primaryimage\"},\"thumbnailUrl\":\"https:\/\/prandarto.com\/wp-content\/uploads\/2026\/01\/Alap_Mckp_Prandarto-34.jpg\",\"datePublished\":\"2026-01-22T13:11:05+00:00\",\"description\":\"An artistic print about the passage of time and the permanence of nature. \\\"Patience\\\" is a unique cultural fusion, a symbol of inner strength and stability. Buy sustainable digital art at Prandarto shop - decorate your walls with awareness!\",\"breadcrumb\":{\"@id\":\"https:\/\/prandarto.com\/en\/termek\/patience\/#breadcrumb\"},\"inLanguage\":\"en-US\",\"potentialAction\":[{\"@type\":\"ReadAction\",\"target\":[\"https:\/\/prandarto.com\/en\/termek\/patience\/\"]}]},{\"@type\":\"ImageObject\",\"inLanguage\":\"en-US\",\"@id\":\"https:\/\/prandarto.com\/en\/termek\/patience\/#primaryimage\",\"url\":\"https:\/\/prandarto.com\/wp-content\/uploads\/2026\/01\/Alap_Mckp_Prandarto-34.jpg\",\"contentUrl\":\"https:\/\/prandarto.com\/wp-content\/uploads\/2026\/01\/Alap_Mckp_Prandarto-34.jpg\",\"width\":1050,\"height\":1050,\"caption\":\"T\u00fcrelem\"},{\"@type\":\"BreadcrumbList\",\"@id\":\"https:\/\/prandarto.com\/en\/termek\/patience\/#breadcrumb\",\"itemListElement\":[{\"@type\":\"ListItem\",\"position\":1,\"name\":\"Kezd\u0151lap\",\"item\":\"https:\/\/prandarto.com\/en\/\"},{\"@type\":\"ListItem\",\"position\":2,\"name\":\"Shop\",\"item\":\"https:\/\/prandarto.com\/en\/shop\/\"},{\"@type\":\"ListItem\",\"position\":3,\"name\":\"Patience\"}]},{\"@type\":\"WebSite\",\"@id\":\"https:\/\/prandarto.com\/en\/#website\",\"url\":\"https:\/\/prandarto.com\/en\/\",\"name\":\"PRANDARTO cultural fusion\",\"description\":\"Egyedi digit\u00e1lis m\u0171vek, AI Art \u00e9s fot\u00f3alap\u00fa alkot\u00e1sok. Letisztult, modern vizu\u00e1lis \u00e9lm\u00e9ny otthonra, \u00fczletekbe \u00e9s k\u00f6z\u00f6ss\u00e9gi terekbe. Azonnali let\u00f6lt\u00e9s, szabad nyomtat\u00e1s.\",\"publisher\":{\"@id\":\"https:\/\/prandarto.com\/en\/#organization\"},\"potentialAction\":[{\"@type\":\"SearchAction\",\"target\":{\"@type\":\"EntryPoint\",\"urlTemplate\":\"https:\/\/prandarto.com\/en\/?s={search_term_string}\"},\"query-input\":{\"@type\":\"PropertyValueSpecification\",\"valueRequired\":true,\"valueName\":\"search_term_string\"}}],\"inLanguage\":\"en-US\"},{\"@type\":\"Organization\",\"@id\":\"https:\/\/prandarto.com\/en\/#organization\",\"name\":\"PRANDARTO cultural fusion\",\"url\":\"https:\/\/prandarto.com\/en\/\",\"logo\":{\"@type\":\"ImageObject\",\"inLanguage\":\"en-US\",\"@id\":\"https:\/\/prandarto.com\/en\/#\/schema\/logo\/image\/\",\"url\":\"https:\/\/prandarto.com\/wp-content\/uploads\/2025\/10\/PRANDARTO-LOGO-e1764685807372.png\",\"contentUrl\":\"https:\/\/prandarto.com\/wp-content\/uploads\/2025\/10\/PRANDARTO-LOGO-e1764685807372.png\",\"width\":500,\"height\":500,\"caption\":\"PRANDARTO cultural fusion\"},\"image\":{\"@id\":\"https:\/\/prandarto.com\/en\/#\/schema\/logo\/image\/\"}}]}<\/script>\n<!-- \/ Yoast SEO Premium plugin. -->","yoast_head_json":{"title":"Patience - PRANDARTO cultural fusion","description":"An artistic print about the passage of time and the permanence of nature. \"Patience\" is a unique cultural fusion, a symbol of inner strength and stability. Buy sustainable digital art at Prandarto shop - decorate your walls with awareness!","robots":{"index":"noindex","follow":"follow","max-snippet":"max-snippet:-1","max-image-preview":"max-image-preview:large","max-video-preview":"max-video-preview:-1"},"og_locale":"en_US","og_type":"article","og_title":"Patience","og_description":"An artistic print about the passage of time and the permanence of nature. \"Patience\" is a unique cultural fusion, a symbol of inner strength and stability. Buy sustainable digital art at Prandarto shop - decorate your walls with awareness!","og_url":"https:\/\/prandarto.com\/en\/termek\/patience\/","og_site_name":"PRANDARTO cultural fusion","og_image":[{"width":1050,"height":1050,"url":"https:\/\/prandarto.com\/wp-content\/uploads\/2026\/01\/Alap_Mckp_Prandarto-34.jpg","type":"image\/jpeg"}],"twitter_card":"summary_large_image","twitter_misc":{"Est. reading time":"3 minutes"},"schema":{"@context":"https:\/\/schema.org","@graph":[{"@type":"WebPage","@id":"https:\/\/prandarto.com\/en\/termek\/patience\/","url":"https:\/\/prandarto.com\/en\/termek\/patience\/","name":"Patience - PRANDARTO cultural fusion","isPartOf":{"@id":"https:\/\/prandarto.com\/en\/#website"},"primaryImageOfPage":{"@id":"https:\/\/prandarto.com\/en\/termek\/patience\/#primaryimage"},"image":{"@id":"https:\/\/prandarto.com\/en\/termek\/patience\/#primaryimage"},"thumbnailUrl":"https:\/\/prandarto.com\/wp-content\/uploads\/2026\/01\/Alap_Mckp_Prandarto-34.jpg","datePublished":"2026-01-22T13:11:05+00:00","description":"An artistic print about the passage of time and the permanence of nature. \"Patience\" is a unique cultural fusion, a symbol of inner strength and stability. Buy sustainable digital art at Prandarto shop - decorate your walls with awareness!","breadcrumb":{"@id":"https:\/\/prandarto.com\/en\/termek\/patience\/#breadcrumb"},"inLanguage":"en-US","potentialAction":[{"@type":"ReadAction","target":["https:\/\/prandarto.com\/en\/termek\/patience\/"]}]},{"@type":"ImageObject","inLanguage":"en-US","@id":"https:\/\/prandarto.com\/en\/termek\/patience\/#primaryimage","url":"https:\/\/prandarto.com\/wp-content\/uploads\/2026\/01\/Alap_Mckp_Prandarto-34.jpg","contentUrl":"https:\/\/prandarto.com\/wp-content\/uploads\/2026\/01\/Alap_Mckp_Prandarto-34.jpg","width":1050,"height":1050,"caption":"T\u00fcrelem"},{"@type":"BreadcrumbList","@id":"https:\/\/prandarto.com\/en\/termek\/patience\/#breadcrumb","itemListElement":[{"@type":"ListItem","position":1,"name":"Kezd\u0151lap","item":"https:\/\/prandarto.com\/en\/"},{"@type":"ListItem","position":2,"name":"Shop","item":"https:\/\/prandarto.com\/en\/shop\/"},{"@type":"ListItem","position":3,"name":"Patience"}]},{"@type":"WebSite","@id":"https:\/\/prandarto.com\/en\/#website","url":"https:\/\/prandarto.com\/en\/","name":"PRANDARTO cultural fusion","description":"Egyedi digit\u00e1lis m\u0171vek, AI Art \u00e9s fot\u00f3alap\u00fa alkot\u00e1sok. Letisztult, modern vizu\u00e1lis \u00e9lm\u00e9ny otthonra, \u00fczletekbe \u00e9s k\u00f6z\u00f6ss\u00e9gi terekbe. Azonnali let\u00f6lt\u00e9s, szabad nyomtat\u00e1s.","publisher":{"@id":"https:\/\/prandarto.com\/en\/#organization"},"potentialAction":[{"@type":"SearchAction","target":{"@type":"EntryPoint","urlTemplate":"https:\/\/prandarto.com\/en\/?s={search_term_string}"},"query-input":{"@type":"PropertyValueSpecification","valueRequired":true,"valueName":"search_term_string"}}],"inLanguage":"en-US"},{"@type":"Organization","@id":"https:\/\/prandarto.com\/en\/#organization","name":"PRANDARTO cultural fusion","url":"https:\/\/prandarto.com\/en\/","logo":{"@type":"ImageObject","inLanguage":"en-US","@id":"https:\/\/prandarto.com\/en\/#\/schema\/logo\/image\/","url":"https:\/\/prandarto.com\/wp-content\/uploads\/2025\/10\/PRANDARTO-LOGO-e1764685807372.png","contentUrl":"https:\/\/prandarto.com\/wp-content\/uploads\/2025\/10\/PRANDARTO-LOGO-e1764685807372.png","width":500,"height":500,"caption":"PRANDARTO cultural fusion"},"image":{"@id":"https:\/\/prandarto.com\/en\/#\/schema\/logo\/image\/"}}]}},"_links":{"self":[{"href":"https:\/\/prandarto.com\/en\/wp-json\/wp\/v2\/product\/2166","targetHints":{"allow":["GET"]}}],"collection":[{"href":"https:\/\/prandarto.com\/en\/wp-json\/wp\/v2\/product"}],"about":[{"href":"https:\/\/prandarto.com\/en\/wp-json\/wp\/v2\/types\/product"}],"wp:featuredmedia":[{"embeddable":true,"href":"https:\/\/prandarto.com\/en\/wp-json\/wp\/v2\/media\/1758"}],"wp:attachment":[{"href":"https:\/\/prandarto.com\/en\/wp-json\/wp\/v2\/media?parent=2166"}],"wp:term":[{"taxonomy":"product_brand","embeddable":true,"href":"https:\/\/prandarto.com\/en\/wp-json\/wp\/v2\/product_brand?post=2166"},{"taxonomy":"product_cat","embeddable":true,"href":"https:\/\/prandarto.com\/en\/wp-json\/wp\/v2\/product_cat?post=2166"},{"taxonomy":"product_tag","embeddable":true,"href":"https:\/\/prandarto.com\/en\/wp-json\/wp\/v2\/product_tag?post=2166"}],"curies":[{"name":"wp","href":"https:\/\/api.w.org\/{rel}","templated":true}]}}