{"id":2165,"date":"2026-01-22T12:28:03","date_gmt":"2026-01-22T11:28:03","guid":{"rendered":"https:\/\/prandarto.com\/termek\/harmony-of-the-earth\/"},"modified":"2026-01-22T12:28:03","modified_gmt":"2026-01-22T11:28:03","slug":"harmony-of-the-earth","status":"publish","type":"product","link":"https:\/\/prandarto.com\/en\/termek\/harmony-of-the-earth\/","title":{"rendered":"Harmony of the Earth"},"content":{"rendered":"<p><span style=\"font-weight: 400;\">Discover the <\/span><b>&#8220;Harmony Earth&#8221;<\/b><span style=\"font-weight: 400;\"> an artistic work that radiates global and cultural fusion, depicting two dancing figures on the <\/span><b>to the rhythm of the earth<\/b><span style=\"font-weight: 400;\">between green mountains, urban silhouettes and piano keys! This image is the <\/span><b>cultural fusion<\/b><span style=\"font-weight: 400;\"> and was created in the spirit of <\/span><b>global unity<\/b><span style=\"font-weight: 400;\">, a <\/span><b>harmony of nature and technology<\/b><span style=\"font-weight: 400;\">and the <\/span><b>mutual respect between cultures<\/b><span style=\"font-weight: 400;\"> of mutual understanding.<\/span><\/p>\n<p><b>What story does the picture tell?<\/b><\/p>\n<p><span style=\"font-weight: 400;\">A <\/span><b>&#8220;Harmony Earth&#8221;<\/b><span style=\"font-weight: 400;\"> a <\/span><b>global unity<\/b><span style=\"font-weight: 400;\">, a <\/span><b>harmony of nature and technology<\/b><span style=\"font-weight: 400;\">and the <\/span><b>mutual respect between cultures<\/b><span style=\"font-weight: 400;\"> history. The dancing figures of the <\/span> <b>meeting of cultures<\/b><span style=\"font-weight: 400;\">, a <\/span><b>harmony<\/b><span style=\"font-weight: 400;\"> and <\/span><b>common rhythm<\/b><span style=\"font-weight: 400;\"> while the piano keys and the urban skyline are symbols of the <\/span><b>modern technology<\/b><span style=\"font-weight: 400;\"> and <\/span><b>nature<\/b><span style=\"font-weight: 400;\"> and nature. This image reminds us that <\/span> <b>different cultures and techniques can coexist in harmony<\/b><span style=\"font-weight: 400;\">, and that <\/span><b>dancing to the rhythm of the Earth, we can find a common language<\/b><span style=\"font-weight: 400;\">.<\/span><\/p>\n<p><b>What are the colours that make up the colours and what do they say?<\/b><\/p>\n<p><span style=\"font-weight: 400;\">The image is mainly <\/span><b>blue<\/b><span style=\"font-weight: 400;\">, <\/span><b>green<\/b><span style=\"font-weight: 400;\">, <\/span><b>red<\/b><span style=\"font-weight: 400;\">, <\/span><b>yellow<\/b><span style=\"font-weight: 400;\"> and <\/span><b>white<\/b><span style=\"font-weight: 400;\"> shades. The <\/span> <b>Blue<\/b><span style=\"font-weight: 400;\">  a  <\/span><b>calm<\/b><span style=\"font-weight: 400;\">, a  <\/span><b>harmony<\/b><span style=\"font-weight: 400;\">  and the  <\/span><b>global unit<\/b><span style=\"font-weight: 400;\">  colour, while the  <\/span><b>Green<\/b><span style=\"font-weight: 400;\">  a  <\/span><b>Nature<\/b><span style=\"font-weight: 400;\">, a  <\/span><b>Growth<\/b><span style=\"font-weight: 400;\">  and the  <\/span><b>sustainability<\/b><span style=\"font-weight: 400;\">  symbol of. A   <\/span><b>red<\/b><span style=\"font-weight: 400;\">  and  <\/span><b>yellow<\/b><span style=\"font-weight: 400;\">  a  <\/span><b>energy of cultures<\/b><span style=\"font-weight: 400;\">, a  <\/span><b>passion<\/b><span style=\"font-weight: 400;\">  and the  <\/span><b>joy of life<\/b><span style=\"font-weight: 400;\">  conveys the message of the  <\/span><b>white<\/b><span style=\"font-weight: 400;\">  a  <\/span><b>clean start<\/b><span style=\"font-weight: 400;\">, a  <\/span><b>peace<\/b><span style=\"font-weight: 400;\">  and the  <\/span><b>harmony<\/b><span style=\"font-weight: 400;\">  colour. These colours together   <\/span><b>harmony<\/b><span style=\"font-weight: 400;\">, <\/span><b>global unity<\/b><span style=\"font-weight: 400;\"> and <\/span><b>cultural richness<\/b><span style=\"font-weight: 400;\"> and cultural diversity.<\/span><\/p>\n<p><b>What mood does it represent?<\/b><\/p>\n<p><span style=\"font-weight: 400;\">The picture <\/span><b>harmony<\/b><span style=\"font-weight: 400;\">, <\/span><b>global unity<\/b><span style=\"font-weight: 400;\"> and <\/span><b>cultural richness<\/b><span style=\"font-weight: 400;\"> The dancing figures and the piano keys <\/span> <b>in harmony<\/b><span style=\"font-weight: 400;\">, <\/span><b>a common rhythm<\/b><span style=\"font-weight: 400;\"> and <\/span><b>cultural mutual respect<\/b><span style=\"font-weight: 400;\"> and mutual culture. Ideal for those who want to <\/span>  <b>in everyday life<\/b><span style=\"font-weight: 400;\"> also seek the <\/span><b>harmony<\/b><span style=\"font-weight: 400;\">, a <\/span><b>global unity<\/b><span style=\"font-weight: 400;\"> and <\/span><b>cultural richness<\/b><span style=\"font-weight: 400;\"> moments.<\/span><\/p>\n<p><b>Who is it recommended for?<\/b><\/p>\n<ul>\n<li style=\"font-weight: 400;\" aria-level=\"1\"><b>For cultural institutions<\/b><span style=\"font-weight: 400;\">, who are <\/span><b>global unity<\/b><span style=\"font-weight: 400;\"> and <\/span><b>mutual respect between cultures<\/b><span style=\"font-weight: 400;\"> the importance of mutual respect.<\/span><\/li>\n<li style=\"font-weight: 400;\" aria-level=\"1\"><b>For people working for sustainable development<\/b><span style=\"font-weight: 400;\">, who are <\/span><b>the harmony of nature and technology<\/b><span style=\"font-weight: 400;\"> lovers.<\/span><\/li>\n<li style=\"font-weight: 400;\" aria-level=\"1\"><b>For art and dance enthusiasts<\/b><span style=\"font-weight: 400;\">who are looking for <\/span><b>meeting of cultures<\/b><span style=\"font-weight: 400;\"> and <\/span><b>harmony<\/b><span style=\"font-weight: 400;\"> the importance of harmony and harmony.<\/span><\/li>\n<li style=\"font-weight: 400;\" aria-level=\"1\"><b>For gift seekers<\/b><span style=\"font-weight: 400;\">who want something <\/span><b>global entity<\/b><span style=\"font-weight: 400;\"> and <\/span><b>cultural richness<\/b><span style=\"font-weight: 400;\"> to give to their loved ones.<\/span><\/li>\n<\/ul>\n<p><b>Which spaces and styles are suitable?<\/b><\/p>\n<p><span style=\"font-weight: 400;\">A <\/span><b>&#8220;Harmony Earth&#8221;<\/b><span style=\"font-weight: 400;\"> fits perfectly:<\/span><\/p>\n<ul>\n<li style=\"font-weight: 400;\" aria-level=\"1\"><b>Cultural institutions<\/b><span style=\"font-weight: 400;\">, where the <\/span><b>global unity<\/b><span style=\"font-weight: 400;\"> and <\/span><b>mutual respect between cultures<\/b><span style=\"font-weight: 400;\"> prevail.<\/span><\/li>\n<li style=\"font-weight: 400;\" aria-level=\"1\"><b>To the offices of organisations working for sustainable development<\/b><span style=\"font-weight: 400;\">, where the <\/span><b>harmony of nature and technology<\/b><span style=\"font-weight: 400;\"> is important.<\/span><\/li>\n<li style=\"font-weight: 400;\" aria-level=\"1\"><b>Art galleries<\/b><span style=\"font-weight: 400;\">where the <\/span><b>meeting of cultures<\/b><span style=\"font-weight: 400;\"> and the <\/span><b>harmony<\/b><span style=\"font-weight: 400;\"> is key.<\/span><\/li>\n<li style=\"font-weight: 400;\" aria-level=\"1\"><b>International conference rooms<\/b><span style=\"font-weight: 400;\">, where the <\/span><b>global unity<\/b><span style=\"font-weight: 400;\"> and <\/span><b>cultural richness<\/b><span style=\"font-weight: 400;\"> dominates.<\/span><\/li>\n<\/ul>\n<p><b>In what situation can it help?<\/b><\/p>\n<ul>\n<li style=\"font-weight: 400;\" aria-level=\"1\"><span style=\"font-weight: 400;\">If <\/span><b>global unit<\/b><span style=\"font-weight: 400;\"> and <\/span><b>harmony<\/b><span style=\"font-weight: 400;\"> in life.<\/span><\/li>\n<li style=\"font-weight: 400;\" aria-level=\"1\"><span style=\"font-weight: 400;\">If <\/span><b>cultural richness<\/b><span style=\"font-weight: 400;\"> and <\/span><b>mutual respect<\/b><span style=\"font-weight: 400;\"> in your environment.<\/span><\/li>\n<li style=\"font-weight: 400;\" aria-level=\"1\"><span style=\"font-weight: 400;\">If <\/span><b>the harmony of nature and technology<\/b><span style=\"font-weight: 400;\"> in your home or workspace.<\/span><\/li>\n<li style=\"font-weight: 400;\" aria-level=\"1\"><span style=\"font-weight: 400;\">If <\/span><b>gift from<\/b><span style=\"font-weight: 400;\"> for someone who loves the <\/span><b>global unity<\/b><span style=\"font-weight: 400;\"> and <\/span><b>cultural richness<\/b><span style=\"font-weight: 400;\">.<\/span><\/li>\n<\/ul>\n<p><b>Why buy it?<\/b><\/p>\n<ul>\n<li style=\"font-weight: 400;\" aria-level=\"1\"><b>Print on Demand (POD)<\/b><span style=\"font-weight: 400;\"> available, so <\/span><b>environmentally friendly<\/b><span style=\"font-weight: 400;\">, <\/span><b>zero stock<\/b><span style=\"font-weight: 400;\">, <\/span><b>zero waste<\/b><span style=\"font-weight: 400;\">.<\/span><\/li>\n<li style=\"font-weight: 400;\" aria-level=\"1\"><b>Digitally downloadable<\/b><span style=\"font-weight: 400;\">, so it is immediately available to you, and <\/span><b>a sustainable solution<\/b><span style=\"font-weight: 400;\">.<\/span><\/li>\n<li style=\"font-weight: 400;\" aria-level=\"1\"><b>Cultural fusion<\/b><span style=\"font-weight: 400;\"> a unique artistic creation, which <\/span><b>tells a story<\/b><span style=\"font-weight: 400;\"> and <\/span><b>creates atmosphere<\/b><span style=\"font-weight: 400;\">.<\/span><\/li>\n<\/ul>\n","protected":false},"excerpt":{"rendered":"<p>Discover the &#8220;Harmony Earth&#8221; an artistic work that radiates global and cultural fusion, depicting two dancing figures on the to the rhythm of the earthbetween green mountains, urban silhouettes and piano keys! This image is the cultural fusion and was created in the spirit of global unity, a harmony of nature and technologyand the mutual [&hellip;]<\/p>\n","protected":false},"featured_media":1672,"template":"","meta":{"_acf_changed":false},"product_brand":[],"product_cat":[73,74,72,71,69],"product_tag":[],"class_list":{"0":"post-2165","1":"product","2":"type-product","3":"status-publish","4":"has-post-thumbnail","6":"product_cat-ai-generated-works","7":"product_cat-functional-decoration","8":"product_cat-modern-minimalist-motifs","9":"product_cat-natural-visuals","10":"product_cat-typography-as-a-visual-element","12":"first","13":"instock","14":"taxable","15":"shipping-taxable","16":"purchasable","17":"product-type-variable"},"acf":[],"yoast_head":"<!-- This site is optimized with the Yoast SEO Premium plugin v27.2 (Yoast SEO v27.2) - https:\/\/yoast.com\/product\/yoast-seo-premium-wordpress\/ -->\n<title>Harmony of the Earth - PRANDARTO cultural fusion<\/title>\n<meta name=\"description\" content=\"Celebrate the diversity of the world with &quot;Harmony Earth&quot;! A meeting of cultures, music and nature in a stunning global fusion. Sustainable digital art that brings a message of mutual respect and unity to your office or community space.\" \/>\n<meta name=\"robots\" content=\"noindex, follow, max-snippet:-1, max-image-preview:large, max-video-preview:-1\" \/>\n<meta property=\"og:locale\" content=\"en_US\" \/>\n<meta property=\"og:type\" content=\"article\" \/>\n<meta property=\"og:title\" content=\"Harmony of the Earth\" \/>\n<meta property=\"og:description\" content=\"Celebrate the diversity of the world with &quot;Harmony Earth&quot;! A meeting of cultures, music and nature in a stunning global fusion. Sustainable digital art that brings a message of mutual respect and unity to your office or community space.\" \/>\n<meta property=\"og:url\" content=\"https:\/\/prandarto.com\/en\/termek\/harmony-of-the-earth\/\" \/>\n<meta property=\"og:site_name\" content=\"PRANDARTO cultural fusion\" \/>\n<meta property=\"og:image\" content=\"https:\/\/prandarto.com\/wp-content\/uploads\/2026\/01\/Alap_Mckp_Prandarto-27.jpg\" \/>\n\t<meta property=\"og:image:width\" content=\"1050\" \/>\n\t<meta property=\"og:image:height\" content=\"1050\" \/>\n\t<meta property=\"og:image:type\" content=\"image\/jpeg\" \/>\n<meta name=\"twitter:card\" content=\"summary_large_image\" \/>\n<meta name=\"twitter:label1\" content=\"Est. reading time\" \/>\n\t<meta name=\"twitter:data1\" content=\"3 minutes\" \/>\n<script type=\"application\/ld+json\" class=\"yoast-schema-graph\">{\"@context\":\"https:\/\/schema.org\",\"@graph\":[{\"@type\":\"WebPage\",\"@id\":\"https:\/\/prandarto.com\/en\/termek\/harmony-of-the-earth\/\",\"url\":\"https:\/\/prandarto.com\/en\/termek\/harmony-of-the-earth\/\",\"name\":\"Harmony of the Earth - PRANDARTO cultural fusion\",\"isPartOf\":{\"@id\":\"https:\/\/prandarto.com\/en\/#website\"},\"primaryImageOfPage\":{\"@id\":\"https:\/\/prandarto.com\/en\/termek\/harmony-of-the-earth\/#primaryimage\"},\"image\":{\"@id\":\"https:\/\/prandarto.com\/en\/termek\/harmony-of-the-earth\/#primaryimage\"},\"thumbnailUrl\":\"https:\/\/prandarto.com\/wp-content\/uploads\/2026\/01\/Alap_Mckp_Prandarto-27.jpg\",\"datePublished\":\"2026-01-22T11:28:03+00:00\",\"description\":\"Celebrate the diversity of the world with \\\"Harmony Earth\\\"! A meeting of cultures, music and nature in a stunning global fusion. Sustainable digital art that brings a message of mutual respect and unity to your office or community space.\",\"breadcrumb\":{\"@id\":\"https:\/\/prandarto.com\/en\/termek\/harmony-of-the-earth\/#breadcrumb\"},\"inLanguage\":\"en-US\",\"potentialAction\":[{\"@type\":\"ReadAction\",\"target\":[\"https:\/\/prandarto.com\/en\/termek\/harmony-of-the-earth\/\"]}]},{\"@type\":\"ImageObject\",\"inLanguage\":\"en-US\",\"@id\":\"https:\/\/prandarto.com\/en\/termek\/harmony-of-the-earth\/#primaryimage\",\"url\":\"https:\/\/prandarto.com\/wp-content\/uploads\/2026\/01\/Alap_Mckp_Prandarto-27.jpg\",\"contentUrl\":\"https:\/\/prandarto.com\/wp-content\/uploads\/2026\/01\/Alap_Mckp_Prandarto-27.jpg\",\"width\":1050,\"height\":1050,\"caption\":\"F\u00f6ldt\u00e1nc\"},{\"@type\":\"BreadcrumbList\",\"@id\":\"https:\/\/prandarto.com\/en\/termek\/harmony-of-the-earth\/#breadcrumb\",\"itemListElement\":[{\"@type\":\"ListItem\",\"position\":1,\"name\":\"Kezd\u0151lap\",\"item\":\"https:\/\/prandarto.com\/en\/\"},{\"@type\":\"ListItem\",\"position\":2,\"name\":\"Shop\",\"item\":\"https:\/\/prandarto.com\/en\/shop\/\"},{\"@type\":\"ListItem\",\"position\":3,\"name\":\"Harmony of the Earth\"}]},{\"@type\":\"WebSite\",\"@id\":\"https:\/\/prandarto.com\/en\/#website\",\"url\":\"https:\/\/prandarto.com\/en\/\",\"name\":\"PRANDARTO cultural fusion\",\"description\":\"Egyedi digit\u00e1lis m\u0171vek, AI Art \u00e9s fot\u00f3alap\u00fa alkot\u00e1sok. Letisztult, modern vizu\u00e1lis \u00e9lm\u00e9ny otthonra, \u00fczletekbe \u00e9s k\u00f6z\u00f6ss\u00e9gi terekbe. Azonnali let\u00f6lt\u00e9s, szabad nyomtat\u00e1s.\",\"publisher\":{\"@id\":\"https:\/\/prandarto.com\/en\/#organization\"},\"potentialAction\":[{\"@type\":\"SearchAction\",\"target\":{\"@type\":\"EntryPoint\",\"urlTemplate\":\"https:\/\/prandarto.com\/en\/?s={search_term_string}\"},\"query-input\":{\"@type\":\"PropertyValueSpecification\",\"valueRequired\":true,\"valueName\":\"search_term_string\"}}],\"inLanguage\":\"en-US\"},{\"@type\":\"Organization\",\"@id\":\"https:\/\/prandarto.com\/en\/#organization\",\"name\":\"PRANDARTO cultural fusion\",\"url\":\"https:\/\/prandarto.com\/en\/\",\"logo\":{\"@type\":\"ImageObject\",\"inLanguage\":\"en-US\",\"@id\":\"https:\/\/prandarto.com\/en\/#\/schema\/logo\/image\/\",\"url\":\"https:\/\/prandarto.com\/wp-content\/uploads\/2025\/10\/PRANDARTO-LOGO-e1764685807372.png\",\"contentUrl\":\"https:\/\/prandarto.com\/wp-content\/uploads\/2025\/10\/PRANDARTO-LOGO-e1764685807372.png\",\"width\":500,\"height\":500,\"caption\":\"PRANDARTO cultural fusion\"},\"image\":{\"@id\":\"https:\/\/prandarto.com\/en\/#\/schema\/logo\/image\/\"}}]}<\/script>\n<!-- \/ Yoast SEO Premium plugin. -->","yoast_head_json":{"title":"Harmony of the Earth - PRANDARTO cultural fusion","description":"Celebrate the diversity of the world with \"Harmony Earth\"! A meeting of cultures, music and nature in a stunning global fusion. Sustainable digital art that brings a message of mutual respect and unity to your office or community space.","robots":{"index":"noindex","follow":"follow","max-snippet":"max-snippet:-1","max-image-preview":"max-image-preview:large","max-video-preview":"max-video-preview:-1"},"og_locale":"en_US","og_type":"article","og_title":"Harmony of the Earth","og_description":"Celebrate the diversity of the world with \"Harmony Earth\"! A meeting of cultures, music and nature in a stunning global fusion. Sustainable digital art that brings a message of mutual respect and unity to your office or community space.","og_url":"https:\/\/prandarto.com\/en\/termek\/harmony-of-the-earth\/","og_site_name":"PRANDARTO cultural fusion","og_image":[{"width":1050,"height":1050,"url":"https:\/\/prandarto.com\/wp-content\/uploads\/2026\/01\/Alap_Mckp_Prandarto-27.jpg","type":"image\/jpeg"}],"twitter_card":"summary_large_image","twitter_misc":{"Est. reading time":"3 minutes"},"schema":{"@context":"https:\/\/schema.org","@graph":[{"@type":"WebPage","@id":"https:\/\/prandarto.com\/en\/termek\/harmony-of-the-earth\/","url":"https:\/\/prandarto.com\/en\/termek\/harmony-of-the-earth\/","name":"Harmony of the Earth - PRANDARTO cultural fusion","isPartOf":{"@id":"https:\/\/prandarto.com\/en\/#website"},"primaryImageOfPage":{"@id":"https:\/\/prandarto.com\/en\/termek\/harmony-of-the-earth\/#primaryimage"},"image":{"@id":"https:\/\/prandarto.com\/en\/termek\/harmony-of-the-earth\/#primaryimage"},"thumbnailUrl":"https:\/\/prandarto.com\/wp-content\/uploads\/2026\/01\/Alap_Mckp_Prandarto-27.jpg","datePublished":"2026-01-22T11:28:03+00:00","description":"Celebrate the diversity of the world with \"Harmony Earth\"! A meeting of cultures, music and nature in a stunning global fusion. Sustainable digital art that brings a message of mutual respect and unity to your office or community space.","breadcrumb":{"@id":"https:\/\/prandarto.com\/en\/termek\/harmony-of-the-earth\/#breadcrumb"},"inLanguage":"en-US","potentialAction":[{"@type":"ReadAction","target":["https:\/\/prandarto.com\/en\/termek\/harmony-of-the-earth\/"]}]},{"@type":"ImageObject","inLanguage":"en-US","@id":"https:\/\/prandarto.com\/en\/termek\/harmony-of-the-earth\/#primaryimage","url":"https:\/\/prandarto.com\/wp-content\/uploads\/2026\/01\/Alap_Mckp_Prandarto-27.jpg","contentUrl":"https:\/\/prandarto.com\/wp-content\/uploads\/2026\/01\/Alap_Mckp_Prandarto-27.jpg","width":1050,"height":1050,"caption":"F\u00f6ldt\u00e1nc"},{"@type":"BreadcrumbList","@id":"https:\/\/prandarto.com\/en\/termek\/harmony-of-the-earth\/#breadcrumb","itemListElement":[{"@type":"ListItem","position":1,"name":"Kezd\u0151lap","item":"https:\/\/prandarto.com\/en\/"},{"@type":"ListItem","position":2,"name":"Shop","item":"https:\/\/prandarto.com\/en\/shop\/"},{"@type":"ListItem","position":3,"name":"Harmony of the Earth"}]},{"@type":"WebSite","@id":"https:\/\/prandarto.com\/en\/#website","url":"https:\/\/prandarto.com\/en\/","name":"PRANDARTO cultural fusion","description":"Egyedi digit\u00e1lis m\u0171vek, AI Art \u00e9s fot\u00f3alap\u00fa alkot\u00e1sok. Letisztult, modern vizu\u00e1lis \u00e9lm\u00e9ny otthonra, \u00fczletekbe \u00e9s k\u00f6z\u00f6ss\u00e9gi terekbe. Azonnali let\u00f6lt\u00e9s, szabad nyomtat\u00e1s.","publisher":{"@id":"https:\/\/prandarto.com\/en\/#organization"},"potentialAction":[{"@type":"SearchAction","target":{"@type":"EntryPoint","urlTemplate":"https:\/\/prandarto.com\/en\/?s={search_term_string}"},"query-input":{"@type":"PropertyValueSpecification","valueRequired":true,"valueName":"search_term_string"}}],"inLanguage":"en-US"},{"@type":"Organization","@id":"https:\/\/prandarto.com\/en\/#organization","name":"PRANDARTO cultural fusion","url":"https:\/\/prandarto.com\/en\/","logo":{"@type":"ImageObject","inLanguage":"en-US","@id":"https:\/\/prandarto.com\/en\/#\/schema\/logo\/image\/","url":"https:\/\/prandarto.com\/wp-content\/uploads\/2025\/10\/PRANDARTO-LOGO-e1764685807372.png","contentUrl":"https:\/\/prandarto.com\/wp-content\/uploads\/2025\/10\/PRANDARTO-LOGO-e1764685807372.png","width":500,"height":500,"caption":"PRANDARTO cultural fusion"},"image":{"@id":"https:\/\/prandarto.com\/en\/#\/schema\/logo\/image\/"}}]}},"_links":{"self":[{"href":"https:\/\/prandarto.com\/en\/wp-json\/wp\/v2\/product\/2165","targetHints":{"allow":["GET"]}}],"collection":[{"href":"https:\/\/prandarto.com\/en\/wp-json\/wp\/v2\/product"}],"about":[{"href":"https:\/\/prandarto.com\/en\/wp-json\/wp\/v2\/types\/product"}],"wp:featuredmedia":[{"embeddable":true,"href":"https:\/\/prandarto.com\/en\/wp-json\/wp\/v2\/media\/1672"}],"wp:attachment":[{"href":"https:\/\/prandarto.com\/en\/wp-json\/wp\/v2\/media?parent=2165"}],"wp:term":[{"taxonomy":"product_brand","embeddable":true,"href":"https:\/\/prandarto.com\/en\/wp-json\/wp\/v2\/product_brand?post=2165"},{"taxonomy":"product_cat","embeddable":true,"href":"https:\/\/prandarto.com\/en\/wp-json\/wp\/v2\/product_cat?post=2165"},{"taxonomy":"product_tag","embeddable":true,"href":"https:\/\/prandarto.com\/en\/wp-json\/wp\/v2\/product_tag?post=2165"}],"curies":[{"name":"wp","href":"https:\/\/api.w.org\/{rel}","templated":true}]}}