{"id":2150,"date":"2026-01-22T13:34:20","date_gmt":"2026-01-22T12:34:20","guid":{"rendered":"https:\/\/prandarto.com\/termek\/ghost-stones\/"},"modified":"2026-01-22T13:34:20","modified_gmt":"2026-01-22T12:34:20","slug":"ghost-stones","status":"publish","type":"product","link":"https:\/\/prandarto.com\/en\/termek\/ghost-stones\/","title":{"rendered":"Ghost stones"},"content":{"rendered":"<p><span style=\"font-weight: 400;\">Discover the <\/span><b>&#8220;Ghost Stones&#8221;<\/b><span style=\"font-weight: 400;\"> a work of art that radiates mysticism and cultural richness, which <\/span><b>colourful, Maori patterned, glowing stones<\/b><span style=\"font-weight: 400;\"> of shining maori! This image is a <\/span><b>cultural fusion<\/b><span style=\"font-weight: 400;\"> of cultural fusion, and was created <\/span><b>respect for tradition<\/b><span style=\"font-weight: 400;\">, a <\/span><b>harmony of nature and culture<\/b><span style=\"font-weight: 400;\">and the <\/span><b>spiritual strength<\/b><span style=\"font-weight: 400;\"> of spirituality. The Maori patterns are <\/span> <b>traditions<\/b><span style=\"font-weight: 400;\">, a <\/span><b>spiritual power<\/b><span style=\"font-weight: 400;\"> and the <\/span><b>connection with nature<\/b><span style=\"font-weight: 400;\"> to nature.<\/span><\/p>\n<p><b>What story does the picture tell?<\/b><\/p>\n<p><span style=\"font-weight: 400;\">A <\/span><b>&#8220;Ghost Stones&#8221;<\/b><span style=\"font-weight: 400;\"> a <\/span><b>respect for traditions<\/b><span style=\"font-weight: 400;\">, a <\/span><b>harmony of nature and culture<\/b><span style=\"font-weight: 400;\">and the <\/span><b>spiritual strength<\/b><span style=\"font-weight: 400;\"> history. The stones, decorated with Maori patterns, are <\/span> <b>traditions<\/b><span style=\"font-weight: 400;\">, a <\/span><b>spiritual power<\/b><span style=\"font-weight: 400;\"> and <\/span><b>connection to nature<\/b><span style=\"font-weight: 400;\"> to nature. This image reminds us that <\/span>  <b>the harmony of tradition and nature can enhance spiritual strength<\/b><span style=\"font-weight: 400;\">and that <\/span><b>the balance between culture and nature is key<\/b><span style=\"font-weight: 400;\">.<\/span><\/p>\n<p><b>What are the colours that make up the colours and what do they say?<\/b><\/p>\n<p><span style=\"font-weight: 400;\">The image is mainly <\/span><b>blue<\/b><span style=\"font-weight: 400;\">, <\/span><b>green<\/b><span style=\"font-weight: 400;\">, <\/span><b>red<\/b><span style=\"font-weight: 400;\">, <\/span><b>yellow<\/b><span style=\"font-weight: 400;\">, <\/span><b>purple<\/b><span style=\"font-weight: 400;\"> and <\/span><b>orange<\/b><span style=\"font-weight: 400;\"> shades. The <\/span> <b>Blue<\/b><span style=\"font-weight: 400;\">  a  <\/span><b>calm<\/b><span style=\"font-weight: 400;\">, a  <\/span><b>harmony<\/b><span style=\"font-weight: 400;\">  and the  <\/span><b>spiritual power<\/b><span style=\"font-weight: 400;\">  colour, while the  <\/span><b>Green<\/b><span style=\"font-weight: 400;\">  a  <\/span><b>Nature<\/b><span style=\"font-weight: 400;\">, a  <\/span><b>Growth<\/b><span style=\"font-weight: 400;\">  and the  <\/span><b>harmony<\/b><span style=\"font-weight: 400;\">  symbol of. A   <\/span><b>red<\/b><span style=\"font-weight: 400;\">  and  <\/span><b>yellow<\/b><span style=\"font-weight: 400;\">  a  <\/span><b>the energy of tradition<\/b><span style=\"font-weight: 400;\">, a  <\/span><b>passion<\/b><span style=\"font-weight: 400;\">  and the  <\/span><b>joy of life<\/b><span style=\"font-weight: 400;\">  conveys the message of the  <\/span><b>purple<\/b><span style=\"font-weight: 400;\">  and  <\/span><b>orange<\/b><span style=\"font-weight: 400;\">  a  <\/span><b>spirituality<\/b><span style=\"font-weight: 400;\">, a  <\/span><b>internal growth<\/b><span style=\"font-weight: 400;\">  and the  <\/span><b>mysticism<\/b><span style=\"font-weight: 400;\">  colours. These colours together   <\/span><b>harmony<\/b><span style=\"font-weight: 400;\">, <\/span><b>spiritual strength<\/b><span style=\"font-weight: 400;\"> and <\/span><b>cultural richness<\/b><span style=\"font-weight: 400;\"> and cultural diversity.<\/span><\/p>\n<p><b>What mood does it represent?<\/b><\/p>\n<p><span style=\"font-weight: 400;\">The picture <\/span><b>harmony<\/b><span style=\"font-weight: 400;\">, <\/span><b>spiritual power<\/b><span style=\"font-weight: 400;\"> and <\/span><b>cultural richness<\/b><span style=\"font-weight: 400;\"> The stones decorated with Maori patterns <\/span> <b>harmony<\/b><span style=\"font-weight: 400;\">, <\/span><b>respect for tradition<\/b><span style=\"font-weight: 400;\"> and <\/span><b>spiritual power<\/b><span style=\"font-weight: 400;\"> spirituality. Ideal for those who want to <\/span>  <b>in everyday life<\/b><span style=\"font-weight: 400;\"> also seek the <\/span><b>harmony<\/b><span style=\"font-weight: 400;\">, a <\/span><b>respect for tradition<\/b><span style=\"font-weight: 400;\"> and <\/span><b>spiritual strength<\/b><span style=\"font-weight: 400;\">.<\/span><\/p>\n<p><b>Who is it recommended for?<\/b><\/p>\n<ul>\n<li style=\"font-weight: 400;\" aria-level=\"1\"><b>For people open to cultures<\/b><span style=\"font-weight: 400;\">who are interested in <\/span><b>respect for traditions<\/b><span style=\"font-weight: 400;\"> and <\/span><b>spiritual strength<\/b><span style=\"font-weight: 400;\"> lovers of spirituality.<\/span><\/li>\n<li style=\"font-weight: 400;\" aria-level=\"1\"><b>For spiritual seekers<\/b><span style=\"font-weight: 400;\">who are looking for <\/span><b>harmony of nature and culture<\/b><span style=\"font-weight: 400;\"> the importance of harmony and harmony.<\/span><\/li>\n<li style=\"font-weight: 400;\" aria-level=\"1\"><b>For lovers of art and culture<\/b><span style=\"font-weight: 400;\">who are interested in <\/span><b>cultural richness<\/b><span style=\"font-weight: 400;\"> and <\/span><b>traditions<\/b><span style=\"font-weight: 400;\"> and traditions.<\/span><\/li>\n<li style=\"font-weight: 400;\" aria-level=\"1\"><b>For gift seekers<\/b><span style=\"font-weight: 400;\">who want something <\/span><b>spiritual power<\/b><span style=\"font-weight: 400;\"> and <\/span><b>cultural richness<\/b><span style=\"font-weight: 400;\"> to give to their loved ones.<\/span><\/li>\n<\/ul>\n<p><b>Which spaces and styles are suitable?<\/b><\/p>\n<p><span style=\"font-weight: 400;\">A <\/span><b>&#8220;Ghost Stones&#8221;<\/b><span style=\"font-weight: 400;\"> fits perfectly:<\/span><\/p>\n<ul>\n<li style=\"font-weight: 400;\" aria-level=\"1\"><b>Into spiritual spaces<\/b><span style=\"font-weight: 400;\">where the <\/span><b>harmony<\/b><span style=\"font-weight: 400;\"> and <\/span><b>spiritual power<\/b><span style=\"font-weight: 400;\"> dominates.<\/span><\/li>\n<li style=\"font-weight: 400;\" aria-level=\"1\"><b>Places where cultures meet<\/b><span style=\"font-weight: 400;\">where the <\/span><b>respect for traditions<\/b><span style=\"font-weight: 400;\"> is important.<\/span><\/li>\n<li style=\"font-weight: 400;\" aria-level=\"1\"><b>Meditation or yoga rooms<\/b><span style=\"font-weight: 400;\">where the <\/span><b>harmony<\/b><span style=\"font-weight: 400;\"> and <\/span><b>spiritual power<\/b><span style=\"font-weight: 400;\"> are key.<\/span><\/li>\n<li style=\"font-weight: 400;\" aria-level=\"1\"><b>Art galleries<\/b><span style=\"font-weight: 400;\">where the <\/span><b>cultural richness<\/b><span style=\"font-weight: 400;\"> and <\/span><b>traditions<\/b><span style=\"font-weight: 400;\"> dominate.<\/span><\/li>\n<\/ul>\n<p><b>In what situation can it help?<\/b><\/p>\n<ul>\n<li style=\"font-weight: 400;\" aria-level=\"1\"><span style=\"font-weight: 400;\">If <\/span><b>harmony<\/b><span style=\"font-weight: 400;\"> and <\/span><b>spiritual strength<\/b><span style=\"font-weight: 400;\"> in life.<\/span><\/li>\n<li style=\"font-weight: 400;\" aria-level=\"1\"><span style=\"font-weight: 400;\">If <\/span><b>respect for traditions<\/b><span style=\"font-weight: 400;\"> and <\/span><b>cultural richness<\/b><span style=\"font-weight: 400;\"> in your home or workplace.<\/span><\/li>\n<li style=\"font-weight: 400;\" aria-level=\"1\"><span style=\"font-weight: 400;\">If <\/span><b>mental strength<\/b><span style=\"font-weight: 400;\"> and <\/span><b>inner growth<\/b><span style=\"font-weight: 400;\"> in your environment.<\/span><\/li>\n<li style=\"font-weight: 400;\" aria-level=\"1\"><span style=\"font-weight: 400;\">If <\/span><b>gift from<\/b><span style=\"font-weight: 400;\"> for someone who loves the <\/span><b>traditions<\/b><span style=\"font-weight: 400;\"> and <\/span><b>spiritual power<\/b><span style=\"font-weight: 400;\">.<\/span><\/li>\n<\/ul>\n<p><b>Why buy it?<\/b><\/p>\n<ul>\n<li style=\"font-weight: 400;\" aria-level=\"1\"><b>Print on Demand (POD)<\/b><span style=\"font-weight: 400;\"> available, so <\/span><b>environmentally friendly<\/b><span style=\"font-weight: 400;\">, <\/span><b>zero stock<\/b><span style=\"font-weight: 400;\">, <\/span><b>zero waste<\/b><span style=\"font-weight: 400;\">.<\/span><\/li>\n<li style=\"font-weight: 400;\" aria-level=\"1\"><b>Digitally downloadable<\/b><span style=\"font-weight: 400;\">, so it is immediately available to you, and <\/span><b>a sustainable solution<\/b><span style=\"font-weight: 400;\">.<\/span><\/li>\n<li style=\"font-weight: 400;\" aria-level=\"1\"><b>Cultural fusion<\/b><span style=\"font-weight: 400;\"> a unique artistic creation, which <\/span><b>tells a story<\/b><span style=\"font-weight: 400;\"> and <\/span><b>creates atmosphere<\/b><span style=\"font-weight: 400;\">.<\/span><\/li>\n<\/ul>\n","protected":false},"excerpt":{"rendered":"<p>Discover the &#8220;Ghost Stones&#8221; a work of art that radiates mysticism and cultural richness, which colourful, Maori patterned, glowing stones of shining maori! This image is a cultural fusion of cultural fusion, and was created respect for tradition, a harmony of nature and cultureand the spiritual strength of spirituality. The Maori patterns are traditions, a [&hellip;]<\/p>\n","protected":false},"featured_media":1738,"template":"","meta":{"_acf_changed":false},"product_brand":[],"product_cat":[73,74,72,71,70],"product_tag":[],"class_list":{"0":"post-2150","1":"product","2":"type-product","3":"status-publish","4":"has-post-thumbnail","6":"product_cat-ai-generated-works","7":"product_cat-functional-decoration","8":"product_cat-modern-minimalist-motifs","9":"product_cat-natural-visuals","10":"product_cat-zen-and-meditative-moods","12":"first","13":"instock","14":"taxable","15":"shipping-taxable","16":"purchasable","17":"product-type-variable"},"acf":[],"yoast_head":"<!-- This site is optimized with the Yoast SEO Premium plugin v27.2 (Yoast SEO v27.2) - https:\/\/yoast.com\/product\/yoast-seo-premium-wordpress\/ -->\n<title>Ghost stones - PRANDARTO cultural fusion<\/title>\n<meta name=\"description\" content=\"Discover the mystical power of the &quot;Spirit Stones&quot;! Shining stones with a Maori pattern, which carry the spiritual power and harmony of nature. Ideal decoration for meditation spaces. Sustainable digital art with instant download\" \/>\n<meta name=\"robots\" content=\"noindex, follow, max-snippet:-1, max-image-preview:large, max-video-preview:-1\" \/>\n<meta property=\"og:locale\" content=\"en_US\" \/>\n<meta property=\"og:type\" content=\"article\" \/>\n<meta property=\"og:title\" content=\"Ghost stones\" \/>\n<meta property=\"og:description\" content=\"Discover the mystical power of the &quot;Spirit Stones&quot;! Shining stones with a Maori pattern, which carry the spiritual power and harmony of nature. Ideal decoration for meditation spaces. Sustainable digital art with instant download\" \/>\n<meta property=\"og:url\" content=\"https:\/\/prandarto.com\/en\/termek\/ghost-stones\/\" \/>\n<meta property=\"og:site_name\" content=\"PRANDARTO cultural fusion\" \/>\n<meta property=\"og:image\" content=\"https:\/\/prandarto.com\/wp-content\/uploads\/2026\/01\/Alap_Mckp_Prandarto-32.jpg\" \/>\n\t<meta property=\"og:image:width\" content=\"1050\" \/>\n\t<meta property=\"og:image:height\" content=\"1050\" \/>\n\t<meta property=\"og:image:type\" content=\"image\/jpeg\" \/>\n<meta name=\"twitter:card\" content=\"summary_large_image\" \/>\n<meta name=\"twitter:label1\" content=\"Est. reading time\" \/>\n\t<meta name=\"twitter:data1\" content=\"2 minutes\" \/>\n<script type=\"application\/ld+json\" class=\"yoast-schema-graph\">{\"@context\":\"https:\/\/schema.org\",\"@graph\":[{\"@type\":\"WebPage\",\"@id\":\"https:\/\/prandarto.com\/en\/termek\/ghost-stones\/\",\"url\":\"https:\/\/prandarto.com\/en\/termek\/ghost-stones\/\",\"name\":\"Ghost stones - PRANDARTO cultural fusion\",\"isPartOf\":{\"@id\":\"https:\/\/prandarto.com\/en\/#website\"},\"primaryImageOfPage\":{\"@id\":\"https:\/\/prandarto.com\/en\/termek\/ghost-stones\/#primaryimage\"},\"image\":{\"@id\":\"https:\/\/prandarto.com\/en\/termek\/ghost-stones\/#primaryimage\"},\"thumbnailUrl\":\"https:\/\/prandarto.com\/wp-content\/uploads\/2026\/01\/Alap_Mckp_Prandarto-32.jpg\",\"datePublished\":\"2026-01-22T12:34:20+00:00\",\"description\":\"Discover the mystical power of the \\\"Spirit Stones\\\"! Shining stones with a Maori pattern, which carry the spiritual power and harmony of nature. Ideal decoration for meditation spaces. Sustainable digital art with instant download\",\"breadcrumb\":{\"@id\":\"https:\/\/prandarto.com\/en\/termek\/ghost-stones\/#breadcrumb\"},\"inLanguage\":\"en-US\",\"potentialAction\":[{\"@type\":\"ReadAction\",\"target\":[\"https:\/\/prandarto.com\/en\/termek\/ghost-stones\/\"]}]},{\"@type\":\"ImageObject\",\"inLanguage\":\"en-US\",\"@id\":\"https:\/\/prandarto.com\/en\/termek\/ghost-stones\/#primaryimage\",\"url\":\"https:\/\/prandarto.com\/wp-content\/uploads\/2026\/01\/Alap_Mckp_Prandarto-32.jpg\",\"contentUrl\":\"https:\/\/prandarto.com\/wp-content\/uploads\/2026\/01\/Alap_Mckp_Prandarto-32.jpg\",\"width\":1050,\"height\":1050,\"caption\":\"Szellemk\u00f6vek\"},{\"@type\":\"BreadcrumbList\",\"@id\":\"https:\/\/prandarto.com\/en\/termek\/ghost-stones\/#breadcrumb\",\"itemListElement\":[{\"@type\":\"ListItem\",\"position\":1,\"name\":\"Kezd\u0151lap\",\"item\":\"https:\/\/prandarto.com\/en\/\"},{\"@type\":\"ListItem\",\"position\":2,\"name\":\"Shop\",\"item\":\"https:\/\/prandarto.com\/en\/shop\/\"},{\"@type\":\"ListItem\",\"position\":3,\"name\":\"Ghost stones\"}]},{\"@type\":\"WebSite\",\"@id\":\"https:\/\/prandarto.com\/en\/#website\",\"url\":\"https:\/\/prandarto.com\/en\/\",\"name\":\"PRANDARTO cultural fusion\",\"description\":\"Egyedi digit\u00e1lis m\u0171vek, AI Art \u00e9s fot\u00f3alap\u00fa alkot\u00e1sok. Letisztult, modern vizu\u00e1lis \u00e9lm\u00e9ny otthonra, \u00fczletekbe \u00e9s k\u00f6z\u00f6ss\u00e9gi terekbe. Azonnali let\u00f6lt\u00e9s, szabad nyomtat\u00e1s.\",\"publisher\":{\"@id\":\"https:\/\/prandarto.com\/en\/#organization\"},\"potentialAction\":[{\"@type\":\"SearchAction\",\"target\":{\"@type\":\"EntryPoint\",\"urlTemplate\":\"https:\/\/prandarto.com\/en\/?s={search_term_string}\"},\"query-input\":{\"@type\":\"PropertyValueSpecification\",\"valueRequired\":true,\"valueName\":\"search_term_string\"}}],\"inLanguage\":\"en-US\"},{\"@type\":\"Organization\",\"@id\":\"https:\/\/prandarto.com\/en\/#organization\",\"name\":\"PRANDARTO cultural fusion\",\"url\":\"https:\/\/prandarto.com\/en\/\",\"logo\":{\"@type\":\"ImageObject\",\"inLanguage\":\"en-US\",\"@id\":\"https:\/\/prandarto.com\/en\/#\/schema\/logo\/image\/\",\"url\":\"https:\/\/prandarto.com\/wp-content\/uploads\/2025\/10\/PRANDARTO-LOGO-e1764685807372.png\",\"contentUrl\":\"https:\/\/prandarto.com\/wp-content\/uploads\/2025\/10\/PRANDARTO-LOGO-e1764685807372.png\",\"width\":500,\"height\":500,\"caption\":\"PRANDARTO cultural fusion\"},\"image\":{\"@id\":\"https:\/\/prandarto.com\/en\/#\/schema\/logo\/image\/\"}}]}<\/script>\n<!-- \/ Yoast SEO Premium plugin. -->","yoast_head_json":{"title":"Ghost stones - PRANDARTO cultural fusion","description":"Discover the mystical power of the \"Spirit Stones\"! Shining stones with a Maori pattern, which carry the spiritual power and harmony of nature. Ideal decoration for meditation spaces. Sustainable digital art with instant download","robots":{"index":"noindex","follow":"follow","max-snippet":"max-snippet:-1","max-image-preview":"max-image-preview:large","max-video-preview":"max-video-preview:-1"},"og_locale":"en_US","og_type":"article","og_title":"Ghost stones","og_description":"Discover the mystical power of the \"Spirit Stones\"! Shining stones with a Maori pattern, which carry the spiritual power and harmony of nature. Ideal decoration for meditation spaces. Sustainable digital art with instant download","og_url":"https:\/\/prandarto.com\/en\/termek\/ghost-stones\/","og_site_name":"PRANDARTO cultural fusion","og_image":[{"width":1050,"height":1050,"url":"https:\/\/prandarto.com\/wp-content\/uploads\/2026\/01\/Alap_Mckp_Prandarto-32.jpg","type":"image\/jpeg"}],"twitter_card":"summary_large_image","twitter_misc":{"Est. reading time":"2 minutes"},"schema":{"@context":"https:\/\/schema.org","@graph":[{"@type":"WebPage","@id":"https:\/\/prandarto.com\/en\/termek\/ghost-stones\/","url":"https:\/\/prandarto.com\/en\/termek\/ghost-stones\/","name":"Ghost stones - PRANDARTO cultural fusion","isPartOf":{"@id":"https:\/\/prandarto.com\/en\/#website"},"primaryImageOfPage":{"@id":"https:\/\/prandarto.com\/en\/termek\/ghost-stones\/#primaryimage"},"image":{"@id":"https:\/\/prandarto.com\/en\/termek\/ghost-stones\/#primaryimage"},"thumbnailUrl":"https:\/\/prandarto.com\/wp-content\/uploads\/2026\/01\/Alap_Mckp_Prandarto-32.jpg","datePublished":"2026-01-22T12:34:20+00:00","description":"Discover the mystical power of the \"Spirit Stones\"! Shining stones with a Maori pattern, which carry the spiritual power and harmony of nature. Ideal decoration for meditation spaces. Sustainable digital art with instant download","breadcrumb":{"@id":"https:\/\/prandarto.com\/en\/termek\/ghost-stones\/#breadcrumb"},"inLanguage":"en-US","potentialAction":[{"@type":"ReadAction","target":["https:\/\/prandarto.com\/en\/termek\/ghost-stones\/"]}]},{"@type":"ImageObject","inLanguage":"en-US","@id":"https:\/\/prandarto.com\/en\/termek\/ghost-stones\/#primaryimage","url":"https:\/\/prandarto.com\/wp-content\/uploads\/2026\/01\/Alap_Mckp_Prandarto-32.jpg","contentUrl":"https:\/\/prandarto.com\/wp-content\/uploads\/2026\/01\/Alap_Mckp_Prandarto-32.jpg","width":1050,"height":1050,"caption":"Szellemk\u00f6vek"},{"@type":"BreadcrumbList","@id":"https:\/\/prandarto.com\/en\/termek\/ghost-stones\/#breadcrumb","itemListElement":[{"@type":"ListItem","position":1,"name":"Kezd\u0151lap","item":"https:\/\/prandarto.com\/en\/"},{"@type":"ListItem","position":2,"name":"Shop","item":"https:\/\/prandarto.com\/en\/shop\/"},{"@type":"ListItem","position":3,"name":"Ghost stones"}]},{"@type":"WebSite","@id":"https:\/\/prandarto.com\/en\/#website","url":"https:\/\/prandarto.com\/en\/","name":"PRANDARTO cultural fusion","description":"Egyedi digit\u00e1lis m\u0171vek, AI Art \u00e9s fot\u00f3alap\u00fa alkot\u00e1sok. Letisztult, modern vizu\u00e1lis \u00e9lm\u00e9ny otthonra, \u00fczletekbe \u00e9s k\u00f6z\u00f6ss\u00e9gi terekbe. Azonnali let\u00f6lt\u00e9s, szabad nyomtat\u00e1s.","publisher":{"@id":"https:\/\/prandarto.com\/en\/#organization"},"potentialAction":[{"@type":"SearchAction","target":{"@type":"EntryPoint","urlTemplate":"https:\/\/prandarto.com\/en\/?s={search_term_string}"},"query-input":{"@type":"PropertyValueSpecification","valueRequired":true,"valueName":"search_term_string"}}],"inLanguage":"en-US"},{"@type":"Organization","@id":"https:\/\/prandarto.com\/en\/#organization","name":"PRANDARTO cultural fusion","url":"https:\/\/prandarto.com\/en\/","logo":{"@type":"ImageObject","inLanguage":"en-US","@id":"https:\/\/prandarto.com\/en\/#\/schema\/logo\/image\/","url":"https:\/\/prandarto.com\/wp-content\/uploads\/2025\/10\/PRANDARTO-LOGO-e1764685807372.png","contentUrl":"https:\/\/prandarto.com\/wp-content\/uploads\/2025\/10\/PRANDARTO-LOGO-e1764685807372.png","width":500,"height":500,"caption":"PRANDARTO cultural fusion"},"image":{"@id":"https:\/\/prandarto.com\/en\/#\/schema\/logo\/image\/"}}]}},"_links":{"self":[{"href":"https:\/\/prandarto.com\/en\/wp-json\/wp\/v2\/product\/2150","targetHints":{"allow":["GET"]}}],"collection":[{"href":"https:\/\/prandarto.com\/en\/wp-json\/wp\/v2\/product"}],"about":[{"href":"https:\/\/prandarto.com\/en\/wp-json\/wp\/v2\/types\/product"}],"wp:featuredmedia":[{"embeddable":true,"href":"https:\/\/prandarto.com\/en\/wp-json\/wp\/v2\/media\/1738"}],"wp:attachment":[{"href":"https:\/\/prandarto.com\/en\/wp-json\/wp\/v2\/media?parent=2150"}],"wp:term":[{"taxonomy":"product_brand","embeddable":true,"href":"https:\/\/prandarto.com\/en\/wp-json\/wp\/v2\/product_brand?post=2150"},{"taxonomy":"product_cat","embeddable":true,"href":"https:\/\/prandarto.com\/en\/wp-json\/wp\/v2\/product_cat?post=2150"},{"taxonomy":"product_tag","embeddable":true,"href":"https:\/\/prandarto.com\/en\/wp-json\/wp\/v2\/product_tag?post=2150"}],"curies":[{"name":"wp","href":"https:\/\/api.w.org\/{rel}","templated":true}]}}