{"id":2149,"date":"2026-01-22T11:51:16","date_gmt":"2026-01-22T10:51:16","guid":{"rendered":"https:\/\/prandarto.com\/termek\/fire-flower\/"},"modified":"2026-01-22T11:51:16","modified_gmt":"2026-01-22T10:51:16","slug":"fire-flower","status":"publish","type":"product","link":"https:\/\/prandarto.com\/en\/termek\/fire-flower\/","title":{"rendered":"Fire Flower"},"content":{"rendered":"<p><span style=\"font-weight: 400;\">Discover the <\/span><b>&#8220;Fire Flower&#8221;<\/b><span style=\"font-weight: 400;\"> a passionate and joyful artistic creation that <\/span><b>bright red tulips<\/b><span style=\"font-weight: 400;\"> against a natural green background! This picture is the <\/span><b>cultural fusion<\/b><span style=\"font-weight: 400;\"> of fusion, and was created <\/span><b>passion<\/b><span style=\"font-weight: 400;\">, the <\/span><b>zest for life<\/b><span style=\"font-weight: 400;\"> and <\/span><b>and the powerful beauty of nature<\/b><span style=\"font-weight: 400;\"> of nature. The bright red colour of tulips is a symbol of the <\/span> <b>passion<\/b><span style=\"font-weight: 400;\">, the <\/span><b>energy<\/b><span style=\"font-weight: 400;\"> and <\/span><b>joy of life<\/b><span style=\"font-weight: 400;\"> while the green background is a symbol of the <\/span><b>nature<\/b><span style=\"font-weight: 400;\">, a <\/span><b>harmony<\/b><span style=\"font-weight: 400;\"> and <\/span><b>growth<\/b><span style=\"font-weight: 400;\"> symbol of growth.<\/span><\/p>\n<p><b>What story does the picture tell?<\/b><\/p>\n<p><span style=\"font-weight: 400;\">A <\/span><b>&#8220;Fire Flower&#8221;<\/b><span style=\"font-weight: 400;\"> a <\/span><b>passion<\/b><span style=\"font-weight: 400;\">, the <\/span><b>joy of life<\/b><span style=\"font-weight: 400;\"> and <\/span><b>the powerful beauty of nature<\/b><span style=\"font-weight: 400;\"> of nature. The tulips are the <\/span> <b>the joy of life<\/b><span style=\"font-weight: 400;\">, a <\/span><b>passion<\/b><span style=\"font-weight: 400;\"> and <\/span><b>strength<\/b><span style=\"font-weight: 400;\"> and strength. This image reminds us that in life <\/span>  <b>it is important to seek passion and joy in life<\/b><span style=\"font-weight: 400;\">and that the <\/span><b>nature creates new wonders every day<\/b><span style=\"font-weight: 400;\">.<\/span><\/p>\n<p><b>What are the colours that make up the colours and what do they say?<\/b><\/p>\n<p><span style=\"font-weight: 400;\">The image is mainly <\/span><b>bright red<\/b><span style=\"font-weight: 400;\"> and <\/span><b>green<\/b><span style=\"font-weight: 400;\"> shades of green and green. <\/span> <b>bright red<\/b><span style=\"font-weight: 400;\">  a  <\/span><b>passion<\/b><span style=\"font-weight: 400;\">, the  <\/span><b>joy of life<\/b><span style=\"font-weight: 400;\">  and the  <\/span><b>energy<\/b><span style=\"font-weight: 400;\">  colour, while the  <\/span><b>Green<\/b><span style=\"font-weight: 400;\">  a  <\/span><b>Nature<\/b><span style=\"font-weight: 400;\">, a  <\/span><b>harmony<\/b><span style=\"font-weight: 400;\">  and the  <\/span><b>Growth<\/b><span style=\"font-weight: 400;\">  symbol of. These colours together   <\/span><b>passion<\/b><span style=\"font-weight: 400;\">, <\/span><b>my love of life<\/b><span style=\"font-weight: 400;\"> and <\/span><b>harmony<\/b><span style=\"font-weight: 400;\"> and joy.<\/span><\/p>\n<p><b>What mood does it represent?<\/b><\/p>\n<p><span style=\"font-weight: 400;\">The picture <\/span><b>passion<\/b><span style=\"font-weight: 400;\">, <\/span><b>my love of life<\/b><span style=\"font-weight: 400;\"> and <\/span><b>harmony<\/b><span style=\"font-weight: 400;\"> The bright red colour of tulips <\/span> <b>energy<\/b><span style=\"font-weight: 400;\">, <\/span><b>joy of life<\/b><span style=\"font-weight: 400;\"> and <\/span><b>passion<\/b><span style=\"font-weight: 400;\"> and passion. Ideal for those who are <\/span>  <b>everyday stress<\/b><span style=\"font-weight: 400;\"> in the midst of stress and <\/span><b>joy of life<\/b><span style=\"font-weight: 400;\"> and <\/span><b>passion<\/b><span style=\"font-weight: 400;\"> moments of passion.<\/span><\/p>\n<p><b>Who is it recommended for?<\/b><\/p>\n<ul>\n<li style=\"font-weight: 400;\" aria-level=\"1\"><b>For people with a zest for life<\/b><span style=\"font-weight: 400;\">who are <\/span><b>passion<\/b><span style=\"font-weight: 400;\"> and <\/span><b>joy of life<\/b><span style=\"font-weight: 400;\"> lovers of life and passion.<\/span><\/li>\n<li style=\"font-weight: 400;\" aria-level=\"1\"><b>For nature lovers<\/b><span style=\"font-weight: 400;\">who are looking for <\/span><b>the powerful beauty of nature<\/b><span style=\"font-weight: 400;\"> appreciate the beauty of nature.<\/span><\/li>\n<li style=\"font-weight: 400;\" aria-level=\"1\"><b>Modern, fun style<\/b><span style=\"font-weight: 400;\"> lovers who want a <\/span><b>unique<\/b><span style=\"font-weight: 400;\">, <\/span><b>passionate<\/b><span style=\"font-weight: 400;\"> artwork.<\/span><\/li>\n<li style=\"font-weight: 400;\" aria-level=\"1\"><b>For gift seekers<\/b><span style=\"font-weight: 400;\">who want something <\/span><b>joy of life<\/b><span style=\"font-weight: 400;\"> and <\/span><b>passion<\/b><span style=\"font-weight: 400;\"> to give to their loved ones.<\/span><\/li>\n<\/ul>\n<p><b>Which spaces and styles are suitable?<\/b><\/p>\n<p><span style=\"font-weight: 400;\">A <\/span><b>&#8220;Fire Flower&#8221;<\/b><span style=\"font-weight: 400;\"> fits perfectly:<\/span><\/p>\n<ul>\n<li style=\"font-weight: 400;\" aria-level=\"1\"><b>Modern, lively style for apartments<\/b><span style=\"font-weight: 400;\">where the <\/span><b>joie de vivre<\/b><span style=\"font-weight: 400;\"> and <\/span><b>passion<\/b><span style=\"font-weight: 400;\"> dominate.<\/span><\/li>\n<li style=\"font-weight: 400;\" aria-level=\"1\"><b>Offices<\/b><span style=\"font-weight: 400;\">, where the <\/span><b>energy<\/b><span style=\"font-weight: 400;\"> and <\/span><b>zest for life<\/b><span style=\"font-weight: 400;\"> is key.<\/span><\/li>\n<li style=\"font-weight: 400;\" aria-level=\"1\"><b>Places<\/b><span style=\"font-weight: 400;\">where the <\/span><b>harmony<\/b><span style=\"font-weight: 400;\"> and <\/span><b>joy of life<\/b><span style=\"font-weight: 400;\"> is important.<\/span><\/li>\n<li style=\"font-weight: 400;\" aria-level=\"1\"><b>Creative spaces<\/b><span style=\"font-weight: 400;\">, where the <\/span><b>passion<\/b><span style=\"font-weight: 400;\"> and <\/span><b>joy of life<\/b><span style=\"font-weight: 400;\"> dominate.<\/span><\/li>\n<\/ul>\n<p><b>In what situation can it help?<\/b><\/p>\n<ul>\n<li style=\"font-weight: 400;\" aria-level=\"1\"><span style=\"font-weight: 400;\">If <\/span><b>my life story<\/b><span style=\"font-weight: 400;\"> and <\/span><b>passion<\/b><span style=\"font-weight: 400;\"> in life.<\/span><\/li>\n<li style=\"font-weight: 400;\" aria-level=\"1\"><span style=\"font-weight: 400;\">If <\/span><b>energy<\/b><span style=\"font-weight: 400;\"> and <\/span><b>positive attitude towards life<\/b><span style=\"font-weight: 400;\"> in your home or workspace.<\/span><\/li>\n<li style=\"font-weight: 400;\" aria-level=\"1\"><span style=\"font-weight: 400;\">If <\/span><b>harmony<\/b><span style=\"font-weight: 400;\"> and <\/span><b>joy of life<\/b><span style=\"font-weight: 400;\"> in your environment.<\/span><\/li>\n<li style=\"font-weight: 400;\" aria-level=\"1\"><span style=\"font-weight: 400;\">If <\/span><b>gift from<\/b><span style=\"font-weight: 400;\"> looking for a gift for someone who loves <\/span><b>my love of life<\/b><span style=\"font-weight: 400;\"> and <\/span><b>passion<\/b><span style=\"font-weight: 400;\">.<\/span><\/li>\n<\/ul>\n<p><b>Why buy it?<\/b><\/p>\n<ul>\n<li style=\"font-weight: 400;\" aria-level=\"1\"><b>Print on Demand (POD)<\/b><span style=\"font-weight: 400;\"> available, so <\/span><b>environmentally friendly<\/b><span style=\"font-weight: 400;\">, <\/span><b>zero stock<\/b><span style=\"font-weight: 400;\">, <\/span><b>zero waste<\/b><span style=\"font-weight: 400;\">.<\/span><\/li>\n<li style=\"font-weight: 400;\" aria-level=\"1\"><b>Digitally downloadable<\/b><span style=\"font-weight: 400;\">, so it is immediately available to you, and <\/span><b>a sustainable solution<\/b><span style=\"font-weight: 400;\">.<\/span><\/li>\n<li style=\"font-weight: 400;\" aria-level=\"1\"><b>Cultural fusion<\/b><span style=\"font-weight: 400;\"> a unique artistic creation, which <\/span><b>tells a story<\/b><span style=\"font-weight: 400;\"> and <\/span><b>creates atmosphere<\/b><span style=\"font-weight: 400;\">.<\/span><\/li>\n<\/ul>\n","protected":false},"excerpt":{"rendered":"<p>Discover the &#8220;Fire Flower&#8221; a passionate and joyful artistic creation that bright red tulips against a natural green background! This picture is the cultural fusion of fusion, and was created passion, the zest for life and and the powerful beauty of nature of nature. The bright red colour of tulips is a symbol of the [&hellip;]<\/p>\n","protected":false},"featured_media":1651,"template":"","meta":{"_acf_changed":false},"product_brand":[],"product_cat":[74,72,71,70],"product_tag":[],"class_list":{"0":"post-2149","1":"product","2":"type-product","3":"status-publish","4":"has-post-thumbnail","6":"product_cat-functional-decoration","7":"product_cat-modern-minimalist-motifs","8":"product_cat-natural-visuals","9":"product_cat-zen-and-meditative-moods","11":"first","12":"instock","13":"taxable","14":"shipping-taxable","15":"purchasable","16":"product-type-variable"},"acf":[],"yoast_head":"<!-- This site is optimized with the Yoast SEO Premium plugin v27.2 (Yoast SEO v27.2) - https:\/\/yoast.com\/product\/yoast-seo-premium-wordpress\/ -->\n<title>Fire Flower - PRANDARTO cultural fusion<\/title>\n<meta name=\"description\" content=\"Light the flame of joie de vivre in your home with the &quot;Fire Flower&quot; creation! Bright red tulips and the harmony of nature in a passionate, modern image. A sustainable digital download that instantly energizes your space.\" \/>\n<meta name=\"robots\" content=\"noindex, follow, max-snippet:-1, max-image-preview:large, max-video-preview:-1\" \/>\n<meta property=\"og:locale\" content=\"en_US\" \/>\n<meta property=\"og:type\" content=\"article\" \/>\n<meta property=\"og:title\" content=\"Fire Flower\" \/>\n<meta property=\"og:description\" content=\"Light the flame of joie de vivre in your home with the &quot;Fire Flower&quot; creation! Bright red tulips and the harmony of nature in a passionate, modern image. A sustainable digital download that instantly energizes your space.\" \/>\n<meta property=\"og:url\" content=\"https:\/\/prandarto.com\/en\/termek\/fire-flower\/\" \/>\n<meta property=\"og:site_name\" content=\"PRANDARTO cultural fusion\" \/>\n<meta property=\"og:image\" content=\"https:\/\/prandarto.com\/wp-content\/uploads\/2026\/01\/Alap_Mckp_Prandarto-25.jpg\" \/>\n\t<meta property=\"og:image:width\" content=\"1050\" \/>\n\t<meta property=\"og:image:height\" content=\"1050\" \/>\n\t<meta property=\"og:image:type\" content=\"image\/jpeg\" \/>\n<meta name=\"twitter:card\" content=\"summary_large_image\" \/>\n<meta name=\"twitter:label1\" content=\"Est. reading time\" \/>\n\t<meta name=\"twitter:data1\" content=\"2 minutes\" \/>\n<script type=\"application\/ld+json\" class=\"yoast-schema-graph\">{\"@context\":\"https:\/\/schema.org\",\"@graph\":[{\"@type\":\"WebPage\",\"@id\":\"https:\/\/prandarto.com\/en\/termek\/fire-flower\/\",\"url\":\"https:\/\/prandarto.com\/en\/termek\/fire-flower\/\",\"name\":\"Fire Flower - PRANDARTO cultural fusion\",\"isPartOf\":{\"@id\":\"https:\/\/prandarto.com\/en\/#website\"},\"primaryImageOfPage\":{\"@id\":\"https:\/\/prandarto.com\/en\/termek\/fire-flower\/#primaryimage\"},\"image\":{\"@id\":\"https:\/\/prandarto.com\/en\/termek\/fire-flower\/#primaryimage\"},\"thumbnailUrl\":\"https:\/\/prandarto.com\/wp-content\/uploads\/2026\/01\/Alap_Mckp_Prandarto-25.jpg\",\"datePublished\":\"2026-01-22T10:51:16+00:00\",\"description\":\"Light the flame of joie de vivre in your home with the \\\"Fire Flower\\\" creation! Bright red tulips and the harmony of nature in a passionate, modern image. A sustainable digital download that instantly energizes your space.\",\"breadcrumb\":{\"@id\":\"https:\/\/prandarto.com\/en\/termek\/fire-flower\/#breadcrumb\"},\"inLanguage\":\"en-US\",\"potentialAction\":[{\"@type\":\"ReadAction\",\"target\":[\"https:\/\/prandarto.com\/en\/termek\/fire-flower\/\"]}]},{\"@type\":\"ImageObject\",\"inLanguage\":\"en-US\",\"@id\":\"https:\/\/prandarto.com\/en\/termek\/fire-flower\/#primaryimage\",\"url\":\"https:\/\/prandarto.com\/wp-content\/uploads\/2026\/01\/Alap_Mckp_Prandarto-25.jpg\",\"contentUrl\":\"https:\/\/prandarto.com\/wp-content\/uploads\/2026\/01\/Alap_Mckp_Prandarto-25.jpg\",\"width\":1050,\"height\":1050,\"caption\":\"T\u0171zvir\u00e1g\"},{\"@type\":\"BreadcrumbList\",\"@id\":\"https:\/\/prandarto.com\/en\/termek\/fire-flower\/#breadcrumb\",\"itemListElement\":[{\"@type\":\"ListItem\",\"position\":1,\"name\":\"Kezd\u0151lap\",\"item\":\"https:\/\/prandarto.com\/en\/\"},{\"@type\":\"ListItem\",\"position\":2,\"name\":\"Shop\",\"item\":\"https:\/\/prandarto.com\/en\/shop\/\"},{\"@type\":\"ListItem\",\"position\":3,\"name\":\"Fire Flower\"}]},{\"@type\":\"WebSite\",\"@id\":\"https:\/\/prandarto.com\/en\/#website\",\"url\":\"https:\/\/prandarto.com\/en\/\",\"name\":\"PRANDARTO cultural fusion\",\"description\":\"Egyedi digit\u00e1lis m\u0171vek, AI Art \u00e9s fot\u00f3alap\u00fa alkot\u00e1sok. Letisztult, modern vizu\u00e1lis \u00e9lm\u00e9ny otthonra, \u00fczletekbe \u00e9s k\u00f6z\u00f6ss\u00e9gi terekbe. Azonnali let\u00f6lt\u00e9s, szabad nyomtat\u00e1s.\",\"publisher\":{\"@id\":\"https:\/\/prandarto.com\/en\/#organization\"},\"potentialAction\":[{\"@type\":\"SearchAction\",\"target\":{\"@type\":\"EntryPoint\",\"urlTemplate\":\"https:\/\/prandarto.com\/en\/?s={search_term_string}\"},\"query-input\":{\"@type\":\"PropertyValueSpecification\",\"valueRequired\":true,\"valueName\":\"search_term_string\"}}],\"inLanguage\":\"en-US\"},{\"@type\":\"Organization\",\"@id\":\"https:\/\/prandarto.com\/en\/#organization\",\"name\":\"PRANDARTO cultural fusion\",\"url\":\"https:\/\/prandarto.com\/en\/\",\"logo\":{\"@type\":\"ImageObject\",\"inLanguage\":\"en-US\",\"@id\":\"https:\/\/prandarto.com\/en\/#\/schema\/logo\/image\/\",\"url\":\"https:\/\/prandarto.com\/wp-content\/uploads\/2025\/10\/PRANDARTO-LOGO-e1764685807372.png\",\"contentUrl\":\"https:\/\/prandarto.com\/wp-content\/uploads\/2025\/10\/PRANDARTO-LOGO-e1764685807372.png\",\"width\":500,\"height\":500,\"caption\":\"PRANDARTO cultural fusion\"},\"image\":{\"@id\":\"https:\/\/prandarto.com\/en\/#\/schema\/logo\/image\/\"}}]}<\/script>\n<!-- \/ Yoast SEO Premium plugin. -->","yoast_head_json":{"title":"Fire Flower - PRANDARTO cultural fusion","description":"Light the flame of joie de vivre in your home with the \"Fire Flower\" creation! Bright red tulips and the harmony of nature in a passionate, modern image. A sustainable digital download that instantly energizes your space.","robots":{"index":"noindex","follow":"follow","max-snippet":"max-snippet:-1","max-image-preview":"max-image-preview:large","max-video-preview":"max-video-preview:-1"},"og_locale":"en_US","og_type":"article","og_title":"Fire Flower","og_description":"Light the flame of joie de vivre in your home with the \"Fire Flower\" creation! Bright red tulips and the harmony of nature in a passionate, modern image. A sustainable digital download that instantly energizes your space.","og_url":"https:\/\/prandarto.com\/en\/termek\/fire-flower\/","og_site_name":"PRANDARTO cultural fusion","og_image":[{"width":1050,"height":1050,"url":"https:\/\/prandarto.com\/wp-content\/uploads\/2026\/01\/Alap_Mckp_Prandarto-25.jpg","type":"image\/jpeg"}],"twitter_card":"summary_large_image","twitter_misc":{"Est. reading time":"2 minutes"},"schema":{"@context":"https:\/\/schema.org","@graph":[{"@type":"WebPage","@id":"https:\/\/prandarto.com\/en\/termek\/fire-flower\/","url":"https:\/\/prandarto.com\/en\/termek\/fire-flower\/","name":"Fire Flower - PRANDARTO cultural fusion","isPartOf":{"@id":"https:\/\/prandarto.com\/en\/#website"},"primaryImageOfPage":{"@id":"https:\/\/prandarto.com\/en\/termek\/fire-flower\/#primaryimage"},"image":{"@id":"https:\/\/prandarto.com\/en\/termek\/fire-flower\/#primaryimage"},"thumbnailUrl":"https:\/\/prandarto.com\/wp-content\/uploads\/2026\/01\/Alap_Mckp_Prandarto-25.jpg","datePublished":"2026-01-22T10:51:16+00:00","description":"Light the flame of joie de vivre in your home with the \"Fire Flower\" creation! Bright red tulips and the harmony of nature in a passionate, modern image. A sustainable digital download that instantly energizes your space.","breadcrumb":{"@id":"https:\/\/prandarto.com\/en\/termek\/fire-flower\/#breadcrumb"},"inLanguage":"en-US","potentialAction":[{"@type":"ReadAction","target":["https:\/\/prandarto.com\/en\/termek\/fire-flower\/"]}]},{"@type":"ImageObject","inLanguage":"en-US","@id":"https:\/\/prandarto.com\/en\/termek\/fire-flower\/#primaryimage","url":"https:\/\/prandarto.com\/wp-content\/uploads\/2026\/01\/Alap_Mckp_Prandarto-25.jpg","contentUrl":"https:\/\/prandarto.com\/wp-content\/uploads\/2026\/01\/Alap_Mckp_Prandarto-25.jpg","width":1050,"height":1050,"caption":"T\u0171zvir\u00e1g"},{"@type":"BreadcrumbList","@id":"https:\/\/prandarto.com\/en\/termek\/fire-flower\/#breadcrumb","itemListElement":[{"@type":"ListItem","position":1,"name":"Kezd\u0151lap","item":"https:\/\/prandarto.com\/en\/"},{"@type":"ListItem","position":2,"name":"Shop","item":"https:\/\/prandarto.com\/en\/shop\/"},{"@type":"ListItem","position":3,"name":"Fire Flower"}]},{"@type":"WebSite","@id":"https:\/\/prandarto.com\/en\/#website","url":"https:\/\/prandarto.com\/en\/","name":"PRANDARTO cultural fusion","description":"Egyedi digit\u00e1lis m\u0171vek, AI Art \u00e9s fot\u00f3alap\u00fa alkot\u00e1sok. Letisztult, modern vizu\u00e1lis \u00e9lm\u00e9ny otthonra, \u00fczletekbe \u00e9s k\u00f6z\u00f6ss\u00e9gi terekbe. Azonnali let\u00f6lt\u00e9s, szabad nyomtat\u00e1s.","publisher":{"@id":"https:\/\/prandarto.com\/en\/#organization"},"potentialAction":[{"@type":"SearchAction","target":{"@type":"EntryPoint","urlTemplate":"https:\/\/prandarto.com\/en\/?s={search_term_string}"},"query-input":{"@type":"PropertyValueSpecification","valueRequired":true,"valueName":"search_term_string"}}],"inLanguage":"en-US"},{"@type":"Organization","@id":"https:\/\/prandarto.com\/en\/#organization","name":"PRANDARTO cultural fusion","url":"https:\/\/prandarto.com\/en\/","logo":{"@type":"ImageObject","inLanguage":"en-US","@id":"https:\/\/prandarto.com\/en\/#\/schema\/logo\/image\/","url":"https:\/\/prandarto.com\/wp-content\/uploads\/2025\/10\/PRANDARTO-LOGO-e1764685807372.png","contentUrl":"https:\/\/prandarto.com\/wp-content\/uploads\/2025\/10\/PRANDARTO-LOGO-e1764685807372.png","width":500,"height":500,"caption":"PRANDARTO cultural fusion"},"image":{"@id":"https:\/\/prandarto.com\/en\/#\/schema\/logo\/image\/"}}]}},"_links":{"self":[{"href":"https:\/\/prandarto.com\/en\/wp-json\/wp\/v2\/product\/2149","targetHints":{"allow":["GET"]}}],"collection":[{"href":"https:\/\/prandarto.com\/en\/wp-json\/wp\/v2\/product"}],"about":[{"href":"https:\/\/prandarto.com\/en\/wp-json\/wp\/v2\/types\/product"}],"wp:featuredmedia":[{"embeddable":true,"href":"https:\/\/prandarto.com\/en\/wp-json\/wp\/v2\/media\/1651"}],"wp:attachment":[{"href":"https:\/\/prandarto.com\/en\/wp-json\/wp\/v2\/media?parent=2149"}],"wp:term":[{"taxonomy":"product_brand","embeddable":true,"href":"https:\/\/prandarto.com\/en\/wp-json\/wp\/v2\/product_brand?post=2149"},{"taxonomy":"product_cat","embeddable":true,"href":"https:\/\/prandarto.com\/en\/wp-json\/wp\/v2\/product_cat?post=2149"},{"taxonomy":"product_tag","embeddable":true,"href":"https:\/\/prandarto.com\/en\/wp-json\/wp\/v2\/product_tag?post=2149"}],"curies":[{"name":"wp","href":"https:\/\/api.w.org\/{rel}","templated":true}]}}