{"id":2133,"date":"2026-01-22T14:03:42","date_gmt":"2026-01-22T13:03:42","guid":{"rendered":"https:\/\/prandarto.com\/termek\/freedom-of-spring\/"},"modified":"2026-01-22T14:03:42","modified_gmt":"2026-01-22T13:03:42","slug":"freedom-of-spring","status":"publish","type":"product","link":"https:\/\/prandarto.com\/en\/termek\/freedom-of-spring\/","title":{"rendered":"Freedom of Spring"},"content":{"rendered":"<p><span style=\"font-weight: 400;\">Discover the <\/span><b>&#8220;Freedom in Spring&#8221;<\/b><span style=\"font-weight: 400;\"> a magically romantic and Budapest-inspired artistic creation, which is <\/span><b>Gell\u00e9rt mountain almond blossom<\/b><span style=\"font-weight: 400;\"> of the <\/span><b>Freedom Bridge<\/b><span style=\"font-weight: 400;\"> in the background! This picture is from the <\/span><b>cultural fusion<\/b><span style=\"font-weight: 400;\"> and was created in the spirit of <\/span><b>the awakening of spring<\/b><span style=\"font-weight: 400;\">, a <\/span><b>freedom<\/b><span style=\"font-weight: 400;\"> and <\/span><b>romance<\/b><span style=\"font-weight: 400;\"> and romance. The almond blossoms are the <\/span> <b>Spring<\/b><span style=\"font-weight: 400;\">, the <\/span><b>a fresh start<\/b><span style=\"font-weight: 400;\"> and the <\/span><b>romance<\/b><span style=\"font-weight: 400;\"> and romance, while the Liberty Bridge is a symbol of <\/span><b>freedom<\/b><span style=\"font-weight: 400;\">, a <\/span><b>Budapest atmosphere<\/b><span style=\"font-weight: 400;\"> and the <\/span><b>historical memories<\/b><span style=\"font-weight: 400;\"> of history.<\/span><\/p>\n<p><b>What story does the picture tell?<\/b><\/p>\n<p><span style=\"font-weight: 400;\">A <\/span><b>&#8220;Freedom in Spring&#8221;<\/b><span style=\"font-weight: 400;\"> a <\/span><b>the awakening of spring<\/b><span style=\"font-weight: 400;\">, a <\/span><b>freedom<\/b><span style=\"font-weight: 400;\"> and <\/span><b>romance<\/b><span style=\"font-weight: 400;\"> and romance. The almond blossoms are the <\/span> <b>Spring<\/b><span style=\"font-weight: 400;\">, the  <\/span><b>Start new<\/b><span style=\"font-weight: 400;\">  and the  <\/span><b>romance<\/b><span style=\"font-weight: 400;\">  while the Freedom Bridge is the symbol of the  <\/span><b>Freedom,  <\/b><span style=\"font-weight: 400;\">from<\/span><b>  together  <\/b><span style=\"font-weight: 400;\">and<\/span> <span style=\"font-weight: 400;\">from<\/span><b>  togetherness<\/b><span style=\"font-weight: 400;\">, a  <\/span><b>historical memories<\/b><span style=\"font-weight: 400;\">  and the  <\/span><b>Budapest atmosphere<\/b><span style=\"font-weight: 400;\">  symbol of. This image reminds us that the   <\/span><b>Spring<\/b><span style=\"font-weight: 400;\"> brings new hope every day, and that <\/span><b>Budapest<\/b><span style=\"font-weight: 400;\"> is a city where <\/span><b>freedom<\/b><span style=\"font-weight: 400;\"> and <\/span><b>romance<\/b><span style=\"font-weight: 400;\"> meets romance.<\/span><\/p>\n<p><b>What are the colours that make up the colours and what do they say?<\/b><\/p>\n<p><span style=\"font-weight: 400;\">The image is mainly <\/span><b>pink<\/b><span style=\"font-weight: 400;\">, <\/span><b>green<\/b><span style=\"font-weight: 400;\">, <\/span><b>blue<\/b><span style=\"font-weight: 400;\"> and <\/span><b>greyish<\/b><span style=\"font-weight: 400;\"> shades. The <\/span> <b>pink<\/b><span style=\"font-weight: 400;\">  a  <\/span><b>Spring<\/b><span style=\"font-weight: 400;\">, a  <\/span><b>romance<\/b><span style=\"font-weight: 400;\">  and the  <\/span><b>Start new<\/b><span style=\"font-weight: 400;\">  colour, while the  <\/span><b>Green<\/b><span style=\"font-weight: 400;\">  a  <\/span><b>Nature<\/b><span style=\"font-weight: 400;\">, a  <\/span><b>Growth<\/b><span style=\"font-weight: 400;\">  and the  <\/span><b>harmony<\/b><span style=\"font-weight: 400;\">  symbol of. A   <\/span><b>blue<\/b><span style=\"font-weight: 400;\"> and <\/span><b>greyish<\/b><span style=\"font-weight: 400;\"> shades of the <\/span><b>freedom<\/b><span style=\"font-weight: 400;\">, a <\/span><b>historical memories<\/b><span style=\"font-weight: 400;\"> and the <\/span><b>Budapest atmosphere<\/b><span style=\"font-weight: 400;\"> of Budapest. These colours together <\/span> <b>romance<\/b><span style=\"font-weight: 400;\">, <\/span><b>freedom<\/b><span style=\"font-weight: 400;\"> and <\/span><b>spring freshness<\/b><span style=\"font-weight: 400;\"> spring.<\/span><\/p>\n<p><b>What mood does it represent?<\/b><\/p>\n<p><span style=\"font-weight: 400;\">The picture <\/span><b>romance<\/b><span style=\"font-weight: 400;\">, <\/span><b>freedom<\/b><span style=\"font-weight: 400;\"> and <\/span><b>spring freshness<\/b><span style=\"font-weight: 400;\"> The almond blossoms and the Liberty Bridge <\/span> <b>in harmony<\/b><span style=\"font-weight: 400;\">, <\/span><b>romance<\/b><span style=\"font-weight: 400;\"> and <\/span><b>freedom<\/b><span style=\"font-weight: 400;\"> and freedom. Ideal for those who want to <\/span>  <b>everyday stress<\/b><span style=\"font-weight: 400;\"> in the midst of stress and <\/span><b>spring<\/b><span style=\"font-weight: 400;\">, a <\/span><b>romance<\/b><span style=\"font-weight: 400;\"> and <\/span><b>freedom<\/b><span style=\"font-weight: 400;\"> moments of freedom.<\/span><\/p>\n<p><b>Who is it recommended for?<\/b><\/p>\n<ul>\n<li style=\"font-weight: 400;\" aria-level=\"1\"><b>For romantic souls<\/b><span style=\"font-weight: 400;\">who are looking for <\/span><b>spring<\/b><span style=\"font-weight: 400;\">, a <\/span><b>romance<\/b><span style=\"font-weight: 400;\"> and <\/span><b>freedom<\/b><span style=\"font-weight: 400;\"> lovers of freedom.<\/span><\/li>\n<li style=\"font-weight: 400;\" aria-level=\"1\"><b>For Budapest lovers<\/b><span style=\"font-weight: 400;\">, who are in the <\/span><b>Budapest atmosphere<\/b><span style=\"font-weight: 400;\"> and the <\/span><b>historical memories<\/b><span style=\"font-weight: 400;\"> and the beauty of history.<\/span><\/li>\n<li style=\"font-weight: 400;\" aria-level=\"1\"><b>For nature lovers<\/b><span style=\"font-weight: 400;\">who are looking for <\/span><b>spring awakening<\/b><span style=\"font-weight: 400;\"> and the <\/span><b>romance<\/b><span style=\"font-weight: 400;\"> the importance of romance.<\/span><\/li>\n<li style=\"font-weight: 400;\" aria-level=\"1\"><b>For gift seekers<\/b><span style=\"font-weight: 400;\">who want something <\/span><b>romance<\/b><span style=\"font-weight: 400;\">, <\/span><b>freedom<\/b><span style=\"font-weight: 400;\"> and <\/span><b>spring freshness<\/b><span style=\"font-weight: 400;\"> to give to their loved ones.<\/span><\/li>\n<\/ul>\n<p><b>Which spaces and styles are suitable?<\/b><\/p>\n<p><span style=\"font-weight: 400;\">A <\/span><b>&#8220;Freedom in Spring&#8221;<\/b><span style=\"font-weight: 400;\"> is a perfect fit:<\/span><\/p>\n<ul>\n<li style=\"font-weight: 400;\" aria-level=\"1\"><b>Romantic style apartments<\/b><span style=\"font-weight: 400;\">where the <\/span><b>spring<\/b><span style=\"font-weight: 400;\"> and <\/span><b>romance<\/b><span style=\"font-weight: 400;\"> dominates.<\/span><\/li>\n<li style=\"font-weight: 400;\" aria-level=\"1\"><b>Budapest-themed spaces<\/b><span style=\"font-weight: 400;\">, where the <\/span><b>historical monuments<\/b><span style=\"font-weight: 400;\"> and <\/span><b>freedom<\/b><span style=\"font-weight: 400;\"> is important.<\/span><\/li>\n<li style=\"font-weight: 400;\" aria-level=\"1\"><b>Places<\/b><span style=\"font-weight: 400;\">where the <\/span><b>romance<\/b><span style=\"font-weight: 400;\"> and <\/span><b>freedom<\/b><span style=\"font-weight: 400;\"> are key.<\/span><\/li>\n<li style=\"font-weight: 400;\" aria-level=\"1\"><b>For caf\u00e9s or restaurants<\/b><span style=\"font-weight: 400;\">where the <\/span><b>Budapest atmosphere<\/b><span style=\"font-weight: 400;\"> and the <\/span><b>romance<\/b><span style=\"font-weight: 400;\"> dominates.<\/span><\/li>\n<\/ul>\n<p><b>In what situation can it help?<\/b><\/p>\n<ul>\n<li style=\"font-weight: 400;\" aria-level=\"1\"><span style=\"font-weight: 400;\">If <\/span><b>romance<\/b><span style=\"font-weight: 400;\"> and <\/span><b>freedom<\/b><span style=\"font-weight: 400;\"> in life.<\/span><\/li>\n<li style=\"font-weight: 400;\" aria-level=\"1\"><span style=\"font-weight: 400;\">If <\/span><b>spring freshness<\/b><span style=\"font-weight: 400;\"> and <\/span><b>a fresh start<\/b><span style=\"font-weight: 400;\"> in your home or workspace.<\/span><\/li>\n<li style=\"font-weight: 400;\" aria-level=\"1\"><span style=\"font-weight: 400;\">If <\/span><b>Budapest atmosphere<\/b><span style=\"font-weight: 400;\"> and <\/span><b>historical memories<\/b><span style=\"font-weight: 400;\"> and historical memories.<\/span><\/li>\n<li style=\"font-weight: 400;\" aria-level=\"1\"><span style=\"font-weight: 400;\">If <\/span><b>gift from<\/b><span style=\"font-weight: 400;\"> for someone who loves the <\/span><b>spring<\/b><span style=\"font-weight: 400;\">, a <\/span><b>romance<\/b><span style=\"font-weight: 400;\"> and <\/span><b>freedom<\/b><span style=\"font-weight: 400;\">.<\/span><\/li>\n<\/ul>\n<p><b>Why buy it?<\/b><\/p>\n<ul>\n<li style=\"font-weight: 400;\" aria-level=\"1\"><b>Print on Demand (POD)<\/b><span style=\"font-weight: 400;\"> available, so <\/span><b>environmentally friendly<\/b><span style=\"font-weight: 400;\">, <\/span><b>zero stock<\/b><span style=\"font-weight: 400;\">, <\/span><b>zero waste<\/b><span style=\"font-weight: 400;\">.<\/span><\/li>\n<li style=\"font-weight: 400;\" aria-level=\"1\"><b>Digitally downloadable<\/b><span style=\"font-weight: 400;\">, so it is immediately available to you, and <\/span><b>a sustainable solution<\/b><span style=\"font-weight: 400;\">.<\/span><\/li>\n<li style=\"font-weight: 400;\" aria-level=\"1\"><b>Cultural fusion<\/b><span style=\"font-weight: 400;\"> a unique artistic creation, which <\/span><b>tells a story<\/b><span style=\"font-weight: 400;\"> and <\/span><b>creates atmosphere<\/b><span style=\"font-weight: 400;\">.<\/span><\/li>\n<\/ul>\n","protected":false},"excerpt":{"rendered":"<p>Discover the &#8220;Freedom in Spring&#8221; a magically romantic and Budapest-inspired artistic creation, which is Gell\u00e9rt mountain almond blossom of the Freedom Bridge in the background! This picture is from the cultural fusion and was created in the spirit of the awakening of spring, a freedom and romance and romance. The almond blossoms are the Spring, [&hellip;]<\/p>\n","protected":false},"featured_media":1750,"template":"","meta":{"_acf_changed":false},"product_brand":[],"product_cat":[74,72,71,70],"product_tag":[],"class_list":{"0":"post-2133","1":"product","2":"type-product","3":"status-publish","4":"has-post-thumbnail","6":"product_cat-functional-decoration","7":"product_cat-modern-minimalist-motifs","8":"product_cat-natural-visuals","9":"product_cat-zen-and-meditative-moods","11":"first","12":"instock","13":"taxable","14":"shipping-taxable","15":"purchasable","16":"product-type-variable"},"acf":[],"yoast_head":"<!-- This site is optimized with the Yoast SEO Premium plugin v27.2 (Yoast SEO v27.2) - https:\/\/yoast.com\/product\/yoast-seo-premium-wordpress\/ -->\n<title>Freedom of Spring - PRANDARTO cultural fusion<\/title>\n<meta name=\"description\" content=\"Bring the springtime magic of Budapest into your home with the &quot;Spring Freedom&quot; artwork! Almond blossoms on Gell\u00e9rt Hill with the Liberty Bridge in the background. A romantic, unique digital print that conveys the message of new beginnings and freedom. Download now!\" \/>\n<meta name=\"robots\" content=\"noindex, follow, max-snippet:-1, max-image-preview:large, max-video-preview:-1\" \/>\n<meta property=\"og:locale\" content=\"en_US\" \/>\n<meta property=\"og:type\" content=\"article\" \/>\n<meta property=\"og:title\" content=\"Freedom of Spring\" \/>\n<meta property=\"og:description\" content=\"Bring the springtime magic of Budapest into your home with the &quot;Spring Freedom&quot; artwork! Almond blossoms on Gell\u00e9rt Hill with the Liberty Bridge in the background. A romantic, unique digital print that conveys the message of new beginnings and freedom. Download now!\" \/>\n<meta property=\"og:url\" content=\"https:\/\/prandarto.com\/en\/termek\/freedom-of-spring\/\" \/>\n<meta property=\"og:site_name\" content=\"PRANDARTO cultural fusion\" \/>\n<meta property=\"og:image\" content=\"https:\/\/prandarto.com\/wp-content\/uploads\/2026\/01\/Alap_Mckp_Prandarto-33.jpg\" \/>\n\t<meta property=\"og:image:width\" content=\"1050\" \/>\n\t<meta property=\"og:image:height\" content=\"1050\" \/>\n\t<meta property=\"og:image:type\" content=\"image\/jpeg\" \/>\n<meta name=\"twitter:card\" content=\"summary_large_image\" \/>\n<meta name=\"twitter:label1\" content=\"Est. reading time\" \/>\n\t<meta name=\"twitter:data1\" content=\"2 minutes\" \/>\n<script type=\"application\/ld+json\" class=\"yoast-schema-graph\">{\"@context\":\"https:\/\/schema.org\",\"@graph\":[{\"@type\":\"WebPage\",\"@id\":\"https:\/\/prandarto.com\/en\/termek\/freedom-of-spring\/\",\"url\":\"https:\/\/prandarto.com\/en\/termek\/freedom-of-spring\/\",\"name\":\"Freedom of Spring - PRANDARTO cultural fusion\",\"isPartOf\":{\"@id\":\"https:\/\/prandarto.com\/en\/#website\"},\"primaryImageOfPage\":{\"@id\":\"https:\/\/prandarto.com\/en\/termek\/freedom-of-spring\/#primaryimage\"},\"image\":{\"@id\":\"https:\/\/prandarto.com\/en\/termek\/freedom-of-spring\/#primaryimage\"},\"thumbnailUrl\":\"https:\/\/prandarto.com\/wp-content\/uploads\/2026\/01\/Alap_Mckp_Prandarto-33.jpg\",\"datePublished\":\"2026-01-22T13:03:42+00:00\",\"description\":\"Bring the springtime magic of Budapest into your home with the \\\"Spring Freedom\\\" artwork! Almond blossoms on Gell\u00e9rt Hill with the Liberty Bridge in the background. A romantic, unique digital print that conveys the message of new beginnings and freedom. Download now!\",\"breadcrumb\":{\"@id\":\"https:\/\/prandarto.com\/en\/termek\/freedom-of-spring\/#breadcrumb\"},\"inLanguage\":\"en-US\",\"potentialAction\":[{\"@type\":\"ReadAction\",\"target\":[\"https:\/\/prandarto.com\/en\/termek\/freedom-of-spring\/\"]}]},{\"@type\":\"ImageObject\",\"inLanguage\":\"en-US\",\"@id\":\"https:\/\/prandarto.com\/en\/termek\/freedom-of-spring\/#primaryimage\",\"url\":\"https:\/\/prandarto.com\/wp-content\/uploads\/2026\/01\/Alap_Mckp_Prandarto-33.jpg\",\"contentUrl\":\"https:\/\/prandarto.com\/wp-content\/uploads\/2026\/01\/Alap_Mckp_Prandarto-33.jpg\",\"width\":1050,\"height\":1050,\"caption\":\"Tavaszszabads\u00e1g\"},{\"@type\":\"BreadcrumbList\",\"@id\":\"https:\/\/prandarto.com\/en\/termek\/freedom-of-spring\/#breadcrumb\",\"itemListElement\":[{\"@type\":\"ListItem\",\"position\":1,\"name\":\"Kezd\u0151lap\",\"item\":\"https:\/\/prandarto.com\/en\/\"},{\"@type\":\"ListItem\",\"position\":2,\"name\":\"Shop\",\"item\":\"https:\/\/prandarto.com\/en\/shop\/\"},{\"@type\":\"ListItem\",\"position\":3,\"name\":\"Freedom of Spring\"}]},{\"@type\":\"WebSite\",\"@id\":\"https:\/\/prandarto.com\/en\/#website\",\"url\":\"https:\/\/prandarto.com\/en\/\",\"name\":\"PRANDARTO cultural fusion\",\"description\":\"Egyedi digit\u00e1lis m\u0171vek, AI Art \u00e9s fot\u00f3alap\u00fa alkot\u00e1sok. Letisztult, modern vizu\u00e1lis \u00e9lm\u00e9ny otthonra, \u00fczletekbe \u00e9s k\u00f6z\u00f6ss\u00e9gi terekbe. Azonnali let\u00f6lt\u00e9s, szabad nyomtat\u00e1s.\",\"publisher\":{\"@id\":\"https:\/\/prandarto.com\/en\/#organization\"},\"potentialAction\":[{\"@type\":\"SearchAction\",\"target\":{\"@type\":\"EntryPoint\",\"urlTemplate\":\"https:\/\/prandarto.com\/en\/?s={search_term_string}\"},\"query-input\":{\"@type\":\"PropertyValueSpecification\",\"valueRequired\":true,\"valueName\":\"search_term_string\"}}],\"inLanguage\":\"en-US\"},{\"@type\":\"Organization\",\"@id\":\"https:\/\/prandarto.com\/en\/#organization\",\"name\":\"PRANDARTO cultural fusion\",\"url\":\"https:\/\/prandarto.com\/en\/\",\"logo\":{\"@type\":\"ImageObject\",\"inLanguage\":\"en-US\",\"@id\":\"https:\/\/prandarto.com\/en\/#\/schema\/logo\/image\/\",\"url\":\"https:\/\/prandarto.com\/wp-content\/uploads\/2025\/10\/PRANDARTO-LOGO-e1764685807372.png\",\"contentUrl\":\"https:\/\/prandarto.com\/wp-content\/uploads\/2025\/10\/PRANDARTO-LOGO-e1764685807372.png\",\"width\":500,\"height\":500,\"caption\":\"PRANDARTO cultural fusion\"},\"image\":{\"@id\":\"https:\/\/prandarto.com\/en\/#\/schema\/logo\/image\/\"}}]}<\/script>\n<!-- \/ Yoast SEO Premium plugin. -->","yoast_head_json":{"title":"Freedom of Spring - PRANDARTO cultural fusion","description":"Bring the springtime magic of Budapest into your home with the \"Spring Freedom\" artwork! Almond blossoms on Gell\u00e9rt Hill with the Liberty Bridge in the background. A romantic, unique digital print that conveys the message of new beginnings and freedom. Download now!","robots":{"index":"noindex","follow":"follow","max-snippet":"max-snippet:-1","max-image-preview":"max-image-preview:large","max-video-preview":"max-video-preview:-1"},"og_locale":"en_US","og_type":"article","og_title":"Freedom of Spring","og_description":"Bring the springtime magic of Budapest into your home with the \"Spring Freedom\" artwork! Almond blossoms on Gell\u00e9rt Hill with the Liberty Bridge in the background. A romantic, unique digital print that conveys the message of new beginnings and freedom. Download now!","og_url":"https:\/\/prandarto.com\/en\/termek\/freedom-of-spring\/","og_site_name":"PRANDARTO cultural fusion","og_image":[{"width":1050,"height":1050,"url":"https:\/\/prandarto.com\/wp-content\/uploads\/2026\/01\/Alap_Mckp_Prandarto-33.jpg","type":"image\/jpeg"}],"twitter_card":"summary_large_image","twitter_misc":{"Est. reading time":"2 minutes"},"schema":{"@context":"https:\/\/schema.org","@graph":[{"@type":"WebPage","@id":"https:\/\/prandarto.com\/en\/termek\/freedom-of-spring\/","url":"https:\/\/prandarto.com\/en\/termek\/freedom-of-spring\/","name":"Freedom of Spring - PRANDARTO cultural fusion","isPartOf":{"@id":"https:\/\/prandarto.com\/en\/#website"},"primaryImageOfPage":{"@id":"https:\/\/prandarto.com\/en\/termek\/freedom-of-spring\/#primaryimage"},"image":{"@id":"https:\/\/prandarto.com\/en\/termek\/freedom-of-spring\/#primaryimage"},"thumbnailUrl":"https:\/\/prandarto.com\/wp-content\/uploads\/2026\/01\/Alap_Mckp_Prandarto-33.jpg","datePublished":"2026-01-22T13:03:42+00:00","description":"Bring the springtime magic of Budapest into your home with the \"Spring Freedom\" artwork! Almond blossoms on Gell\u00e9rt Hill with the Liberty Bridge in the background. A romantic, unique digital print that conveys the message of new beginnings and freedom. Download now!","breadcrumb":{"@id":"https:\/\/prandarto.com\/en\/termek\/freedom-of-spring\/#breadcrumb"},"inLanguage":"en-US","potentialAction":[{"@type":"ReadAction","target":["https:\/\/prandarto.com\/en\/termek\/freedom-of-spring\/"]}]},{"@type":"ImageObject","inLanguage":"en-US","@id":"https:\/\/prandarto.com\/en\/termek\/freedom-of-spring\/#primaryimage","url":"https:\/\/prandarto.com\/wp-content\/uploads\/2026\/01\/Alap_Mckp_Prandarto-33.jpg","contentUrl":"https:\/\/prandarto.com\/wp-content\/uploads\/2026\/01\/Alap_Mckp_Prandarto-33.jpg","width":1050,"height":1050,"caption":"Tavaszszabads\u00e1g"},{"@type":"BreadcrumbList","@id":"https:\/\/prandarto.com\/en\/termek\/freedom-of-spring\/#breadcrumb","itemListElement":[{"@type":"ListItem","position":1,"name":"Kezd\u0151lap","item":"https:\/\/prandarto.com\/en\/"},{"@type":"ListItem","position":2,"name":"Shop","item":"https:\/\/prandarto.com\/en\/shop\/"},{"@type":"ListItem","position":3,"name":"Freedom of Spring"}]},{"@type":"WebSite","@id":"https:\/\/prandarto.com\/en\/#website","url":"https:\/\/prandarto.com\/en\/","name":"PRANDARTO cultural fusion","description":"Egyedi digit\u00e1lis m\u0171vek, AI Art \u00e9s fot\u00f3alap\u00fa alkot\u00e1sok. Letisztult, modern vizu\u00e1lis \u00e9lm\u00e9ny otthonra, \u00fczletekbe \u00e9s k\u00f6z\u00f6ss\u00e9gi terekbe. Azonnali let\u00f6lt\u00e9s, szabad nyomtat\u00e1s.","publisher":{"@id":"https:\/\/prandarto.com\/en\/#organization"},"potentialAction":[{"@type":"SearchAction","target":{"@type":"EntryPoint","urlTemplate":"https:\/\/prandarto.com\/en\/?s={search_term_string}"},"query-input":{"@type":"PropertyValueSpecification","valueRequired":true,"valueName":"search_term_string"}}],"inLanguage":"en-US"},{"@type":"Organization","@id":"https:\/\/prandarto.com\/en\/#organization","name":"PRANDARTO cultural fusion","url":"https:\/\/prandarto.com\/en\/","logo":{"@type":"ImageObject","inLanguage":"en-US","@id":"https:\/\/prandarto.com\/en\/#\/schema\/logo\/image\/","url":"https:\/\/prandarto.com\/wp-content\/uploads\/2025\/10\/PRANDARTO-LOGO-e1764685807372.png","contentUrl":"https:\/\/prandarto.com\/wp-content\/uploads\/2025\/10\/PRANDARTO-LOGO-e1764685807372.png","width":500,"height":500,"caption":"PRANDARTO cultural fusion"},"image":{"@id":"https:\/\/prandarto.com\/en\/#\/schema\/logo\/image\/"}}]}},"_links":{"self":[{"href":"https:\/\/prandarto.com\/en\/wp-json\/wp\/v2\/product\/2133","targetHints":{"allow":["GET"]}}],"collection":[{"href":"https:\/\/prandarto.com\/en\/wp-json\/wp\/v2\/product"}],"about":[{"href":"https:\/\/prandarto.com\/en\/wp-json\/wp\/v2\/types\/product"}],"wp:featuredmedia":[{"embeddable":true,"href":"https:\/\/prandarto.com\/en\/wp-json\/wp\/v2\/media\/1750"}],"wp:attachment":[{"href":"https:\/\/prandarto.com\/en\/wp-json\/wp\/v2\/media?parent=2133"}],"wp:term":[{"taxonomy":"product_brand","embeddable":true,"href":"https:\/\/prandarto.com\/en\/wp-json\/wp\/v2\/product_brand?post=2133"},{"taxonomy":"product_cat","embeddable":true,"href":"https:\/\/prandarto.com\/en\/wp-json\/wp\/v2\/product_cat?post=2133"},{"taxonomy":"product_tag","embeddable":true,"href":"https:\/\/prandarto.com\/en\/wp-json\/wp\/v2\/product_tag?post=2133"}],"curies":[{"name":"wp","href":"https:\/\/api.w.org\/{rel}","templated":true}]}}