{"id":2208,"date":"2026-01-23T15:16:51","date_gmt":"2026-01-23T14:16:51","guid":{"rendered":"https:\/\/prandarto.com\/apply-at\/"},"modified":"2026-03-26T14:15:59","modified_gmt":"2026-03-26T13:15:59","slug":"apply-at","status":"publish","type":"page","link":"https:\/\/prandarto.com\/en\/apply-at\/","title":{"rendered":"Apply at"},"content":{"rendered":"<style>.elementor-widget-container > .uael-party-propz-wrap i{color:var( --e-global-color-primary );}.elementor-widget-container > .uael-party-propz-wrap svg{fill:var( --e-global-color-primary );}.elementor-2208 .elementor-element.elementor-element-ca7ff1e{--display:flex;--flex-direction:column;--container-widget-width:100%;--container-widget-height:initial;--container-widget-flex-grow:0;--container-widget-align-self:initial;--flex-wrap-mobile:wrap;}.elementor-widget-heading .elementor-heading-title{font-family:var( --e-global-typography-primary-font-family ), Sans-serif;font-weight:var( --e-global-typography-primary-font-weight );color:var( --e-global-color-primary );}.elementor-widget-heading .uael-party-propz-widget-wrap i{color:var( --e-global-color-primary );}.elementor-widget-heading .uael-party-propz-widget-wrap svg{fill:var( --e-global-color-primary );}.elementor-2208 .elementor-element.elementor-element-06afa1f .elementor-heading-title{color:var( --e-global-color-text );}.elementor-2208 .elementor-element.elementor-element-0496550{--display:flex;--flex-direction:column;--container-widget-width:100%;--container-widget-height:initial;--container-widget-flex-grow:0;--container-widget-align-self:initial;--flex-wrap-mobile:wrap;}.elementor-widget-text-editor{font-family:var( --e-global-typography-text-font-family ), Sans-serif;font-size:var( --e-global-typography-text-font-size );font-weight:var( --e-global-typography-text-font-weight );color:var( --e-global-color-text );}.elementor-widget-text-editor.elementor-drop-cap-view-stacked .elementor-drop-cap{background-color:var( --e-global-color-primary );}.elementor-widget-text-editor.elementor-drop-cap-view-framed .elementor-drop-cap, .elementor-widget-text-editor.elementor-drop-cap-view-default .elementor-drop-cap{color:var( --e-global-color-primary );border-color:var( --e-global-color-primary );}.elementor-widget-text-editor .uael-party-propz-widget-wrap i{color:var( --e-global-color-primary );}.elementor-widget-text-editor .uael-party-propz-widget-wrap svg{fill:var( --e-global-color-primary );}.elementor-widget .tippy-tooltip .tippy-content{text-align:center;}@media(max-width:1024px){.elementor-widget-text-editor{font-size:var( --e-global-typography-text-font-size );}}@media(max-width:767px){.elementor-widget-text-editor{font-size:var( --e-global-typography-text-font-size );}}<\/style>\t\t<div data-elementor-type=\"wp-page\" data-elementor-id=\"2208\" class=\"elementor elementor-2208 elementor-1819\" data-elementor-settings=\"{&quot;element_pack_global_tooltip_width&quot;:{&quot;unit&quot;:&quot;px&quot;,&quot;size&quot;:&quot;&quot;,&quot;sizes&quot;:[]},&quot;element_pack_global_tooltip_width_tablet&quot;:{&quot;unit&quot;:&quot;px&quot;,&quot;size&quot;:&quot;&quot;,&quot;sizes&quot;:[]},&quot;element_pack_global_tooltip_width_mobile&quot;:{&quot;unit&quot;:&quot;px&quot;,&quot;size&quot;:&quot;&quot;,&quot;sizes&quot;:[]},&quot;element_pack_global_tooltip_padding&quot;:{&quot;unit&quot;:&quot;px&quot;,&quot;top&quot;:&quot;&quot;,&quot;right&quot;:&quot;&quot;,&quot;bottom&quot;:&quot;&quot;,&quot;left&quot;:&quot;&quot;,&quot;isLinked&quot;:true},&quot;element_pack_global_tooltip_padding_tablet&quot;:{&quot;unit&quot;:&quot;px&quot;,&quot;top&quot;:&quot;&quot;,&quot;right&quot;:&quot;&quot;,&quot;bottom&quot;:&quot;&quot;,&quot;left&quot;:&quot;&quot;,&quot;isLinked&quot;:true},&quot;element_pack_global_tooltip_padding_mobile&quot;:{&quot;unit&quot;:&quot;px&quot;,&quot;top&quot;:&quot;&quot;,&quot;right&quot;:&quot;&quot;,&quot;bottom&quot;:&quot;&quot;,&quot;left&quot;:&quot;&quot;,&quot;isLinked&quot;:true},&quot;element_pack_global_tooltip_border_radius&quot;:{&quot;unit&quot;:&quot;px&quot;,&quot;top&quot;:&quot;&quot;,&quot;right&quot;:&quot;&quot;,&quot;bottom&quot;:&quot;&quot;,&quot;left&quot;:&quot;&quot;,&quot;isLinked&quot;:true},&quot;element_pack_global_tooltip_border_radius_tablet&quot;:{&quot;unit&quot;:&quot;px&quot;,&quot;top&quot;:&quot;&quot;,&quot;right&quot;:&quot;&quot;,&quot;bottom&quot;:&quot;&quot;,&quot;left&quot;:&quot;&quot;,&quot;isLinked&quot;:true},&quot;element_pack_global_tooltip_border_radius_mobile&quot;:{&quot;unit&quot;:&quot;px&quot;,&quot;top&quot;:&quot;&quot;,&quot;right&quot;:&quot;&quot;,&quot;bottom&quot;:&quot;&quot;,&quot;left&quot;:&quot;&quot;,&quot;isLinked&quot;:true}}\" data-elementor-post-type=\"page\">\n\t\t\t\t<div class=\"elementor-element elementor-element-ca7ff1e first-section e-flex e-con-boxed e-con e-parent\" data-id=\"ca7ff1e\" data-element_type=\"container\" data-e-type=\"container\">\n\t\t\t\t\t<div class=\"e-con-inner\">\n\t\t\t\t<div class=\"elementor-element elementor-element-06afa1f elementor-widget elementor-widget-heading\" data-id=\"06afa1f\" data-element_type=\"widget\" data-e-type=\"widget\" data-widget_type=\"heading.default\">\n\t\t\t\t\t\t\t<h2 class=\"elementor-heading-title elementor-size-default\">Apply at<\/h2>\t\t\t\t<\/div>\n\t\t\t\t\t<\/div>\n\t\t\t\t<\/div>\n\t\t<div class=\"elementor-element elementor-element-0496550 e-flex e-con-boxed e-con e-parent\" data-id=\"0496550\" data-element_type=\"container\" data-e-type=\"container\">\n\t\t\t\t\t<div class=\"e-con-inner\">\n\t\t\t\t<div class=\"elementor-element elementor-element-39543c5 elementor-widget elementor-widget-text-editor\" data-id=\"39543c5\" data-element_type=\"widget\" data-e-type=\"widget\" data-widget_type=\"text-editor.default\">\n\t\t\t\t\t\t\t\t\t\t\t<h4 data-path-to-node=\"1\">Call for proposals &#8211; &#8220;Every business should have its own website&#8221;<\/h4><p data-path-to-node=\"2\">Following the decision of Neumann Nonprofit Public Benefit Ltd., PRANDART won a grant to develop its digital presence. The aim of the project is to create and increase the online visibility of the company by developing a professional website.  <\/p><ul data-path-to-node=\"3\"><li><p data-path-to-node=\"3,0,1\"><span data-path-to-node=\"3,0,1,0\"><b data-path-to-node=\"3,0,1,0\" data-index-in-node=\"0\"><span class=\"citation-62\">Name of beneficiary:<\/span><\/b><span class=\"citation-62\"> Bal\u00e1zs M\u00e9sz\u00e1ros <\/span> <\/span><\/p><\/li><li><p data-path-to-node=\"3,1,1\"><span data-path-to-node=\"3,1,1,0\"><b data-path-to-node=\"3,1,1,0\" data-index-in-node=\"0\"><span class=\"citation-61\">The title of the project is:<\/span><\/b><span class=\"citation-61\"> Every business should have its own website <\/span> <\/span><\/p><\/li><li><p data-path-to-node=\"3,2,1\"><span data-path-to-node=\"3,2,1,0\"><b data-path-to-node=\"3,2,1,0\" data-index-in-node=\"0\"><span class=\"citation-60\">The amount of aid contracted:<\/span><\/b><span class=\"citation-60\"> Voucher worth HUF 1 500 000 <\/span> <\/span><\/p><\/li><li><p data-path-to-node=\"3,3,1\"><span data-path-to-node=\"3,3,1,0\"><b data-path-to-node=\"3,3,1,0\" data-index-in-node=\"0\"><span class=\"citation-59\">Aid intensity:<\/span><\/b><span class=\"citation-59\"> 100% <\/span> <\/span><\/p><\/li><li><p data-path-to-node=\"3,4,1\"><span data-path-to-node=\"3,4,1,0\"><b data-path-to-node=\"3,4,1,0\" data-index-in-node=\"0\"><span class=\"citation-58\">Content of the project:<\/span><\/b><span class=\"citation-58\"> Implementation of a basic + extended package type service package<\/span><\/span><span data-path-to-node=\"3,4,1,2\">.<\/span><\/p><\/li><li><p data-path-to-node=\"3,5,1\"><span data-path-to-node=\"3,5,1,0\"><b data-path-to-node=\"3,5,1,0\" data-index-in-node=\"0\"><span class=\"citation-57\">Registration number of the deed of support:<\/span><\/b><span class=\"citation-57\"> 2025\/KKV\/8500 <\/span> <\/span><\/p><\/li><li><p data-path-to-node=\"3,6,1\"><span data-path-to-node=\"3,6,1,0\"><b data-path-to-node=\"3,6,1,0\" data-index-in-node=\"0\"><span class=\"citation-56\">Planned completion of the project:<\/span><\/b><span class=\"citation-56\"> Duration of the subsidised activity End of 24 months from the date of issue of the Grant Instrument<\/span><\/span><span data-path-to-node=\"3,6,1,2\">.<\/span><\/p><div class=\"source-inline-chip-container ng-star-inserted\"> <\/div><\/li><\/ul><p data-path-to-node=\"4\"><span data-path-to-node=\"4,1\"><span class=\"citation-55\">The programme is supervised by the Ministry of National Economy and aims to strengthen the online competitiveness of Hungarian micro and small enterprises.<\/span><\/span><span data-path-to-node=\"4,3\">.<\/span><\/p>\t\t\t\t\t\t\t\t<\/div>\n\t\t\t\t\t<\/div>\n\t\t\t\t<\/div>\n\t\t\t\t<\/div>\n\t\t","protected":false},"excerpt":{"rendered":"<p>Apply at Call for proposals &#8211; &#8220;Every business should have its own website&#8221; Following the decision of Neumann Nonprofit Public Benefit Ltd., PRANDART won a grant to develop its digital presence. The aim of the project is to create and increase the online visibility of the company by developing a professional website. Name of beneficiary: [&hellip;]<\/p>\n","protected":false},"author":1,"featured_media":0,"parent":0,"menu_order":0,"comment_status":"closed","ping_status":"closed","template":"","meta":{"_acf_changed":false,"footnotes":""},"class_list":["post-2208","page","type-page","status-publish","hentry"],"acf":[],"yoast_head":"<!-- This site is optimized with the Yoast SEO Premium plugin v27.2 (Yoast SEO v27.2) - https:\/\/yoast.com\/product\/yoast-seo-premium-wordpress\/ -->\n<title>Apply at - PRANDARTO cultural fusion<\/title>\n<meta name=\"robots\" content=\"noindex, follow, max-snippet:-1, max-image-preview:large, max-video-preview:-1\" \/>\n<meta property=\"og:locale\" content=\"en_US\" \/>\n<meta property=\"og:type\" content=\"article\" \/>\n<meta property=\"og:title\" content=\"Apply at\" \/>\n<meta property=\"og:description\" content=\"Apply at Call for proposals &#8211; &#8220;Every business should have its own website&#8221; Following the decision of Neumann Nonprofit Public Benefit Ltd., PRANDART won a grant to develop its digital presence. The aim of the project is to create and increase the online visibility of the company by developing a professional website. Name of beneficiary: [&hellip;]\" \/>\n<meta property=\"og:url\" content=\"https:\/\/prandarto.com\/en\/apply-at\/\" \/>\n<meta property=\"og:site_name\" content=\"PRANDARTO cultural fusion\" \/>\n<meta property=\"article:modified_time\" content=\"2026-03-26T13:15:59+00:00\" \/>\n<meta name=\"twitter:card\" content=\"summary_large_image\" \/>\n<meta name=\"twitter:label1\" content=\"Est. reading time\" \/>\n\t<meta name=\"twitter:data1\" content=\"1 minute\" \/>\n<script type=\"application\/ld+json\" class=\"yoast-schema-graph\">{\"@context\":\"https:\/\/schema.org\",\"@graph\":[{\"@type\":\"WebPage\",\"@id\":\"https:\/\/prandarto.com\/en\/apply-at\/\",\"url\":\"https:\/\/prandarto.com\/en\/apply-at\/\",\"name\":\"Apply at - PRANDARTO cultural fusion\",\"isPartOf\":{\"@id\":\"https:\/\/prandarto.com\/en\/#website\"},\"datePublished\":\"2026-01-23T14:16:51+00:00\",\"dateModified\":\"2026-03-26T13:15:59+00:00\",\"breadcrumb\":{\"@id\":\"https:\/\/prandarto.com\/en\/apply-at\/#breadcrumb\"},\"inLanguage\":\"en-US\",\"potentialAction\":[{\"@type\":\"ReadAction\",\"target\":[\"https:\/\/prandarto.com\/en\/apply-at\/\"]}]},{\"@type\":\"BreadcrumbList\",\"@id\":\"https:\/\/prandarto.com\/en\/apply-at\/#breadcrumb\",\"itemListElement\":[{\"@type\":\"ListItem\",\"position\":1,\"name\":\"Kezd\u0151lap\",\"item\":\"https:\/\/prandarto.com\/en\/\"},{\"@type\":\"ListItem\",\"position\":2,\"name\":\"Apply at\"}]},{\"@type\":\"WebSite\",\"@id\":\"https:\/\/prandarto.com\/en\/#website\",\"url\":\"https:\/\/prandarto.com\/en\/\",\"name\":\"PRANDARTO cultural fusion\",\"description\":\"Egyedi digit\u00e1lis m\u0171vek, AI Art \u00e9s fot\u00f3alap\u00fa alkot\u00e1sok. Letisztult, modern vizu\u00e1lis \u00e9lm\u00e9ny otthonra, \u00fczletekbe \u00e9s k\u00f6z\u00f6ss\u00e9gi terekbe. Azonnali let\u00f6lt\u00e9s, szabad nyomtat\u00e1s.\",\"publisher\":{\"@id\":\"https:\/\/prandarto.com\/en\/#organization\"},\"potentialAction\":[{\"@type\":\"SearchAction\",\"target\":{\"@type\":\"EntryPoint\",\"urlTemplate\":\"https:\/\/prandarto.com\/en\/?s={search_term_string}\"},\"query-input\":{\"@type\":\"PropertyValueSpecification\",\"valueRequired\":true,\"valueName\":\"search_term_string\"}}],\"inLanguage\":\"en-US\"},{\"@type\":\"Organization\",\"@id\":\"https:\/\/prandarto.com\/en\/#organization\",\"name\":\"PRANDARTO cultural fusion\",\"url\":\"https:\/\/prandarto.com\/en\/\",\"logo\":{\"@type\":\"ImageObject\",\"inLanguage\":\"en-US\",\"@id\":\"https:\/\/prandarto.com\/en\/#\/schema\/logo\/image\/\",\"url\":\"https:\/\/prandarto.com\/wp-content\/uploads\/2025\/10\/PRANDARTO-LOGO-e1764685807372.png\",\"contentUrl\":\"https:\/\/prandarto.com\/wp-content\/uploads\/2025\/10\/PRANDARTO-LOGO-e1764685807372.png\",\"width\":500,\"height\":500,\"caption\":\"PRANDARTO cultural fusion\"},\"image\":{\"@id\":\"https:\/\/prandarto.com\/en\/#\/schema\/logo\/image\/\"}}]}<\/script>\n<!-- \/ Yoast SEO Premium plugin. -->","yoast_head_json":{"title":"Apply at - PRANDARTO cultural fusion","robots":{"index":"noindex","follow":"follow","max-snippet":"max-snippet:-1","max-image-preview":"max-image-preview:large","max-video-preview":"max-video-preview:-1"},"og_locale":"en_US","og_type":"article","og_title":"Apply at","og_description":"Apply at Call for proposals &#8211; &#8220;Every business should have its own website&#8221; Following the decision of Neumann Nonprofit Public Benefit Ltd., PRANDART won a grant to develop its digital presence. The aim of the project is to create and increase the online visibility of the company by developing a professional website. Name of beneficiary: [&hellip;]","og_url":"https:\/\/prandarto.com\/en\/apply-at\/","og_site_name":"PRANDARTO cultural fusion","article_modified_time":"2026-03-26T13:15:59+00:00","twitter_card":"summary_large_image","twitter_misc":{"Est. reading time":"1 minute"},"schema":{"@context":"https:\/\/schema.org","@graph":[{"@type":"WebPage","@id":"https:\/\/prandarto.com\/en\/apply-at\/","url":"https:\/\/prandarto.com\/en\/apply-at\/","name":"Apply at - PRANDARTO cultural fusion","isPartOf":{"@id":"https:\/\/prandarto.com\/en\/#website"},"datePublished":"2026-01-23T14:16:51+00:00","dateModified":"2026-03-26T13:15:59+00:00","breadcrumb":{"@id":"https:\/\/prandarto.com\/en\/apply-at\/#breadcrumb"},"inLanguage":"en-US","potentialAction":[{"@type":"ReadAction","target":["https:\/\/prandarto.com\/en\/apply-at\/"]}]},{"@type":"BreadcrumbList","@id":"https:\/\/prandarto.com\/en\/apply-at\/#breadcrumb","itemListElement":[{"@type":"ListItem","position":1,"name":"Kezd\u0151lap","item":"https:\/\/prandarto.com\/en\/"},{"@type":"ListItem","position":2,"name":"Apply at"}]},{"@type":"WebSite","@id":"https:\/\/prandarto.com\/en\/#website","url":"https:\/\/prandarto.com\/en\/","name":"PRANDARTO cultural fusion","description":"Egyedi digit\u00e1lis m\u0171vek, AI Art \u00e9s fot\u00f3alap\u00fa alkot\u00e1sok. Letisztult, modern vizu\u00e1lis \u00e9lm\u00e9ny otthonra, \u00fczletekbe \u00e9s k\u00f6z\u00f6ss\u00e9gi terekbe. Azonnali let\u00f6lt\u00e9s, szabad nyomtat\u00e1s.","publisher":{"@id":"https:\/\/prandarto.com\/en\/#organization"},"potentialAction":[{"@type":"SearchAction","target":{"@type":"EntryPoint","urlTemplate":"https:\/\/prandarto.com\/en\/?s={search_term_string}"},"query-input":{"@type":"PropertyValueSpecification","valueRequired":true,"valueName":"search_term_string"}}],"inLanguage":"en-US"},{"@type":"Organization","@id":"https:\/\/prandarto.com\/en\/#organization","name":"PRANDARTO cultural fusion","url":"https:\/\/prandarto.com\/en\/","logo":{"@type":"ImageObject","inLanguage":"en-US","@id":"https:\/\/prandarto.com\/en\/#\/schema\/logo\/image\/","url":"https:\/\/prandarto.com\/wp-content\/uploads\/2025\/10\/PRANDARTO-LOGO-e1764685807372.png","contentUrl":"https:\/\/prandarto.com\/wp-content\/uploads\/2025\/10\/PRANDARTO-LOGO-e1764685807372.png","width":500,"height":500,"caption":"PRANDARTO cultural fusion"},"image":{"@id":"https:\/\/prandarto.com\/en\/#\/schema\/logo\/image\/"}}]}},"_links":{"self":[{"href":"https:\/\/prandarto.com\/en\/wp-json\/wp\/v2\/pages\/2208","targetHints":{"allow":["GET"]}}],"collection":[{"href":"https:\/\/prandarto.com\/en\/wp-json\/wp\/v2\/pages"}],"about":[{"href":"https:\/\/prandarto.com\/en\/wp-json\/wp\/v2\/types\/page"}],"author":[{"embeddable":true,"href":"https:\/\/prandarto.com\/en\/wp-json\/wp\/v2\/users\/1"}],"replies":[{"embeddable":true,"href":"https:\/\/prandarto.com\/en\/wp-json\/wp\/v2\/comments?post=2208"}],"version-history":[{"count":1,"href":"https:\/\/prandarto.com\/en\/wp-json\/wp\/v2\/pages\/2208\/revisions"}],"predecessor-version":[{"id":2217,"href":"https:\/\/prandarto.com\/en\/wp-json\/wp\/v2\/pages\/2208\/revisions\/2217"}],"wp:attachment":[{"href":"https:\/\/prandarto.com\/en\/wp-json\/wp\/v2\/media?parent=2208"}],"curies":[{"name":"wp","href":"https:\/\/api.w.org\/{rel}","templated":true}]}}