{"id":2099,"date":"2025-12-25T23:51:49","date_gmt":"2025-12-25T22:51:49","guid":{"rendered":"https:\/\/prandarto.com\/campaigns\/"},"modified":"2026-03-26T14:13:44","modified_gmt":"2026-03-26T13:13:44","slug":"campaigns","status":"publish","type":"page","link":"https:\/\/prandarto.com\/en\/campaigns\/","title":{"rendered":"Campaigns"},"content":{"rendered":"<style>.elementor-widget-container > .uael-party-propz-wrap i{color:var( --e-global-color-primary );}.elementor-widget-container > .uael-party-propz-wrap svg{fill:var( --e-global-color-primary );}.elementor-2099 .elementor-element.elementor-element-84c4590{--display:flex;}.elementor-widget-heading .elementor-heading-title{font-family:var( --e-global-typography-primary-font-family ), Sans-serif;font-weight:var( --e-global-typography-primary-font-weight );color:var( --e-global-color-primary );}.elementor-widget-heading .uael-party-propz-widget-wrap i{color:var( --e-global-color-primary );}.elementor-widget-heading .uael-party-propz-widget-wrap svg{fill:var( --e-global-color-primary );}.elementor-2099 .elementor-element.elementor-element-67161f4{text-align:start;}.elementor-2099 .elementor-element.elementor-element-67161f4 .elementor-heading-title{color:var( --e-global-color-text );}.elementor-widget-text-editor{font-family:var( --e-global-typography-text-font-family ), Sans-serif;font-size:var( --e-global-typography-text-font-size );font-weight:var( --e-global-typography-text-font-weight );color:var( --e-global-color-text );}.elementor-widget-text-editor.elementor-drop-cap-view-stacked .elementor-drop-cap{background-color:var( --e-global-color-primary );}.elementor-widget-text-editor.elementor-drop-cap-view-framed .elementor-drop-cap, .elementor-widget-text-editor.elementor-drop-cap-view-default .elementor-drop-cap{color:var( --e-global-color-primary );border-color:var( --e-global-color-primary );}.elementor-widget-text-editor .uael-party-propz-widget-wrap i{color:var( --e-global-color-primary );}.elementor-widget-text-editor .uael-party-propz-widget-wrap svg{fill:var( --e-global-color-primary );}.elementor-2099 .elementor-element.elementor-element-b1192b3{--display:flex;--flex-direction:column;--container-widget-width:100%;--container-widget-height:initial;--container-widget-flex-grow:0;--container-widget-align-self:initial;--flex-wrap-mobile:wrap;}.elementor-2099 .elementor-element.elementor-element-b1192b3:not(.elementor-motion-effects-element-type-background), .elementor-2099 .elementor-element.elementor-element-b1192b3 > .elementor-motion-effects-container > .elementor-motion-effects-layer{background-color:var( --e-global-color-73096bd );}.elementor-2099 .elementor-element.elementor-element-e1e8b05{--display:flex;--flex-direction:row;--container-widget-width:initial;--container-widget-height:100%;--container-widget-flex-grow:1;--container-widget-align-self:stretch;--flex-wrap-mobile:wrap;--background-transition:0.3s;border-style:solid;--border-style:solid;border-width:2px 0px 0px 0px;--border-top-width:2px;--border-right-width:0px;--border-bottom-width:0px;--border-left-width:0px;--padding-top:10px;--padding-bottom:10px;--padding-left:10px;--padding-right:10px;}.elementor-2099 .elementor-element.elementor-element-e1e8b05:hover{background-color:var( --e-global-color-text );}.elementor-2099 .elementor-element.elementor-element-d3fbad2{--display:grid;--e-con-grid-template-columns:repeat(3, 1fr);--e-con-grid-template-rows:repeat(1, 1fr);--grid-auto-flow:row;--margin-top:0px;--margin-bottom:0px;--margin-left:0px;--margin-right:0px;--padding-top:0px;--padding-bottom:0px;--padding-left:0px;--padding-right:0px;}.elementor-2099 .elementor-element.elementor-element-1ccdecc{font-size:40px;font-weight:400;}.elementor-2099 .elementor-element.elementor-element-1ccdecc a{color:var( --e-global-color-text );}.elementor-2099 .elementor-element.elementor-element-1ccdecc a:hover, .elementor-2099 .elementor-element.elementor-element-1ccdecc a:focus{color:var( --e-global-color-primary );}.elementor-2099 .elementor-element.elementor-element-1ccdecc.elementor-element{--align-self:flex-start;}.elementor-2099 .elementor-element.elementor-element-6a8f998{font-weight:300;}.elementor-2099 .elementor-element.elementor-element-6a8f998.elementor-element{--align-self:center;}.elementor-widget-button .elementor-button{font-family:var( --e-global-typography-accent-font-family ), Sans-serif;font-weight:var( --e-global-typography-accent-font-weight );background-color:var( --e-global-color-accent );}.elementor-widget-button .uael-party-propz-widget-wrap i{color:var( --e-global-color-primary );}.elementor-widget-button .uael-party-propz-widget-wrap svg{fill:var( --e-global-color-primary );}.elementor-2099 .elementor-element.elementor-element-058afca .elementor-button{background-color:#FFBE9800;padding:10px 10px 10px 10px;}.elementor-2099 .elementor-element.elementor-element-058afca{margin:0 0 calc(var(--kit-widget-spacing, 0px) + 0) 0;}.elementor-2099 .elementor-element.elementor-element-058afca.elementor-element{--align-self:center;--order:99999 \/* order end hack *\/;--flex-grow:0;--flex-shrink:1;}.elementor-2099 .elementor-element.elementor-element-7fd50ac{--display:flex;--flex-direction:row;--container-widget-width:initial;--container-widget-height:100%;--container-widget-flex-grow:1;--container-widget-align-self:stretch;--flex-wrap-mobile:wrap;--background-transition:0.3s;border-style:solid;--border-style:solid;border-width:2px 0px 0px 0px;--border-top-width:2px;--border-right-width:0px;--border-bottom-width:0px;--border-left-width:0px;--padding-top:10px;--padding-bottom:10px;--padding-left:10px;--padding-right:10px;}.elementor-2099 .elementor-element.elementor-element-7fd50ac:hover{background-color:var( --e-global-color-text );}.elementor-2099 .elementor-element.elementor-element-4b722ef{--display:grid;--e-con-grid-template-columns:repeat(3, 1fr);--e-con-grid-template-rows:repeat(1, 1fr);--grid-auto-flow:row;--margin-top:0px;--margin-bottom:0px;--margin-left:0px;--margin-right:0px;--padding-top:0px;--padding-bottom:0px;--padding-left:0px;--padding-right:0px;}.elementor-2099 .elementor-element.elementor-element-e45d179{font-size:40px;font-weight:400;}.elementor-2099 .elementor-element.elementor-element-e45d179 a{color:var( --e-global-color-text );}.elementor-2099 .elementor-element.elementor-element-e45d179 a:hover, .elementor-2099 .elementor-element.elementor-element-e45d179 a:focus{color:var( --e-global-color-primary );}.elementor-2099 .elementor-element.elementor-element-e45d179.elementor-element{--align-self:flex-start;}.elementor-2099 .elementor-element.elementor-element-321c3a9{font-weight:300;}.elementor-2099 .elementor-element.elementor-element-321c3a9.elementor-element{--align-self:center;}.elementor-2099 .elementor-element.elementor-element-1b37fcc .elementor-button{background-color:#FFBE9800;padding:10px 10px 10px 10px;}.elementor-2099 .elementor-element.elementor-element-1b37fcc{margin:0 0 calc(var(--kit-widget-spacing, 0px) + 0) 100%;}.elementor-2099 .elementor-element.elementor-element-1b37fcc.elementor-element{--align-self:center;--flex-grow:0;--flex-shrink:1;}.elementor-widget .tippy-tooltip .tippy-content{text-align:center;}@media(max-width:1024px){.elementor-widget-text-editor{font-size:var( --e-global-typography-text-font-size );}.elementor-2099 .elementor-element.elementor-element-d3fbad2{--grid-auto-flow:row;}.elementor-2099 .elementor-element.elementor-element-4b722ef{--grid-auto-flow:row;}}@media(max-width:767px){.elementor-widget-text-editor{font-size:var( --e-global-typography-text-font-size );}.elementor-2099 .elementor-element.elementor-element-e1e8b05{--gap:10px 10px;--row-gap:10px;--column-gap:10px;}.elementor-2099 .elementor-element.elementor-element-d3fbad2{--e-con-grid-template-columns:repeat(1, 1fr);--gap:0px 0px;--row-gap:0px;--column-gap:0px;--grid-auto-flow:row;--justify-items:center;}.elementor-2099 .elementor-element.elementor-element-7fd50ac{--gap:10px 10px;--row-gap:10px;--column-gap:10px;}.elementor-2099 .elementor-element.elementor-element-4b722ef{--e-con-grid-template-columns:repeat(1, 1fr);--gap:0px 0px;--row-gap:0px;--column-gap:0px;--grid-auto-flow:row;--justify-items:center;}}\/* Start custom CSS for container, class: .elementor-element-e1e8b05 *\/.hover-bg-change:hover p, .hover-bg-change:hover .elementor-button{color:white!important; border-color:white!important}\/* End custom CSS *\/\n\/* Start custom CSS for container, class: .elementor-element-7fd50ac *\/.hover-bg-change:hover p, .hover-bg-change:hover .elementor-button{color:white!important; border-color:white!important}\/* End custom CSS *\/<\/style>\t\t<div data-elementor-type=\"wp-page\" data-elementor-id=\"2099\" class=\"elementor elementor-2099 elementor-590\" data-elementor-settings=\"{&quot;element_pack_global_tooltip_width&quot;:{&quot;unit&quot;:&quot;px&quot;,&quot;size&quot;:&quot;&quot;,&quot;sizes&quot;:[]},&quot;element_pack_global_tooltip_width_tablet&quot;:{&quot;unit&quot;:&quot;px&quot;,&quot;size&quot;:&quot;&quot;,&quot;sizes&quot;:[]},&quot;element_pack_global_tooltip_width_mobile&quot;:{&quot;unit&quot;:&quot;px&quot;,&quot;size&quot;:&quot;&quot;,&quot;sizes&quot;:[]},&quot;element_pack_global_tooltip_padding&quot;:{&quot;unit&quot;:&quot;px&quot;,&quot;top&quot;:&quot;&quot;,&quot;right&quot;:&quot;&quot;,&quot;bottom&quot;:&quot;&quot;,&quot;left&quot;:&quot;&quot;,&quot;isLinked&quot;:true},&quot;element_pack_global_tooltip_padding_tablet&quot;:{&quot;unit&quot;:&quot;px&quot;,&quot;top&quot;:&quot;&quot;,&quot;right&quot;:&quot;&quot;,&quot;bottom&quot;:&quot;&quot;,&quot;left&quot;:&quot;&quot;,&quot;isLinked&quot;:true},&quot;element_pack_global_tooltip_padding_mobile&quot;:{&quot;unit&quot;:&quot;px&quot;,&quot;top&quot;:&quot;&quot;,&quot;right&quot;:&quot;&quot;,&quot;bottom&quot;:&quot;&quot;,&quot;left&quot;:&quot;&quot;,&quot;isLinked&quot;:true},&quot;element_pack_global_tooltip_border_radius&quot;:{&quot;unit&quot;:&quot;px&quot;,&quot;top&quot;:&quot;&quot;,&quot;right&quot;:&quot;&quot;,&quot;bottom&quot;:&quot;&quot;,&quot;left&quot;:&quot;&quot;,&quot;isLinked&quot;:true},&quot;element_pack_global_tooltip_border_radius_tablet&quot;:{&quot;unit&quot;:&quot;px&quot;,&quot;top&quot;:&quot;&quot;,&quot;right&quot;:&quot;&quot;,&quot;bottom&quot;:&quot;&quot;,&quot;left&quot;:&quot;&quot;,&quot;isLinked&quot;:true},&quot;element_pack_global_tooltip_border_radius_mobile&quot;:{&quot;unit&quot;:&quot;px&quot;,&quot;top&quot;:&quot;&quot;,&quot;right&quot;:&quot;&quot;,&quot;bottom&quot;:&quot;&quot;,&quot;left&quot;:&quot;&quot;,&quot;isLinked&quot;:true}}\" data-elementor-post-type=\"page\">\n\t\t\t\t<div class=\"elementor-element elementor-element-84c4590 first-section e-flex e-con-boxed e-con e-parent\" data-id=\"84c4590\" data-element_type=\"container\" data-e-type=\"container\">\n\t\t\t\t\t<div class=\"e-con-inner\">\n\t\t\t\t<div class=\"elementor-element elementor-element-67161f4 elementor-widget elementor-widget-heading\" data-id=\"67161f4\" data-element_type=\"widget\" data-e-type=\"widget\" data-widget_type=\"heading.default\">\n\t\t\t\t\t\t\t<h1 class=\"elementor-heading-title elementor-size-default\">Campaigns<\/h1>\t\t\t\t<\/div>\n\t\t\t\t<div class=\"elementor-element elementor-element-81741d3 elementor-widget elementor-widget-text-editor\" data-id=\"81741d3\" data-element_type=\"widget\" data-e-type=\"widget\" data-widget_type=\"text-editor.default\">\n\t\t\t\t\t\t\t\t\t\t\t<p><span lang=\"hu\">For me, art in the world of PRANDARTO is not just a collection of images, colours and compositions. Everything I create is a work in progress: with stories, moods and the search for creative paths that go beyond a single piece of art. Some projects are longer in scale, require community participation, or simply come to life when<b> more of us get behind them<\/b>.<\/span><\/p>\t\t\t\t\t\t\t\t<\/div>\n\t\t\t\t\t<\/div>\n\t\t\t\t<\/div>\n\t\t<div class=\"elementor-element elementor-element-b1192b3 e-flex e-con-boxed e-con e-parent\" data-id=\"b1192b3\" data-element_type=\"container\" data-e-type=\"container\" data-settings=\"{&quot;background_background&quot;:&quot;classic&quot;}\">\n\t\t\t\t\t<div class=\"e-con-inner\">\n\t\t\t\t<div class=\"elementor-element elementor-element-eb4f0cc elementor-widget elementor-widget-text-editor\" data-id=\"eb4f0cc\" data-element_type=\"widget\" data-e-type=\"widget\" data-widget_type=\"text-editor.default\">\n\t\t\t\t\t\t\t\t\t\t\t<p class=\"normal\" style=\"text-align: justify; margin: 12.0pt 0cm 12.0pt 0cm;\"><span lang=\"hu\">On the Campaigns page you will find these special initiatives.<br>Projects that you can join with <b>support <\/b>and gain insight into their development and evolution. Campaigns are designed to bring you even closer to the PRANDARTO creative process and to be the first to know about stories in the making, new collections or community projects.<\/span><\/p>\t\t\t\t\t\t\t\t<\/div>\n\t\t\t\t\t<\/div>\n\t\t\t\t<\/div>\n\t\t<div class=\"elementor-element elementor-element-e1e8b05 e-con-full bdt-backdrop-filter-yes hover-bg-change e-flex bdt-filter-backdrop e-con e-parent\" data-id=\"e1e8b05\" data-element_type=\"container\" data-e-type=\"container\">\n\t\t<div class=\"elementor-element elementor-element-d3fbad2 e-grid e-con-boxed e-con e-child\" data-id=\"d3fbad2\" data-element_type=\"container\" data-e-type=\"container\">\n\t\t\t\t\t<div class=\"e-con-inner\">\n\t\t\t\t<div class=\"elementor-element elementor-element-1ccdecc elementor-widget elementor-widget-text-editor\" data-id=\"1ccdecc\" data-element_type=\"widget\" data-e-type=\"widget\" data-widget_type=\"text-editor.default\">\n\t\t\t\t\t\t\t\t\t\t\t<p>Let&#8217;s add it up!<\/p>\t\t\t\t\t\t\t\t<\/div>\n\t\t\t\t<div class=\"elementor-element elementor-element-6a8f998 elementor-widget elementor-widget-text-editor\" data-id=\"6a8f998\" data-element_type=\"widget\" data-e-type=\"widget\" data-widget_type=\"text-editor.default\">\n\t\t\t\t\t\t\t\t\t\t\t<p>Fundraising for supporters<\/p>\t\t\t\t\t\t\t\t<\/div>\n\t\t\t\t<div class=\"elementor-element elementor-element-058afca elementor-widget elementor-widget-button\" data-id=\"058afca\" data-element_type=\"widget\" data-e-type=\"widget\" data-widget_type=\"button.default\">\n\t\t\t\t\t\t\t\t\t\t\t\t<a class=\"elementor-button elementor-button-link elementor-size-sm\" href=\"https:\/\/prandarto.com\/en\/lets-add-it-up-fundraising-for-supporters\/\">\n\t\t\t\t\t\t<span class=\"elementor-button-content-wrapper\">\n\t\t\t\t\t\t<span class=\"elementor-button-icon\">\n\t\t\t\t<i aria-hidden=\"true\" class=\"jki jki-right-arrow-light\"><\/i>\t\t\t<\/span>\n\t\t\t\t\t\t\t\t<\/span>\n\t\t\t\t\t<\/a>\n\t\t\t\t\t\t\t\t<\/div>\n\t\t\t\t\t<\/div>\n\t\t\t\t<\/div>\n\t\t\t\t<\/div>\n\t\t<div class=\"elementor-element elementor-element-7fd50ac e-con-full bdt-backdrop-filter-yes hover-bg-change e-flex bdt-filter-backdrop e-con e-parent\" data-id=\"7fd50ac\" data-element_type=\"container\" data-e-type=\"container\">\n\t\t<div class=\"elementor-element elementor-element-4b722ef e-grid e-con-boxed e-con e-child\" data-id=\"4b722ef\" data-element_type=\"container\" data-e-type=\"container\">\n\t\t\t\t\t<div class=\"e-con-inner\">\n\t\t\t\t<div class=\"elementor-element elementor-element-e45d179 elementor-widget elementor-widget-text-editor\" data-id=\"e45d179\" data-element_type=\"widget\" data-e-type=\"widget\" data-widget_type=\"text-editor.default\">\n\t\t\t\t\t\t\t\t\t\t\t<p>Patreon<\/p>\t\t\t\t\t\t\t\t<\/div>\n\t\t\t\t<div class=\"elementor-element elementor-element-321c3a9 elementor-widget elementor-widget-text-editor\" data-id=\"321c3a9\" data-element_type=\"widget\" data-e-type=\"widget\" data-widget_type=\"text-editor.default\">\n\t\t\t\t\t\t\t\t\t\t\t<p>Longer-term support<\/p>\t\t\t\t\t\t\t\t<\/div>\n\t\t\t\t<div class=\"elementor-element elementor-element-1b37fcc elementor-widget elementor-widget-button\" data-id=\"1b37fcc\" data-element_type=\"widget\" data-e-type=\"widget\" data-widget_type=\"button.default\">\n\t\t\t\t\t\t\t\t\t\t\t\t<a class=\"elementor-button elementor-button-link elementor-size-sm\" href=\"https:\/\/prandarto.com\/en\/patreon-longer-term-support\/\">\n\t\t\t\t\t\t<span class=\"elementor-button-content-wrapper\">\n\t\t\t\t\t\t<span class=\"elementor-button-icon\">\n\t\t\t\t<i aria-hidden=\"true\" class=\"jki jki-right-arrow-light\"><\/i>\t\t\t<\/span>\n\t\t\t\t\t\t\t\t<\/span>\n\t\t\t\t\t<\/a>\n\t\t\t\t\t\t\t\t<\/div>\n\t\t\t\t\t<\/div>\n\t\t\t\t<\/div>\n\t\t\t\t<\/div>\n\t\t\t\t<\/div>\n\t\t","protected":false},"excerpt":{"rendered":"<p>Campaigns For me, art in the world of PRANDARTO is not just a collection of images, colours and compositions. Everything I create is a work in progress: with stories, moods and the search for creative paths that go beyond a single piece of art. Some projects are longer in scale, require community participation, or simply [&hellip;]<\/p>\n","protected":false},"author":1,"featured_media":0,"parent":0,"menu_order":0,"comment_status":"closed","ping_status":"closed","template":"","meta":{"_acf_changed":false,"footnotes":""},"class_list":["post-2099","page","type-page","status-publish","hentry"],"acf":[],"yoast_head":"<!-- This site is optimized with the Yoast SEO Premium plugin v27.2 (Yoast SEO v27.2) - https:\/\/yoast.com\/product\/yoast-seo-premium-wordpress\/ -->\n<title>Campaigns - PRANDARTO cultural fusion<\/title>\n<meta name=\"description\" content=\"Discover PRANDARTO campaigns: community art projects, stories and collections that you can join with support. Get closer to the creative process and be the first to know about new initiatives.\" \/>\n<meta name=\"robots\" content=\"noindex, follow, max-snippet:-1, max-image-preview:large, max-video-preview:-1\" \/>\n<meta property=\"og:locale\" content=\"en_US\" \/>\n<meta property=\"og:type\" content=\"article\" \/>\n<meta property=\"og:title\" content=\"Campaigns\" \/>\n<meta property=\"og:description\" content=\"Discover PRANDARTO campaigns: community art projects, stories and collections that you can join with support. Get closer to the creative process and be the first to know about new initiatives.\" \/>\n<meta property=\"og:url\" content=\"https:\/\/prandarto.com\/en\/campaigns\/\" \/>\n<meta property=\"og:site_name\" content=\"PRANDARTO cultural fusion\" \/>\n<meta property=\"article:modified_time\" content=\"2026-03-26T13:13:44+00:00\" \/>\n<meta name=\"twitter:card\" content=\"summary_large_image\" \/>\n<meta name=\"twitter:label1\" content=\"Est. reading time\" \/>\n\t<meta name=\"twitter:data1\" content=\"1 minute\" \/>\n<script type=\"application\/ld+json\" class=\"yoast-schema-graph\">{\"@context\":\"https:\/\/schema.org\",\"@graph\":[{\"@type\":\"WebPage\",\"@id\":\"https:\/\/prandarto.com\/en\/campaigns\/\",\"url\":\"https:\/\/prandarto.com\/en\/campaigns\/\",\"name\":\"Campaigns - PRANDARTO cultural fusion\",\"isPartOf\":{\"@id\":\"https:\/\/prandarto.com\/en\/#website\"},\"datePublished\":\"2025-12-25T22:51:49+00:00\",\"dateModified\":\"2026-03-26T13:13:44+00:00\",\"description\":\"Discover PRANDARTO campaigns: community art projects, stories and collections that you can join with support. Get closer to the creative process and be the first to know about new initiatives.\",\"breadcrumb\":{\"@id\":\"https:\/\/prandarto.com\/en\/campaigns\/#breadcrumb\"},\"inLanguage\":\"en-US\",\"potentialAction\":[{\"@type\":\"ReadAction\",\"target\":[\"https:\/\/prandarto.com\/en\/campaigns\/\"]}]},{\"@type\":\"BreadcrumbList\",\"@id\":\"https:\/\/prandarto.com\/en\/campaigns\/#breadcrumb\",\"itemListElement\":[{\"@type\":\"ListItem\",\"position\":1,\"name\":\"Kezd\u0151lap\",\"item\":\"https:\/\/prandarto.com\/en\/\"},{\"@type\":\"ListItem\",\"position\":2,\"name\":\"Campaigns\"}]},{\"@type\":\"WebSite\",\"@id\":\"https:\/\/prandarto.com\/en\/#website\",\"url\":\"https:\/\/prandarto.com\/en\/\",\"name\":\"PRANDARTO cultural fusion\",\"description\":\"Egyedi digit\u00e1lis m\u0171vek, AI Art \u00e9s fot\u00f3alap\u00fa alkot\u00e1sok. Letisztult, modern vizu\u00e1lis \u00e9lm\u00e9ny otthonra, \u00fczletekbe \u00e9s k\u00f6z\u00f6ss\u00e9gi terekbe. Azonnali let\u00f6lt\u00e9s, szabad nyomtat\u00e1s.\",\"publisher\":{\"@id\":\"https:\/\/prandarto.com\/en\/#organization\"},\"potentialAction\":[{\"@type\":\"SearchAction\",\"target\":{\"@type\":\"EntryPoint\",\"urlTemplate\":\"https:\/\/prandarto.com\/en\/?s={search_term_string}\"},\"query-input\":{\"@type\":\"PropertyValueSpecification\",\"valueRequired\":true,\"valueName\":\"search_term_string\"}}],\"inLanguage\":\"en-US\"},{\"@type\":\"Organization\",\"@id\":\"https:\/\/prandarto.com\/en\/#organization\",\"name\":\"PRANDARTO cultural fusion\",\"url\":\"https:\/\/prandarto.com\/en\/\",\"logo\":{\"@type\":\"ImageObject\",\"inLanguage\":\"en-US\",\"@id\":\"https:\/\/prandarto.com\/en\/#\/schema\/logo\/image\/\",\"url\":\"https:\/\/prandarto.com\/wp-content\/uploads\/2025\/10\/PRANDARTO-LOGO-e1764685807372.png\",\"contentUrl\":\"https:\/\/prandarto.com\/wp-content\/uploads\/2025\/10\/PRANDARTO-LOGO-e1764685807372.png\",\"width\":500,\"height\":500,\"caption\":\"PRANDARTO cultural fusion\"},\"image\":{\"@id\":\"https:\/\/prandarto.com\/en\/#\/schema\/logo\/image\/\"}}]}<\/script>\n<!-- \/ Yoast SEO Premium plugin. -->","yoast_head_json":{"title":"Campaigns - PRANDARTO cultural fusion","description":"Discover PRANDARTO campaigns: community art projects, stories and collections that you can join with support. Get closer to the creative process and be the first to know about new initiatives.","robots":{"index":"noindex","follow":"follow","max-snippet":"max-snippet:-1","max-image-preview":"max-image-preview:large","max-video-preview":"max-video-preview:-1"},"og_locale":"en_US","og_type":"article","og_title":"Campaigns","og_description":"Discover PRANDARTO campaigns: community art projects, stories and collections that you can join with support. Get closer to the creative process and be the first to know about new initiatives.","og_url":"https:\/\/prandarto.com\/en\/campaigns\/","og_site_name":"PRANDARTO cultural fusion","article_modified_time":"2026-03-26T13:13:44+00:00","twitter_card":"summary_large_image","twitter_misc":{"Est. reading time":"1 minute"},"schema":{"@context":"https:\/\/schema.org","@graph":[{"@type":"WebPage","@id":"https:\/\/prandarto.com\/en\/campaigns\/","url":"https:\/\/prandarto.com\/en\/campaigns\/","name":"Campaigns - PRANDARTO cultural fusion","isPartOf":{"@id":"https:\/\/prandarto.com\/en\/#website"},"datePublished":"2025-12-25T22:51:49+00:00","dateModified":"2026-03-26T13:13:44+00:00","description":"Discover PRANDARTO campaigns: community art projects, stories and collections that you can join with support. Get closer to the creative process and be the first to know about new initiatives.","breadcrumb":{"@id":"https:\/\/prandarto.com\/en\/campaigns\/#breadcrumb"},"inLanguage":"en-US","potentialAction":[{"@type":"ReadAction","target":["https:\/\/prandarto.com\/en\/campaigns\/"]}]},{"@type":"BreadcrumbList","@id":"https:\/\/prandarto.com\/en\/campaigns\/#breadcrumb","itemListElement":[{"@type":"ListItem","position":1,"name":"Kezd\u0151lap","item":"https:\/\/prandarto.com\/en\/"},{"@type":"ListItem","position":2,"name":"Campaigns"}]},{"@type":"WebSite","@id":"https:\/\/prandarto.com\/en\/#website","url":"https:\/\/prandarto.com\/en\/","name":"PRANDARTO cultural fusion","description":"Egyedi digit\u00e1lis m\u0171vek, AI Art \u00e9s fot\u00f3alap\u00fa alkot\u00e1sok. Letisztult, modern vizu\u00e1lis \u00e9lm\u00e9ny otthonra, \u00fczletekbe \u00e9s k\u00f6z\u00f6ss\u00e9gi terekbe. Azonnali let\u00f6lt\u00e9s, szabad nyomtat\u00e1s.","publisher":{"@id":"https:\/\/prandarto.com\/en\/#organization"},"potentialAction":[{"@type":"SearchAction","target":{"@type":"EntryPoint","urlTemplate":"https:\/\/prandarto.com\/en\/?s={search_term_string}"},"query-input":{"@type":"PropertyValueSpecification","valueRequired":true,"valueName":"search_term_string"}}],"inLanguage":"en-US"},{"@type":"Organization","@id":"https:\/\/prandarto.com\/en\/#organization","name":"PRANDARTO cultural fusion","url":"https:\/\/prandarto.com\/en\/","logo":{"@type":"ImageObject","inLanguage":"en-US","@id":"https:\/\/prandarto.com\/en\/#\/schema\/logo\/image\/","url":"https:\/\/prandarto.com\/wp-content\/uploads\/2025\/10\/PRANDARTO-LOGO-e1764685807372.png","contentUrl":"https:\/\/prandarto.com\/wp-content\/uploads\/2025\/10\/PRANDARTO-LOGO-e1764685807372.png","width":500,"height":500,"caption":"PRANDARTO cultural fusion"},"image":{"@id":"https:\/\/prandarto.com\/en\/#\/schema\/logo\/image\/"}}]}},"_links":{"self":[{"href":"https:\/\/prandarto.com\/en\/wp-json\/wp\/v2\/pages\/2099","targetHints":{"allow":["GET"]}}],"collection":[{"href":"https:\/\/prandarto.com\/en\/wp-json\/wp\/v2\/pages"}],"about":[{"href":"https:\/\/prandarto.com\/en\/wp-json\/wp\/v2\/types\/page"}],"author":[{"embeddable":true,"href":"https:\/\/prandarto.com\/en\/wp-json\/wp\/v2\/users\/1"}],"replies":[{"embeddable":true,"href":"https:\/\/prandarto.com\/en\/wp-json\/wp\/v2\/comments?post=2099"}],"version-history":[{"count":1,"href":"https:\/\/prandarto.com\/en\/wp-json\/wp\/v2\/pages\/2099\/revisions"}],"predecessor-version":[{"id":2100,"href":"https:\/\/prandarto.com\/en\/wp-json\/wp\/v2\/pages\/2099\/revisions\/2100"}],"wp:attachment":[{"href":"https:\/\/prandarto.com\/en\/wp-json\/wp\/v2\/media?parent=2099"}],"curies":[{"name":"wp","href":"https:\/\/api.w.org\/{rel}","templated":true}]}}