{"id":2090,"date":"2025-12-26T00:27:43","date_gmt":"2025-12-25T23:27:43","guid":{"rendered":"https:\/\/prandarto.com\/patreon-longer-term-support\/"},"modified":"2026-03-26T14:13:27","modified_gmt":"2026-03-26T13:13:27","slug":"patreon-longer-term-support","status":"publish","type":"page","link":"https:\/\/prandarto.com\/en\/patreon-longer-term-support\/","title":{"rendered":"Patreon &#8211; Longer-term support"},"content":{"rendered":"<style>.elementor-widget-container > .uael-party-propz-wrap i{color:var( --e-global-color-primary );}.elementor-widget-container > .uael-party-propz-wrap svg{fill:var( --e-global-color-primary );}.elementor-2090 .elementor-element.elementor-element-1814a2f3{--display:flex;}.elementor-widget-heading .elementor-heading-title{font-family:var( --e-global-typography-primary-font-family ), Sans-serif;font-weight:var( --e-global-typography-primary-font-weight );color:var( --e-global-color-primary );}.elementor-widget-heading .uael-party-propz-widget-wrap i{color:var( --e-global-color-primary );}.elementor-widget-heading .uael-party-propz-widget-wrap svg{fill:var( --e-global-color-primary );}.elementor-2090 .elementor-element.elementor-element-26a522b5 .elementor-heading-title{color:var( --e-global-color-text );}.elementor-2090 .elementor-element.elementor-element-421b85f8 .elementor-heading-title{font-family:\"Helvetica Now\", Sans-serif;font-size:26px;text-transform:uppercase;color:var( --e-global-color-text );}.elementor-widget-text-editor{font-family:var( --e-global-typography-text-font-family ), Sans-serif;font-size:var( --e-global-typography-text-font-size );font-weight:var( --e-global-typography-text-font-weight );color:var( --e-global-color-text );}.elementor-widget-text-editor.elementor-drop-cap-view-stacked .elementor-drop-cap{background-color:var( --e-global-color-primary );}.elementor-widget-text-editor.elementor-drop-cap-view-framed .elementor-drop-cap, .elementor-widget-text-editor.elementor-drop-cap-view-default .elementor-drop-cap{color:var( --e-global-color-primary );border-color:var( --e-global-color-primary );}.elementor-widget-text-editor .uael-party-propz-widget-wrap i{color:var( --e-global-color-primary );}.elementor-widget-text-editor .uael-party-propz-widget-wrap svg{fill:var( --e-global-color-primary );}.elementor-2090 .elementor-element.elementor-element-21dcfdbe{--display:flex;--flex-direction:column;--container-widget-width:100%;--container-widget-height:initial;--container-widget-flex-grow:0;--container-widget-align-self:initial;--flex-wrap-mobile:wrap;}.elementor-2090 .elementor-element.elementor-element-21dcfdbe:not(.elementor-motion-effects-element-type-background), .elementor-2090 .elementor-element.elementor-element-21dcfdbe > .elementor-motion-effects-container > .elementor-motion-effects-layer{background-color:var( --e-global-color-73096bd );}.elementor-widget .tippy-tooltip .tippy-content{text-align:center;}@media(max-width:1024px){.elementor-2090 .elementor-element.elementor-element-421b85f8 .elementor-heading-title{font-size:22px;}.elementor-widget-text-editor{font-size:var( --e-global-typography-text-font-size );}}@media(max-width:767px){.elementor-2090 .elementor-element.elementor-element-421b85f8 .elementor-heading-title{font-size:18px;}.elementor-widget-text-editor{font-size:var( --e-global-typography-text-font-size );}}\/* Start Custom Fonts CSS *\/@font-face {\n\tfont-family: 'Helvetica Now';\n\tfont-style: normal;\n\tfont-weight: normal;\n\tfont-display: auto;\n\tsrc: url('https:\/\/prandarto.com\/wp-content\/uploads\/2025\/12\/HelveticaNowText-Medium.eot');\n\tsrc: url('https:\/\/prandarto.com\/wp-content\/uploads\/2025\/12\/HelveticaNowText-Medium.eot?#iefix') format('embedded-opentype'),\n\t\turl('https:\/\/prandarto.com\/wp-content\/uploads\/2025\/12\/HelveticaNowText-Medium.woff2') format('woff2'),\n\t\turl('https:\/\/prandarto.com\/wp-content\/uploads\/2025\/12\/HelveticaNowText-Medium.woff') format('woff'),\n\t\turl('https:\/\/prandarto.com\/wp-content\/uploads\/2025\/12\/HelveticaNowText-Medium.ttf') format('truetype');\n}\n@font-face {\n\tfont-family: 'Helvetica Now';\n\tfont-style: normal;\n\tfont-weight: 300;\n\tfont-display: auto;\n\tsrc: url('https:\/\/prandarto.com\/wp-content\/uploads\/2025\/12\/HelveticaNowText-Light.eot');\n\tsrc: url('https:\/\/prandarto.com\/wp-content\/uploads\/2025\/12\/HelveticaNowText-Light.eot?#iefix') format('embedded-opentype'),\n\t\turl('https:\/\/prandarto.com\/wp-content\/uploads\/2025\/12\/HelveticaNowText-Light.woff2') format('woff2'),\n\t\turl('https:\/\/prandarto.com\/wp-content\/uploads\/2025\/12\/HelveticaNowText-Light.woff') format('woff'),\n\t\turl('https:\/\/prandarto.com\/wp-content\/uploads\/2025\/12\/HelveticaNowText-Light.ttf') format('truetype'),\n\t\turl('https:\/\/prandarto.com\/wp-content\/uploads\/2025\/12\/HelveticaNowText-Light.svg#HelveticaNow') format('svg');\n}\n\/* End Custom Fonts CSS *\/<\/style>\t\t<div data-elementor-type=\"wp-page\" data-elementor-id=\"2090\" class=\"elementor elementor-2090 elementor-612\" data-elementor-settings=\"{&quot;element_pack_global_tooltip_width&quot;:{&quot;unit&quot;:&quot;px&quot;,&quot;size&quot;:&quot;&quot;,&quot;sizes&quot;:[]},&quot;element_pack_global_tooltip_width_tablet&quot;:{&quot;unit&quot;:&quot;px&quot;,&quot;size&quot;:&quot;&quot;,&quot;sizes&quot;:[]},&quot;element_pack_global_tooltip_width_mobile&quot;:{&quot;unit&quot;:&quot;px&quot;,&quot;size&quot;:&quot;&quot;,&quot;sizes&quot;:[]},&quot;element_pack_global_tooltip_padding&quot;:{&quot;unit&quot;:&quot;px&quot;,&quot;top&quot;:&quot;&quot;,&quot;right&quot;:&quot;&quot;,&quot;bottom&quot;:&quot;&quot;,&quot;left&quot;:&quot;&quot;,&quot;isLinked&quot;:true},&quot;element_pack_global_tooltip_padding_tablet&quot;:{&quot;unit&quot;:&quot;px&quot;,&quot;top&quot;:&quot;&quot;,&quot;right&quot;:&quot;&quot;,&quot;bottom&quot;:&quot;&quot;,&quot;left&quot;:&quot;&quot;,&quot;isLinked&quot;:true},&quot;element_pack_global_tooltip_padding_mobile&quot;:{&quot;unit&quot;:&quot;px&quot;,&quot;top&quot;:&quot;&quot;,&quot;right&quot;:&quot;&quot;,&quot;bottom&quot;:&quot;&quot;,&quot;left&quot;:&quot;&quot;,&quot;isLinked&quot;:true},&quot;element_pack_global_tooltip_border_radius&quot;:{&quot;unit&quot;:&quot;px&quot;,&quot;top&quot;:&quot;&quot;,&quot;right&quot;:&quot;&quot;,&quot;bottom&quot;:&quot;&quot;,&quot;left&quot;:&quot;&quot;,&quot;isLinked&quot;:true},&quot;element_pack_global_tooltip_border_radius_tablet&quot;:{&quot;unit&quot;:&quot;px&quot;,&quot;top&quot;:&quot;&quot;,&quot;right&quot;:&quot;&quot;,&quot;bottom&quot;:&quot;&quot;,&quot;left&quot;:&quot;&quot;,&quot;isLinked&quot;:true},&quot;element_pack_global_tooltip_border_radius_mobile&quot;:{&quot;unit&quot;:&quot;px&quot;,&quot;top&quot;:&quot;&quot;,&quot;right&quot;:&quot;&quot;,&quot;bottom&quot;:&quot;&quot;,&quot;left&quot;:&quot;&quot;,&quot;isLinked&quot;:true}}\" data-elementor-post-type=\"page\">\n\t\t\t\t<div class=\"elementor-element elementor-element-1814a2f3 first-section e-flex e-con-boxed e-con e-parent\" data-id=\"1814a2f3\" data-element_type=\"container\" data-e-type=\"container\">\n\t\t\t\t\t<div class=\"e-con-inner\">\n\t\t\t\t<div class=\"elementor-element elementor-element-26a522b5 elementor-widget elementor-widget-heading\" data-id=\"26a522b5\" data-element_type=\"widget\" data-e-type=\"widget\" data-widget_type=\"heading.default\">\n\t\t\t\t\t\t\t<h2 class=\"elementor-heading-title elementor-size-default\">Patreon - Longer-term support<\/h2>\t\t\t\t<\/div>\n\t\t\t\t<div class=\"elementor-element elementor-element-421b85f8 elementor-widget elementor-widget-heading\" data-id=\"421b85f8\" data-element_type=\"widget\" data-e-type=\"widget\" data-widget_type=\"heading.default\">\n\t\t\t\t\t\t\t<h2 class=\"elementor-heading-title elementor-size-default\">Get involved in the creative process, be part of the development of PRANDARTO!<\/h2>\t\t\t\t<\/div>\n\t\t\t\t<div class=\"elementor-element elementor-element-31199d86 elementor-widget elementor-widget-text-editor\" data-id=\"31199d86\" data-element_type=\"widget\" data-e-type=\"widget\" data-widget_type=\"text-editor.default\">\n\t\t\t\t\t\t\t\t\t\t\t<p class=\"normal\" style=\"text-align: justify; margin: 12.0pt 0cm 12.0pt 0cm;\"><span lang=\"hu\">If you want to support us in the long term, <b>Patreon <\/b>is the best way to stay connected to PRANDARTO&#8217;s creative process. Here, I share content that doesn&#8217;t appear elsewhere: behind-the-scenes details, works in progress, sources of inspiration, experimental compositions, storyboards and early stages of new campaigns.<\/span><\/p>\t\t\t\t\t\t\t\t<\/div>\n\t\t\t\t\t<\/div>\n\t\t\t\t<\/div>\n\t\t<div class=\"elementor-element elementor-element-21dcfdbe e-flex e-con-boxed e-con e-parent\" data-id=\"21dcfdbe\" data-element_type=\"container\" data-e-type=\"container\" data-settings=\"{&quot;background_background&quot;:&quot;classic&quot;}\">\n\t\t\t\t\t<div class=\"e-con-inner\">\n\t\t\t\t<div class=\"elementor-element elementor-element-25c8ab87 elementor-widget elementor-widget-text-editor\" data-id=\"25c8ab87\" data-element_type=\"widget\" data-e-type=\"widget\" data-widget_type=\"text-editor.default\">\n\t\t\t\t\t\t\t\t\t\t\t<p class=\"normal\" style=\"text-align: justify; margin: 12.0pt 0cm 12.0pt 0cm;\"><span lang=\"hu\"><b>Patreon <\/b>is a community space where the world of PRANDARTO is built in dialogue with supporters.<br>Depending on the level of support, you can receive different levels of benefits &#8211; such as early notifications, special access or exclusive content.<\/span><\/p><p class=\"normal\" style=\"text-align: justify; margin: 12.0pt 0cm 12.0pt 0cm;\"><span lang=\"hu\">This platform is a way to not just watch the creative process, but to be part of it &#8211; the flow that gives birth to PRANDARTO.<\/span><\/p>\t\t\t\t\t\t\t\t<\/div>\n\t\t\t\t\t<\/div>\n\t\t\t\t<\/div>\n\t\t\t\t<\/div>\n\t\t","protected":false},"excerpt":{"rendered":"<p>Patreon &#8211; Longer-term support Get involved in the creative process, be part of the development of PRANDARTO! If you want to support us in the long term, Patreon is the best way to stay connected to PRANDARTO&#8217;s creative process. Here, I share content that doesn&#8217;t appear elsewhere: behind-the-scenes details, works in progress, sources of inspiration, [&hellip;]<\/p>\n","protected":false},"author":1,"featured_media":0,"parent":0,"menu_order":0,"comment_status":"closed","ping_status":"closed","template":"","meta":{"_acf_changed":false,"footnotes":""},"class_list":["post-2090","page","type-page","status-publish","hentry"],"acf":[],"yoast_head":"<!-- This site is optimized with the Yoast SEO Premium plugin v27.2 (Yoast SEO v27.2) - https:\/\/yoast.com\/product\/yoast-seo-premium-wordpress\/ -->\n<title>Patreon - Longer-term support - PRANDARTO cultural fusion<\/title>\n<meta name=\"description\" content=\"Join the PRANDARTO Patreon community: exclusive content, behind-the-scenes details and early stages of creative projects. Be part of the creative process and get special benefits with your support.\" \/>\n<meta name=\"robots\" content=\"noindex, follow, max-snippet:-1, max-image-preview:large, max-video-preview:-1\" \/>\n<meta property=\"og:locale\" content=\"en_US\" \/>\n<meta property=\"og:type\" content=\"article\" \/>\n<meta property=\"og:title\" content=\"Patreon - Longer-term support\" \/>\n<meta property=\"og:description\" content=\"Join the PRANDARTO Patreon community: exclusive content, behind-the-scenes details and early stages of creative projects. Be part of the creative process and get special benefits with your support.\" \/>\n<meta property=\"og:url\" content=\"https:\/\/prandarto.com\/en\/patreon-longer-term-support\/\" \/>\n<meta property=\"og:site_name\" content=\"PRANDARTO cultural fusion\" \/>\n<meta property=\"article:modified_time\" content=\"2026-03-26T13:13:27+00:00\" \/>\n<meta name=\"twitter:card\" content=\"summary_large_image\" \/>\n<meta name=\"twitter:label1\" content=\"Est. reading time\" \/>\n\t<meta name=\"twitter:data1\" content=\"1 minute\" \/>\n<script type=\"application\/ld+json\" class=\"yoast-schema-graph\">{\"@context\":\"https:\/\/schema.org\",\"@graph\":[{\"@type\":\"WebPage\",\"@id\":\"https:\/\/prandarto.com\/en\/patreon-longer-term-support\/\",\"url\":\"https:\/\/prandarto.com\/en\/patreon-longer-term-support\/\",\"name\":\"Patreon - Longer-term support - PRANDARTO cultural fusion\",\"isPartOf\":{\"@id\":\"https:\/\/prandarto.com\/en\/#website\"},\"datePublished\":\"2025-12-25T23:27:43+00:00\",\"dateModified\":\"2026-03-26T13:13:27+00:00\",\"description\":\"Join the PRANDARTO Patreon community: exclusive content, behind-the-scenes details and early stages of creative projects. Be part of the creative process and get special benefits with your support.\",\"breadcrumb\":{\"@id\":\"https:\/\/prandarto.com\/en\/patreon-longer-term-support\/#breadcrumb\"},\"inLanguage\":\"en-US\",\"potentialAction\":[{\"@type\":\"ReadAction\",\"target\":[\"https:\/\/prandarto.com\/en\/patreon-longer-term-support\/\"]}]},{\"@type\":\"BreadcrumbList\",\"@id\":\"https:\/\/prandarto.com\/en\/patreon-longer-term-support\/#breadcrumb\",\"itemListElement\":[{\"@type\":\"ListItem\",\"position\":1,\"name\":\"Kezd\u0151lap\",\"item\":\"https:\/\/prandarto.com\/en\/\"},{\"@type\":\"ListItem\",\"position\":2,\"name\":\"Patreon &#8211; Longer-term support\"}]},{\"@type\":\"WebSite\",\"@id\":\"https:\/\/prandarto.com\/en\/#website\",\"url\":\"https:\/\/prandarto.com\/en\/\",\"name\":\"PRANDARTO cultural fusion\",\"description\":\"Egyedi digit\u00e1lis m\u0171vek, AI Art \u00e9s fot\u00f3alap\u00fa alkot\u00e1sok. Letisztult, modern vizu\u00e1lis \u00e9lm\u00e9ny otthonra, \u00fczletekbe \u00e9s k\u00f6z\u00f6ss\u00e9gi terekbe. Azonnali let\u00f6lt\u00e9s, szabad nyomtat\u00e1s.\",\"publisher\":{\"@id\":\"https:\/\/prandarto.com\/en\/#organization\"},\"potentialAction\":[{\"@type\":\"SearchAction\",\"target\":{\"@type\":\"EntryPoint\",\"urlTemplate\":\"https:\/\/prandarto.com\/en\/?s={search_term_string}\"},\"query-input\":{\"@type\":\"PropertyValueSpecification\",\"valueRequired\":true,\"valueName\":\"search_term_string\"}}],\"inLanguage\":\"en-US\"},{\"@type\":\"Organization\",\"@id\":\"https:\/\/prandarto.com\/en\/#organization\",\"name\":\"PRANDARTO cultural fusion\",\"url\":\"https:\/\/prandarto.com\/en\/\",\"logo\":{\"@type\":\"ImageObject\",\"inLanguage\":\"en-US\",\"@id\":\"https:\/\/prandarto.com\/en\/#\/schema\/logo\/image\/\",\"url\":\"https:\/\/prandarto.com\/wp-content\/uploads\/2025\/10\/PRANDARTO-LOGO-e1764685807372.png\",\"contentUrl\":\"https:\/\/prandarto.com\/wp-content\/uploads\/2025\/10\/PRANDARTO-LOGO-e1764685807372.png\",\"width\":500,\"height\":500,\"caption\":\"PRANDARTO cultural fusion\"},\"image\":{\"@id\":\"https:\/\/prandarto.com\/en\/#\/schema\/logo\/image\/\"}}]}<\/script>\n<!-- \/ Yoast SEO Premium plugin. -->","yoast_head_json":{"title":"Patreon - Longer-term support - PRANDARTO cultural fusion","description":"Join the PRANDARTO Patreon community: exclusive content, behind-the-scenes details and early stages of creative projects. Be part of the creative process and get special benefits with your support.","robots":{"index":"noindex","follow":"follow","max-snippet":"max-snippet:-1","max-image-preview":"max-image-preview:large","max-video-preview":"max-video-preview:-1"},"og_locale":"en_US","og_type":"article","og_title":"Patreon - Longer-term support","og_description":"Join the PRANDARTO Patreon community: exclusive content, behind-the-scenes details and early stages of creative projects. Be part of the creative process and get special benefits with your support.","og_url":"https:\/\/prandarto.com\/en\/patreon-longer-term-support\/","og_site_name":"PRANDARTO cultural fusion","article_modified_time":"2026-03-26T13:13:27+00:00","twitter_card":"summary_large_image","twitter_misc":{"Est. reading time":"1 minute"},"schema":{"@context":"https:\/\/schema.org","@graph":[{"@type":"WebPage","@id":"https:\/\/prandarto.com\/en\/patreon-longer-term-support\/","url":"https:\/\/prandarto.com\/en\/patreon-longer-term-support\/","name":"Patreon - Longer-term support - PRANDARTO cultural fusion","isPartOf":{"@id":"https:\/\/prandarto.com\/en\/#website"},"datePublished":"2025-12-25T23:27:43+00:00","dateModified":"2026-03-26T13:13:27+00:00","description":"Join the PRANDARTO Patreon community: exclusive content, behind-the-scenes details and early stages of creative projects. Be part of the creative process and get special benefits with your support.","breadcrumb":{"@id":"https:\/\/prandarto.com\/en\/patreon-longer-term-support\/#breadcrumb"},"inLanguage":"en-US","potentialAction":[{"@type":"ReadAction","target":["https:\/\/prandarto.com\/en\/patreon-longer-term-support\/"]}]},{"@type":"BreadcrumbList","@id":"https:\/\/prandarto.com\/en\/patreon-longer-term-support\/#breadcrumb","itemListElement":[{"@type":"ListItem","position":1,"name":"Kezd\u0151lap","item":"https:\/\/prandarto.com\/en\/"},{"@type":"ListItem","position":2,"name":"Patreon &#8211; Longer-term support"}]},{"@type":"WebSite","@id":"https:\/\/prandarto.com\/en\/#website","url":"https:\/\/prandarto.com\/en\/","name":"PRANDARTO cultural fusion","description":"Egyedi digit\u00e1lis m\u0171vek, AI Art \u00e9s fot\u00f3alap\u00fa alkot\u00e1sok. Letisztult, modern vizu\u00e1lis \u00e9lm\u00e9ny otthonra, \u00fczletekbe \u00e9s k\u00f6z\u00f6ss\u00e9gi terekbe. Azonnali let\u00f6lt\u00e9s, szabad nyomtat\u00e1s.","publisher":{"@id":"https:\/\/prandarto.com\/en\/#organization"},"potentialAction":[{"@type":"SearchAction","target":{"@type":"EntryPoint","urlTemplate":"https:\/\/prandarto.com\/en\/?s={search_term_string}"},"query-input":{"@type":"PropertyValueSpecification","valueRequired":true,"valueName":"search_term_string"}}],"inLanguage":"en-US"},{"@type":"Organization","@id":"https:\/\/prandarto.com\/en\/#organization","name":"PRANDARTO cultural fusion","url":"https:\/\/prandarto.com\/en\/","logo":{"@type":"ImageObject","inLanguage":"en-US","@id":"https:\/\/prandarto.com\/en\/#\/schema\/logo\/image\/","url":"https:\/\/prandarto.com\/wp-content\/uploads\/2025\/10\/PRANDARTO-LOGO-e1764685807372.png","contentUrl":"https:\/\/prandarto.com\/wp-content\/uploads\/2025\/10\/PRANDARTO-LOGO-e1764685807372.png","width":500,"height":500,"caption":"PRANDARTO cultural fusion"},"image":{"@id":"https:\/\/prandarto.com\/en\/#\/schema\/logo\/image\/"}}]}},"_links":{"self":[{"href":"https:\/\/prandarto.com\/en\/wp-json\/wp\/v2\/pages\/2090","targetHints":{"allow":["GET"]}}],"collection":[{"href":"https:\/\/prandarto.com\/en\/wp-json\/wp\/v2\/pages"}],"about":[{"href":"https:\/\/prandarto.com\/en\/wp-json\/wp\/v2\/types\/page"}],"author":[{"embeddable":true,"href":"https:\/\/prandarto.com\/en\/wp-json\/wp\/v2\/users\/1"}],"replies":[{"embeddable":true,"href":"https:\/\/prandarto.com\/en\/wp-json\/wp\/v2\/comments?post=2090"}],"version-history":[{"count":1,"href":"https:\/\/prandarto.com\/en\/wp-json\/wp\/v2\/pages\/2090\/revisions"}],"predecessor-version":[{"id":2094,"href":"https:\/\/prandarto.com\/en\/wp-json\/wp\/v2\/pages\/2090\/revisions\/2094"}],"wp:attachment":[{"href":"https:\/\/prandarto.com\/en\/wp-json\/wp\/v2\/media?parent=2090"}],"curies":[{"name":"wp","href":"https:\/\/api.w.org\/{rel}","templated":true}]}}